{"id":726,"date":"2016-02-08T09:54:55","date_gmt":"2016-02-08T08:54:55","guid":{"rendered":"http:\/\/agora.xtec.cat\/escolavalldelges\/?page_id=726"},"modified":"2026-02-18T16:21:26","modified_gmt":"2026-02-18T15:21:26","slug":"educacio-primaria","status":"publish","type":"page","link":"https:\/\/agora.xtec.cat\/escolavalldelges\/projecte-del-centre\/educacio-primaria\/","title":{"rendered":"Educaci\u00f3 Prim\u00e0ria"},"content":{"rendered":"<ul>\n<li style=\"font-weight: 400;\" aria-level=\"1\"><span style=\"font-weight: 400;\">Treballem el projecte transversal d\u2019escola i altres projectes interdisciplinaris.\u00a0<\/span><\/li>\n<li style=\"font-weight: 400;\" aria-level=\"1\"><span style=\"font-weight: 400;\">Tamb\u00e9 fem racons d\u2019aprenentatge.<\/span>\n<ul>\n<li style=\"font-weight: 400;\" aria-level=\"2\"><span style=\"font-weight: 400;\">Racons: mates, lleng\u00fces, rob\u00f2tica i experimentaci\u00f3 a CI<\/span><\/li>\n<li style=\"font-weight: 400;\" aria-level=\"2\"><span style=\"font-weight: 400;\">Racons integrats dins les aules a CM i CS.<\/span><\/li>\n<\/ul>\n<\/li>\n<li style=\"font-weight: 400;\" aria-level=\"1\"><span style=\"font-weight: 400;\">Fem un treball sistem\u00e0tic en les \u00e0rees de llengua (ortografia, gram\u00e0tica, lectura&#8230;) i matem\u00e0tiques (estrat\u00e8gies de c\u00e0lcul, problemes&#8230;).<\/span><\/li>\n<li style=\"font-weight: 400;\" aria-level=\"1\"><span style=\"font-weight: 400;\">Fem grups redu\u00efts per atendre la diversitat tot respectant el moment evolutiu de l\u2019alumnat (2 mestres a l\u2019aula).<\/span><\/li>\n<li style=\"font-weight: 400;\" aria-level=\"1\"><span style=\"font-weight: 400;\">Portem a terme el Pla Lector del centre per incentivar la lectura: grups redu\u00efts de lectura, apadrinament lector (EI amb CM i CI amb CS).<\/span><\/li>\n<li style=\"font-weight: 400;\" aria-level=\"1\"><span style=\"font-weight: 400;\">Treballem la llengua oral (assemblees, debats, defenses o presentaci\u00f3 de projectes i la interpretaci\u00f3 (teatre: pastorets, setmana de la m\u00fasica i Sant Jordi)<\/span><\/li>\n<li style=\"font-weight: 400;\" aria-level=\"1\"><span style=\"font-weight: 400;\">Vetllem pel proc\u00e9s maduratiu d\u2019aquesta etapa: acci\u00f3 tutorial, h\u00e0bits de treball i d\u2019aprenentatge i h\u00e0bits d\u2019autonomia personal i t\u00e8cniques d\u2019estudi (CS)<\/span><\/li>\n<li style=\"font-weight: 400;\" aria-level=\"1\"><span style=\"font-weight: 400;\">Acompanyem l\u2019avaluaci\u00f3 amb tutories individualitzades dels alumnes de cicle mitj\u00e0 i superior que fomenten l\u2019autoavaluaci\u00f3 (on vaig, on soc i com hi arribo).<\/span><\/li>\n<li style=\"font-weight: 400;\" aria-level=\"1\"><span style=\"font-weight: 400;\">Donem responsabilitats del funcionament escolar a Cicle Superior, com ara el Consistori Infantil i el <\/span><i><span style=\"font-weight: 400;\">Despertador<\/span><\/i><span style=\"font-weight: 400;\">.\u00a0<\/span><\/li>\n<li style=\"font-weight: 400;\" aria-level=\"1\"><span style=\"font-weight: 400;\">Iniciem rob\u00f2tica amb Scratch Jr\/ Scratch, <\/span><span style=\"font-weight: 400;\">Microbits, lego, Code Roky i Rob\u00f2tica desendollada (sense pantalles).\u00a0<\/span><\/li>\n<li style=\"font-weight: 400;\" aria-level=\"1\"><span style=\"font-weight: 400;\">Patis als parcs de l\u2019entorn (1 dia a la setmana).<\/span><\/li>\n<li style=\"font-weight: 400;\" aria-level=\"1\"><span style=\"font-weight: 400;\">Vetllem per la participaci\u00f3 dels alumnes en la vida del centre: reunions de delegats, valoracions dels projectes, festes i activitats de centre i la participaci\u00f3 dels alumnes de cicle superior a la sessi\u00f3 d\u2019avaluaci\u00f3.<\/span><\/li>\n<\/ul>\n","protected":false},"excerpt":{"rendered":"<p>Treballem el projecte transversal d\u2019escola i altres projectes interdisciplinaris.\u00a0 Tamb\u00e9 fem racons d\u2019aprenentatge. Racons: mates, lleng\u00fces, rob\u00f2tica i experimentaci\u00f3 a CI Racons integrats dins les aules a CM i CS. Fem un treball sistem\u00e0tic en les \u00e0rees de llengua (ortografia, gram\u00e0tica, lectura&#8230;) i matem\u00e0tiques (estrat\u00e8gies de c\u00e0lcul, problemes&#8230;). Fem grups redu\u00efts per atendre la diversitat [&hellip;]<\/p>\n","protected":false},"author":1,"featured_media":0,"parent":250,"menu_order":2,"comment_status":"closed","ping_status":"closed","template":"","meta":{"_bbp_topic_count":0,"_bbp_reply_count":0,"_bbp_total_topic_count":0,"_bbp_total_reply_count":0,"_bbp_voice_count":0,"_bbp_anonymous_reply_count":0,"_bbp_topic_count_hidden":0,"_bbp_reply_count_hidden":0,"_bbp_forum_subforum_count":0,"site-sidebar-layout":"default","site-content-layout":"","ast-site-content-layout":"default","site-content-style":"default","site-sidebar-style":"default","ast-global-header-display":"","ast-banner-title-visibility":"","ast-main-header-display":"","ast-hfb-above-header-display":"","ast-hfb-below-header-display":"","ast-hfb-mobile-header-display":"","site-post-title":"","ast-breadcrumbs-content":"","ast-featured-img":"","footer-sml-layout":"","theme-transparent-header-meta":"","adv-header-id-meta":"","stick-header-meta":"","header-above-stick-meta":"","header-main-stick-meta":"","header-below-stick-meta":"","astra-migrate-meta-layouts":"set","ast-page-background-enabled":"default","ast-page-background-meta":{"desktop":{"background-color":"var(--ast-global-color-4)","background-image":"","background-repeat":"repeat","background-position":"center center","background-size":"auto","background-attachment":"scroll","background-type":"","background-media":"","overlay-type":"","overlay-color":"","overlay-opacity":"","overlay-gradient":""},"tablet":{"background-color":"","background-image":"","background-repeat":"repeat","background-position":"center center","background-size":"auto","background-attachment":"scroll","background-type":"","background-media":"","overlay-type":"","overlay-color":"","overlay-opacity":"","overlay-gradient":""},"mobile":{"background-color":"","background-image":"","background-repeat":"repeat","background-position":"center center","background-size":"auto","background-attachment":"scroll","background-type":"","background-media":"","overlay-type":"","overlay-color":"","overlay-opacity":"","overlay-gradient":""}},"ast-content-background-meta":{"desktop":{"background-color":"var(--ast-global-color-5)","background-image":"","background-repeat":"repeat","background-position":"center center","background-size":"auto","background-attachment":"scroll","background-type":"","background-media":"","overlay-type":"","overlay-color":"","overlay-opacity":"","overlay-gradient":""},"tablet":{"background-color":"var(--ast-global-color-5)","background-image":"","background-repeat":"repeat","background-position":"center center","background-size":"auto","background-attachment":"scroll","background-type":"","background-media":"","overlay-type":"","overlay-color":"","overlay-opacity":"","overlay-gradient":""},"mobile":{"background-color":"var(--ast-global-color-5)","background-image":"","background-repeat":"repeat","background-position":"center center","background-size":"auto","background-attachment":"scroll","background-type":"","background-media":"","overlay-type":"","overlay-color":"","overlay-opacity":"","overlay-gradient":""}},"footnotes":""},"class_list":["post-726","page","type-page","status-publish","hentry"],"post_mailing_queue_ids":[],"_links":{"self":[{"href":"https:\/\/agora.xtec.cat\/escolavalldelges\/wp-json\/wp\/v2\/pages\/726","targetHints":{"allow":["GET"]}}],"collection":[{"href":"https:\/\/agora.xtec.cat\/escolavalldelges\/wp-json\/wp\/v2\/pages"}],"about":[{"href":"https:\/\/agora.xtec.cat\/escolavalldelges\/wp-json\/wp\/v2\/types\/page"}],"author":[{"embeddable":true,"href":"https:\/\/agora.xtec.cat\/escolavalldelges\/wp-json\/wp\/v2\/users\/1"}],"replies":[{"embeddable":true,"href":"https:\/\/agora.xtec.cat\/escolavalldelges\/wp-json\/wp\/v2\/comments?post=726"}],"version-history":[{"count":4,"href":"https:\/\/agora.xtec.cat\/escolavalldelges\/wp-json\/wp\/v2\/pages\/726\/revisions"}],"predecessor-version":[{"id":10138,"href":"https:\/\/agora.xtec.cat\/escolavalldelges\/wp-json\/wp\/v2\/pages\/726\/revisions\/10138"}],"up":[{"embeddable":true,"href":"https:\/\/agora.xtec.cat\/escolavalldelges\/wp-json\/wp\/v2\/pages\/250"}],"wp:attachment":[{"href":"https:\/\/agora.xtec.cat\/escolavalldelges\/wp-json\/wp\/v2\/media?parent=726"}],"curies":[{"name":"wp","href":"https:\/\/api.w.org\/{rel}","templated":true}]}}