{"id":724,"date":"2016-02-08T09:54:37","date_gmt":"2016-02-08T08:54:37","guid":{"rendered":"http:\/\/agora.xtec.cat\/escolavalldelges\/?page_id=724"},"modified":"2026-02-19T12:20:17","modified_gmt":"2026-02-19T11:20:17","slug":"educacio-infantil","status":"publish","type":"page","link":"https:\/\/agora.xtec.cat\/escolavalldelges\/projecte-del-centre\/educacio-infantil\/","title":{"rendered":"Educaci\u00f3 Infantil"},"content":{"rendered":"<ul>\n<li style=\"font-weight: 400;\" aria-level=\"1\"><span style=\"font-weight: 400;\">Treball d\u2019h\u00e0bits socials i autonomia.<\/span><\/li>\n<li style=\"font-weight: 400;\" aria-level=\"1\"><span style=\"font-weight: 400;\">Metodologia experimental i vivencial:<\/span><\/li>\n<\/ul>\n<ul>\n<li style=\"list-style-type: none;\">\n<ul>\n<li style=\"font-weight: 400;\" aria-level=\"2\"><span style=\"font-weight: 400;\">Ambients d\u2019aprenentatge: art\u00edstic, natural, llum, vida quotidiana, moviment i representaci\u00f3. En grups d\u2019edats barrejades.<\/span><\/li>\n<li style=\"font-weight: 400;\" aria-level=\"2\"><span style=\"font-weight: 400;\">Racons: pl\u00e0stica, llengua, mates i atenci\u00f3.<\/span><\/li>\n<li style=\"font-weight: 400;\" aria-level=\"2\"><span style=\"font-weight: 400;\">Projectes (coneixem l\u2019entorn): 1 projecte cada trimestre i sortides d\u2019entorn caminant. A m\u00e9s del projecte transversal d\u2019escola.\u00a0<\/span><\/li>\n<\/ul>\n<\/li>\n<li style=\"font-weight: 400;\" aria-level=\"1\"><span style=\"font-weight: 400;\">Treball sistem\u00e0tic de llenguatge i matem\u00e0tiques (consci\u00e8ncia fonol\u00f2gica, el nom, lectura de paraules, dites, poemes\u2026).<\/span><\/li>\n<li style=\"font-weight: 400;\" aria-level=\"1\"><span style=\"font-weight: 400;\">Treball emocions: a partir de diferents contes i v\u00eddeos.<\/span><\/li>\n<li style=\"font-weight: 400;\" aria-level=\"1\"><span style=\"font-weight: 400;\">Treball de la llengua oral (bon dia, assemblea, ambients\u2026).<\/span><\/li>\n<li style=\"font-weight: 400;\" aria-level=\"1\"><span style=\"font-weight: 400;\">Iniciem rob\u00f2tica amb Bee-Bot, Tale Boot, amb un treball previ de rob\u00f2tica desendollada amb jocs de taula i amb moviments corporals.\u00a0<\/span><\/li>\n<li style=\"font-weight: 400;\" aria-level=\"1\"><span style=\"font-weight: 400;\">Disposem de mestres de refor\u00e7\/ vetllador\/ t\u00e8cnica d\u2019educaci\u00f3 infantil\/mestre d\u2019audici\u00f3 i llenguatge. Treballem en grups redu\u00efts atenent la diversitat per potenciar les habilitats i capacitats personals.<\/span><\/li>\n<li style=\"font-weight: 400;\" aria-level=\"1\"><span style=\"font-weight: 400;\">Tenim contacte directe amb les fam\u00edlies: agenda, i entrades i sortides. S\u2019impliquen en el dia a dia a trav\u00e9s del <\/span><i><span style=\"font-weight: 400;\">Protagonista de la setmana<\/span><\/i><span style=\"font-weight: 400;\">, La <\/span><i><span style=\"font-weight: 400;\">maleta viatgera i pr\u00e9stec de llibres<\/span><\/i><span style=\"font-weight: 400;\"> a I5\u00a0 pel cap de setmana.<\/span><\/li>\n<li style=\"font-weight: 400;\" aria-level=\"1\"><span style=\"font-weight: 400;\">Angl\u00e8s <\/span><span style=\"font-weight: 400;\">des d\u2019I3 (conversa, jocs i can\u00e7ons). Amb grups redu\u00efts (I4 i I5).<\/span><\/li>\n<li style=\"font-weight: 400;\" aria-level=\"1\"><span style=\"font-weight: 400;\">M\u00fasica vivencial amb una mestra especialista.<\/span><\/li>\n<\/ul>\n","protected":false},"excerpt":{"rendered":"<p>Treball d\u2019h\u00e0bits socials i autonomia. Metodologia experimental i vivencial: Ambients d\u2019aprenentatge: art\u00edstic, natural, llum, vida quotidiana, moviment i representaci\u00f3. En grups d\u2019edats barrejades. Racons: pl\u00e0stica, llengua, mates i atenci\u00f3. Projectes (coneixem l\u2019entorn): 1 projecte cada trimestre i sortides d\u2019entorn caminant. A m\u00e9s del projecte transversal d\u2019escola.\u00a0 Treball sistem\u00e0tic de llenguatge i matem\u00e0tiques (consci\u00e8ncia fonol\u00f2gica, el [&hellip;]<\/p>\n","protected":false},"author":1,"featured_media":0,"parent":250,"menu_order":2,"comment_status":"closed","ping_status":"closed","template":"","meta":{"_bbp_topic_count":0,"_bbp_reply_count":0,"_bbp_total_topic_count":0,"_bbp_total_reply_count":0,"_bbp_voice_count":0,"_bbp_anonymous_reply_count":0,"_bbp_topic_count_hidden":0,"_bbp_reply_count_hidden":0,"_bbp_forum_subforum_count":0,"site-sidebar-layout":"default","site-content-layout":"","ast-site-content-layout":"default","site-content-style":"default","site-sidebar-style":"default","ast-global-header-display":"","ast-banner-title-visibility":"","ast-main-header-display":"","ast-hfb-above-header-display":"","ast-hfb-below-header-display":"","ast-hfb-mobile-header-display":"","site-post-title":"","ast-breadcrumbs-content":"","ast-featured-img":"","footer-sml-layout":"","theme-transparent-header-meta":"","adv-header-id-meta":"","stick-header-meta":"","header-above-stick-meta":"","header-main-stick-meta":"","header-below-stick-meta":"","astra-migrate-meta-layouts":"set","ast-page-background-enabled":"default","ast-page-background-meta":{"desktop":{"background-color":"var(--ast-global-color-4)","background-image":"","background-repeat":"repeat","background-position":"center center","background-size":"auto","background-attachment":"scroll","background-type":"","background-media":"","overlay-type":"","overlay-color":"","overlay-opacity":"","overlay-gradient":""},"tablet":{"background-color":"","background-image":"","background-repeat":"repeat","background-position":"center center","background-size":"auto","background-attachment":"scroll","background-type":"","background-media":"","overlay-type":"","overlay-color":"","overlay-opacity":"","overlay-gradient":""},"mobile":{"background-color":"","background-image":"","background-repeat":"repeat","background-position":"center center","background-size":"auto","background-attachment":"scroll","background-type":"","background-media":"","overlay-type":"","overlay-color":"","overlay-opacity":"","overlay-gradient":""}},"ast-content-background-meta":{"desktop":{"background-color":"var(--ast-global-color-5)","background-image":"","background-repeat":"repeat","background-position":"center center","background-size":"auto","background-attachment":"scroll","background-type":"","background-media":"","overlay-type":"","overlay-color":"","overlay-opacity":"","overlay-gradient":""},"tablet":{"background-color":"var(--ast-global-color-5)","background-image":"","background-repeat":"repeat","background-position":"center center","background-size":"auto","background-attachment":"scroll","background-type":"","background-media":"","overlay-type":"","overlay-color":"","overlay-opacity":"","overlay-gradient":""},"mobile":{"background-color":"var(--ast-global-color-5)","background-image":"","background-repeat":"repeat","background-position":"center center","background-size":"auto","background-attachment":"scroll","background-type":"","background-media":"","overlay-type":"","overlay-color":"","overlay-opacity":"","overlay-gradient":""}},"footnotes":""},"class_list":["post-724","page","type-page","status-publish","hentry"],"post_mailing_queue_ids":[],"_links":{"self":[{"href":"https:\/\/agora.xtec.cat\/escolavalldelges\/wp-json\/wp\/v2\/pages\/724","targetHints":{"allow":["GET"]}}],"collection":[{"href":"https:\/\/agora.xtec.cat\/escolavalldelges\/wp-json\/wp\/v2\/pages"}],"about":[{"href":"https:\/\/agora.xtec.cat\/escolavalldelges\/wp-json\/wp\/v2\/types\/page"}],"author":[{"embeddable":true,"href":"https:\/\/agora.xtec.cat\/escolavalldelges\/wp-json\/wp\/v2\/users\/1"}],"replies":[{"embeddable":true,"href":"https:\/\/agora.xtec.cat\/escolavalldelges\/wp-json\/wp\/v2\/comments?post=724"}],"version-history":[{"count":4,"href":"https:\/\/agora.xtec.cat\/escolavalldelges\/wp-json\/wp\/v2\/pages\/724\/revisions"}],"predecessor-version":[{"id":10273,"href":"https:\/\/agora.xtec.cat\/escolavalldelges\/wp-json\/wp\/v2\/pages\/724\/revisions\/10273"}],"up":[{"embeddable":true,"href":"https:\/\/agora.xtec.cat\/escolavalldelges\/wp-json\/wp\/v2\/pages\/250"}],"wp:attachment":[{"href":"https:\/\/agora.xtec.cat\/escolavalldelges\/wp-json\/wp\/v2\/media?parent=724"}],"curies":[{"name":"wp","href":"https:\/\/api.w.org\/{rel}","templated":true}]}}