{"id":3581,"date":"2018-01-09T16:24:48","date_gmt":"2018-01-09T15:24:48","guid":{"rendered":"http:\/\/agora.xtec.cat\/escolavalldelges\/?page_id=3581"},"modified":"2026-02-19T12:15:10","modified_gmt":"2026-02-19T11:15:10","slug":"espai-salut","status":"publish","type":"page","link":"https:\/\/agora.xtec.cat\/escolavalldelges\/espai-salut\/","title":{"rendered":"Espai salut"},"content":{"rendered":"<h4><span style=\"background-color: #ffffff;\"><strong><span style=\"color: #99cc00;\">Esmorzars saludables<\/span><\/strong><\/span><\/h4>\n<p>Juntament amb l&#8217;equip de pediatria del nostre CAP hem elaborat un men\u00fa guia d&#8217;esmorzars saludables. La recomanaci\u00f3 dels serveis p\u00fablics de salut recomanen que els esmorzars siguin equilibrats. L&#8217;esmorzar ha d&#8217;incloure un l\u00e0ctic (recomanant el iogurt natural sense sucre o formatge i eliminant begudes amb llet i ensucrades), fruites\/verdures\/fruits secs i cereals (preferentment pa \/ pa torrat \/ cereals sense sucre). En aquesta base hi podem afegir puntualment xocolata, embotit (preferentment, pernil salat).<\/p>\n<h4 style=\"text-align: center;\"><a href=\"https:\/\/agora.xtec.cat\/escolavalldelges\/2024-09-04_19h06_07\/\"><img loading=\"lazy\" decoding=\"async\" class=\"alignnone size-full wp-image-9516\" src=\"https:\/\/agora.xtec.cat\/escolavalldelges\/wp-content\/uploads\/usu812\/2024\/09\/2024-09-04_19h06_07.png\" alt=\"\" width=\"709\" height=\"293\" srcset=\"https:\/\/agora.xtec.cat\/escolavalldelges\/wp-content\/uploads\/usu812\/2024\/09\/2024-09-04_19h06_07.png 709w, https:\/\/agora.xtec.cat\/escolavalldelges\/wp-content\/uploads\/usu812\/2024\/09\/2024-09-04_19h06_07-300x124.png 300w\" sizes=\"auto, (max-width: 709px) 100vw, 709px\" \/><\/a><\/h4>\n<p><span style=\"color: #000000; background-color: #ffffff;\"><strong>Aposteu per productes naturals i processats \/\u00a0<\/strong><strong>Rebutgeu productes ultra processats<\/strong><\/span><\/p>\n<h4><span style=\"color: #99cc00;\">Campanya de la fruita<\/span><\/h4>\n<p>Aquest curs, continuem participant en el programa<span style=\"color: #008080;\"><a style=\"color: #008080;\" href=\"http:\/\/agricultura.gencat.cat\/ca\/ambits\/alimentacio\/promocio-agroalimentaria\/fruita-llet-escoles\/fruita-escoles\/\">\u00a0<b>Pla de Consum de Fruita a les escoles <\/b><\/a><\/span><span style=\"font-weight: 400;\">organitzat pel Departament d\u2019Agricultura, Ramaderia, Pesca i Alimentaci\u00f3<\/span> <span style=\"font-weight: 400;\">de la Generalitat.\u00a0<\/span><\/p>\n<h4><span style=\"color: #99cc00;\"><strong>Programa INFADIMED<\/strong><\/span><\/h4>\n<p style=\"text-align: left;\">INFADIMED (Inf\u00e0ncia i Dieta Mediterr\u00e0nia) \u00e9s un programa que fa promoci\u00f3 de la Dieta Mediterr\u00e0nia i que est\u00e0 portat a terme per professionals d\u2019infermeria d\u2019atenci\u00f3 prim\u00e0ria de l\u2019Institut Catal\u00e0 de la Salut. El programa est\u00e0 dirigit a alumnes d\u2019educaci\u00f3 infantil i prim\u00e0ria amb l\u2019objectiu de donar eines als infants per tal que puguin decidir qu\u00e8 \u00e9s m\u00e9s benefici\u00f3s per a la seva salut. A difer\u00e8ncia d\u2019altres programes d\u2019educaci\u00f3 nutricional, INFADIMED ha fet servir un canal transmissor innovador en aquest tipus d\u2019intervenci\u00f3: ha creat una s\u00e8rie de dibuixos animats amb aquesta finalitat, amb un personatge central que \u00e9s l\u2019encarregat d\u2019explicar als infants els beneficis d\u2019un estil de vida saludable: el Capit\u00e0 Vitamines.<\/p>\n<h4><span style=\"color: #99cc00;\"><strong>Calendari vacunacions 6\u00e8<\/strong><\/span><\/h4>\n<p>Des del CAP de Torell\u00f3 cada any es posen en contacte amb l&#8217;escola per a programar el calendari de vacunes. S\u00f3n ells mateixos qui venen a l&#8217;escola i administren les vacunes als cursos pertinents (6\u00e8). Aquestes dates es comuniquen a les fam\u00edlies a trav\u00e9s del correu i tamb\u00e9 es demana una autoritzaci\u00f3.<\/p>\n<h4><strong><span style=\"color: #99cc00;\">Revisions bucodentals<\/span><\/strong><\/h4>\n<p>El departament de Salut duu a terme el programa de Salut Bucodental, que permet la detecci\u00f3 preco\u00e7 de malalties de la boca i transmet la informaci\u00f3 a les fam\u00edlies sobre l&#8217;estat de salut bucodental dels infants. L&#8217;equip de professionals d&#8217;odontologia del CAP es despla\u00e7a a l&#8217;escola per fer les revisions a i4, 1r i 6\u00e8.\u00a0<\/p>\n\n\n<p><\/p>\n","protected":false},"excerpt":{"rendered":"<p>Esmorzars saludables Juntament amb l&#8217;equip de pediatria del nostre CAP hem elaborat un men\u00fa guia d&#8217;esmorzars saludables. La recomanaci\u00f3 dels serveis p\u00fablics de salut recomanen que els esmorzars siguin equilibrats. L&#8217;esmorzar ha d&#8217;incloure un l\u00e0ctic (recomanant el iogurt natural sense sucre o formatge i eliminant begudes amb llet i ensucrades), fruites\/verdures\/fruits secs i cereals (preferentment [&hellip;]<\/p>\n","protected":false},"author":1,"featured_media":0,"parent":0,"menu_order":0,"comment_status":"closed","ping_status":"closed","template":"","meta":{"_bbp_topic_count":0,"_bbp_reply_count":0,"_bbp_total_topic_count":0,"_bbp_total_reply_count":0,"_bbp_voice_count":0,"_bbp_anonymous_reply_count":0,"_bbp_topic_count_hidden":0,"_bbp_reply_count_hidden":0,"_bbp_forum_subforum_count":0,"site-sidebar-layout":"default","site-content-layout":"","ast-site-content-layout":"default","site-content-style":"default","site-sidebar-style":"default","ast-global-header-display":"","ast-banner-title-visibility":"","ast-main-header-display":"","ast-hfb-above-header-display":"","ast-hfb-below-header-display":"","ast-hfb-mobile-header-display":"","site-post-title":"","ast-breadcrumbs-content":"","ast-featured-img":"","footer-sml-layout":"","theme-transparent-header-meta":"","adv-header-id-meta":"","stick-header-meta":"","header-above-stick-meta":"","header-main-stick-meta":"","header-below-stick-meta":"","astra-migrate-meta-layouts":"set","ast-page-background-enabled":"default","ast-page-background-meta":{"desktop":{"background-color":"var(--ast-global-color-4)","background-image":"","background-repeat":"repeat","background-position":"center center","background-size":"auto","background-attachment":"scroll","background-type":"","background-media":"","overlay-type":"","overlay-color":"","overlay-opacity":"","overlay-gradient":""},"tablet":{"background-color":"","background-image":"","background-repeat":"repeat","background-position":"center center","background-size":"auto","background-attachment":"scroll","background-type":"","background-media":"","overlay-type":"","overlay-color":"","overlay-opacity":"","overlay-gradient":""},"mobile":{"background-color":"","background-image":"","background-repeat":"repeat","background-position":"center center","background-size":"auto","background-attachment":"scroll","background-type":"","background-media":"","overlay-type":"","overlay-color":"","overlay-opacity":"","overlay-gradient":""}},"ast-content-background-meta":{"desktop":{"background-color":"var(--ast-global-color-5)","background-image":"","background-repeat":"repeat","background-position":"center center","background-size":"auto","background-attachment":"scroll","background-type":"","background-media":"","overlay-type":"","overlay-color":"","overlay-opacity":"","overlay-gradient":""},"tablet":{"background-color":"var(--ast-global-color-5)","background-image":"","background-repeat":"repeat","background-position":"center center","background-size":"auto","background-attachment":"scroll","background-type":"","background-media":"","overlay-type":"","overlay-color":"","overlay-opacity":"","overlay-gradient":""},"mobile":{"background-color":"var(--ast-global-color-5)","background-image":"","background-repeat":"repeat","background-position":"center center","background-size":"auto","background-attachment":"scroll","background-type":"","background-media":"","overlay-type":"","overlay-color":"","overlay-opacity":"","overlay-gradient":""}},"footnotes":""},"class_list":["post-3581","page","type-page","status-publish","hentry"],"post_mailing_queue_ids":[],"_links":{"self":[{"href":"https:\/\/agora.xtec.cat\/escolavalldelges\/wp-json\/wp\/v2\/pages\/3581","targetHints":{"allow":["GET"]}}],"collection":[{"href":"https:\/\/agora.xtec.cat\/escolavalldelges\/wp-json\/wp\/v2\/pages"}],"about":[{"href":"https:\/\/agora.xtec.cat\/escolavalldelges\/wp-json\/wp\/v2\/types\/page"}],"author":[{"embeddable":true,"href":"https:\/\/agora.xtec.cat\/escolavalldelges\/wp-json\/wp\/v2\/users\/1"}],"replies":[{"embeddable":true,"href":"https:\/\/agora.xtec.cat\/escolavalldelges\/wp-json\/wp\/v2\/comments?post=3581"}],"version-history":[{"count":6,"href":"https:\/\/agora.xtec.cat\/escolavalldelges\/wp-json\/wp\/v2\/pages\/3581\/revisions"}],"predecessor-version":[{"id":10271,"href":"https:\/\/agora.xtec.cat\/escolavalldelges\/wp-json\/wp\/v2\/pages\/3581\/revisions\/10271"}],"wp:attachment":[{"href":"https:\/\/agora.xtec.cat\/escolavalldelges\/wp-json\/wp\/v2\/media?parent=3581"}],"curies":[{"name":"wp","href":"https:\/\/api.w.org\/{rel}","templated":true}]}}