{"id":26,"date":"2014-09-18T12:24:32","date_gmt":"2014-09-18T11:24:32","guid":{"rendered":"http:\/\/agora.xtec.cat\/escolavalldelges\/?page_id=26"},"modified":"2026-02-18T17:58:18","modified_gmt":"2026-02-18T16:58:18","slug":"historia","status":"publish","type":"page","link":"https:\/\/agora.xtec.cat\/escolavalldelges\/historia\/","title":{"rendered":"Hist\u00f2ria"},"content":{"rendered":"<p class=\"my-2 [&amp;+p]:mt-4 [&amp;_strong:has(+br)]:inline-block [&amp;_strong:has(+br)]:pb-2\">L\u2019Escola Vall del Ges \u00e9s una escola p\u00fablica del barri, nascuda el 1970 al nou barri de l\u2019Espona, actual barri de Montserrat, gr\u00e0cies a la cessi\u00f3 dels terrenys per part de la cooperativa de vivendes del mateix nom.<span class=\"inline-flex\" aria-label=\"Hist\u00f2ria \u2013 Escola Vall del Ges\" data-state=\"closed\">\u200b<\/span><\/p>\n<h3 id=\"dels-orgens-als-50-anys\" class=\"mb-2 mt-4 [.has-inline-images_&amp;]:clear-end font-editorial font-bold text-lg first:mt-0 md:text-lg [hr+&amp;]:mt-4\">Dels or\u00edgens als 50 anys<\/h3>\n<p class=\"my-2 [&amp;+p]:mt-4 [&amp;_strong:has(+br)]:inline-block [&amp;_strong:has(+br)]:pb-2\">Les obres del nou grup escolar van finalitzar el setembre de 1970, amb un edifici de vuit aules que donava resposta a la necessitat de places d\u2019ensenyament primari del municipi. El centre va iniciar l\u2019activitat el 1970 i va ser inaugurat oficialment el febrer de 1971, fet que va suposar que cap infant qued\u00e9s fora de l\u2019escolaritzaci\u00f3 obligat\u00f2ria. Des d\u2019aleshores, l\u2019escola s\u2019ha definit com una escola del barri i per al barri, adaptant espais i instal\u00b7lacions a les noves necessitats fins a esdevenir una escola d\u2019una l\u00ednia amb 9 grups d\u2019educaci\u00f3 infantil i prim\u00e0ria.<span class=\"inline-flex\" aria-label=\"Hist\u00f2ria \u2013 Escola Vall del Ges\" data-state=\"closed\">\u200b<\/span><\/p>\n<h3 id=\"transformacions-recents-i-projectes-de-centre\" class=\"mb-2 mt-4 [.has-inline-images_&amp;]:clear-end font-editorial font-bold text-lg first:mt-0 md:text-lg [hr+&amp;]:mt-4\">Transformacions recents i projectes de centre<\/h3>\n<p class=\"my-2 [&amp;+p]:mt-4 [&amp;_strong:has(+br)]:inline-block [&amp;_strong:has(+br)]:pb-2\">Durant la pand\u00e8mia de la covid-19 (curs 2019-2020), l\u2019escola va mantenir l\u2019activitat en format virtual i va adaptar el curr\u00edculum per continuar acompanyant l\u2019alumnat i les fam\u00edlies en un context de confinament general.<\/p>\n<p class=\"my-2 [&amp;+p]:mt-4 [&amp;_strong:has(+br)]:inline-block [&amp;_strong:has(+br)]:pb-2\">El curs 2020-2021, tot i les fortes restriccions sanit\u00e0ries, el centre va celebrar el 50\u00e8 aniversari amb activitats al llarg de tot el curs, la creaci\u00f3 del perfil d\u2019Instagram, actes participatius amb la comunitat i una festa final als jardins de Can Parrella, on es va presentar la geganta de l\u2019escola, la Vall.<span class=\"inline-flex\" aria-label=\"Hist\u00f2ria \u2013 Escola Vall del Ges\" data-state=\"closed\">\u200b<\/span><\/p>\n<p class=\"my-2 [&amp;+p]:mt-4 [&amp;_strong:has(+br)]:inline-block [&amp;_strong:has(+br)]:pb-2\">El curs 2021-2022 va estar marcat pel projecte \u201cCuidem el nostre planeta\u201d, la incorporaci\u00f3 dels projectes de comunitat i el refor\u00e7 dels ODS, les assemblees d\u2019aula i el treball de valors dins l\u2019espai de tutoria.<\/p>\n<p class=\"my-2 [&amp;+p]:mt-4 [&amp;_strong:has(+br)]:inline-block [&amp;_strong:has(+br)]:pb-2\">El 2022-2023 es va engegar el \u201cProjecte Pati amb Valors\u201d, redissenyant el pati amb una mirada m\u00e9s inclusiva i remodelant l\u2019espai d\u2019educaci\u00f3 infantil amb la col\u00b7laboraci\u00f3 de l\u2019AFA.<\/p>\n<p class=\"my-2 [&amp;+p]:mt-4 [&amp;_strong:has(+br)]:inline-block [&amp;_strong:has(+br)]:pb-2\"><span class=\"inline-flex\" aria-label=\"Hist\u00f2ria \u2013 Escola Vall del Ges\" data-state=\"closed\">\u200bEl curs 2023-2024 el \u201cProjecte Mirada\u201d va centrar el dia a dia del centre, aprofundint en la millora dels espais i del pati amb el suport de l\u2019AFA i dels projectes de comunitat. <\/span><\/p>\n<p class=\"my-2 [&amp;+p]:mt-4 [&amp;_strong:has(+br)]:inline-block [&amp;_strong:has(+br)]:pb-2\"><span class=\"inline-flex\" aria-label=\"Hist\u00f2ria \u2013 Escola Vall del Ges\" data-state=\"closed\">El 2024-2025 l\u2019escola va impulsar el projecte \u201cCuinant un m\u00f3n millor\u201d, treballant alimentaci\u00f3, sostenibilitat, productes de proximitat i cultius propis vinculats als ODS, consolidant-se com una escola petita, propera i compromesa amb el seu entorn.<\/span><\/p>\n<h3 id=\"mirada-actual-i-lnies-de-futur\" class=\"mb-2 mt-4 [.has-inline-images_&amp;]:clear-end font-editorial font-bold text-lg first:mt-0 md:text-lg [hr+&amp;]:mt-4\">Mirada actual i l\u00ednies de futur<\/h3>\n<p>Aquest curs 2025-2026 l\u2019escola treballa l\u2019eix \u201c<em>Quan l\u2019art es fa gegant\u201d<\/em>, un projecte que posa l\u2019accent en la creativitat, l\u2019expressi\u00f3 art\u00edstica i el treball col\u00b7lectiu de tot l\u2019alumnat. En aquest marc s\u2019est\u00e0 construint un nou gegant\u00f3, en Ges, que neix de les aportacions dels infants i que acompanyar\u00e0 la geganta de l\u2019escola, la Vall, i refor\u00e7ar\u00e0 el vincle amb la cultura popular i festiva del poble.<\/p>\n","protected":false},"excerpt":{"rendered":"<p>L\u2019Escola Vall del Ges \u00e9s una escola p\u00fablica del barri, nascuda el 1970 al nou barri de l\u2019Espona, actual barri de Montserrat, gr\u00e0cies a la cessi\u00f3 dels terrenys per part de la cooperativa de vivendes del mateix nom.\u200b Dels or\u00edgens als 50 anys Les obres del nou grup escolar van finalitzar el setembre de 1970, [&hellip;]<\/p>\n","protected":false},"author":1,"featured_media":0,"parent":0,"menu_order":2,"comment_status":"closed","ping_status":"closed","template":"","meta":{"_bbp_topic_count":0,"_bbp_reply_count":0,"_bbp_total_topic_count":0,"_bbp_total_reply_count":0,"_bbp_voice_count":0,"_bbp_anonymous_reply_count":0,"_bbp_topic_count_hidden":0,"_bbp_reply_count_hidden":0,"_bbp_forum_subforum_count":0,"site-sidebar-layout":"default","site-content-layout":"","ast-site-content-layout":"default","site-content-style":"default","site-sidebar-style":"default","ast-global-header-display":"","ast-banner-title-visibility":"","ast-main-header-display":"","ast-hfb-above-header-display":"","ast-hfb-below-header-display":"","ast-hfb-mobile-header-display":"","site-post-title":"","ast-breadcrumbs-content":"","ast-featured-img":"","footer-sml-layout":"","theme-transparent-header-meta":"","adv-header-id-meta":"","stick-header-meta":"","header-above-stick-meta":"","header-main-stick-meta":"","header-below-stick-meta":"","astra-migrate-meta-layouts":"set","ast-page-background-enabled":"default","ast-page-background-meta":{"desktop":{"background-color":"var(--ast-global-color-4)","background-image":"","background-repeat":"repeat","background-position":"center center","background-size":"auto","background-attachment":"scroll","background-type":"","background-media":"","overlay-type":"","overlay-color":"","overlay-opacity":"","overlay-gradient":""},"tablet":{"background-color":"","background-image":"","background-repeat":"repeat","background-position":"center center","background-size":"auto","background-attachment":"scroll","background-type":"","background-media":"","overlay-type":"","overlay-color":"","overlay-opacity":"","overlay-gradient":""},"mobile":{"background-color":"","background-image":"","background-repeat":"repeat","background-position":"center center","background-size":"auto","background-attachment":"scroll","background-type":"","background-media":"","overlay-type":"","overlay-color":"","overlay-opacity":"","overlay-gradient":""}},"ast-content-background-meta":{"desktop":{"background-color":"var(--ast-global-color-5)","background-image":"","background-repeat":"repeat","background-position":"center center","background-size":"auto","background-attachment":"scroll","background-type":"","background-media":"","overlay-type":"","overlay-color":"","overlay-opacity":"","overlay-gradient":""},"tablet":{"background-color":"var(--ast-global-color-5)","background-image":"","background-repeat":"repeat","background-position":"center center","background-size":"auto","background-attachment":"scroll","background-type":"","background-media":"","overlay-type":"","overlay-color":"","overlay-opacity":"","overlay-gradient":""},"mobile":{"background-color":"var(--ast-global-color-5)","background-image":"","background-repeat":"repeat","background-position":"center center","background-size":"auto","background-attachment":"scroll","background-type":"","background-media":"","overlay-type":"","overlay-color":"","overlay-opacity":"","overlay-gradient":""}},"footnotes":""},"class_list":["post-26","page","type-page","status-publish","hentry"],"post_mailing_queue_ids":[],"_links":{"self":[{"href":"https:\/\/agora.xtec.cat\/escolavalldelges\/wp-json\/wp\/v2\/pages\/26","targetHints":{"allow":["GET"]}}],"collection":[{"href":"https:\/\/agora.xtec.cat\/escolavalldelges\/wp-json\/wp\/v2\/pages"}],"about":[{"href":"https:\/\/agora.xtec.cat\/escolavalldelges\/wp-json\/wp\/v2\/types\/page"}],"author":[{"embeddable":true,"href":"https:\/\/agora.xtec.cat\/escolavalldelges\/wp-json\/wp\/v2\/users\/1"}],"replies":[{"embeddable":true,"href":"https:\/\/agora.xtec.cat\/escolavalldelges\/wp-json\/wp\/v2\/comments?post=26"}],"version-history":[{"count":6,"href":"https:\/\/agora.xtec.cat\/escolavalldelges\/wp-json\/wp\/v2\/pages\/26\/revisions"}],"predecessor-version":[{"id":10156,"href":"https:\/\/agora.xtec.cat\/escolavalldelges\/wp-json\/wp\/v2\/pages\/26\/revisions\/10156"}],"wp:attachment":[{"href":"https:\/\/agora.xtec.cat\/escolavalldelges\/wp-json\/wp\/v2\/media?parent=26"}],"curies":[{"name":"wp","href":"https:\/\/api.w.org\/{rel}","templated":true}]}}