{"id":250,"date":"2015-12-23T16:02:22","date_gmt":"2015-12-23T15:02:22","guid":{"rendered":"http:\/\/agora.xtec.cat\/escolavalldelges\/?page_id=250"},"modified":"2026-02-18T17:59:57","modified_gmt":"2026-02-18T16:59:57","slug":"projecte-del-centre","status":"publish","type":"page","link":"https:\/\/agora.xtec.cat\/escolavalldelges\/projecte-del-centre\/","title":{"rendered":"La nostra escola"},"content":{"rendered":"<ul>\n<li>Una escola petita i familiar, vinculada al barri de Montserrat i a Torell\u00f3.<\/li>\n<li>Posem en valor el treball competencial i la metodologia experimental.<\/li>\n<li>Procurem treballar en grups redu\u00efts afavorint l\u2019autoestima i la personalitzaci\u00f3 dels aprenentatges.<\/li>\n<li>Potenciem el valor de l\u2019esfor\u00e7, el respecte i el comprom\u00eds.<\/li>\n<li>Tenim contacte permanent amb les fam\u00edlies a trav\u00e9s d\u2019entrevistes, correu electr\u00f2nic del tutor, reunions, projectes i experi\u00e8ncies compartides.<\/li>\n<li>Celebrem les festes tradicionals: Castanyada, Setmana de la M\u00fasica, Nadal, dijous llarder, Carnaval, Fira de primavera i fi de curs.<\/li>\n<li>Fem sortides i col\u00f2nies.<\/li>\n<li>Cada any fem un projecte transversal de centre. Durant la setmana de la m\u00fasica es fa una representaci\u00f3 al teatre Cirvianum.<\/li>\n<li>Som Escola Verda, sostenible i compromesa amb el medi ambient. Potenciem els h\u00e0bits i esmorzars saludables, i promovem les sortides a peu i en transport p\u00fablic.<\/li>\n<li>L\u2019acci\u00f3 educadora del centre t\u00e9 en compte la perspectiva de g\u00e8nere amb l&#8217;objectiu de fomentar la coeducaci\u00f3.<\/li>\n<li>Tenim un consell de delegats de classe que s\u2019implica en la vida di\u00e0ria de l\u2019escola i que tamb\u00e9 exerceixen de delegats liles (coeducaci\u00f3) i verds (escola verda).<\/li>\n<li>Entenem el pati com un veritable espai educatiu dins del centre.<\/li>\n<li>Digitalitzaci\u00f3 de les aules i \u00fas de tecnologies per l\u2019aprenentatge (classroom, ordinadors 5\u00e8 i 6\u00e8, tauletes, Chromebooks i PDI).<\/li>\n<\/ul>\n\n\n<p><\/p>\n","protected":false},"excerpt":{"rendered":"<p>Una escola petita i familiar, vinculada al barri de Montserrat i a Torell\u00f3. Posem en valor el treball competencial i la metodologia experimental. Procurem treballar en grups redu\u00efts afavorint l\u2019autoestima i la personalitzaci\u00f3 dels aprenentatges. Potenciem el valor de l\u2019esfor\u00e7, el respecte i el comprom\u00eds. Tenim contacte permanent amb les fam\u00edlies a trav\u00e9s d\u2019entrevistes, correu [&hellip;]<\/p>\n","protected":false},"author":1,"featured_media":0,"parent":0,"menu_order":1,"comment_status":"closed","ping_status":"closed","template":"","meta":{"_bbp_topic_count":0,"_bbp_reply_count":0,"_bbp_total_topic_count":0,"_bbp_total_reply_count":0,"_bbp_voice_count":0,"_bbp_anonymous_reply_count":0,"_bbp_topic_count_hidden":0,"_bbp_reply_count_hidden":0,"_bbp_forum_subforum_count":0,"site-sidebar-layout":"default","site-content-layout":"","ast-site-content-layout":"default","site-content-style":"default","site-sidebar-style":"default","ast-global-header-display":"","ast-banner-title-visibility":"","ast-main-header-display":"","ast-hfb-above-header-display":"","ast-hfb-below-header-display":"","ast-hfb-mobile-header-display":"","site-post-title":"","ast-breadcrumbs-content":"","ast-featured-img":"","footer-sml-layout":"","theme-transparent-header-meta":"","adv-header-id-meta":"","stick-header-meta":"","header-above-stick-meta":"","header-main-stick-meta":"","header-below-stick-meta":"","astra-migrate-meta-layouts":"set","ast-page-background-enabled":"default","ast-page-background-meta":{"desktop":{"background-color":"var(--ast-global-color-4)","background-image":"","background-repeat":"repeat","background-position":"center center","background-size":"auto","background-attachment":"scroll","background-type":"","background-media":"","overlay-type":"","overlay-color":"","overlay-opacity":"","overlay-gradient":""},"tablet":{"background-color":"","background-image":"","background-repeat":"repeat","background-position":"center center","background-size":"auto","background-attachment":"scroll","background-type":"","background-media":"","overlay-type":"","overlay-color":"","overlay-opacity":"","overlay-gradient":""},"mobile":{"background-color":"","background-image":"","background-repeat":"repeat","background-position":"center center","background-size":"auto","background-attachment":"scroll","background-type":"","background-media":"","overlay-type":"","overlay-color":"","overlay-opacity":"","overlay-gradient":""}},"ast-content-background-meta":{"desktop":{"background-color":"var(--ast-global-color-5)","background-image":"","background-repeat":"repeat","background-position":"center center","background-size":"auto","background-attachment":"scroll","background-type":"","background-media":"","overlay-type":"","overlay-color":"","overlay-opacity":"","overlay-gradient":""},"tablet":{"background-color":"var(--ast-global-color-5)","background-image":"","background-repeat":"repeat","background-position":"center center","background-size":"auto","background-attachment":"scroll","background-type":"","background-media":"","overlay-type":"","overlay-color":"","overlay-opacity":"","overlay-gradient":""},"mobile":{"background-color":"var(--ast-global-color-5)","background-image":"","background-repeat":"repeat","background-position":"center center","background-size":"auto","background-attachment":"scroll","background-type":"","background-media":"","overlay-type":"","overlay-color":"","overlay-opacity":"","overlay-gradient":""}},"footnotes":""},"class_list":["post-250","page","type-page","status-publish","hentry"],"post_mailing_queue_ids":[],"_links":{"self":[{"href":"https:\/\/agora.xtec.cat\/escolavalldelges\/wp-json\/wp\/v2\/pages\/250","targetHints":{"allow":["GET"]}}],"collection":[{"href":"https:\/\/agora.xtec.cat\/escolavalldelges\/wp-json\/wp\/v2\/pages"}],"about":[{"href":"https:\/\/agora.xtec.cat\/escolavalldelges\/wp-json\/wp\/v2\/types\/page"}],"author":[{"embeddable":true,"href":"https:\/\/agora.xtec.cat\/escolavalldelges\/wp-json\/wp\/v2\/users\/1"}],"replies":[{"embeddable":true,"href":"https:\/\/agora.xtec.cat\/escolavalldelges\/wp-json\/wp\/v2\/comments?post=250"}],"version-history":[{"count":5,"href":"https:\/\/agora.xtec.cat\/escolavalldelges\/wp-json\/wp\/v2\/pages\/250\/revisions"}],"predecessor-version":[{"id":10133,"href":"https:\/\/agora.xtec.cat\/escolavalldelges\/wp-json\/wp\/v2\/pages\/250\/revisions\/10133"}],"wp:attachment":[{"href":"https:\/\/agora.xtec.cat\/escolavalldelges\/wp-json\/wp\/v2\/media?parent=250"}],"curies":[{"name":"wp","href":"https:\/\/api.w.org\/{rel}","templated":true}]}}