{"id":203,"date":"2015-12-23T12:14:16","date_gmt":"2015-12-23T11:14:16","guid":{"rendered":"http:\/\/agora.xtec.cat\/escolavalldelges\/?page_id=203"},"modified":"2026-02-18T18:00:17","modified_gmt":"2026-02-18T17:00:17","slug":"claustre","status":"publish","type":"page","link":"https:\/\/agora.xtec.cat\/escolavalldelges\/claustre\/","title":{"rendered":"Claustre i personal del centre"},"content":{"rendered":"<div class=\"txt_contingut\" style=\"text-align: center;\">\n<p>Aquest \u00e9s el claustre, els cicles i el personal no docent de l&#8217;escola per aquest curs 25-26.<\/p>\n<table style=\"height: 1209px; width: 100%; border-color: #000000; border-style: solid;\">\n<tbody>\n<tr style=\"height: 53px;\">\n<td style=\"height: 53px; border-style: solid; border-color: #000000; background-color: #697cf5;\" colspan=\"5\">\n<p><b>EDUCACI\u00d3 INFANTIL<\/b><\/p>\n<\/td>\n<\/tr>\n<tr style=\"height: 79px; border-color: #000000;\">\n<td style=\"height: 79px; border-style: solid; border-color: #000000;\" colspan=\"2\">\n<p><b>Mestres del Cicle<\/b><\/p>\n<\/td>\n<td style=\"height: 79px; border-style: solid; border-color: #000000;\" colspan=\"2\">\n<p><b>Tutories<\/b><\/p>\n<\/td>\n<td style=\"height: 79px; border-style: solid; border-color: #000000;\">\n<p><b>Refor\u00e7<\/b><\/p>\n<\/td>\n<\/tr>\n<tr style=\"height: 84px;\">\n<td style=\"height: 84px; border-style: solid; border-color: #000000;\" colspan=\"2\">\n<p><span style=\"font-weight: 400;\">Rosa Abel Bagaria<\/span><\/p>\n<\/td>\n<td style=\"height: 84px; border-style: solid; border-color: #000000;\" colspan=\"2\">\n<p><span style=\"font-weight: 400;\">I3<\/span><\/p>\n<\/td>\n<td style=\"height: 252px; border-style: solid; border-color: #000000;\" rowspan=\"3\">\n<p><span style=\"font-weight: 400;\">Gemma Cornelles (TEEI-I3)<\/span><\/p>\n<p><span style=\"font-weight: 400;\">Anna Alberch<\/span><\/p>\n<p><span style=\"font-weight: 400;\">Ester Jim\u00e9nez (Angl\u00e8s)<\/span><\/p>\n<p><span style=\"font-weight: 400;\">Agn\u00e8s M\u00e1rquez<\/span><\/p>\n<\/td>\n<\/tr>\n<tr style=\"height: 84px;\">\n<td style=\"height: 84px; border-style: solid; border-color: #000000;\" colspan=\"2\">\n<p><span style=\"font-weight: 400;\">Margarita Arb\u00f3s<\/span><\/p>\n<\/td>\n<td style=\"height: 84px; border-style: solid; border-color: #000000;\" colspan=\"2\">\n<p><span style=\"font-weight: 400;\">I4<\/span><\/p>\n<\/td>\n<\/tr>\n<tr style=\"height: 84px;\">\n<td style=\"height: 84px; border-style: solid; border-color: #000000;\" colspan=\"2\">\n<p><span style=\"font-weight: 400;\">Montse Sancerni\u00a0<\/span><\/p>\n<\/td>\n<td style=\"height: 84px; border-style: solid; border-color: #000000;\" colspan=\"2\">\n<p><span style=\"font-weight: 400;\">I5<\/span><\/p>\n<\/td>\n<\/tr>\n<tr style=\"height: 79px;\">\n<td style=\"height: 79px; border-style: solid; border-color: #000000; background-color: #faee6b;\" colspan=\"5\">\n<p><b>CICLE INICIAL<\/b><\/p>\n<\/td>\n<\/tr>\n<tr style=\"height: 98px;\">\n<td style=\"height: 98px; border-style: solid; border-color: #000000;\" colspan=\"2\">\n<p><span style=\"font-weight: 400;\">Marta Camp\u00e0s\u00a0<\/span><\/p>\n<\/td>\n<td style=\"height: 98px; border-style: solid; border-color: #000000;\" colspan=\"2\">\n<p><span style=\"font-weight: 400;\">1r<\/span><\/p>\n<\/td>\n<td style=\"height: 196px; border-style: solid; border-color: #000000;\" rowspan=\"2\">\n<p><span style=\"font-weight: 400;\">Raquel Prados (Angl\u00e8s)<\/span><\/p>\n<p><span style=\"font-weight: 400;\">Txell Colom (Atenci\u00f3 diversitat)<\/span><\/p>\n<p><span style=\"font-weight: 400;\">Emma Parella<\/span><\/p>\n<\/td>\n<\/tr>\n<tr style=\"height: 98px;\">\n<td style=\"height: 98px; border-style: solid; border-color: #000000;\" colspan=\"2\">\n<p><span style=\"font-weight: 400;\">Concepci\u00f3 Villena<\/span><\/p>\n<\/td>\n<td style=\"height: 98px; border-style: solid; border-color: #000000;\" colspan=\"2\">\n<p><span style=\"font-weight: 400;\">2n\u00a0<\/span><\/p>\n<\/td>\n<\/tr>\n<tr style=\"height: 79px;\">\n<td style=\"height: 79px; border-style: solid; border-color: #000000; background-color: #79c270;\" colspan=\"5\">\n<p><b>CICLE MITJ\u00c0<\/b><\/p>\n<\/td>\n<\/tr>\n<tr style=\"height: 98px;\">\n<td style=\"height: 98px; border-style: solid; border-color: #000000;\" colspan=\"2\">\n<p><span style=\"font-weight: 400;\">Susagna Gonz\u00e1lez<\/span><\/p>\n<\/td>\n<td style=\"height: 98px; border-style: solid; border-color: #000000;\" colspan=\"2\">\n<p><span style=\"font-weight: 400;\">3r<\/span><\/p>\n<\/td>\n<td style=\"height: 196px; border-style: solid; border-color: #000000;\" rowspan=\"2\">\n<p><span style=\"font-weight: 400;\">Montse Soldevila (Ed. f\u00edsica)<\/span><\/p>\n<p><span style=\"font-weight: 400;\">N\u00faria Codina\u00a0<\/span><\/p>\n<p><span style=\"font-weight: 400;\">Vanessa Garcia\u00a0<\/span><\/p>\n<\/td>\n<\/tr>\n<tr style=\"height: 98px;\">\n<td style=\"height: 98px; border-style: solid; border-color: #000000;\" colspan=\"2\">\n<p><span style=\"font-weight: 400;\">Ester Serra<\/span><\/p>\n<\/td>\n<td style=\"height: 98px; border-style: solid; border-color: #000000;\" colspan=\"2\">\n<p><span style=\"font-weight: 400;\">4t<\/span><\/p>\n<\/td>\n<\/tr>\n<tr style=\"height: 79px;\">\n<td style=\"height: 79px; border-style: solid; border-color: #000000; background-color: #c46265;\" colspan=\"5\">\n<p><b>CICLE SUPERIOR<\/b><\/p>\n<\/td>\n<\/tr>\n<tr style=\"height: 98px;\">\n<td style=\"height: 98px; border-style: solid; border-color: #000000;\" colspan=\"2\">\n<p><span style=\"font-weight: 400;\">Gl\u00f2ria Payan\u00a0<\/span><\/p>\n<\/td>\n<td style=\"height: 98px; border-style: solid; border-color: #000000;\" colspan=\"2\">\n<p><span style=\"font-weight: 400;\">5\u00e8<\/span><\/p>\n<\/td>\n<td style=\"height: 196px; border-style: solid; border-color: #000000;\" rowspan=\"2\">\n<p><span style=\"font-weight: 400;\">Rosa Montero (M\u00fasica)<\/span><\/p>\n<p><span style=\"font-weight: 400;\">Maria Freixa<\/span><\/p>\n<p><span style=\"font-weight: 400;\">Judit Costa (Atenci\u00f3 diversitat)<\/span><\/p>\n<\/td>\n<\/tr>\n<tr style=\"height: 98px;\">\n<td style=\"height: 98px; border-style: solid; border-color: #000000;\" colspan=\"2\">\n<p><span style=\"font-weight: 400;\">Eva L\u00f3pez<\/span><\/p>\n<\/td>\n<td style=\"height: 98px; border-style: solid; border-color: #000000;\" colspan=\"2\">\n<p><span style=\"font-weight: 400;\">6\u00e8<\/span><\/p>\n<\/td>\n<\/tr>\n<\/tbody>\n<\/table>\n<table style=\"border-style: solid; border-color: #000000;\">\n<tbody>\n<tr>\n<td style=\"border-style: solid; border-color: #000000; background-color: #ab943f;\" colspan=\"2\">\n<p><b>EQUIP DIRECTIU<\/b><\/p>\n<\/td>\n<\/tr>\n<tr>\n<td style=\"border-style: solid; border-color: #000000;\">\n<p><b>Direcci\u00f3<\/b><\/p>\n<\/td>\n<td style=\"border-style: solid; border-color: #000000;\">\n<p><span style=\"font-weight: 400;\">Maria Freixa<\/span><\/p>\n<\/td>\n<\/tr>\n<tr>\n<td style=\"border-style: solid; border-color: #000000;\">\n<p><b>Cap d\u2019Estudis<\/b><\/p>\n<\/td>\n<td style=\"border-style: solid; border-color: #000000;\">\n<p><span style=\"font-weight: 400;\">N\u00faria Codina<\/span><\/p>\n<\/td>\n<\/tr>\n<tr>\n<td style=\"border-style: solid; border-color: #000000;\">\n<p><b>Secretaria<\/b><\/p>\n<\/td>\n<td style=\"border-style: solid; border-color: #000000;\">\n<p><span style=\"font-weight: 400;\">Txell Colom<\/span><\/p>\n<\/td>\n<\/tr>\n<\/tbody>\n<\/table>\n<table style=\"height: 538px; width: 100%; border-style: solid; border-color: #000000;\">\n<tbody>\n<tr style=\"height: 79px;\">\n<td style=\"height: 79px; border-style: solid; border-color: #000000; background-color: #ab943f;\" colspan=\"10\">\n<p><b>ALTRES SERVEIS PEDAG\u00d2GICS<\/b><\/p>\n<\/td>\n<\/tr>\n<tr style=\"height: 111px;\">\n<td style=\"height: 111px; border-style: solid; border-color: #000000;\" colspan=\"6\">\n<p><span style=\"font-weight: 400;\">Psicopedagoga de l\u2019EAP:\u00a0<\/span><\/p>\n<\/td>\n<td style=\"height: 111px; border-style: solid; border-color: #000000;\" colspan=\"4\">\n<p><span style=\"font-weight: 400;\">Gemma Comas\u00a0<\/span><\/p>\n<\/td>\n<\/tr>\n<tr style=\"height: 111px;\">\n<td style=\"height: 111px; border-style: solid; border-color: #000000;\" colspan=\"6\">\n<p><span style=\"font-weight: 400;\">Vetlladores<\/span><\/p>\n<\/td>\n<td style=\"height: 111px; border-style: solid; border-color: #000000;\" colspan=\"4\">\n<p><span style=\"font-weight: 400;\">S\u00edlvia Mas i Chaima <\/span><span style=\"font-weight: 400;\">Buiyoaran<\/span><\/p>\n<\/td>\n<\/tr>\n<tr style=\"height: 79px;\">\n<td style=\"height: 79px; border-style: solid; border-color: #000000; background-color: #ab943f;\" colspan=\"10\">\n<p><b>PERSONAL NO\u00a0 DOCENT<\/b><\/p>\n<\/td>\n<\/tr>\n<tr style=\"height: 79px;\">\n<td style=\"height: 79px; border-style: solid; border-color: #000000;\" colspan=\"6\">\n<p><span style=\"font-weight: 400;\">Conserge<\/span><\/p>\n<\/td>\n<td style=\"height: 79px; border-style: solid; border-color: #000000;\" colspan=\"4\">\n<p><span style=\"font-weight: 400;\">Toni Pladevall<\/span><\/p>\n<\/td>\n<\/tr>\n<tr style=\"height: 79px;\">\n<td style=\"height: 79px; border-style: solid; border-color: #000000;\" colspan=\"6\">\n<p><span style=\"font-weight: 400;\">Administrativa<\/span><\/p>\n<\/td>\n<td style=\"height: 79px; border-style: solid; border-color: #000000;\" colspan=\"4\">\n<p><span style=\"font-weight: 400;\">S\u00edlvia Castillo<\/span><\/p>\n<\/td>\n<\/tr>\n<\/tbody>\n<\/table>\n<\/div>\n<p style=\"text-align: center;\">\u00a0<\/p>\n\n\n<p><\/p>\n","protected":false},"excerpt":{"rendered":"<p>Aquest \u00e9s el claustre, els cicles i el personal no docent de l&#8217;escola per aquest curs 25-26. EDUCACI\u00d3 INFANTIL Mestres del Cicle Tutories Refor\u00e7 Rosa Abel Bagaria I3 Gemma Cornelles (TEEI-I3) Anna Alberch Ester Jim\u00e9nez (Angl\u00e8s) Agn\u00e8s M\u00e1rquez Margarita Arb\u00f3s I4 Montse Sancerni\u00a0 I5 CICLE INICIAL Marta Camp\u00e0s\u00a0 1r Raquel Prados (Angl\u00e8s) Txell Colom (Atenci\u00f3 [&hellip;]<\/p>\n","protected":false},"author":1,"featured_media":0,"parent":0,"menu_order":5,"comment_status":"closed","ping_status":"closed","template":"","meta":{"_bbp_topic_count":0,"_bbp_reply_count":0,"_bbp_total_topic_count":0,"_bbp_total_reply_count":0,"_bbp_voice_count":0,"_bbp_anonymous_reply_count":0,"_bbp_topic_count_hidden":0,"_bbp_reply_count_hidden":0,"_bbp_forum_subforum_count":0,"site-sidebar-layout":"default","site-content-layout":"","ast-site-content-layout":"default","site-content-style":"default","site-sidebar-style":"default","ast-global-header-display":"","ast-banner-title-visibility":"","ast-main-header-display":"","ast-hfb-above-header-display":"","ast-hfb-below-header-display":"","ast-hfb-mobile-header-display":"","site-post-title":"","ast-breadcrumbs-content":"","ast-featured-img":"","footer-sml-layout":"","theme-transparent-header-meta":"","adv-header-id-meta":"","stick-header-meta":"","header-above-stick-meta":"","header-main-stick-meta":"","header-below-stick-meta":"","astra-migrate-meta-layouts":"set","ast-page-background-enabled":"default","ast-page-background-meta":{"desktop":{"background-color":"var(--ast-global-color-4)","background-image":"","background-repeat":"repeat","background-position":"center center","background-size":"auto","background-attachment":"scroll","background-type":"","background-media":"","overlay-type":"","overlay-color":"","overlay-opacity":"","overlay-gradient":""},"tablet":{"background-color":"","background-image":"","background-repeat":"repeat","background-position":"center center","background-size":"auto","background-attachment":"scroll","background-type":"","background-media":"","overlay-type":"","overlay-color":"","overlay-opacity":"","overlay-gradient":""},"mobile":{"background-color":"","background-image":"","background-repeat":"repeat","background-position":"center center","background-size":"auto","background-attachment":"scroll","background-type":"","background-media":"","overlay-type":"","overlay-color":"","overlay-opacity":"","overlay-gradient":""}},"ast-content-background-meta":{"desktop":{"background-color":"var(--ast-global-color-5)","background-image":"","background-repeat":"repeat","background-position":"center center","background-size":"auto","background-attachment":"scroll","background-type":"","background-media":"","overlay-type":"","overlay-color":"","overlay-opacity":"","overlay-gradient":""},"tablet":{"background-color":"var(--ast-global-color-5)","background-image":"","background-repeat":"repeat","background-position":"center center","background-size":"auto","background-attachment":"scroll","background-type":"","background-media":"","overlay-type":"","overlay-color":"","overlay-opacity":"","overlay-gradient":""},"mobile":{"background-color":"var(--ast-global-color-5)","background-image":"","background-repeat":"repeat","background-position":"center center","background-size":"auto","background-attachment":"scroll","background-type":"","background-media":"","overlay-type":"","overlay-color":"","overlay-opacity":"","overlay-gradient":""}},"footnotes":""},"class_list":["post-203","page","type-page","status-publish","hentry"],"post_mailing_queue_ids":[],"_links":{"self":[{"href":"https:\/\/agora.xtec.cat\/escolavalldelges\/wp-json\/wp\/v2\/pages\/203","targetHints":{"allow":["GET"]}}],"collection":[{"href":"https:\/\/agora.xtec.cat\/escolavalldelges\/wp-json\/wp\/v2\/pages"}],"about":[{"href":"https:\/\/agora.xtec.cat\/escolavalldelges\/wp-json\/wp\/v2\/types\/page"}],"author":[{"embeddable":true,"href":"https:\/\/agora.xtec.cat\/escolavalldelges\/wp-json\/wp\/v2\/users\/1"}],"replies":[{"embeddable":true,"href":"https:\/\/agora.xtec.cat\/escolavalldelges\/wp-json\/wp\/v2\/comments?post=203"}],"version-history":[{"count":6,"href":"https:\/\/agora.xtec.cat\/escolavalldelges\/wp-json\/wp\/v2\/pages\/203\/revisions"}],"predecessor-version":[{"id":10012,"href":"https:\/\/agora.xtec.cat\/escolavalldelges\/wp-json\/wp\/v2\/pages\/203\/revisions\/10012"}],"wp:attachment":[{"href":"https:\/\/agora.xtec.cat\/escolavalldelges\/wp-json\/wp\/v2\/media?parent=203"}],"curies":[{"name":"wp","href":"https:\/\/api.w.org\/{rel}","templated":true}]}}