{"id":1316,"date":"2016-02-20T23:16:31","date_gmt":"2016-02-20T22:16:31","guid":{"rendered":"http:\/\/agora.xtec.cat\/escolavalldelges\/?page_id=1316"},"modified":"2026-02-18T18:34:09","modified_gmt":"2026-02-18T17:34:09","slug":"el-consell-escolar","status":"publish","type":"page","link":"https:\/\/agora.xtec.cat\/escolavalldelges\/el-consell-escolar\/","title":{"rendered":"Consell Escolar &#8211; Actes"},"content":{"rendered":"<div class=\"FW_sEditPro\">\n<p style=\"text-align: left;\">El Consell Escolar del centre \u00e9s l&#8217;<strong>\u00f2rgan col\u00b7legiat de participaci\u00f3<\/strong> de la comunitat escolar en el govern del centre. En el consell escolar hi ha representats tots els col\u00b7lectius que intervenen en la comunitat educativa: Equip Directiu, mestres, pares i mares, representant del PAS (administraci\u00f3 i serveis), representant de l&#8217;AFA\u00a0i representant de l&#8217;ajuntament.<\/p>\n<p style=\"text-align: left;\">En els centres p\u00fablics, la funci\u00f3 principal del consell escolar \u00e9s debatre i donar a con\u00e8ixer tots aquells temes importants per al bon funcionament i organitzaci\u00f3 del centre: el projecte educatiu, el pla i la mem\u00f2ria anual de centre, el pressupost, etc. Les persones del consell escolar s\u00f3n elegides per un per\u00edode de quatre anys i es renoven per meitats cada dos anys.<\/p>\n<p>La darrera convocat\u00f2ria d&#8217;eleccions a Consells Escolars dels centres ha estat el curs 25-26 i aquestes persones s\u00f3n les que en formaran part fins a la propera convocat\u00f2ria:<\/p>\n<p><a style=\"font-size: revert; background-color: rgba(0, 0, 0, 0); font-weight: inherit;\" href=\"https:\/\/agora.xtec.cat\/escolavalldelges\/el-consell-escolar\/attachment\/2026-02-18-18_29_29-configuracio\/\" rel=\"attachment wp-att-10204\"><img loading=\"lazy\" decoding=\"async\" class=\"alignnone size-large wp-image-10204\" src=\"https:\/\/agora.xtec.cat\/escolavalldelges\/wp-content\/uploads\/usu812\/2026\/02\/2026-02-18-18_29_29-Configuracio-1024x430.png\" alt=\"\" width=\"1024\" height=\"430\" srcset=\"https:\/\/agora.xtec.cat\/escolavalldelges\/wp-content\/uploads\/usu812\/2026\/02\/2026-02-18-18_29_29-Configuracio-1024x430.png 1024w, https:\/\/agora.xtec.cat\/escolavalldelges\/wp-content\/uploads\/usu812\/2026\/02\/2026-02-18-18_29_29-Configuracio-300x126.png 300w, https:\/\/agora.xtec.cat\/escolavalldelges\/wp-content\/uploads\/usu812\/2026\/02\/2026-02-18-18_29_29-Configuracio-768x322.png 768w, https:\/\/agora.xtec.cat\/escolavalldelges\/wp-content\/uploads\/usu812\/2026\/02\/2026-02-18-18_29_29-Configuracio.png 1234w\" sizes=\"auto, (max-width: 1024px) 100vw, 1024px\" \/><\/a><\/p>\n<\/div>\n<div class=\"FW_sEditPro\">\n<p>Atenent a la normativa vigent, fem p\u00fablics els acords presos al consell escolar tenint en compte que la mateixa normativa destaca que \u201cnom\u00e9s cal especificar els acords presos de forma breu i tenint en compte la protecci\u00f3 de dades personals.\u201d (Documents per a l\u2019organitzaci\u00f3 i la gesti\u00f3 dels centres).<\/p>\n<h4><em><strong>CONSELL ESCOLAR CURS 2025-2026<\/strong><\/em><\/h4>\n<p><strong><span style=\"color: #008080;\"><a style=\"color: #008080;\" href=\"https:\/\/agora.xtec.cat\/escolavalldelges\/wp-content\/uploads\/usu812\/2026\/01\/22_01_2026-CE.pdf\">CONSELL ESCOLAR N\u00ba3 del 22 de gener de 2026<\/a><\/span><\/strong><\/p>\n<ol>\n<li>Aprovaci\u00f3 de la liquidaci\u00f3 del pressupost del 2025<\/li>\n<li>Aprovaci\u00f3 del pressupost per l\u2019any 2026.<\/li>\n<li>Informacions sobre l\u2019organitzaci\u00f3 de la festa de Carnaval.<\/li>\n<\/ol>\n<p><span style=\"color: #008080;\"><strong><a style=\"color: #008080;\" href=\"https:\/\/agora.xtec.cat\/escolavalldelges\/wp-content\/uploads\/usu812\/2026\/01\/10_12_2025-CE.pdf\">CONSELL ESCOLAR n\u00ba 2 del 10 de desembre de 2025<\/a><\/strong><\/span><\/p>\n<ol>\n<li>Lectura i aprovaci\u00f3 de l\u2019acta anterior.<\/li>\n<li>Configuraci\u00f3 del nou Consell Escolar.<\/li>\n<\/ol>\n<p><span style=\"color: #008080;\"><strong><a style=\"color: #008080;\" href=\"https:\/\/agora.xtec.cat\/escolavalldelges\/wp-content\/uploads\/usu812\/2025\/10\/01102025-consell1pdf.pdf\">CONSELL ESCOLAR n\u00ba 1 de l&#8217;1 d&#8217;octubre de 2025<\/a><\/strong><\/span><\/p>\n<ol>\n<li>Lectura i aprovaci\u00f3 de l\u2019acta anterior.<\/li>\n<li>Presentaci\u00f3 addenda mem\u00f2ria 24\/25<\/li>\n<li><span style=\"font-weight: 400;\">Presentaci\u00f3 de la PGA pel curs 25\/26<\/span><\/li>\n<li><span style=\"font-weight: 400;\">Docents jubilades<\/span><\/li>\n<li><span style=\"font-weight: 400;\">Presentaci\u00f3 del PEM<\/span><\/li>\n<li><span style=\"font-weight: 400;\">Eleccions al Consell Escolar<\/span><\/li>\n<\/ol>\n<div class=\"FW_sEditPro\">\n<div class=\"FW_sEditPro\">\n<h4><em><strong>CONSELL ESCOLAR CURS 2024-2025<\/strong><\/em><\/h4>\n<p><span style=\"color: #008080;\"><strong>CONSELL ESCOLAR\u00a0 n.5 del\u00a0 26 de juny de 2025<\/strong><\/span><\/p>\n<ol>\n<li>Lectura i aprovaci\u00f3 de l\u2019acta anterior.<\/li>\n<li>Presentaci\u00f3 i aprovaci\u00f3 de les NOFC (Normes d&#8217;Organitzaci\u00f3 i Funcionament de Centre).<\/li>\n<li>Presentaci\u00f3 i aprovaci\u00f3 de la Mem\u00f2ria de curs 2024-2025.<\/li>\n<\/ol>\n<p><span style=\"color: #008080;\"><strong><a style=\"color: #008080;\" href=\"https:\/\/agora.xtec.cat\/escolavalldelges\/wp-content\/uploads\/usu812\/2025\/06\/Cer_Consell.pdf\">CONSELL ESCOLAR &#8211; COMISSI\u00d3 PERMANENT n.1\u00a0 del 18 de juny de 2025<\/a><\/strong><\/span><\/p>\n<ol>\n<li>Informaci\u00f3 sobre els dies de lliure disposici\u00f3 acordats entre els centres educatius i l\u2019Ajuntament de Torell\u00f3.<\/li>\n<li>Informaci\u00f3 sobre els dies de jornada intensiva.<\/li>\n<li>Horari marc.<\/li>\n<\/ol>\n<p><span style=\"color: #008080;\"><strong>CONSELL ESCOLAR\u00a0 n. 4\u00a0 del 28 de maig de 2025<\/strong><\/span><\/p>\n<ol>\n<li>Lectura i aprovaci\u00f3 de l\u2019acta anterior.<\/li>\n<li>Presentaci\u00f3 de la mem\u00f2ria del Projecte de Direcci\u00f3 de Montserrat Soldevila Juli\u00e0.<\/li>\n<\/ol>\n<\/div>\n<p><span style=\"color: #008080;\"><strong><a style=\"color: #008080;\" href=\"https:\/\/agora.xtec.cat\/escolavalldelges\/wp-content\/uploads\/usu812\/2025\/05\/acta-Consell-3-1.pdf\">CONSELL ESCOLAR\u00a0 n.3\u00a0 del 12 de mar\u00e7 de 2025<\/a><\/strong><\/span><\/p>\n<ol>\n<li>Lectura i aprovaci\u00f3 de l\u2019acta anterior.<\/li>\n<li>Concurs de m\u00e8rits de direcci\u00f3.<\/li>\n<li>Presentaci\u00f3 de la candidatura per part de la Maria Freixa i Castell\u00f3 pel per\u00edode 2025-2029.<\/li>\n<li>Altres informacions<\/li>\n<\/ol>\n<p><span style=\"color: #008080;\"><strong><a style=\"color: #008080;\" href=\"https:\/\/agora.xtec.cat\/escolavalldelges\/wp-content\/uploads\/usu812\/2025\/01\/Acta-2-.pdf\">CONSELL ESCOLAR n.2\u00a0 del 22 de gener de 2025<\/a><\/strong><\/span><\/p>\n<ol>\n<li>Aprovaci\u00f3 de l\u2019acta anterior.<\/li>\n<li>Aprovaci\u00f3 de la liquidaci\u00f3 del pressupost de l\u2019any 2024.<\/li>\n<li>Aprovaci\u00f3 del pressupost de l\u2019any 2025.<\/li>\n<li>Comunicaci\u00f3 del final del mandat de direcci\u00f3.<\/li>\n<li>Incorporaci\u00f3 del centre al programa FLORENCE per a la millora de les<br \/>\nmatem\u00e0tiques.<\/li>\n<li>Presentaci\u00f3 del document amb els acords a seguir per part de les fam\u00edlies<br \/>\nreferents.<\/li>\n<\/ol>\n<p><span style=\"color: #008080;\"><a style=\"color: #008080;\" href=\"https:\/\/agora.xtec.cat\/escolavalldelges\/wp-content\/uploads\/usu812\/2024\/10\/1_10102024-1.pdf\"><strong>CONSELL ESCOLAR\u00a0 n.1\u00a0 del\u00a0 9 d&#8217;octure de 2024<\/strong><\/a><\/span><\/p>\n<ol>\n<li>Mem\u00f2ria i Programaci\u00f3 general anual.<\/li>\n<\/ol>\n<h4><em><strong>CONSELL ESCOLAR CURS 2023-2024<\/strong><\/em><\/h4>\n<p><span style=\"color: #008080;\"><a style=\"color: #008080;\" href=\"https:\/\/agora.xtec.cat\/escolavalldelges\/wp-content\/uploads\/usu812\/2024\/10\/5_16062024.pdf\"><strong>CONSELL ESCOLAR &#8211; n.5 del 16 de juny de 2024<\/strong><\/a><\/span><\/p>\n<ol>\n<li>Calendari escolar<\/li>\n<\/ol>\n<\/div>\n<p><span style=\"color: #008080;\"><a style=\"color: #008080;\" href=\"https:\/\/agora.xtec.cat\/escolavalldelges\/wp-content\/uploads\/usu812\/2024\/10\/4_02052024-1.pdf\"><strong>CONSELL ESCOLAR\u00a0 &#8211;\u00a0 n.4\u00a0 del 2 de maig de 2024<\/strong><\/a><\/span><\/p>\n<ol>\n<li style=\"font-weight: 400;\" aria-level=\"1\"><span style=\"font-weight: 400;\">Lectura i aprovaci\u00f3 de l\u2019acta anterior<\/span><\/li>\n<li style=\"font-weight: 400;\" aria-level=\"1\"><span style=\"font-weight: 400;\">Presentaci\u00f3 del PEC<\/span><\/li>\n<\/ol>\n<p><span style=\"font-weight: 400;\">Es presenta el PEC (projecte educatiu de centre) on es recullen els principals trets identitaris de la nostra escola, presentat en claustre el passat 4 d\u2019abril de 2024. S\u2019aprova el PEC pel Consell Escolar en data 2 de maig de 2024.<\/span><\/p>\n<p><span style=\"font-weight: 400;\">3. Representants al Consell Escolar Municipal i suplents.<\/span><\/p>\n<p>Representant Equip directiu: Montse Soldevila<\/p>\n<p>Suplent Equip directiu: Marta Camp\u00e0s<\/p>\n<p><span style=\"font-weight: 400;\">Representant Fam\u00edlies: S\u00edlvia Gonz\u00e1lez<\/span><\/p>\n<p><span style=\"font-weight: 400;\">Suplent Fam\u00edlies: N\u00faria Surinyac<\/span><\/p>\n<p><span style=\"font-weight: 400;\">Representant sector mestres: Rosa Montero<\/span><\/p>\n<p><span style=\"font-weight: 400;\">Suplent sector mestres: Agn\u00e8s M\u00e1rquez.\u00a0<\/span><\/p>\n<p><span style=\"color: #008080;\"><a style=\"color: #008080;\" href=\"https:\/\/agora.xtec.cat\/escolavalldelges\/wp-content\/uploads\/usu812\/2024\/10\/3-17012024.pdf\"><strong>CONSELL ESCOLAR &#8211; n.3 del 17 de gener de 2024<\/strong><\/a><\/span><\/p>\n<ol>\n<li style=\"font-weight: 400;\" aria-level=\"1\"><span style=\"font-weight: 400;\">Lectura i aprovaci\u00f3 de l\u2019acta anterior.<\/span><\/li>\n<li style=\"font-weight: 400;\" aria-level=\"1\"><span style=\"font-weight: 400;\">Presentaci\u00f3 de la liquidaci\u00f3 del pressupost 2023.<\/span>\u00a0S\u2019aprova la liquidaci\u00f3 de l\u2019any 2023.<\/li>\n<li style=\"font-weight: 400;\" aria-level=\"1\"><span style=\"font-weight: 400;\">Aprovaci\u00f3 del pressupost 2024.<\/span><\/li>\n<li style=\"font-weight: 400;\" aria-level=\"1\"><span style=\"font-weight: 400;\">Altres informacions: <\/span>La direcci\u00f3 de l\u2019escola i la regidora d\u2019Educaci\u00f3 expliquen al Consell Escolar que Torell\u00f3 ha entrat a formar part del Projecte Educatiu d\u2019Entorn que entre altres mesures implica una dotaci\u00f3 econ\u00f2mica que permetr\u00e0 la contractaci\u00f3 d\u2019un t\u00e8cnic per a la gesti\u00f3 d\u2019activitats educatives.<\/li>\n<\/ol>\n<p><span style=\"color: #008080;\"><a style=\"color: #008080;\" href=\"https:\/\/agora.xtec.cat\/escolavalldelges\/wp-content\/uploads\/usu812\/2024\/10\/2_13122023.pdf\"><strong>CONSELL ESCOLAR &#8211;\u00a0 \u00a0n.2\u00a0 del 13 de desembre de 2023<\/strong><\/a><\/span><\/p>\n<ol>\n<li style=\"font-weight: 400;\" aria-level=\"1\"><span style=\"font-weight: 400;\">Lectura i aprovaci\u00f3 de l\u2019acta anterior<\/span><\/li>\n<li style=\"font-weight: 400;\" aria-level=\"1\"><span style=\"font-weight: 400;\">Constituci\u00f3 del nou Consell Escolar.\u00a0<\/span><\/li>\n<\/ol>\n<p><span style=\"font-weight: 400;\">Es presenten els nous representants escollits per formar part del consell escolar de centre en aquesta \u00faltima convocat\u00f2ria.<\/span><\/p>\n<p><span style=\"font-weight: 400;\">Informa sobre les funcions i els representants dels diferents estaments que formen part del consell escolar de centre.<\/span><\/p>\n<p><span style=\"font-weight: 400;\">S\u2019escullen els representants de:<\/span><\/p>\n<ul>\n<li style=\"font-weight: 400;\" aria-level=\"1\"><span style=\"font-weight: 400;\">Comissi\u00f3 econ\u00f2mica: membre de l\u2019 AFA , encara per concretar.<\/span><\/li>\n<li style=\"font-weight: 400;\" aria-level=\"1\"><span style=\"font-weight: 400;\">Comissi\u00f3 Coeducaci\u00f3: Laura Garc\u00eda.<\/span><\/li>\n<li style=\"font-weight: 400;\" aria-level=\"1\"><span style=\"font-weight: 400;\">Comissi\u00f3 permanent: Arnau Sol\u00e0.<\/span><\/li>\n<li style=\"font-weight: 400;\" aria-level=\"1\"><span style=\"font-weight: 400;\">Consell escolar municipal (mestres): Rosa Montero.<\/span><\/li>\n<li style=\"font-weight: 400;\" aria-level=\"1\"><span style=\"font-weight: 400;\">Consell escolar municipal (fam\u00edlies): per concretar<\/span><\/li>\n<\/ul>\n<p><span style=\"font-weight: 400;\">3. Aprovaci\u00f3 de les col\u00f2nies escolars.\u00a0<\/span><\/p>\n<p><span style=\"color: #008080;\"><a style=\"color: #008080;\" href=\"https:\/\/agora.xtec.cat\/escolavalldelges\/wp-content\/uploads\/usu812\/2024\/10\/1_04102023.pdf\"><strong>CONSELL ESCOLAR &#8211;\u00a0 n.1\u00a0 del 4 d&#8217;octubre de 2023<\/strong><\/a><\/span><\/p>\n<ul>\n<li>Es presenta i s&#8217;aprova la mem\u00f2ria del curs 2022-2023.<\/li>\n<li>Es presenta i s&#8217;aprova la Programaci\u00f3 general anual del curs 2023-2024<\/li>\n<li>Es presenten i s&#8217;aproven les sortides pel curs 23-24. Queden pendents les sortides no programades.<\/li>\n<\/ul>\n<h4><em><strong>CONSELL ESCOLAR CURS 2022-2023<\/strong><\/em><\/h4>\n<\/div>\n<p><span style=\"color: #008080;\"><strong>CONSELL ESCOLAR &#8211; n.4\u00a0 del 14 de juny de 2023<\/strong><\/span><\/p>\n<ul>\n<li>Es presenta i s&#8217;aprova el PLA D&#8217;ACOLLIDA.<\/li>\n<li>Es presenta i s&#8217;aprova el PLA DE COMUNICACIONS.<\/li>\n<li>Es presenta i s&#8217;aprova L&#8217;ESTRAT\u00c8GIA DIGITAL DE CENTRE<\/li>\n<li>S&#8217;aprova el calendari pel curs 23-24.<\/li>\n<li>Es presenten les dades de matr\u00edcula pel curs 23-24.<\/li>\n<li>Es presenta el resultat del formulari PROA+ fam\u00edlies.<\/li>\n<li>S&#8217;informa de l&#8217;elaboraci\u00f3 del nou document de trasp\u00e0s de prim\u00e0ria a secund\u00e0ria.<\/li>\n<\/ul>\n<p><span style=\"color: #008080;\"><strong>CONSELL ESCOLAR &#8211; n.3\u00a0 del 25 de gener de 2023<\/strong><\/span><\/p>\n<ul>\n<li>S\u2019aprova el tancament de l\u2019exercici econ\u00f2mic de l\u2019any 2022.<\/li>\n<li>S\u2019aprova el pressupost per al 2023<\/li>\n<li>S&#8217;aproven la sortida del 16 de febrer (Dijous llarder) al Castell de Montesquiu (de I3 a 6\u00e8).<\/li>\n<li>S&#8217;informa del per\u00edode de preinscripci\u00f3 pel curs 23-24, del per\u00edode de matriculaci\u00f3 i de la Jornada de portes obertes dels centres del municipi ( 25 de febrer).<\/li>\n<\/ul>\n<div class=\"FW_sEditPro\">\n<p><span style=\"color: #008080;\"><strong>CONSELL ESCOLAR &#8211; Comissi\u00f3 Permanent n.1 del 17 de gener de 2023<\/strong><\/span><\/p>\n<ul>\n<li>S\u2019aprova la sortida pel dia 18 de gener de 2023 al Prat de Llobregat de Cicle Mitj\u00e0.<\/li>\n<\/ul>\n<p><span style=\"color: #008080;\"><strong>CONSELL ESCOLAR &#8211; n.2\u00a0 del 14 de desembre de 2022<\/strong><\/span><\/p>\n<\/div>\n<div class=\"FW_sEditPro\">\n<ul>\n<li><span style=\"font-weight: 400;\">Presentaci\u00f3 i aprovaci\u00f3 de la PGA &#8211; PAP<\/span><\/li>\n<\/ul>\n<p><strong><span style=\"color: #008080;\">CONSELL ESCOLAR &#8211; n.1\u00a0 del 28 de setembre de 2022<\/span><\/strong><\/p>\n<\/div>\n<ul>\n<li style=\"font-weight: 400;\" aria-level=\"1\"><span style=\"font-weight: 400;\">Presentaci\u00f3 de la mem\u00f2ria curs 2021-2022<\/span><\/li>\n<li style=\"font-weight: 400;\" aria-level=\"1\"><span style=\"font-weight: 400;\">Aprovaci\u00f3 de les sortides<\/span><\/li>\n<\/ul>\n<div class=\"FW_sEditPro\">\n<h4><em><strong>CONSELL ESCOLAR CURS 2021-2022<\/strong><\/em><\/h4>\n<p><strong><span style=\"color: #008080;\">CONSELL ESCOLAR &#8211; n.7\u00a0 del 15 de juny de 2022<\/span><\/strong><\/p>\n<ul>\n<li><span style=\"font-weight: 400;\">Consulta sobre la participaci\u00f3 al programa PROA+<\/span><\/li>\n<\/ul>\n<p><strong><span style=\"color: #008080;\">CONSELL ESCOLAR &#8211; n.6\u00a0 del 4 de maig de 2022<\/span><\/strong><\/p>\n<ul>\n<li>S&#8217;informa al Consell Escolar de la creaci\u00f3 d&#8217;una pla\u00e7a de treball espec\u00edfic amb perfil professional de Compet\u00e8ncia Digital pel curs 2022-2023.<\/li>\n<\/ul>\n<p><strong><span style=\"color: #008080;\">CONSELL ESCOLAR &#8211; n.5\u00a0 del 5 de mar\u00e7 de 2022<\/span><\/strong><\/p>\n<ul>\n<li style=\"font-weight: 400;\" aria-level=\"1\"><span style=\"font-weight: 400;\">Acceptaci\u00f3 del perfil TAC.\u00a0<\/span><\/li>\n<li style=\"font-weight: 400;\" aria-level=\"1\"><span style=\"font-weight: 400;\">Manifest del Consell escolar de Catalunya en defensa del model ling\u00fc\u00edstic de l\u2019escola catalana<\/span><\/li>\n<li style=\"font-weight: 400;\" aria-level=\"1\"><span style=\"font-weight: 400;\">Informacions del PROA + i creaci\u00f3 de la comissi\u00f3 de seguiment.\u00a0<\/span><\/li>\n<li style=\"font-weight: 400;\" aria-level=\"1\"><span style=\"font-weight: 400;\">Projecte Pati\u00a0<\/span><\/li>\n<li style=\"font-weight: 400;\" aria-level=\"1\"><span style=\"font-weight: 400;\">Calendari escolar curs 22-23.\u00a0<\/span><\/li>\n<li style=\"font-weight: 400;\" aria-level=\"1\"><span style=\"font-weight: 400;\">Dades de matr\u00edcula\u00a0<\/span><\/li>\n<li style=\"font-weight: 400;\" aria-level=\"1\"><span style=\"font-weight: 400;\">Informacions sobre el nou curriculum\u00a0<\/span><\/li>\n<li style=\"font-weight: 400;\" aria-level=\"1\"><span style=\"font-weight: 400;\">Inici de curs<\/span><\/li>\n<\/ul>\n<p><strong><span style=\"color: #008080;\">CONSELL ESCOLAR &#8211; n.4\u00a0 del 31 de gener de 2022<\/span><\/strong><\/p>\n<ul>\n<li>S\u2019aprova el tancament de l\u2019exercici econ\u00f2mic de l\u2019any 2021.<\/li>\n<li>S\u2019aprova el pressupost per al 2022.<\/li>\n<\/ul>\n<p><span style=\"color: #008080;\"><strong>CONSELL ESCOLAR &#8211; n.3 del 14 de desembre de 2021<\/strong><\/span><\/p>\n<ul>\n<li>\n<div>Es constitueix el nou Consell Escolar i les persones que s\u2019hi incorporen prenen possessi\u00f3 de la seva representaci\u00f3.<\/div>\n<\/li>\n<li>\n<div>Es modifiquen els membres de les comissions del Consell Escolar, que queden representades per les seg\u00fcents persones:<\/div>\n<div>\n<div>a) COMISSI\u00d3 ECON\u00d2MICA: <span style=\"font-family: inherit; font-size: 1em;\">Montse Soldevila, <\/span><span style=\"font-family: inherit; font-size: 1em;\">Meritxell Colom, <\/span><span style=\"font-family: inherit; font-size: 1em;\">Teresa Vicente i <\/span><span style=\"font-family: inherit; font-size: 1em;\">Mireia Garriga.<\/span><\/div>\n<div>b) COMISSI\u00d3 PERMANENT: <span style=\"font-family: inherit; font-size: 1em;\">Montse Soldevila, <\/span><span style=\"font-family: inherit; font-size: 1em;\">Meritxell Colom, <\/span>Conce Villena i Anna Carbon\u00e9s.<\/div>\n<\/div>\n<\/li>\n<\/ul>\n<p><strong><span style=\"color: #008080;\">CONSELL ESCOLAR EXTRAORDINARI &#8211;\u00a0 Comissi\u00f3 econ\u00f2mica n.1 del 10 de novembre de 2021<\/span><\/strong><\/p>\n<ul>\n<li>S&#8217;aproven les modificacions de pressupost per les col\u00f2nies de Cicle Mitj\u00e0.<\/li>\n<\/ul>\n<p><strong><span style=\"color: #008080;\">CONSELL ESCOLAR &#8211; n.2 del 18 d&#8217;octubre de 2021<\/span><\/strong><\/p>\n<ul>\n<li>Es presenta la\u00a0 Programaci\u00f3 General Anual del curs 21\/22.<\/li>\n<\/ul>\n<p><strong><span style=\"color: #008080;\">CONSELL ESCOLAR -n.1 del 15 de setembre de 2021<\/span><\/strong><\/p>\n<ul>\n<li>S&#8217;aprova la mem\u00f2ria curs 20\/21.<\/li>\n<li>S&#8217;aprova el\u00a0 Pla organitzatiu per a Covid-19 curs 21\/22.<\/li>\n<li>S&#8217;aproven les sortides pel curs 21\/22.<\/li>\n<\/ul>\n<\/div>\n<div><\/div>\n<div class=\"FW_sEditPro\"><\/div>\n<div class=\"FW_sEditPro\"><\/div>\n","protected":false},"excerpt":{"rendered":"<p>El Consell Escolar del centre \u00e9s l&#8217;\u00f2rgan col\u00b7legiat de participaci\u00f3 de la comunitat escolar en el govern del centre. En el consell escolar hi ha representats tots els col\u00b7lectius que intervenen en la comunitat educativa: Equip Directiu, mestres, pares i mares, representant del PAS (administraci\u00f3 i serveis), representant de l&#8217;AFA\u00a0i representant de l&#8217;ajuntament. En els [&hellip;]<\/p>\n","protected":false},"author":1,"featured_media":0,"parent":0,"menu_order":0,"comment_status":"closed","ping_status":"closed","template":"","meta":{"_bbp_topic_count":0,"_bbp_reply_count":0,"_bbp_total_topic_count":0,"_bbp_total_reply_count":0,"_bbp_voice_count":0,"_bbp_anonymous_reply_count":0,"_bbp_topic_count_hidden":0,"_bbp_reply_count_hidden":0,"_bbp_forum_subforum_count":0,"site-sidebar-layout":"default","site-content-layout":"","ast-site-content-layout":"default","site-content-style":"default","site-sidebar-style":"default","ast-global-header-display":"","ast-banner-title-visibility":"","ast-main-header-display":"","ast-hfb-above-header-display":"","ast-hfb-below-header-display":"","ast-hfb-mobile-header-display":"","site-post-title":"","ast-breadcrumbs-content":"","ast-featured-img":"","footer-sml-layout":"","theme-transparent-header-meta":"","adv-header-id-meta":"","stick-header-meta":"","header-above-stick-meta":"","header-main-stick-meta":"","header-below-stick-meta":"","astra-migrate-meta-layouts":"set","ast-page-background-enabled":"default","ast-page-background-meta":{"desktop":{"background-color":"var(--ast-global-color-4)","background-image":"","background-repeat":"repeat","background-position":"center center","background-size":"auto","background-attachment":"scroll","background-type":"","background-media":"","overlay-type":"","overlay-color":"","overlay-opacity":"","overlay-gradient":""},"tablet":{"background-color":"","background-image":"","background-repeat":"repeat","background-position":"center center","background-size":"auto","background-attachment":"scroll","background-type":"","background-media":"","overlay-type":"","overlay-color":"","overlay-opacity":"","overlay-gradient":""},"mobile":{"background-color":"","background-image":"","background-repeat":"repeat","background-position":"center center","background-size":"auto","background-attachment":"scroll","background-type":"","background-media":"","overlay-type":"","overlay-color":"","overlay-opacity":"","overlay-gradient":""}},"ast-content-background-meta":{"desktop":{"background-color":"var(--ast-global-color-5)","background-image":"","background-repeat":"repeat","background-position":"center center","background-size":"auto","background-attachment":"scroll","background-type":"","background-media":"","overlay-type":"","overlay-color":"","overlay-opacity":"","overlay-gradient":""},"tablet":{"background-color":"var(--ast-global-color-5)","background-image":"","background-repeat":"repeat","background-position":"center center","background-size":"auto","background-attachment":"scroll","background-type":"","background-media":"","overlay-type":"","overlay-color":"","overlay-opacity":"","overlay-gradient":""},"mobile":{"background-color":"var(--ast-global-color-5)","background-image":"","background-repeat":"repeat","background-position":"center center","background-size":"auto","background-attachment":"scroll","background-type":"","background-media":"","overlay-type":"","overlay-color":"","overlay-opacity":"","overlay-gradient":""}},"footnotes":""},"class_list":["post-1316","page","type-page","status-publish","hentry"],"post_mailing_queue_ids":[],"_links":{"self":[{"href":"https:\/\/agora.xtec.cat\/escolavalldelges\/wp-json\/wp\/v2\/pages\/1316","targetHints":{"allow":["GET"]}}],"collection":[{"href":"https:\/\/agora.xtec.cat\/escolavalldelges\/wp-json\/wp\/v2\/pages"}],"about":[{"href":"https:\/\/agora.xtec.cat\/escolavalldelges\/wp-json\/wp\/v2\/types\/page"}],"author":[{"embeddable":true,"href":"https:\/\/agora.xtec.cat\/escolavalldelges\/wp-json\/wp\/v2\/users\/1"}],"replies":[{"embeddable":true,"href":"https:\/\/agora.xtec.cat\/escolavalldelges\/wp-json\/wp\/v2\/comments?post=1316"}],"version-history":[{"count":5,"href":"https:\/\/agora.xtec.cat\/escolavalldelges\/wp-json\/wp\/v2\/pages\/1316\/revisions"}],"predecessor-version":[{"id":10205,"href":"https:\/\/agora.xtec.cat\/escolavalldelges\/wp-json\/wp\/v2\/pages\/1316\/revisions\/10205"}],"wp:attachment":[{"href":"https:\/\/agora.xtec.cat\/escolavalldelges\/wp-json\/wp\/v2\/media?parent=1316"}],"curies":[{"name":"wp","href":"https:\/\/api.w.org\/{rel}","templated":true}]}}