{"id":10209,"date":"2026-02-18T19:15:38","date_gmt":"2026-02-18T18:15:38","guid":{"rendered":"https:\/\/agora.xtec.cat\/escolavalldelges\/?page_id=10209"},"modified":"2026-02-18T19:15:39","modified_gmt":"2026-02-18T18:15:39","slug":"projectes-descola","status":"publish","type":"page","link":"https:\/\/agora.xtec.cat\/escolavalldelges\/projectes-descola\/","title":{"rendered":"Projectes d\u2019escola"},"content":{"rendered":"\n<p>A la nostra escola participem en diferents projectes externs i interns:<\/p>\n\n\n\n<ul class=\"wp-block-list\">\n<li><em>Els Pastorets<\/em> a Cals Avis (CS).<\/li>\n\n\n\n<li>Cantada de Nadales per la Llar d\u2019infants Blancaneus (EI, CI i CM).<\/li>\n\n\n\n<li><em>Jornades esportives 3r i 6\u00e8.<\/em><\/li>\n\n\n\n<li><em>Nataci\u00f3 <\/em>a la Piscina Municipal de Torell\u00f3 (CI).<\/li>\n\n\n\n<li><em>Jornades musicals 5\u00e8.<\/em><\/li>\n\n\n\n<li><em>Sardages 4t.<\/em><\/li>\n\n\n\n<li><em>Cantata a 2n (Clika), 3r (Nina de fusta).<\/em><\/li>\n\n\n\n<li><em>Festa d\u2019arbre 1r.<\/em><\/li>\n\n\n\n<li>Taller de poesia a 5\u00e8.<\/li>\n\n\n\n<li>Projecte Rius CS.<\/li>\n\n\n\n<li>Atrapallibres 4t.<\/li>\n\n\n\n<li>Parem taula de llibres 2n.<\/li>\n\n\n\n<li>Explica\u2019m un conte I5.<\/li>\n\n\n\n<li>GRODE\u00a0 (Grup d\u2019investigaci\u00f3, Orientaci\u00f3 i Desenvolupament Educatiu) que permet reflexionar i buscar la millora de la gesti\u00f3 del grup pel bon rendiment a trav\u00e9s del sociograma.<\/li>\n\n\n\n<li>Xerrades &#8211; confer\u00e8ncies relacionades amb l\u2019alimentaci\u00f3 i salut de la Diputaci\u00f3.<\/li>\n\n\n\n<li>Xerrades &#8211; tallers informatius amb els mossos d\u2019esquadra i Intaboo.<\/li>\n<\/ul>\n","protected":false},"excerpt":{"rendered":"<p>A la nostra escola participem en diferents projectes externs i interns:<\/p>\n","protected":false},"author":41,"featured_media":0,"parent":0,"menu_order":0,"comment_status":"closed","ping_status":"close","template":"","meta":{"_bbp_topic_count":0,"_bbp_reply_count":0,"_bbp_total_topic_count":0,"_bbp_total_reply_count":0,"_bbp_voice_count":0,"_bbp_anonymous_reply_count":0,"_bbp_topic_count_hidden":0,"_bbp_reply_count_hidden":0,"_bbp_forum_subforum_count":0,"site-sidebar-layout":"default","site-content-layout":"","ast-site-content-layout":"default","site-content-style":"default","site-sidebar-style":"default","ast-global-header-display":"","ast-banner-title-visibility":"","ast-main-header-display":"","ast-hfb-above-header-display":"","ast-hfb-below-header-display":"","ast-hfb-mobile-header-display":"","site-post-title":"","ast-breadcrumbs-content":"","ast-featured-img":"","footer-sml-layout":"","theme-transparent-header-meta":"","adv-header-id-meta":"","stick-header-meta":"","header-above-stick-meta":"","header-main-stick-meta":"","header-below-stick-meta":"","astra-migrate-meta-layouts":"set","ast-page-background-enabled":"default","ast-page-background-meta":{"desktop":{"background-color":"var(--ast-global-color-4)","background-image":"","background-repeat":"repeat","background-position":"center center","background-size":"auto","background-attachment":"scroll","background-type":"","background-media":"","overlay-type":"","overlay-color":"","overlay-opacity":"","overlay-gradient":""},"tablet":{"background-color":"","background-image":"","background-repeat":"repeat","background-position":"center center","background-size":"auto","background-attachment":"scroll","background-type":"","background-media":"","overlay-type":"","overlay-color":"","overlay-opacity":"","overlay-gradient":""},"mobile":{"background-color":"","background-image":"","background-repeat":"repeat","background-position":"center center","background-size":"auto","background-attachment":"scroll","background-type":"","background-media":"","overlay-type":"","overlay-color":"","overlay-opacity":"","overlay-gradient":""}},"ast-content-background-meta":{"desktop":{"background-color":"var(--ast-global-color-5)","background-image":"","background-repeat":"repeat","background-position":"center center","background-size":"auto","background-attachment":"scroll","background-type":"","background-media":"","overlay-type":"","overlay-color":"","overlay-opacity":"","overlay-gradient":""},"tablet":{"background-color":"var(--ast-global-color-5)","background-image":"","background-repeat":"repeat","background-position":"center center","background-size":"auto","background-attachment":"scroll","background-type":"","background-media":"","overlay-type":"","overlay-color":"","overlay-opacity":"","overlay-gradient":""},"mobile":{"background-color":"var(--ast-global-color-5)","background-image":"","background-repeat":"repeat","background-position":"center center","background-size":"auto","background-attachment":"scroll","background-type":"","background-media":"","overlay-type":"","overlay-color":"","overlay-opacity":"","overlay-gradient":""}},"footnotes":""},"class_list":["post-10209","page","type-page","status-publish","hentry"],"post_mailing_queue_ids":[],"_links":{"self":[{"href":"https:\/\/agora.xtec.cat\/escolavalldelges\/wp-json\/wp\/v2\/pages\/10209","targetHints":{"allow":["GET"]}}],"collection":[{"href":"https:\/\/agora.xtec.cat\/escolavalldelges\/wp-json\/wp\/v2\/pages"}],"about":[{"href":"https:\/\/agora.xtec.cat\/escolavalldelges\/wp-json\/wp\/v2\/types\/page"}],"author":[{"embeddable":true,"href":"https:\/\/agora.xtec.cat\/escolavalldelges\/wp-json\/wp\/v2\/users\/41"}],"replies":[{"embeddable":true,"href":"https:\/\/agora.xtec.cat\/escolavalldelges\/wp-json\/wp\/v2\/comments?post=10209"}],"version-history":[{"count":1,"href":"https:\/\/agora.xtec.cat\/escolavalldelges\/wp-json\/wp\/v2\/pages\/10209\/revisions"}],"predecessor-version":[{"id":10211,"href":"https:\/\/agora.xtec.cat\/escolavalldelges\/wp-json\/wp\/v2\/pages\/10209\/revisions\/10211"}],"wp:attachment":[{"href":"https:\/\/agora.xtec.cat\/escolavalldelges\/wp-json\/wp\/v2\/media?parent=10209"}],"curies":[{"name":"wp","href":"https:\/\/api.w.org\/{rel}","templated":true}]}}