{"id":10141,"date":"2026-02-18T17:22:22","date_gmt":"2026-02-18T16:22:22","guid":{"rendered":"https:\/\/agora.xtec.cat\/escolavalldelges\/?page_id=10141"},"modified":"2026-02-18T17:38:02","modified_gmt":"2026-02-18T16:38:02","slug":"florence","status":"publish","type":"page","link":"https:\/\/agora.xtec.cat\/escolavalldelges\/florence\/","title":{"rendered":"FLORENCE"},"content":{"rendered":"\n<p>El Programa Florence t\u00e9 com a objectiu millorar la compet\u00e8ncia matem\u00e0tica dels nostres alumnes.<\/p>\n\n\n\n<figure class=\"wp-block-image size-full\"><a href=\"https:\/\/agora.xtec.cat\/escolavalldelges\/wp-content\/uploads\/usu812\/2026\/02\/image.png\"><img loading=\"lazy\" decoding=\"async\" width=\"750\" height=\"225\" src=\"https:\/\/agora.xtec.cat\/escolavalldelges\/wp-content\/uploads\/usu812\/2026\/02\/image.png\" alt=\"\" class=\"wp-image-10142\" srcset=\"https:\/\/agora.xtec.cat\/escolavalldelges\/wp-content\/uploads\/usu812\/2026\/02\/image.png 750w, https:\/\/agora.xtec.cat\/escolavalldelges\/wp-content\/uploads\/usu812\/2026\/02\/image-300x90.png 300w\" sizes=\"auto, (max-width: 750px) 100vw, 750px\" \/><\/a><\/figure>\n\n\n\n<p><strong>Per qu\u00e8 Florence?<\/strong><\/p>\n\n\n\n<p>En homenatge a<strong>&nbsp;Florence Nightingale<\/strong>&nbsp;(1820-1910), infermera, escriptora i estadista brit\u00e0nica pionera de la sanitat moderna, que va contribuir significativament a desenvolupar models matem\u00e0tics en la sanitat p\u00fablica.<\/p>\n\n\n\n<p><strong>I en qu\u00e8 consisteix?<\/strong><\/p>\n\n\n\n<ul class=\"wp-block-list\">\n<li>Suport a aspectes organitzatius, metodol\u00f2gics i d&#8217;avaluaci\u00f3.\n<ul class=\"wp-block-list\">\n<li>Increment de les hores de matem\u00e0tiques entre 1 i 4 hores setmanals.<\/li>\n<\/ul>\n<\/li>\n\n\n\n<li>Formaci\u00f3 del professorat i acompanyament.\n<ul class=\"wp-block-list\">\n<li>Creaci\u00f3 de la figura de referent de centre en matem\u00e0tiques a l&#8217;educaci\u00f3 prim\u00e0ria<\/li>\n<\/ul>\n<\/li>\n\n\n\n<li>Recursos i materials: guies did\u00e0ctiques, activitats, orientacions, etc.<\/li>\n<\/ul>\n\n\n\n<div class=\"wp-block-getwid-images-slider has-arrows-inside has-dots-inside has-images-center has-cropped-images\"><div class=\"wp-block-getwid-images-slider__wrapper\" data-effect=\"slide\" data-slides-show=\"1\" data-slides-show-laptop=\"1\" data-slides-show-tablet=\"1\" data-slides-show-mobile=\"1\" data-slides-scroll=\"1\" data-autoplay=\"false\" data-pause-hover=\"false\" data-autoplay-speed=\"6000\" data-infinite=\"true\" data-animation-speed=\"800\" data-center-mode=\"false\" data-variable-width=\"false\" data-arrows=\"inside\" data-dots=\"inside\" data-spacing=\"none\"><div class=\"wp-block-getwid-images-slider__item\"><figure><img loading=\"lazy\" decoding=\"async\" width=\"960\" height=\"540\" src=\"https:\/\/agora.xtec.cat\/escolavalldelges\/wp-content\/uploads\/usu812\/2026\/02\/Proposta-reunions-families-1.png\" data-id=\"10153\" data-link=\"https:\/\/agora.xtec.cat\/escolavalldelges\/florence\/attachment\/proposta-reunions-families-1\/\" data-original-link=\"https:\/\/agora.xtec.cat\/escolavalldelges\/wp-content\/uploads\/usu812\/2026\/02\/Proposta-reunions-families-1.png\" class=\"wp-block-getwid-images-slider__image wp-image-10153\" srcset=\"https:\/\/agora.xtec.cat\/escolavalldelges\/wp-content\/uploads\/usu812\/2026\/02\/Proposta-reunions-families-1.png 960w, https:\/\/agora.xtec.cat\/escolavalldelges\/wp-content\/uploads\/usu812\/2026\/02\/Proposta-reunions-families-1-300x169.png 300w, https:\/\/agora.xtec.cat\/escolavalldelges\/wp-content\/uploads\/usu812\/2026\/02\/Proposta-reunions-families-1-768x432.png 768w\" sizes=\"auto, (max-width: 960px) 100vw, 960px\" \/><\/figure><\/div><div class=\"wp-block-getwid-images-slider__item\"><figure><img loading=\"lazy\" decoding=\"async\" width=\"960\" height=\"540\" src=\"https:\/\/agora.xtec.cat\/escolavalldelges\/wp-content\/uploads\/usu812\/2026\/02\/Proposta-reunions-families-2.png\" data-id=\"10152\" data-link=\"https:\/\/agora.xtec.cat\/escolavalldelges\/florence\/attachment\/proposta-reunions-families-2\/\" data-original-link=\"https:\/\/agora.xtec.cat\/escolavalldelges\/wp-content\/uploads\/usu812\/2026\/02\/Proposta-reunions-families-2.png\" class=\"wp-block-getwid-images-slider__image wp-image-10152\" srcset=\"https:\/\/agora.xtec.cat\/escolavalldelges\/wp-content\/uploads\/usu812\/2026\/02\/Proposta-reunions-families-2.png 960w, https:\/\/agora.xtec.cat\/escolavalldelges\/wp-content\/uploads\/usu812\/2026\/02\/Proposta-reunions-families-2-300x169.png 300w, https:\/\/agora.xtec.cat\/escolavalldelges\/wp-content\/uploads\/usu812\/2026\/02\/Proposta-reunions-families-2-768x432.png 768w\" sizes=\"auto, (max-width: 960px) 100vw, 960px\" \/><\/figure><\/div><div class=\"wp-block-getwid-images-slider__item\"><figure><img loading=\"lazy\" decoding=\"async\" width=\"960\" height=\"540\" src=\"https:\/\/agora.xtec.cat\/escolavalldelges\/wp-content\/uploads\/usu812\/2026\/02\/Proposta-reunions-families-3.png\" data-id=\"10149\" data-link=\"https:\/\/agora.xtec.cat\/escolavalldelges\/florence\/attachment\/proposta-reunions-families-3\/\" data-original-link=\"https:\/\/agora.xtec.cat\/escolavalldelges\/wp-content\/uploads\/usu812\/2026\/02\/Proposta-reunions-families-3.png\" class=\"wp-block-getwid-images-slider__image wp-image-10149\" srcset=\"https:\/\/agora.xtec.cat\/escolavalldelges\/wp-content\/uploads\/usu812\/2026\/02\/Proposta-reunions-families-3.png 960w, https:\/\/agora.xtec.cat\/escolavalldelges\/wp-content\/uploads\/usu812\/2026\/02\/Proposta-reunions-families-3-300x169.png 300w, https:\/\/agora.xtec.cat\/escolavalldelges\/wp-content\/uploads\/usu812\/2026\/02\/Proposta-reunions-families-3-768x432.png 768w\" sizes=\"auto, (max-width: 960px) 100vw, 960px\" \/><\/figure><\/div><div class=\"wp-block-getwid-images-slider__item\"><figure><img loading=\"lazy\" decoding=\"async\" width=\"960\" height=\"540\" src=\"https:\/\/agora.xtec.cat\/escolavalldelges\/wp-content\/uploads\/usu812\/2026\/02\/Proposta-reunions-families-4.png\" data-id=\"10147\" data-link=\"https:\/\/agora.xtec.cat\/escolavalldelges\/florence\/attachment\/proposta-reunions-families-4\/\" data-original-link=\"https:\/\/agora.xtec.cat\/escolavalldelges\/wp-content\/uploads\/usu812\/2026\/02\/Proposta-reunions-families-4.png\" class=\"wp-block-getwid-images-slider__image wp-image-10147\" srcset=\"https:\/\/agora.xtec.cat\/escolavalldelges\/wp-content\/uploads\/usu812\/2026\/02\/Proposta-reunions-families-4.png 960w, https:\/\/agora.xtec.cat\/escolavalldelges\/wp-content\/uploads\/usu812\/2026\/02\/Proposta-reunions-families-4-300x169.png 300w, https:\/\/agora.xtec.cat\/escolavalldelges\/wp-content\/uploads\/usu812\/2026\/02\/Proposta-reunions-families-4-768x432.png 768w\" sizes=\"auto, (max-width: 960px) 100vw, 960px\" \/><\/figure><\/div><div class=\"wp-block-getwid-images-slider__item\"><figure><img loading=\"lazy\" decoding=\"async\" width=\"960\" height=\"540\" src=\"https:\/\/agora.xtec.cat\/escolavalldelges\/wp-content\/uploads\/usu812\/2026\/02\/Proposta-reunions-families-5.png\" data-id=\"10151\" data-link=\"https:\/\/agora.xtec.cat\/escolavalldelges\/florence\/attachment\/proposta-reunions-families-5\/\" data-original-link=\"https:\/\/agora.xtec.cat\/escolavalldelges\/wp-content\/uploads\/usu812\/2026\/02\/Proposta-reunions-families-5.png\" class=\"wp-block-getwid-images-slider__image wp-image-10151\" srcset=\"https:\/\/agora.xtec.cat\/escolavalldelges\/wp-content\/uploads\/usu812\/2026\/02\/Proposta-reunions-families-5.png 960w, https:\/\/agora.xtec.cat\/escolavalldelges\/wp-content\/uploads\/usu812\/2026\/02\/Proposta-reunions-families-5-300x169.png 300w, https:\/\/agora.xtec.cat\/escolavalldelges\/wp-content\/uploads\/usu812\/2026\/02\/Proposta-reunions-families-5-768x432.png 768w\" sizes=\"auto, (max-width: 960px) 100vw, 960px\" \/><\/figure><\/div><div class=\"wp-block-getwid-images-slider__item\"><figure><img loading=\"lazy\" decoding=\"async\" width=\"960\" height=\"540\" src=\"https:\/\/agora.xtec.cat\/escolavalldelges\/wp-content\/uploads\/usu812\/2026\/02\/Proposta-reunions-families-6.png\" data-id=\"10148\" data-link=\"https:\/\/agora.xtec.cat\/escolavalldelges\/florence\/attachment\/proposta-reunions-families-6\/\" data-original-link=\"https:\/\/agora.xtec.cat\/escolavalldelges\/wp-content\/uploads\/usu812\/2026\/02\/Proposta-reunions-families-6.png\" class=\"wp-block-getwid-images-slider__image wp-image-10148\" srcset=\"https:\/\/agora.xtec.cat\/escolavalldelges\/wp-content\/uploads\/usu812\/2026\/02\/Proposta-reunions-families-6.png 960w, https:\/\/agora.xtec.cat\/escolavalldelges\/wp-content\/uploads\/usu812\/2026\/02\/Proposta-reunions-families-6-300x169.png 300w, https:\/\/agora.xtec.cat\/escolavalldelges\/wp-content\/uploads\/usu812\/2026\/02\/Proposta-reunions-families-6-768x432.png 768w\" sizes=\"auto, (max-width: 960px) 100vw, 960px\" \/><\/figure><\/div><div class=\"wp-block-getwid-images-slider__item\"><figure><img loading=\"lazy\" decoding=\"async\" width=\"960\" height=\"540\" src=\"https:\/\/agora.xtec.cat\/escolavalldelges\/wp-content\/uploads\/usu812\/2026\/02\/Proposta-reunions-families-7.png\" data-id=\"10150\" data-link=\"https:\/\/agora.xtec.cat\/escolavalldelges\/florence\/attachment\/proposta-reunions-families-7\/\" data-original-link=\"https:\/\/agora.xtec.cat\/escolavalldelges\/wp-content\/uploads\/usu812\/2026\/02\/Proposta-reunions-families-7.png\" class=\"wp-block-getwid-images-slider__image wp-image-10150\" srcset=\"https:\/\/agora.xtec.cat\/escolavalldelges\/wp-content\/uploads\/usu812\/2026\/02\/Proposta-reunions-families-7.png 960w, https:\/\/agora.xtec.cat\/escolavalldelges\/wp-content\/uploads\/usu812\/2026\/02\/Proposta-reunions-families-7-300x169.png 300w, https:\/\/agora.xtec.cat\/escolavalldelges\/wp-content\/uploads\/usu812\/2026\/02\/Proposta-reunions-families-7-768x432.png 768w\" sizes=\"auto, (max-width: 960px) 100vw, 960px\" \/><\/figure><\/div><div class=\"wp-block-getwid-images-slider__item\"><figure><img loading=\"lazy\" decoding=\"async\" width=\"960\" height=\"540\" src=\"https:\/\/agora.xtec.cat\/escolavalldelges\/wp-content\/uploads\/usu812\/2026\/02\/Proposta-reunions-families.png\" data-id=\"10154\" data-link=\"https:\/\/agora.xtec.cat\/escolavalldelges\/florence\/attachment\/proposta-reunions-families\/\" data-original-link=\"https:\/\/agora.xtec.cat\/escolavalldelges\/wp-content\/uploads\/usu812\/2026\/02\/Proposta-reunions-families.png\" class=\"wp-block-getwid-images-slider__image wp-image-10154\" srcset=\"https:\/\/agora.xtec.cat\/escolavalldelges\/wp-content\/uploads\/usu812\/2026\/02\/Proposta-reunions-families.png 960w, https:\/\/agora.xtec.cat\/escolavalldelges\/wp-content\/uploads\/usu812\/2026\/02\/Proposta-reunions-families-300x169.png 300w, https:\/\/agora.xtec.cat\/escolavalldelges\/wp-content\/uploads\/usu812\/2026\/02\/Proposta-reunions-families-768x432.png 768w\" sizes=\"auto, (max-width: 960px) 100vw, 960px\" \/><\/figure><\/div><\/div><\/div>\n","protected":false},"excerpt":{"rendered":"<p>El Programa Florence t\u00e9 com a objectiu millorar la compet\u00e8ncia matem\u00e0tica dels nostres alumnes. Per qu\u00e8 Florence? En homenatge a&nbsp;Florence Nightingale&nbsp;(1820-1910), infermera, escriptora i estadista brit\u00e0nica pionera de la sanitat moderna, que va contribuir significativament a desenvolupar models matem\u00e0tics en la sanitat p\u00fablica. I en qu\u00e8 consisteix?<\/p>\n","protected":false},"author":41,"featured_media":0,"parent":0,"menu_order":0,"comment_status":"closed","ping_status":"close","template":"","meta":{"_bbp_topic_count":0,"_bbp_reply_count":0,"_bbp_total_topic_count":0,"_bbp_total_reply_count":0,"_bbp_voice_count":0,"_bbp_anonymous_reply_count":0,"_bbp_topic_count_hidden":0,"_bbp_reply_count_hidden":0,"_bbp_forum_subforum_count":0,"site-sidebar-layout":"default","site-content-layout":"","ast-site-content-layout":"default","site-content-style":"default","site-sidebar-style":"default","ast-global-header-display":"","ast-banner-title-visibility":"","ast-main-header-display":"","ast-hfb-above-header-display":"","ast-hfb-below-header-display":"","ast-hfb-mobile-header-display":"","site-post-title":"","ast-breadcrumbs-content":"","ast-featured-img":"","footer-sml-layout":"","theme-transparent-header-meta":"","adv-header-id-meta":"","stick-header-meta":"","header-above-stick-meta":"","header-main-stick-meta":"","header-below-stick-meta":"","astra-migrate-meta-layouts":"set","ast-page-background-enabled":"default","ast-page-background-meta":{"desktop":{"background-color":"var(--ast-global-color-4)","background-image":"","background-repeat":"repeat","background-position":"center center","background-size":"auto","background-attachment":"scroll","background-type":"","background-media":"","overlay-type":"","overlay-color":"","overlay-opacity":"","overlay-gradient":""},"tablet":{"background-color":"","background-image":"","background-repeat":"repeat","background-position":"center center","background-size":"auto","background-attachment":"scroll","background-type":"","background-media":"","overlay-type":"","overlay-color":"","overlay-opacity":"","overlay-gradient":""},"mobile":{"background-color":"","background-image":"","background-repeat":"repeat","background-position":"center center","background-size":"auto","background-attachment":"scroll","background-type":"","background-media":"","overlay-type":"","overlay-color":"","overlay-opacity":"","overlay-gradient":""}},"ast-content-background-meta":{"desktop":{"background-color":"var(--ast-global-color-5)","background-image":"","background-repeat":"repeat","background-position":"center center","background-size":"auto","background-attachment":"scroll","background-type":"","background-media":"","overlay-type":"","overlay-color":"","overlay-opacity":"","overlay-gradient":""},"tablet":{"background-color":"var(--ast-global-color-5)","background-image":"","background-repeat":"repeat","background-position":"center center","background-size":"auto","background-attachment":"scroll","background-type":"","background-media":"","overlay-type":"","overlay-color":"","overlay-opacity":"","overlay-gradient":""},"mobile":{"background-color":"var(--ast-global-color-5)","background-image":"","background-repeat":"repeat","background-position":"center center","background-size":"auto","background-attachment":"scroll","background-type":"","background-media":"","overlay-type":"","overlay-color":"","overlay-opacity":"","overlay-gradient":""}},"footnotes":""},"class_list":["post-10141","page","type-page","status-publish","hentry"],"post_mailing_queue_ids":[],"_links":{"self":[{"href":"https:\/\/agora.xtec.cat\/escolavalldelges\/wp-json\/wp\/v2\/pages\/10141","targetHints":{"allow":["GET"]}}],"collection":[{"href":"https:\/\/agora.xtec.cat\/escolavalldelges\/wp-json\/wp\/v2\/pages"}],"about":[{"href":"https:\/\/agora.xtec.cat\/escolavalldelges\/wp-json\/wp\/v2\/types\/page"}],"author":[{"embeddable":true,"href":"https:\/\/agora.xtec.cat\/escolavalldelges\/wp-json\/wp\/v2\/users\/41"}],"replies":[{"embeddable":true,"href":"https:\/\/agora.xtec.cat\/escolavalldelges\/wp-json\/wp\/v2\/comments?post=10141"}],"version-history":[{"count":2,"href":"https:\/\/agora.xtec.cat\/escolavalldelges\/wp-json\/wp\/v2\/pages\/10141\/revisions"}],"predecessor-version":[{"id":10157,"href":"https:\/\/agora.xtec.cat\/escolavalldelges\/wp-json\/wp\/v2\/pages\/10141\/revisions\/10157"}],"wp:attachment":[{"href":"https:\/\/agora.xtec.cat\/escolavalldelges\/wp-json\/wp\/v2\/media?parent=10141"}],"curies":[{"name":"wp","href":"https:\/\/api.w.org\/{rel}","templated":true}]}}