{"id":73,"date":"2014-09-18T14:01:51","date_gmt":"2014-09-18T13:01:51","guid":{"rendered":"http:\/\/agora.xtec.cat\/escolavalldaura\/?page_id=73"},"modified":"2025-12-03T15:51:58","modified_gmt":"2025-12-03T14:51:58","slug":"menjador-escolar","status":"publish","type":"page","link":"https:\/\/agora.xtec.cat\/escolavalldaura\/menjador-escolar\/","title":{"rendered":"Menjador escolar"},"content":{"rendered":"\n<p>La gesti\u00f3 del menjador escolar va a c\u00e0rrec del Consell Comarcal del Bages.<\/p>\n\n\n\n<ul class=\"wp-block-list\">\n<li>Empresa: SERHS FOOD<\/li>\n\n\n\n<li>Preu del tiquet: 6,88\u20ac per l\u2019alumnat que es queda a diari i 7,46\u20ac per l\u2019alumnat espor\u00e0dic (el preu inclou el dinar i el monitoratge).<\/li>\n\n\n\n<li>La compra i el control dels tiquets es realitza a trav\u00e9s de l&#8217;aplicaci\u00f3 de l&#8217;empresa.<\/li>\n\n\n\n<li>Es fa un ingr\u00e9s o transfer\u00e8ncia banc\u00e0ria al compte de l\u2019empresa.<\/li>\n\n\n\n<li>L&#8217;alumnat d&#8217;I3 fa estona de descans i rep uns butlletins diaris a l&#8217;aplicaci\u00f3 perqu\u00e8 la fam\u00edlia s\u00e0piga si ha dinat i dormit.<\/li>\n\n\n\n<li>La coordinadora del menjador \u00e9s la Badia i podeu contactar-la per WhatsApp al 677964413.<\/li>\n<\/ul>\n\n\n\n<p>Per a m\u00e9s informaci\u00f3 podeu&nbsp;<a href=\"https:\/\/serhsfoodeduca.com\/\">consultar la web<\/a>&nbsp;de l\u2019empresa de menjador.<\/p>\n","protected":false},"excerpt":{"rendered":"<p>La gesti\u00f3 del menjador escolar va a c\u00e0rrec del Consell Comarcal del Bages. Per a m\u00e9s informaci\u00f3 podeu&nbsp;consultar la web&nbsp;de l\u2019empresa de menjador.<\/p>\n","protected":false},"author":1,"featured_media":0,"parent":0,"menu_order":30,"comment_status":"closed","ping_status":"closed","template":"","meta":{"_bbp_topic_count":0,"_bbp_reply_count":0,"_bbp_total_topic_count":0,"_bbp_total_reply_count":0,"_bbp_voice_count":0,"_bbp_anonymous_reply_count":0,"_bbp_topic_count_hidden":0,"_bbp_reply_count_hidden":0,"_bbp_forum_subforum_count":0,"site-sidebar-layout":"default","site-content-layout":"","ast-site-content-layout":"default","site-content-style":"default","site-sidebar-style":"default","ast-global-header-display":"","ast-banner-title-visibility":"","ast-main-header-display":"","ast-hfb-above-header-display":"","ast-hfb-below-header-display":"","ast-hfb-mobile-header-display":"","site-post-title":"","ast-breadcrumbs-content":"","ast-featured-img":"","footer-sml-layout":"","theme-transparent-header-meta":"","adv-header-id-meta":"","stick-header-meta":"","header-above-stick-meta":"","header-main-stick-meta":"","header-below-stick-meta":"","astra-migrate-meta-layouts":"set","ast-page-background-enabled":"default","ast-page-background-meta":{"desktop":{"background-color":"var(--ast-global-color-4)","background-image":"","background-repeat":"repeat","background-position":"center center","background-size":"auto","background-attachment":"scroll","background-type":"","background-media":"","overlay-type":"","overlay-color":"","overlay-opacity":"","overlay-gradient":""},"tablet":{"background-color":"","background-image":"","background-repeat":"repeat","background-position":"center center","background-size":"auto","background-attachment":"scroll","background-type":"","background-media":"","overlay-type":"","overlay-color":"","overlay-opacity":"","overlay-gradient":""},"mobile":{"background-color":"","background-image":"","background-repeat":"repeat","background-position":"center center","background-size":"auto","background-attachment":"scroll","background-type":"","background-media":"","overlay-type":"","overlay-color":"","overlay-opacity":"","overlay-gradient":""}},"ast-content-background-meta":{"desktop":{"background-color":"var(--ast-global-color-5)","background-image":"","background-repeat":"repeat","background-position":"center center","background-size":"auto","background-attachment":"scroll","background-type":"","background-media":"","overlay-type":"","overlay-color":"","overlay-opacity":"","overlay-gradient":""},"tablet":{"background-color":"var(--ast-global-color-5)","background-image":"","background-repeat":"repeat","background-position":"center center","background-size":"auto","background-attachment":"scroll","background-type":"","background-media":"","overlay-type":"","overlay-color":"","overlay-opacity":"","overlay-gradient":""},"mobile":{"background-color":"var(--ast-global-color-5)","background-image":"","background-repeat":"repeat","background-position":"center center","background-size":"auto","background-attachment":"scroll","background-type":"","background-media":"","overlay-type":"","overlay-color":"","overlay-opacity":"","overlay-gradient":""}},"footnotes":""},"class_list":["post-73","page","type-page","status-publish","hentry"],"post_mailing_queue_ids":[],"_links":{"self":[{"href":"https:\/\/agora.xtec.cat\/escolavalldaura\/wp-json\/wp\/v2\/pages\/73","targetHints":{"allow":["GET"]}}],"collection":[{"href":"https:\/\/agora.xtec.cat\/escolavalldaura\/wp-json\/wp\/v2\/pages"}],"about":[{"href":"https:\/\/agora.xtec.cat\/escolavalldaura\/wp-json\/wp\/v2\/types\/page"}],"author":[{"embeddable":true,"href":"https:\/\/agora.xtec.cat\/escolavalldaura\/wp-json\/wp\/v2\/users\/1"}],"replies":[{"embeddable":true,"href":"https:\/\/agora.xtec.cat\/escolavalldaura\/wp-json\/wp\/v2\/comments?post=73"}],"version-history":[{"count":6,"href":"https:\/\/agora.xtec.cat\/escolavalldaura\/wp-json\/wp\/v2\/pages\/73\/revisions"}],"predecessor-version":[{"id":7492,"href":"https:\/\/agora.xtec.cat\/escolavalldaura\/wp-json\/wp\/v2\/pages\/73\/revisions\/7492"}],"wp:attachment":[{"href":"https:\/\/agora.xtec.cat\/escolavalldaura\/wp-json\/wp\/v2\/media?parent=73"}],"curies":[{"name":"wp","href":"https:\/\/api.w.org\/{rel}","templated":true}]}}