{"id":5858,"date":"2023-06-07T11:34:50","date_gmt":"2023-06-07T09:34:50","guid":{"rendered":"https:\/\/agora.xtec.cat\/escolavalldaura\/?page_id=5858"},"modified":"2026-03-04T13:29:00","modified_gmt":"2026-03-04T12:29:00","slug":"edc-escola-valldaura","status":"publish","type":"page","link":"https:\/\/agora.xtec.cat\/escolavalldaura\/edc-escola-valldaura\/","title":{"rendered":"Estrat\u00e8gia digital"},"content":{"rendered":"<p><strong>PART ESTRAT\u00c8GICA<\/strong><\/p>\n<ul>\n<li><a href=\"https:\/\/drive.google.com\/file\/d\/169YyoJmLSD8ozqhK8AZQsbUCdAoGMt11\/view\">Diagnosi<\/a><\/li>\n<li><a href=\"https:\/\/docs.google.com\/spreadsheets\/d\/1rW4LYVKuBgzyN3nt4Aq34G8SrMJeLe7kMBZnJmfrHng\/edit?gid=0#gid=0\">Objectius i planificaci\u00f3<\/a><\/li>\n<li>Avaluaci\u00f3<\/li>\n<\/ul>\n<p><strong>CULTURA DIGITAL<\/strong><\/p>\n<ul>\n<li><a href=\"https:\/\/docs.google.com\/spreadsheets\/d\/1YYWo_CIYk6TiDnIFcdBO5mgm6HqLx6fUPerQp3Y_p7k\/edit?usp=sharing\">Desplagament de la compet\u00e8ncia digital de l&#8217;alumnat<\/a><\/li>\n<li><a href=\"https:\/\/www.canva.com\/design\/DAF8xHtOm2s\/p_v0URzvn7169sD-BGGpJw\/view?utm_content=DAF8xHtOm2s&amp;utm_campaign=designshare&amp;utm_medium=link2&amp;utm_source=uniquelinks&amp;utlId=h2b8ee560ea\">Acollida fam\u00edlies<\/a><\/li>\n<li><a href=\"https:\/\/www.canva.com\/design\/DAGWXCkg8-U\/r7tiBNErXVz7nExh0_ToMw\/view?utm_content=DAGWXCkg8-U&amp;utm_campaign=designshare&amp;utm_medium=link2&amp;utm_source=uniquelinks&amp;utlId=hf0e03e668b\">Acollida alumnat<\/a><\/li>\n<li>Acollida docent<\/li>\n<li>Pla de comunicaci\u00f3<\/li>\n<li>Serveis digitals<\/li>\n<\/ul>\n\n\n<p><\/p>\n","protected":false},"excerpt":{"rendered":"<p>PART ESTRAT\u00c8GICA Diagnosi Objectius i planificaci\u00f3 Avaluaci\u00f3 CULTURA DIGITAL Desplagament de la compet\u00e8ncia digital de l&#8217;alumnat Acollida fam\u00edlies Acollida alumnat Acollida docent Pla de comunicaci\u00f3 Serveis digitals<\/p>\n","protected":false},"author":8,"featured_media":0,"parent":0,"menu_order":0,"comment_status":"closed","ping_status":"closed","template":"","meta":{"_bbp_topic_count":0,"_bbp_reply_count":0,"_bbp_total_topic_count":0,"_bbp_total_reply_count":0,"_bbp_voice_count":0,"_bbp_anonymous_reply_count":0,"_bbp_topic_count_hidden":0,"_bbp_reply_count_hidden":0,"_bbp_forum_subforum_count":0,"site-sidebar-layout":"default","site-content-layout":"","ast-site-content-layout":"default","site-content-style":"default","site-sidebar-style":"default","ast-global-header-display":"","ast-banner-title-visibility":"","ast-main-header-display":"","ast-hfb-above-header-display":"","ast-hfb-below-header-display":"","ast-hfb-mobile-header-display":"","site-post-title":"","ast-breadcrumbs-content":"","ast-featured-img":"","footer-sml-layout":"","theme-transparent-header-meta":"","adv-header-id-meta":"","stick-header-meta":"","header-above-stick-meta":"","header-main-stick-meta":"","header-below-stick-meta":"","astra-migrate-meta-layouts":"set","ast-page-background-enabled":"default","ast-page-background-meta":{"desktop":{"background-color":"var(--ast-global-color-4)","background-image":"","background-repeat":"repeat","background-position":"center center","background-size":"auto","background-attachment":"scroll","background-type":"","background-media":"","overlay-type":"","overlay-color":"","overlay-opacity":"","overlay-gradient":""},"tablet":{"background-color":"","background-image":"","background-repeat":"repeat","background-position":"center center","background-size":"auto","background-attachment":"scroll","background-type":"","background-media":"","overlay-type":"","overlay-color":"","overlay-opacity":"","overlay-gradient":""},"mobile":{"background-color":"","background-image":"","background-repeat":"repeat","background-position":"center center","background-size":"auto","background-attachment":"scroll","background-type":"","background-media":"","overlay-type":"","overlay-color":"","overlay-opacity":"","overlay-gradient":""}},"ast-content-background-meta":{"desktop":{"background-color":"var(--ast-global-color-5)","background-image":"","background-repeat":"repeat","background-position":"center center","background-size":"auto","background-attachment":"scroll","background-type":"","background-media":"","overlay-type":"","overlay-color":"","overlay-opacity":"","overlay-gradient":""},"tablet":{"background-color":"var(--ast-global-color-5)","background-image":"","background-repeat":"repeat","background-position":"center center","background-size":"auto","background-attachment":"scroll","background-type":"","background-media":"","overlay-type":"","overlay-color":"","overlay-opacity":"","overlay-gradient":""},"mobile":{"background-color":"var(--ast-global-color-5)","background-image":"","background-repeat":"repeat","background-position":"center center","background-size":"auto","background-attachment":"scroll","background-type":"","background-media":"","overlay-type":"","overlay-color":"","overlay-opacity":"","overlay-gradient":""}},"footnotes":""},"class_list":["post-5858","page","type-page","status-publish","hentry"],"post_mailing_queue_ids":[],"_links":{"self":[{"href":"https:\/\/agora.xtec.cat\/escolavalldaura\/wp-json\/wp\/v2\/pages\/5858","targetHints":{"allow":["GET"]}}],"collection":[{"href":"https:\/\/agora.xtec.cat\/escolavalldaura\/wp-json\/wp\/v2\/pages"}],"about":[{"href":"https:\/\/agora.xtec.cat\/escolavalldaura\/wp-json\/wp\/v2\/types\/page"}],"author":[{"embeddable":true,"href":"https:\/\/agora.xtec.cat\/escolavalldaura\/wp-json\/wp\/v2\/users\/8"}],"replies":[{"embeddable":true,"href":"https:\/\/agora.xtec.cat\/escolavalldaura\/wp-json\/wp\/v2\/comments?post=5858"}],"version-history":[{"count":6,"href":"https:\/\/agora.xtec.cat\/escolavalldaura\/wp-json\/wp\/v2\/pages\/5858\/revisions"}],"predecessor-version":[{"id":7591,"href":"https:\/\/agora.xtec.cat\/escolavalldaura\/wp-json\/wp\/v2\/pages\/5858\/revisions\/7591"}],"wp:attachment":[{"href":"https:\/\/agora.xtec.cat\/escolavalldaura\/wp-json\/wp\/v2\/media?parent=5858"}],"curies":[{"name":"wp","href":"https:\/\/api.w.org\/{rel}","templated":true}]}}