{"id":3737,"date":"2020-10-06T09:00:18","date_gmt":"2020-10-06T07:00:18","guid":{"rendered":"http:\/\/agora.xtec.cat\/escolavalldaura\/?page_id=3737"},"modified":"2020-10-07T19:58:24","modified_gmt":"2020-10-07T17:58:24","slug":"dinantia","status":"publish","type":"page","link":"https:\/\/agora.xtec.cat\/escolavalldaura\/dinantia\/","title":{"rendered":"Plataforma Dinantia per a la comunicaci\u00f3 entre fam\u00edlia i escola"},"content":{"rendered":"<p><img loading=\"lazy\" decoding=\"async\" class=\"aligncenter size-medium wp-image-3741\" src=\"https:\/\/agora.xtec.cat\/escolavalldaura\/wp-content\/uploads\/usu1912\/2020\/10\/DINANTIA-300x185.jpg\" alt=\"\" width=\"300\" height=\"185\" srcset=\"https:\/\/agora.xtec.cat\/escolavalldaura\/wp-content\/uploads\/usu1912\/2020\/10\/DINANTIA-300x185.jpg 300w, https:\/\/agora.xtec.cat\/escolavalldaura\/wp-content\/uploads\/usu1912\/2020\/10\/DINANTIA.jpg 542w\" sizes=\"auto, (max-width: 300px) 100vw, 300px\" \/><\/p>\n<p>Benvolgudes fam\u00edlies,<\/p>\n<p>Des\u00a0<span style=\"font-family: inherit; font-size: 1em;\">de la nostra escola creiem que \u00e9s molt important la comunicaci\u00f3 del centre amb les fam\u00edlies. Per aquest motiu hem decidit comen\u00e7ar a utilitzar l\u2019aplicaci\u00f3 m\u00f2bil Dinantia, una eina senzilla i r\u00e0pida, que desitgem que faciliti molt aquesta feien de comunicaci\u00f3.<\/span><\/p>\n<p><span lang=\"CA\">Dinantia ofereix un sol punt d\u2019acc\u00e9s a la informaci\u00f3 i la comunicaci\u00f3 amb el centre. Amb aquesta plataforma, les fam\u00edlies podreu focalitzar tota la comunicaci\u00f3 i informaci\u00f3 del centre a trav\u00e9s del tel\u00e8fon m\u00f2bil.<\/span><\/p>\n<p><span lang=\"CA\">A la p\u00e0gina web\u00a0<a href=\"http:\/\/dinantia.com\/ca\" target=\"_blank\" rel=\"noopener noreferrer\">http:\/\/www.dinantia.com\/<\/a> (versions en angl\u00e8s, catal\u00e0 i espanyol) teniu la presentaci\u00f3, explicacions, possibilitats i demostracions de l\u2019aplicaci\u00f3. Tot \u00e9s molt clar i intu\u00eftiu.<br \/>\n<\/span><\/p>\n<p>Donar-se d\u2019alta \u00e9s molt senzill, nom\u00e9s heu de seguir les instruccions que figuren al seg\u00fcent enlla\u00e7: <span lang=\"CA\">.<a href=\"https:\/\/agora.xtec.cat\/escolavalldaura\/wp-content\/uploads\/usu1912\/2020\/10\/Dinantia_instalacio.pdf\">Dinantia_instal\u00b7lacio<\/a>.<\/span>\u00a0<strong>\u00c9s molt important que, tal i com es detalla en el document, creeu un PIN que us servir\u00e0 per signar determinats documents com, per exemple, les autoritzacions de les sortides.<\/strong><\/p>\n<h3 class=\"color-info animation fadeInLeft animation-active\">Notificacions Push (potser caldr\u00e0 configurar el m\u00f2bil)<\/h3>\n<p>Quan el centre env\u00efi un missatge, el rebr\u00e0s en forma de notificaci\u00f3 push (igual que reps un WhatsApp) en el tel\u00e8fon m\u00f2bil o tablet on tinguis instal\u00b7lada l\u2019 aplicaci\u00f3. <strong>Rebre i enviar missatges no et suposar\u00e0 ningun tipus de cost, i descarregar l\u2019aplicaci\u00f3 \u00e9s gratu\u00eft.<\/strong><\/p>\n<h3 class=\"color-warning animation fadeInRight animation-active\">Arxius adjunts<\/h3>\n<p>Dinantia permet enviar arxius adjunts juntament amb els missatges. El teu centre et podr\u00e0 enviar informes, v\u00eddeos, documents, etc., que tu podr\u00e0s veure, imprimir, enviar o compartir.<\/p>\n<h3 class=\"color-primary animation fadeInLeft animation-active\">Interacci\u00f3 amb l\u2019escola<\/h3>\n<p class=\"animation fadeInLeft animation-active\">L\u2019escola et podr\u00e0 enviar missatges amb preguntes perqu\u00e8 puguis autoritzar sortides escolars, concertar reunions, et podr\u00e0 fer enquestes d\u2019opini\u00f3 an\u00f2nimes, etc.<\/p>\n<p class=\"animation fadeInLeft animation-active\">A m\u00e9s, <strong>les autoritzacions signades des de Dinantia tenen validesa legal<\/strong>.<\/p>\n<div class=\"col-sm-6 col-sm-push-6 col-md-4 col-md-push-8\">\n<h3 class=\"color-success animation fadeInRight animation-active\">Desc\u00e0rrega gratu\u00efta de l\u2019app<\/h3>\n<div class=\"clearfix\"><\/div>\n<p class=\"animation fadeInRight animation-active\">Descarregar l\u2019aplicaci\u00f3 no suposa cap cost, i la pots instal\u00b7lar a m\u00f2bil i tablet. Fins i tot pots instal\u00b7lar-la amb un \u00fanic compte en diversos dispositius.<\/p>\n<p class=\"centrado\"><a href=\"https:\/\/play.google.com\/store\/apps\/details?id=com.dinantia.dinantia\" target=\"_blank\" rel=\"noopener noreferrer\"><img decoding=\"async\" src=\"http:\/\/www.dinantia.com\/images\/disponible_android.png\" alt=\"Desc\u00e1rgate Dinantia para Android en Google Play\" \/>\u00a0<\/a><a href=\"https:\/\/itunes.apple.com\/es\/app\/dinantia\/id1057051981\" target=\"_blank\" rel=\"noopener noreferrer\"><img decoding=\"async\" src=\"http:\/\/www.dinantia.com\/images\/app-store.jpg\" alt=\"Desc\u00e1rgate Dinantia para iPhone en la Apple Store\" \/><\/a><\/p>\n<p class=\"animation fadeInRight animation-active\"><strong>Si per qualsevol motiu no t\u2019instal\u00b7les l\u2019aplicaci\u00f3, rebr\u00e0s els missatges de l\u2019escola directament per email. A m\u00e9s tamb\u00e9 pots accedir des de la\u00a0<a href=\"https:\/\/app.dinantia.com\/\" target=\"_blank\" rel=\"noopener noreferrer\">versi\u00f3 web<\/a>.<\/strong><\/p>\n<h3 class=\"color-info animation fadeInLeft animation-active\">Els missatges no es dupliquen<\/h3>\n<div class=\"clearfix\"><\/div>\n<p class=\"animation fadeInLeft animation-active\">Encara que tinguis m\u00e9s d\u2019un fill estudiant en el mateix centre, mai rebr\u00e0s la informaci\u00f3 per duplicat. Si afegeixes les fotos dels teus fills veur\u00e0s clarament si un missatge es nom\u00e9s per a algun d\u2019ells, per a tots, etc.<\/p>\n<div class=\"col-sm-6 col-sm-push-6 col-md-5 col-md-push-7\">\n<h3 class=\"color-warning animation fadeInRight animation-active\">Dades de contacte sempre confidencials<\/h3>\n<div class=\"clearfix\"><\/div>\n<p class=\"animation fadeInRight animation-active\">Tot i ser una aplicaci\u00f3 m\u00f2bil, en cap moment haur\u00e0s de donar el teu tel\u00e8fon m\u00f2bil per utilitzar Dinantia, \u00fanicament necessitar\u00e0s escriure el correu electr\u00f2nic proporcionat al centre \u00fanic per fam\u00edlia i i seguir les instruccions.<\/p>\n<p class=\"animation fadeInRight animation-active\">A m\u00e9s, amb aquesta plataforma la comunicaci\u00f3 sempre \u00e9s entre el centre educatiu i les fam\u00edlies, els altres pares no es podran comunicar amb tu ni veuran les teves dades de contacte.<\/p>\n<\/div>\n<\/div>\n","protected":false},"excerpt":{"rendered":"<p>Benvolgudes fam\u00edlies, Des\u00a0de la nostra escola creiem que \u00e9s molt important la comunicaci\u00f3 del centre amb les fam\u00edlies. Per aquest motiu hem decidit comen\u00e7ar a utilitzar l\u2019aplicaci\u00f3 m\u00f2bil Dinantia, una eina senzilla i r\u00e0pida, que desitgem que faciliti molt aquesta feien de comunicaci\u00f3. Dinantia ofereix un sol punt d\u2019acc\u00e9s a la informaci\u00f3 i la comunicaci\u00f3 [&hellip;]<\/p>\n","protected":false},"author":8,"featured_media":0,"parent":0,"menu_order":0,"comment_status":"closed","ping_status":"closed","template":"","meta":{"_bbp_topic_count":0,"_bbp_reply_count":0,"_bbp_total_topic_count":0,"_bbp_total_reply_count":0,"_bbp_voice_count":0,"_bbp_anonymous_reply_count":0,"_bbp_topic_count_hidden":0,"_bbp_reply_count_hidden":0,"_bbp_forum_subforum_count":0,"site-sidebar-layout":"default","site-content-layout":"","ast-site-content-layout":"","site-content-style":"default","site-sidebar-style":"default","ast-global-header-display":"","ast-banner-title-visibility":"","ast-main-header-display":"","ast-hfb-above-header-display":"","ast-hfb-below-header-display":"","ast-hfb-mobile-header-display":"","site-post-title":"","ast-breadcrumbs-content":"","ast-featured-img":"","footer-sml-layout":"","theme-transparent-header-meta":"","adv-header-id-meta":"","stick-header-meta":"","header-above-stick-meta":"","header-main-stick-meta":"","header-below-stick-meta":"","astra-migrate-meta-layouts":"default","ast-page-background-enabled":"default","ast-page-background-meta":{"desktop":{"background-color":"var(--ast-global-color-4)","background-image":"","background-repeat":"repeat","background-position":"center center","background-size":"auto","background-attachment":"scroll","background-type":"","background-media":"","overlay-type":"","overlay-color":"","overlay-opacity":"","overlay-gradient":""},"tablet":{"background-color":"","background-image":"","background-repeat":"repeat","background-position":"center center","background-size":"auto","background-attachment":"scroll","background-type":"","background-media":"","overlay-type":"","overlay-color":"","overlay-opacity":"","overlay-gradient":""},"mobile":{"background-color":"","background-image":"","background-repeat":"repeat","background-position":"center center","background-size":"auto","background-attachment":"scroll","background-type":"","background-media":"","overlay-type":"","overlay-color":"","overlay-opacity":"","overlay-gradient":""}},"ast-content-background-meta":{"desktop":{"background-color":"var(--ast-global-color-5)","background-image":"","background-repeat":"repeat","background-position":"center center","background-size":"auto","background-attachment":"scroll","background-type":"","background-media":"","overlay-type":"","overlay-color":"","overlay-opacity":"","overlay-gradient":""},"tablet":{"background-color":"var(--ast-global-color-5)","background-image":"","background-repeat":"repeat","background-position":"center center","background-size":"auto","background-attachment":"scroll","background-type":"","background-media":"","overlay-type":"","overlay-color":"","overlay-opacity":"","overlay-gradient":""},"mobile":{"background-color":"var(--ast-global-color-5)","background-image":"","background-repeat":"repeat","background-position":"center center","background-size":"auto","background-attachment":"scroll","background-type":"","background-media":"","overlay-type":"","overlay-color":"","overlay-opacity":"","overlay-gradient":""}},"footnotes":""},"class_list":["post-3737","page","type-page","status-publish","hentry"],"post_mailing_queue_ids":[],"_links":{"self":[{"href":"https:\/\/agora.xtec.cat\/escolavalldaura\/wp-json\/wp\/v2\/pages\/3737","targetHints":{"allow":["GET"]}}],"collection":[{"href":"https:\/\/agora.xtec.cat\/escolavalldaura\/wp-json\/wp\/v2\/pages"}],"about":[{"href":"https:\/\/agora.xtec.cat\/escolavalldaura\/wp-json\/wp\/v2\/types\/page"}],"author":[{"embeddable":true,"href":"https:\/\/agora.xtec.cat\/escolavalldaura\/wp-json\/wp\/v2\/users\/8"}],"replies":[{"embeddable":true,"href":"https:\/\/agora.xtec.cat\/escolavalldaura\/wp-json\/wp\/v2\/comments?post=3737"}],"version-history":[{"count":3,"href":"https:\/\/agora.xtec.cat\/escolavalldaura\/wp-json\/wp\/v2\/pages\/3737\/revisions"}],"predecessor-version":[{"id":3759,"href":"https:\/\/agora.xtec.cat\/escolavalldaura\/wp-json\/wp\/v2\/pages\/3737\/revisions\/3759"}],"wp:attachment":[{"href":"https:\/\/agora.xtec.cat\/escolavalldaura\/wp-json\/wp\/v2\/media?parent=3737"}],"curies":[{"name":"wp","href":"https:\/\/api.w.org\/{rel}","templated":true}]}}