{"id":26,"date":"2014-09-18T12:24:32","date_gmt":"2014-09-18T11:24:32","guid":{"rendered":"http:\/\/agora.xtec.cat\/escolavalldaura\/?page_id=26"},"modified":"2025-07-12T15:36:48","modified_gmt":"2025-07-12T13:36:48","slug":"historia","status":"publish","type":"page","link":"https:\/\/agora.xtec.cat\/escolavalldaura\/lescola\/historia\/","title":{"rendered":"La nostra hist\u00f2ria"},"content":{"rendered":"<p><span style=\"font-weight: 400;\">L\u2019Escola Valldaura \u00e9s un centre p\u00fablic d\u2019educaci\u00f3 infantil i prim\u00e0ria situat al barri de Valldaura de Manresa. Neix l\u2019any 2009 en un espai provisional a l\u2019illa dels carrers Ausi\u00e0s Marc i Dos de Maig.\u00a0<\/span><\/p>\n<p><span style=\"font-weight: 400;\">Des dels inicis som un centre amb molta diversitat, la qual vivim com a oportunitat per poder cr\u00e9ixer i repensar l\u2019educaci\u00f3 des d\u2019una mirada innovadora.<\/span><\/p>\n<p><span style=\"font-weight: 400;\">Malgrat va n\u00e9ixer com una escola de dues l\u00ednies, actualment \u00e9s un centre d\u2019una sola l\u00ednia. Som un centre petit, amb una plantilla cada vegada m\u00e9s estable, fet que ens ajuda a consolidar el projecte educatiu de centre. Tamb\u00e9 tenim una creixent participaci\u00f3 de les fam\u00edlies que enriqueix la organitzaci\u00f3 i el funcionament de l\u2019escola.\u00a0<\/span><\/p>\n","protected":false},"excerpt":{"rendered":"<p>L\u2019Escola Valldaura \u00e9s un centre p\u00fablic d\u2019educaci\u00f3 infantil i prim\u00e0ria situat al barri de Valldaura de Manresa. Neix l\u2019any 2009 en un espai provisional a l\u2019illa dels carrers Ausi\u00e0s Marc i Dos de Maig.\u00a0 Des dels inicis som un centre amb molta diversitat, la qual vivim com a oportunitat per poder cr\u00e9ixer i repensar l\u2019educaci\u00f3 [&hellip;]<\/p>\n","protected":false},"author":1,"featured_media":0,"parent":22,"menu_order":20,"comment_status":"closed","ping_status":"closed","template":"page-templates\/side-menu.php","meta":{"_bbp_topic_count":0,"_bbp_reply_count":0,"_bbp_total_topic_count":0,"_bbp_total_reply_count":0,"_bbp_voice_count":0,"_bbp_anonymous_reply_count":0,"_bbp_topic_count_hidden":0,"_bbp_reply_count_hidden":0,"_bbp_forum_subforum_count":0,"site-sidebar-layout":"default","site-content-layout":"","ast-site-content-layout":"default","site-content-style":"default","site-sidebar-style":"default","ast-global-header-display":"","ast-banner-title-visibility":"","ast-main-header-display":"","ast-hfb-above-header-display":"","ast-hfb-below-header-display":"","ast-hfb-mobile-header-display":"","site-post-title":"","ast-breadcrumbs-content":"","ast-featured-img":"","footer-sml-layout":"","theme-transparent-header-meta":"","adv-header-id-meta":"","stick-header-meta":"","header-above-stick-meta":"","header-main-stick-meta":"","header-below-stick-meta":"","astra-migrate-meta-layouts":"set","ast-page-background-enabled":"default","ast-page-background-meta":{"desktop":{"background-color":"var(--ast-global-color-4)","background-image":"","background-repeat":"repeat","background-position":"center center","background-size":"auto","background-attachment":"scroll","background-type":"","background-media":"","overlay-type":"","overlay-color":"","overlay-opacity":"","overlay-gradient":""},"tablet":{"background-color":"","background-image":"","background-repeat":"repeat","background-position":"center center","background-size":"auto","background-attachment":"scroll","background-type":"","background-media":"","overlay-type":"","overlay-color":"","overlay-opacity":"","overlay-gradient":""},"mobile":{"background-color":"","background-image":"","background-repeat":"repeat","background-position":"center center","background-size":"auto","background-attachment":"scroll","background-type":"","background-media":"","overlay-type":"","overlay-color":"","overlay-opacity":"","overlay-gradient":""}},"ast-content-background-meta":{"desktop":{"background-color":"var(--ast-global-color-5)","background-image":"","background-repeat":"repeat","background-position":"center center","background-size":"auto","background-attachment":"scroll","background-type":"","background-media":"","overlay-type":"","overlay-color":"","overlay-opacity":"","overlay-gradient":""},"tablet":{"background-color":"var(--ast-global-color-5)","background-image":"","background-repeat":"repeat","background-position":"center center","background-size":"auto","background-attachment":"scroll","background-type":"","background-media":"","overlay-type":"","overlay-color":"","overlay-opacity":"","overlay-gradient":""},"mobile":{"background-color":"var(--ast-global-color-5)","background-image":"","background-repeat":"repeat","background-position":"center center","background-size":"auto","background-attachment":"scroll","background-type":"","background-media":"","overlay-type":"","overlay-color":"","overlay-opacity":"","overlay-gradient":""}},"footnotes":""},"class_list":["post-26","page","type-page","status-publish","hentry"],"post_mailing_queue_ids":[],"_links":{"self":[{"href":"https:\/\/agora.xtec.cat\/escolavalldaura\/wp-json\/wp\/v2\/pages\/26","targetHints":{"allow":["GET"]}}],"collection":[{"href":"https:\/\/agora.xtec.cat\/escolavalldaura\/wp-json\/wp\/v2\/pages"}],"about":[{"href":"https:\/\/agora.xtec.cat\/escolavalldaura\/wp-json\/wp\/v2\/types\/page"}],"author":[{"embeddable":true,"href":"https:\/\/agora.xtec.cat\/escolavalldaura\/wp-json\/wp\/v2\/users\/1"}],"replies":[{"embeddable":true,"href":"https:\/\/agora.xtec.cat\/escolavalldaura\/wp-json\/wp\/v2\/comments?post=26"}],"version-history":[{"count":5,"href":"https:\/\/agora.xtec.cat\/escolavalldaura\/wp-json\/wp\/v2\/pages\/26\/revisions"}],"predecessor-version":[{"id":7390,"href":"https:\/\/agora.xtec.cat\/escolavalldaura\/wp-json\/wp\/v2\/pages\/26\/revisions\/7390"}],"up":[{"embeddable":true,"href":"https:\/\/agora.xtec.cat\/escolavalldaura\/wp-json\/wp\/v2\/pages\/22"}],"wp:attachment":[{"href":"https:\/\/agora.xtec.cat\/escolavalldaura\/wp-json\/wp\/v2\/media?parent=26"}],"curies":[{"name":"wp","href":"https:\/\/api.w.org\/{rel}","templated":true}]}}