{"id":4235,"date":"2026-03-30T10:11:14","date_gmt":"2026-03-30T08:11:14","guid":{"rendered":"https:\/\/agora.xtec.cat\/escolavaleriserra\/?page_id=4235"},"modified":"2026-03-30T10:11:15","modified_gmt":"2026-03-30T08:11:15","slug":"proa-2","status":"publish","type":"page","link":"https:\/\/agora.xtec.cat\/escolavaleriserra\/proa-2\/","title":{"rendered":"PROA+"},"content":{"rendered":"\n<div class=\"wp-block-columns is-layout-flex wp-container-core-columns-is-layout-1 wp-block-columns-is-layout-flex\">\n<div class=\"wp-block-column is-layout-flow wp-block-column-is-layout-flow\" style=\"flex-basis:33.33%\">\n<figure class=\"wp-block-image size-large\"><a href=\"https:\/\/agora.xtec.cat\/escolavaleriserra\/wp-content\/uploads\/usu714\/2026\/03\/Proa.jpg\"><img loading=\"lazy\" decoding=\"async\" width=\"1024\" height=\"420\" src=\"https:\/\/agora.xtec.cat\/escolavaleriserra\/wp-content\/uploads\/usu714\/2026\/03\/Proa-1024x420.jpg\" alt=\"\" class=\"wp-image-4236\" srcset=\"https:\/\/agora.xtec.cat\/escolavaleriserra\/wp-content\/uploads\/usu714\/2026\/03\/Proa-1024x420.jpg 1024w, https:\/\/agora.xtec.cat\/escolavaleriserra\/wp-content\/uploads\/usu714\/2026\/03\/Proa-300x123.jpg 300w, https:\/\/agora.xtec.cat\/escolavaleriserra\/wp-content\/uploads\/usu714\/2026\/03\/Proa-768x315.jpg 768w, https:\/\/agora.xtec.cat\/escolavaleriserra\/wp-content\/uploads\/usu714\/2026\/03\/Proa-1536x630.jpg 1536w, https:\/\/agora.xtec.cat\/escolavaleriserra\/wp-content\/uploads\/usu714\/2026\/03\/Proa.jpg 1565w\" sizes=\"auto, (max-width: 1024px) 100vw, 1024px\" \/><\/a><\/figure>\n<\/div>\n\n\n\n<div class=\"wp-block-column is-layout-flow wp-block-column-is-layout-flow\" style=\"flex-basis:66.66%\">\n<h3 class=\"wp-block-heading\">Participaci\u00f3 en el programa PROA+<\/h3>\n\n\n\n<p>L\u2019<strong>Escola Valeri Serra<\/strong> participa en el programa <strong>PROA+<\/strong>, que significa <strong>Programa per a l\u2019Orientaci\u00f3, l\u2019Avan\u00e7 i l\u2019Enriquiment Educatiu<\/strong>.<\/p>\n\n\n\n<p>\u00c9s una iniciativa que t\u00e9 com a objectiu millorar l\u2019\u00e8xit educatiu de tot l\u2019alumnat, especialment d\u2019aquells que necessiten m\u00e9s suport. Permet refor\u00e7ar l\u2019atenci\u00f3 a la diversitat, oferint m\u00e9s acompanyament dins l\u2019aula i millorant les estrat\u00e8gies d\u2019ensenyament.<\/p>\n\n\n\n<h3 class=\"wp-block-heading\">Objectius del programa<\/h3>\n\n\n\n<ul class=\"wp-block-list\">\n<li>Afavorir l\u2019\u00e8xit educatiu de tot l\u2019alumnat.<\/li>\n\n\n\n<li>Reduir desigualtats i prevenir el frac\u00e0s escolar.<\/li>\n\n\n\n<li>Millorar els aprenentatges i les compet\u00e8ncies b\u00e0siques.<\/li>\n\n\n\n<li>Potenciar la inclusi\u00f3 i el benestar emocional.<\/li>\n\n\n\n<li>Enfortir la relaci\u00f3 entre escola, fam\u00edlies i entorn.<\/li>\n<\/ul>\n\n\n\n<p>La participaci\u00f3 en el PROA+ refor\u00e7a el comprom\u00eds del centre amb una educaci\u00f3 equitativa i de qualitat.<\/p>\n<\/div>\n<\/div>\n","protected":false},"excerpt":{"rendered":"<p>Participaci\u00f3 en el programa PROA+ L\u2019Escola Valeri Serra participa en el programa PROA+, que significa Programa per a l\u2019Orientaci\u00f3, l\u2019Avan\u00e7 i l\u2019Enriquiment Educatiu. \u00c9s una iniciativa que t\u00e9 com a objectiu millorar l\u2019\u00e8xit educatiu de tot l\u2019alumnat, especialment d\u2019aquells que necessiten m\u00e9s suport. Permet refor\u00e7ar l\u2019atenci\u00f3 a la diversitat, oferint m\u00e9s acompanyament dins l\u2019aula i [&hellip;]<\/p>\n","protected":false},"author":1,"featured_media":0,"parent":0,"menu_order":0,"comment_status":"closed","ping_status":"close","template":"","meta":{"_bbp_topic_count":0,"_bbp_reply_count":0,"_bbp_total_topic_count":0,"_bbp_total_reply_count":0,"_bbp_voice_count":0,"_bbp_anonymous_reply_count":0,"_bbp_topic_count_hidden":0,"_bbp_reply_count_hidden":0,"_bbp_forum_subforum_count":0,"site-sidebar-layout":"default","site-content-layout":"","ast-site-content-layout":"default","site-content-style":"default","site-sidebar-style":"default","ast-global-header-display":"","ast-banner-title-visibility":"","ast-main-header-display":"","ast-hfb-above-header-display":"","ast-hfb-below-header-display":"","ast-hfb-mobile-header-display":"","site-post-title":"","ast-breadcrumbs-content":"","ast-featured-img":"","footer-sml-layout":"","theme-transparent-header-meta":"","adv-header-id-meta":"","stick-header-meta":"","header-above-stick-meta":"","header-main-stick-meta":"","header-below-stick-meta":"","astra-migrate-meta-layouts":"set","ast-page-background-enabled":"default","ast-page-background-meta":{"desktop":{"background-color":"var(--ast-global-color-4)","background-image":"","background-repeat":"repeat","background-position":"center center","background-size":"auto","background-attachment":"scroll","background-type":"","background-media":"","overlay-type":"","overlay-color":"","overlay-opacity":"","overlay-gradient":""},"tablet":{"background-color":"","background-image":"","background-repeat":"repeat","background-position":"center center","background-size":"auto","background-attachment":"scroll","background-type":"","background-media":"","overlay-type":"","overlay-color":"","overlay-opacity":"","overlay-gradient":""},"mobile":{"background-color":"","background-image":"","background-repeat":"repeat","background-position":"center center","background-size":"auto","background-attachment":"scroll","background-type":"","background-media":"","overlay-type":"","overlay-color":"","overlay-opacity":"","overlay-gradient":""}},"ast-content-background-meta":{"desktop":{"background-color":"var(--ast-global-color-5)","background-image":"","background-repeat":"repeat","background-position":"center center","background-size":"auto","background-attachment":"scroll","background-type":"","background-media":"","overlay-type":"","overlay-color":"","overlay-opacity":"","overlay-gradient":""},"tablet":{"background-color":"var(--ast-global-color-5)","background-image":"","background-repeat":"repeat","background-position":"center center","background-size":"auto","background-attachment":"scroll","background-type":"","background-media":"","overlay-type":"","overlay-color":"","overlay-opacity":"","overlay-gradient":""},"mobile":{"background-color":"var(--ast-global-color-5)","background-image":"","background-repeat":"repeat","background-position":"center center","background-size":"auto","background-attachment":"scroll","background-type":"","background-media":"","overlay-type":"","overlay-color":"","overlay-opacity":"","overlay-gradient":""}},"footnotes":""},"class_list":["post-4235","page","type-page","status-publish","hentry"],"post_mailing_queue_ids":[],"_links":{"self":[{"href":"https:\/\/agora.xtec.cat\/escolavaleriserra\/wp-json\/wp\/v2\/pages\/4235","targetHints":{"allow":["GET"]}}],"collection":[{"href":"https:\/\/agora.xtec.cat\/escolavaleriserra\/wp-json\/wp\/v2\/pages"}],"about":[{"href":"https:\/\/agora.xtec.cat\/escolavaleriserra\/wp-json\/wp\/v2\/types\/page"}],"author":[{"embeddable":true,"href":"https:\/\/agora.xtec.cat\/escolavaleriserra\/wp-json\/wp\/v2\/users\/1"}],"replies":[{"embeddable":true,"href":"https:\/\/agora.xtec.cat\/escolavaleriserra\/wp-json\/wp\/v2\/comments?post=4235"}],"version-history":[{"count":1,"href":"https:\/\/agora.xtec.cat\/escolavaleriserra\/wp-json\/wp\/v2\/pages\/4235\/revisions"}],"predecessor-version":[{"id":4237,"href":"https:\/\/agora.xtec.cat\/escolavaleriserra\/wp-json\/wp\/v2\/pages\/4235\/revisions\/4237"}],"wp:attachment":[{"href":"https:\/\/agora.xtec.cat\/escolavaleriserra\/wp-json\/wp\/v2\/media?parent=4235"}],"curies":[{"name":"wp","href":"https:\/\/api.w.org\/{rel}","templated":true}]}}