{"id":4213,"date":"2026-03-25T09:44:00","date_gmt":"2026-03-25T08:44:00","guid":{"rendered":"https:\/\/agora.xtec.cat\/escolavaleriserra\/?page_id=4213"},"modified":"2026-03-25T09:44:01","modified_gmt":"2026-03-25T08:44:01","slug":"cicle-superior","status":"publish","type":"page","link":"https:\/\/agora.xtec.cat\/escolavaleriserra\/cicle-superior\/","title":{"rendered":"Cicle Superior"},"content":{"rendered":"\n<div class=\"wp-block-columns is-layout-flex wp-container-core-columns-is-layout-1 wp-block-columns-is-layout-flex\">\n<div class=\"wp-block-column is-layout-flow wp-block-column-is-layout-flow\" style=\"flex-basis:40%\">\n<figure class=\"wp-block-image size-full\"><a href=\"https:\/\/agora.xtec.cat\/escolavaleriserra\/wp-content\/uploads\/usu714\/2026\/03\/CSuperior-1.jpg\"><img loading=\"lazy\" decoding=\"async\" width=\"675\" height=\"664\" src=\"https:\/\/agora.xtec.cat\/escolavaleriserra\/wp-content\/uploads\/usu714\/2026\/03\/CSuperior-1.jpg\" alt=\"\" class=\"wp-image-4214\" srcset=\"https:\/\/agora.xtec.cat\/escolavaleriserra\/wp-content\/uploads\/usu714\/2026\/03\/CSuperior-1.jpg 675w, https:\/\/agora.xtec.cat\/escolavaleriserra\/wp-content\/uploads\/usu714\/2026\/03\/CSuperior-1-300x295.jpg 300w\" sizes=\"auto, (max-width: 675px) 100vw, 675px\" \/><\/a><\/figure>\n<\/div>\n\n\n\n<div class=\"wp-block-column is-layout-flow wp-block-column-is-layout-flow\" style=\"flex-basis:66.66%\">\n<p>El cicle superior d\u2019educaci\u00f3 prim\u00e0ria, que compr\u00e8n 5\u00e8 i 6\u00e8 curs (10-12 anys), \u00e9s una etapa de maduraci\u00f3 acad\u00e8mica i personal que prepara l\u2019alumnat per al pas a l\u2019ESO. Es consoliden les compet\u00e8ncies b\u00e0siques i es desenvolupa un pensament m\u00e9s abstracte, cr\u00edtic i reflexiu.<\/p>\n\n\n\n<p>Un dels objectius principals \u00e9s assolir una compet\u00e8ncia comunicativa completa: lectura comprensiva i cr\u00edtica, expressi\u00f3 escrita estructurada i argumentativa, i millora de l\u2019expressi\u00f3 oral. En matem\u00e0tiques, es treballa la resoluci\u00f3 de problemes m\u00e9s complexos, el c\u00e0lcul amb decimals i fraccions, la proporcionalitat i la interpretaci\u00f3 rigorosa de dades.<\/p>\n\n\n\n<p>En l\u2019\u00e0mbit cient\u00edfic i social, es fomenta el pensament anal\u00edtic i la comprensi\u00f3 global dels fen\u00f2mens. Tamb\u00e9 es potencia la compet\u00e8ncia digital i el treball cooperatiu. Es reforcen l\u2019autonomia, la responsabilitat i les t\u00e8cniques d\u2019estudi. L\u2019avaluaci\u00f3 \u00e9s cont\u00ednua i competencial, orientada a garantir una transici\u00f3 s\u00f2lida cap a la secund\u00e0ria.<\/p>\n<\/div>\n<\/div>\n\n\n\n<p><\/p>\n","protected":false},"excerpt":{"rendered":"<p>El cicle superior d\u2019educaci\u00f3 prim\u00e0ria, que compr\u00e8n 5\u00e8 i 6\u00e8 curs (10-12 anys), \u00e9s una etapa de maduraci\u00f3 acad\u00e8mica i personal que prepara l\u2019alumnat per al pas a l\u2019ESO. Es consoliden les compet\u00e8ncies b\u00e0siques i es desenvolupa un pensament m\u00e9s abstracte, cr\u00edtic i reflexiu. Un dels objectius principals \u00e9s assolir una compet\u00e8ncia comunicativa completa: lectura [&hellip;]<\/p>\n","protected":false},"author":1,"featured_media":0,"parent":0,"menu_order":0,"comment_status":"closed","ping_status":"close","template":"","meta":{"_bbp_topic_count":0,"_bbp_reply_count":0,"_bbp_total_topic_count":0,"_bbp_total_reply_count":0,"_bbp_voice_count":0,"_bbp_anonymous_reply_count":0,"_bbp_topic_count_hidden":0,"_bbp_reply_count_hidden":0,"_bbp_forum_subforum_count":0,"site-sidebar-layout":"default","site-content-layout":"","ast-site-content-layout":"default","site-content-style":"default","site-sidebar-style":"default","ast-global-header-display":"","ast-banner-title-visibility":"","ast-main-header-display":"","ast-hfb-above-header-display":"","ast-hfb-below-header-display":"","ast-hfb-mobile-header-display":"","site-post-title":"","ast-breadcrumbs-content":"","ast-featured-img":"","footer-sml-layout":"","theme-transparent-header-meta":"","adv-header-id-meta":"","stick-header-meta":"","header-above-stick-meta":"","header-main-stick-meta":"","header-below-stick-meta":"","astra-migrate-meta-layouts":"set","ast-page-background-enabled":"default","ast-page-background-meta":{"desktop":{"background-color":"var(--ast-global-color-4)","background-image":"","background-repeat":"repeat","background-position":"center center","background-size":"auto","background-attachment":"scroll","background-type":"","background-media":"","overlay-type":"","overlay-color":"","overlay-opacity":"","overlay-gradient":""},"tablet":{"background-color":"","background-image":"","background-repeat":"repeat","background-position":"center center","background-size":"auto","background-attachment":"scroll","background-type":"","background-media":"","overlay-type":"","overlay-color":"","overlay-opacity":"","overlay-gradient":""},"mobile":{"background-color":"","background-image":"","background-repeat":"repeat","background-position":"center center","background-size":"auto","background-attachment":"scroll","background-type":"","background-media":"","overlay-type":"","overlay-color":"","overlay-opacity":"","overlay-gradient":""}},"ast-content-background-meta":{"desktop":{"background-color":"var(--ast-global-color-5)","background-image":"","background-repeat":"repeat","background-position":"center center","background-size":"auto","background-attachment":"scroll","background-type":"","background-media":"","overlay-type":"","overlay-color":"","overlay-opacity":"","overlay-gradient":""},"tablet":{"background-color":"var(--ast-global-color-5)","background-image":"","background-repeat":"repeat","background-position":"center center","background-size":"auto","background-attachment":"scroll","background-type":"","background-media":"","overlay-type":"","overlay-color":"","overlay-opacity":"","overlay-gradient":""},"mobile":{"background-color":"var(--ast-global-color-5)","background-image":"","background-repeat":"repeat","background-position":"center center","background-size":"auto","background-attachment":"scroll","background-type":"","background-media":"","overlay-type":"","overlay-color":"","overlay-opacity":"","overlay-gradient":""}},"footnotes":""},"class_list":["post-4213","page","type-page","status-publish","hentry"],"post_mailing_queue_ids":[],"_links":{"self":[{"href":"https:\/\/agora.xtec.cat\/escolavaleriserra\/wp-json\/wp\/v2\/pages\/4213","targetHints":{"allow":["GET"]}}],"collection":[{"href":"https:\/\/agora.xtec.cat\/escolavaleriserra\/wp-json\/wp\/v2\/pages"}],"about":[{"href":"https:\/\/agora.xtec.cat\/escolavaleriserra\/wp-json\/wp\/v2\/types\/page"}],"author":[{"embeddable":true,"href":"https:\/\/agora.xtec.cat\/escolavaleriserra\/wp-json\/wp\/v2\/users\/1"}],"replies":[{"embeddable":true,"href":"https:\/\/agora.xtec.cat\/escolavaleriserra\/wp-json\/wp\/v2\/comments?post=4213"}],"version-history":[{"count":1,"href":"https:\/\/agora.xtec.cat\/escolavaleriserra\/wp-json\/wp\/v2\/pages\/4213\/revisions"}],"predecessor-version":[{"id":4215,"href":"https:\/\/agora.xtec.cat\/escolavaleriserra\/wp-json\/wp\/v2\/pages\/4213\/revisions\/4215"}],"wp:attachment":[{"href":"https:\/\/agora.xtec.cat\/escolavaleriserra\/wp-json\/wp\/v2\/media?parent=4213"}],"curies":[{"name":"wp","href":"https:\/\/api.w.org\/{rel}","templated":true}]}}