{"id":4208,"date":"2026-03-25T09:35:49","date_gmt":"2026-03-25T08:35:49","guid":{"rendered":"https:\/\/agora.xtec.cat\/escolavaleriserra\/?page_id=4208"},"modified":"2026-03-25T09:35:49","modified_gmt":"2026-03-25T08:35:49","slug":"cicle-mitja","status":"publish","type":"page","link":"https:\/\/agora.xtec.cat\/escolavaleriserra\/cicle-mitja\/","title":{"rendered":"Cicle mitj\u00e0"},"content":{"rendered":"\n<div class=\"wp-block-columns is-layout-flex wp-container-core-columns-is-layout-1 wp-block-columns-is-layout-flex\">\n<div class=\"wp-block-column is-layout-flow wp-block-column-is-layout-flow\" style=\"flex-basis:40%\"><\/div>\n\n\n\n<div class=\"wp-block-column is-layout-flow wp-block-column-is-layout-flow\" style=\"flex-basis:66.66%\">\n<p>El cicle mitj\u00e0 d\u2019educaci\u00f3 prim\u00e0ria, que compr\u00e8n 3r i 4t curs (8-10 anys), \u00e9s una etapa de consolidaci\u00f3 i ampliaci\u00f3 de les compet\u00e8ncies b\u00e0siques, en qu\u00e8 l\u2019alumnat desenvolupa m\u00e9s autonomia i capacitat de raonament. Es reforcen els aprenentatges instrumentals i s\u2019incrementa l\u2019exig\u00e8ncia en la comprensi\u00f3, l\u2019organitzaci\u00f3 i l\u2019aplicaci\u00f3 dels continguts.<\/p>\n\n\n\n<p>Un dels objectius principals \u00e9s aprofundir en la compet\u00e8ncia lectora, avan\u00e7ant cap a una lectura comprensiva i cr\u00edtica. En expressi\u00f3 escrita, es treballa la coher\u00e8ncia i l\u2019estructura dels textos. En matem\u00e0tiques, es consoliden les operacions, es millora la resoluci\u00f3 de problemes i s\u2019introdueixen nous continguts com fraccions, mesura i dades.<\/p>\n\n\n\n<p>Tamb\u00e9 es fomenta el pensament cient\u00edfic mitjan\u00e7ant l\u2019observaci\u00f3 i l\u2019experimentaci\u00f3, aix\u00ed com la comprensi\u00f3 de l\u2019entorn social i cultural. Es potencia l\u2019autonomia, la planificaci\u00f3 i la responsabilitat. L\u2019avaluaci\u00f3 \u00e9s formativa i orienta l\u2019alumnat cap a un aprenentatge actiu i progressivament m\u00e9s aut\u00f2nom.<\/p>\n<\/div>\n<\/div>\n","protected":false},"excerpt":{"rendered":"<p>El cicle mitj\u00e0 d\u2019educaci\u00f3 prim\u00e0ria, que compr\u00e8n 3r i 4t curs (8-10 anys), \u00e9s una etapa de consolidaci\u00f3 i ampliaci\u00f3 de les compet\u00e8ncies b\u00e0siques, en qu\u00e8 l\u2019alumnat desenvolupa m\u00e9s autonomia i capacitat de raonament. Es reforcen els aprenentatges instrumentals i s\u2019incrementa l\u2019exig\u00e8ncia en la comprensi\u00f3, l\u2019organitzaci\u00f3 i l\u2019aplicaci\u00f3 dels continguts. Un dels objectius principals \u00e9s [&hellip;]<\/p>\n","protected":false},"author":1,"featured_media":0,"parent":0,"menu_order":0,"comment_status":"closed","ping_status":"close","template":"","meta":{"_bbp_topic_count":0,"_bbp_reply_count":0,"_bbp_total_topic_count":0,"_bbp_total_reply_count":0,"_bbp_voice_count":0,"_bbp_anonymous_reply_count":0,"_bbp_topic_count_hidden":0,"_bbp_reply_count_hidden":0,"_bbp_forum_subforum_count":0,"site-sidebar-layout":"default","site-content-layout":"","ast-site-content-layout":"default","site-content-style":"default","site-sidebar-style":"default","ast-global-header-display":"","ast-banner-title-visibility":"","ast-main-header-display":"","ast-hfb-above-header-display":"","ast-hfb-below-header-display":"","ast-hfb-mobile-header-display":"","site-post-title":"","ast-breadcrumbs-content":"","ast-featured-img":"","footer-sml-layout":"","theme-transparent-header-meta":"","adv-header-id-meta":"","stick-header-meta":"","header-above-stick-meta":"","header-main-stick-meta":"","header-below-stick-meta":"","astra-migrate-meta-layouts":"set","ast-page-background-enabled":"default","ast-page-background-meta":{"desktop":{"background-color":"var(--ast-global-color-4)","background-image":"","background-repeat":"repeat","background-position":"center center","background-size":"auto","background-attachment":"scroll","background-type":"","background-media":"","overlay-type":"","overlay-color":"","overlay-opacity":"","overlay-gradient":""},"tablet":{"background-color":"","background-image":"","background-repeat":"repeat","background-position":"center center","background-size":"auto","background-attachment":"scroll","background-type":"","background-media":"","overlay-type":"","overlay-color":"","overlay-opacity":"","overlay-gradient":""},"mobile":{"background-color":"","background-image":"","background-repeat":"repeat","background-position":"center center","background-size":"auto","background-attachment":"scroll","background-type":"","background-media":"","overlay-type":"","overlay-color":"","overlay-opacity":"","overlay-gradient":""}},"ast-content-background-meta":{"desktop":{"background-color":"var(--ast-global-color-5)","background-image":"","background-repeat":"repeat","background-position":"center center","background-size":"auto","background-attachment":"scroll","background-type":"","background-media":"","overlay-type":"","overlay-color":"","overlay-opacity":"","overlay-gradient":""},"tablet":{"background-color":"var(--ast-global-color-5)","background-image":"","background-repeat":"repeat","background-position":"center center","background-size":"auto","background-attachment":"scroll","background-type":"","background-media":"","overlay-type":"","overlay-color":"","overlay-opacity":"","overlay-gradient":""},"mobile":{"background-color":"var(--ast-global-color-5)","background-image":"","background-repeat":"repeat","background-position":"center center","background-size":"auto","background-attachment":"scroll","background-type":"","background-media":"","overlay-type":"","overlay-color":"","overlay-opacity":"","overlay-gradient":""}},"footnotes":""},"class_list":["post-4208","page","type-page","status-publish","hentry"],"post_mailing_queue_ids":[],"_links":{"self":[{"href":"https:\/\/agora.xtec.cat\/escolavaleriserra\/wp-json\/wp\/v2\/pages\/4208","targetHints":{"allow":["GET"]}}],"collection":[{"href":"https:\/\/agora.xtec.cat\/escolavaleriserra\/wp-json\/wp\/v2\/pages"}],"about":[{"href":"https:\/\/agora.xtec.cat\/escolavaleriserra\/wp-json\/wp\/v2\/types\/page"}],"author":[{"embeddable":true,"href":"https:\/\/agora.xtec.cat\/escolavaleriserra\/wp-json\/wp\/v2\/users\/1"}],"replies":[{"embeddable":true,"href":"https:\/\/agora.xtec.cat\/escolavaleriserra\/wp-json\/wp\/v2\/comments?post=4208"}],"version-history":[{"count":1,"href":"https:\/\/agora.xtec.cat\/escolavaleriserra\/wp-json\/wp\/v2\/pages\/4208\/revisions"}],"predecessor-version":[{"id":4209,"href":"https:\/\/agora.xtec.cat\/escolavaleriserra\/wp-json\/wp\/v2\/pages\/4208\/revisions\/4209"}],"wp:attachment":[{"href":"https:\/\/agora.xtec.cat\/escolavaleriserra\/wp-json\/wp\/v2\/media?parent=4208"}],"curies":[{"name":"wp","href":"https:\/\/api.w.org\/{rel}","templated":true}]}}