{"id":4200,"date":"2026-03-25T09:18:44","date_gmt":"2026-03-25T08:18:44","guid":{"rendered":"https:\/\/agora.xtec.cat\/escolavaleriserra\/?page_id=4200"},"modified":"2026-03-25T09:30:08","modified_gmt":"2026-03-25T08:30:08","slug":"cicle-inicial","status":"publish","type":"page","link":"https:\/\/agora.xtec.cat\/escolavaleriserra\/cicle-inicial\/","title":{"rendered":"Cicle Inicial"},"content":{"rendered":"\n<div class=\"wp-block-columns is-layout-flex wp-container-core-columns-is-layout-1 wp-block-columns-is-layout-flex\">\n<div class=\"wp-block-column is-layout-flow wp-block-column-is-layout-flow\" style=\"flex-basis:40%\">\n<div class=\"wp-block-getwid-images-slider has-arrows-inside has-dots-inside has-images-center has-cropped-images\"><div class=\"wp-block-getwid-images-slider__wrapper\" data-effect=\"slide\" data-slides-show=\"1\" data-slides-show-laptop=\"1\" data-slides-show-tablet=\"1\" data-slides-show-mobile=\"1\" data-slides-scroll=\"1\" data-autoplay=\"false\" data-pause-hover=\"false\" data-autoplay-speed=\"6000\" data-infinite=\"true\" data-animation-speed=\"800\" data-center-mode=\"false\" data-variable-width=\"false\" data-arrows=\"inside\" data-dots=\"inside\" data-spacing=\"none\"><div class=\"wp-block-getwid-images-slider__item\"><figure><img loading=\"lazy\" decoding=\"async\" width=\"1920\" height=\"2560\" src=\"https:\/\/agora.xtec.cat\/escolavaleriserra\/wp-content\/uploads\/usu714\/2026\/03\/IMG_4532-1-scaled.jpg\" data-id=\"4203\" data-link=\"https:\/\/agora.xtec.cat\/escolavaleriserra\/?attachment_id=4203\" data-original-link=\"https:\/\/agora.xtec.cat\/escolavaleriserra\/wp-content\/uploads\/usu714\/2026\/03\/IMG_4532-1-scaled.jpg\" class=\"wp-block-getwid-images-slider__image wp-image-4203\" srcset=\"https:\/\/agora.xtec.cat\/escolavaleriserra\/wp-content\/uploads\/usu714\/2026\/03\/IMG_4532-1-scaled.jpg 1920w, https:\/\/agora.xtec.cat\/escolavaleriserra\/wp-content\/uploads\/usu714\/2026\/03\/IMG_4532-1-225x300.jpg 225w, https:\/\/agora.xtec.cat\/escolavaleriserra\/wp-content\/uploads\/usu714\/2026\/03\/IMG_4532-1-768x1024.jpg 768w, https:\/\/agora.xtec.cat\/escolavaleriserra\/wp-content\/uploads\/usu714\/2026\/03\/IMG_4532-1-1152x1536.jpg 1152w, https:\/\/agora.xtec.cat\/escolavaleriserra\/wp-content\/uploads\/usu714\/2026\/03\/IMG_4532-1-1536x2048.jpg 1536w\" sizes=\"auto, (max-width: 1920px) 100vw, 1920px\" \/><\/figure><\/div><div class=\"wp-block-getwid-images-slider__item\"><figure><img loading=\"lazy\" decoding=\"async\" width=\"1920\" height=\"2560\" src=\"https:\/\/agora.xtec.cat\/escolavaleriserra\/wp-content\/uploads\/usu714\/2026\/03\/IMG_4552-scaled.jpg\" data-id=\"4202\" data-link=\"https:\/\/agora.xtec.cat\/escolavaleriserra\/?attachment_id=4202\" data-original-link=\"https:\/\/agora.xtec.cat\/escolavaleriserra\/wp-content\/uploads\/usu714\/2026\/03\/IMG_4552-scaled.jpg\" class=\"wp-block-getwid-images-slider__image wp-image-4202\" srcset=\"https:\/\/agora.xtec.cat\/escolavaleriserra\/wp-content\/uploads\/usu714\/2026\/03\/IMG_4552-scaled.jpg 1920w, https:\/\/agora.xtec.cat\/escolavaleriserra\/wp-content\/uploads\/usu714\/2026\/03\/IMG_4552-225x300.jpg 225w, https:\/\/agora.xtec.cat\/escolavaleriserra\/wp-content\/uploads\/usu714\/2026\/03\/IMG_4552-768x1024.jpg 768w, https:\/\/agora.xtec.cat\/escolavaleriserra\/wp-content\/uploads\/usu714\/2026\/03\/IMG_4552-1152x1536.jpg 1152w, https:\/\/agora.xtec.cat\/escolavaleriserra\/wp-content\/uploads\/usu714\/2026\/03\/IMG_4552-1536x2048.jpg 1536w\" sizes=\"auto, (max-width: 1920px) 100vw, 1920px\" \/><\/figure><\/div><\/div><\/div>\n<\/div>\n\n\n\n<div class=\"wp-block-column is-layout-flow wp-block-column-is-layout-flow\" style=\"flex-basis:66.66%\">\n<p>El cicle inicial d\u2019educaci\u00f3 prim\u00e0ria, que compr\u00e8n 1r i 2n curs (6-8 anys), \u00e9s una etapa fonamental per consolidar els aprenentatges b\u00e0sics i afavorir la transici\u00f3 des d\u2019una metodologia globalitzada cap a una organitzaci\u00f3 m\u00e9s estructurada per \u00e0rees. L\u2019objectiu principal \u00e9s garantir l\u2019adquisici\u00f3 de la compet\u00e8ncia lectora i escriptora, aix\u00ed com el desenvolupament del pensament matem\u00e0tic inicial, incloent la numeraci\u00f3, el c\u00e0lcul i la resoluci\u00f3 de problemes senzills.<\/p>\n\n\n\n<p>Paral\u00b7lelament, es promou el desenvolupament de l\u2019autonomia personal i dels h\u00e0bits de treball, com l\u2019organitzaci\u00f3, la responsabilitat i l\u2019escolta activa. Tamb\u00e9 es treballen les compet\u00e8ncies socials i emocionals, fomentant la conviv\u00e8ncia, la cooperaci\u00f3 i la resoluci\u00f3 de conflictes de manera dialogada.<\/p>\n\n\n\n<p>La metodologia combina activitats estructurades amb propostes manipulatives, vivencials i competencials, que desperten la curiositat cient\u00edfica, art\u00edstica i cultural de l\u2019alumnat. L\u2019avaluaci\u00f3 \u00e9s cont\u00ednua i formativa, orientada a ajustar la intervenci\u00f3 educativa i assegurar una base s\u00f2lida per als aprenentatges futurs.<\/p>\n\n\n\n<p><\/p>\n\n\n\n<p><\/p>\n<\/div>\n<\/div>\n","protected":false},"excerpt":{"rendered":"<p>El cicle inicial d\u2019educaci\u00f3 prim\u00e0ria, que compr\u00e8n 1r i 2n curs (6-8 anys), \u00e9s una etapa fonamental per consolidar els aprenentatges b\u00e0sics i afavorir la transici\u00f3 des d\u2019una metodologia globalitzada cap a una organitzaci\u00f3 m\u00e9s estructurada per \u00e0rees. L\u2019objectiu principal \u00e9s garantir l\u2019adquisici\u00f3 de la compet\u00e8ncia lectora i escriptora, aix\u00ed com el desenvolupament del pensament [&hellip;]<\/p>\n","protected":false},"author":1,"featured_media":0,"parent":0,"menu_order":0,"comment_status":"closed","ping_status":"close","template":"","meta":{"_bbp_topic_count":0,"_bbp_reply_count":0,"_bbp_total_topic_count":0,"_bbp_total_reply_count":0,"_bbp_voice_count":0,"_bbp_anonymous_reply_count":0,"_bbp_topic_count_hidden":0,"_bbp_reply_count_hidden":0,"_bbp_forum_subforum_count":0,"site-sidebar-layout":"default","site-content-layout":"","ast-site-content-layout":"default","site-content-style":"default","site-sidebar-style":"default","ast-global-header-display":"","ast-banner-title-visibility":"","ast-main-header-display":"","ast-hfb-above-header-display":"","ast-hfb-below-header-display":"","ast-hfb-mobile-header-display":"","site-post-title":"","ast-breadcrumbs-content":"","ast-featured-img":"","footer-sml-layout":"","theme-transparent-header-meta":"","adv-header-id-meta":"","stick-header-meta":"","header-above-stick-meta":"","header-main-stick-meta":"","header-below-stick-meta":"","astra-migrate-meta-layouts":"set","ast-page-background-enabled":"default","ast-page-background-meta":{"desktop":{"background-color":"var(--ast-global-color-4)","background-image":"","background-repeat":"repeat","background-position":"center center","background-size":"auto","background-attachment":"scroll","background-type":"","background-media":"","overlay-type":"","overlay-color":"","overlay-opacity":"","overlay-gradient":""},"tablet":{"background-color":"","background-image":"","background-repeat":"repeat","background-position":"center center","background-size":"auto","background-attachment":"scroll","background-type":"","background-media":"","overlay-type":"","overlay-color":"","overlay-opacity":"","overlay-gradient":""},"mobile":{"background-color":"","background-image":"","background-repeat":"repeat","background-position":"center center","background-size":"auto","background-attachment":"scroll","background-type":"","background-media":"","overlay-type":"","overlay-color":"","overlay-opacity":"","overlay-gradient":""}},"ast-content-background-meta":{"desktop":{"background-color":"var(--ast-global-color-5)","background-image":"","background-repeat":"repeat","background-position":"center center","background-size":"auto","background-attachment":"scroll","background-type":"","background-media":"","overlay-type":"","overlay-color":"","overlay-opacity":"","overlay-gradient":""},"tablet":{"background-color":"var(--ast-global-color-5)","background-image":"","background-repeat":"repeat","background-position":"center center","background-size":"auto","background-attachment":"scroll","background-type":"","background-media":"","overlay-type":"","overlay-color":"","overlay-opacity":"","overlay-gradient":""},"mobile":{"background-color":"var(--ast-global-color-5)","background-image":"","background-repeat":"repeat","background-position":"center center","background-size":"auto","background-attachment":"scroll","background-type":"","background-media":"","overlay-type":"","overlay-color":"","overlay-opacity":"","overlay-gradient":""}},"footnotes":""},"class_list":["post-4200","page","type-page","status-publish","hentry"],"post_mailing_queue_ids":[],"_links":{"self":[{"href":"https:\/\/agora.xtec.cat\/escolavaleriserra\/wp-json\/wp\/v2\/pages\/4200","targetHints":{"allow":["GET"]}}],"collection":[{"href":"https:\/\/agora.xtec.cat\/escolavaleriserra\/wp-json\/wp\/v2\/pages"}],"about":[{"href":"https:\/\/agora.xtec.cat\/escolavaleriserra\/wp-json\/wp\/v2\/types\/page"}],"author":[{"embeddable":true,"href":"https:\/\/agora.xtec.cat\/escolavaleriserra\/wp-json\/wp\/v2\/users\/1"}],"replies":[{"embeddable":true,"href":"https:\/\/agora.xtec.cat\/escolavaleriserra\/wp-json\/wp\/v2\/comments?post=4200"}],"version-history":[{"count":2,"href":"https:\/\/agora.xtec.cat\/escolavaleriserra\/wp-json\/wp\/v2\/pages\/4200\/revisions"}],"predecessor-version":[{"id":4207,"href":"https:\/\/agora.xtec.cat\/escolavaleriserra\/wp-json\/wp\/v2\/pages\/4200\/revisions\/4207"}],"wp:attachment":[{"href":"https:\/\/agora.xtec.cat\/escolavaleriserra\/wp-json\/wp\/v2\/media?parent=4200"}],"curies":[{"name":"wp","href":"https:\/\/api.w.org\/{rel}","templated":true}]}}