{"id":4192,"date":"2026-03-24T16:35:33","date_gmt":"2026-03-24T15:35:33","guid":{"rendered":"https:\/\/agora.xtec.cat\/escolavaleriserra\/?page_id=4192"},"modified":"2026-03-24T16:52:14","modified_gmt":"2026-03-24T15:52:14","slug":"educacio-infantil","status":"publish","type":"page","link":"https:\/\/agora.xtec.cat\/escolavaleriserra\/educacio-infantil\/","title":{"rendered":"Educaci\u00f3 infantil"},"content":{"rendered":"\n<div class=\"wp-block-columns is-layout-flex wp-container-core-columns-is-layout-1 wp-block-columns-is-layout-flex\">\n<div class=\"wp-block-column is-layout-flow wp-block-column-is-layout-flow\">\n<figure class=\"wp-block-image size-large\"><a href=\"https:\/\/agora.xtec.cat\/escolavaleriserra\/wp-content\/uploads\/usu714\/2026\/03\/EI-1.jpeg\"><img loading=\"lazy\" decoding=\"async\" width=\"768\" height=\"1024\" src=\"https:\/\/agora.xtec.cat\/escolavaleriserra\/wp-content\/uploads\/usu714\/2026\/03\/EI-1-768x1024.jpeg\" alt=\"\" class=\"wp-image-4160\" srcset=\"https:\/\/agora.xtec.cat\/escolavaleriserra\/wp-content\/uploads\/usu714\/2026\/03\/EI-1-768x1024.jpeg 768w, https:\/\/agora.xtec.cat\/escolavaleriserra\/wp-content\/uploads\/usu714\/2026\/03\/EI-1-225x300.jpeg 225w, https:\/\/agora.xtec.cat\/escolavaleriserra\/wp-content\/uploads\/usu714\/2026\/03\/EI-1-1152x1536.jpeg 1152w, https:\/\/agora.xtec.cat\/escolavaleriserra\/wp-content\/uploads\/usu714\/2026\/03\/EI-1.jpeg 1200w\" sizes=\"auto, (max-width: 768px) 100vw, 768px\" \/><\/a><\/figure>\n<\/div>\n\n\n\n<div class=\"wp-block-column is-layout-flow wp-block-column-is-layout-flow\">\n<p>L\u2019etapa d\u2019educaci\u00f3 infantil (3-6 anys) \u00e9s el primer tram del sistema educatiu i t\u00e9 identitat pr\u00f2pia. Se centra en el desenvolupament integral de l\u2019infant: f\u00edsic, emocional, social i cognitiu, a partir de l\u2019experi\u00e8ncia, el joc i la descoberta de l\u2019entorn.<\/p>\n\n\n\n<p>El joc \u00e9s l\u2019eix principal d\u2019aprenentatge, ja que permet explorar, expressar emocions i relacionar-se. Les aules s\u2019organitzen en racons o ambients que afavoreixen l\u2019autonomia i la iniciativa.<\/p>\n\n\n\n<p>Es dona molta import\u00e0ncia a l\u2019educaci\u00f3 emocional, als h\u00e0bits i al llenguatge oral, aix\u00ed com a la iniciaci\u00f3 a la lectoescriptura i al pensament matem\u00e0tic.<\/p>\n\n\n\n<p>L\u2019avaluaci\u00f3 \u00e9s global i cont\u00ednua, basada en l\u2019observaci\u00f3, amb l\u2019objectiu de respectar els ritmes i afavorir un creixement equilibrat.<\/p>\n<\/div>\n<\/div>\n","protected":false},"excerpt":{"rendered":"<p>L\u2019etapa d\u2019educaci\u00f3 infantil (3-6 anys) \u00e9s el primer tram del sistema educatiu i t\u00e9 identitat pr\u00f2pia. Se centra en el desenvolupament integral de l\u2019infant: f\u00edsic, emocional, social i cognitiu, a partir de l\u2019experi\u00e8ncia, el joc i la descoberta de l\u2019entorn. El joc \u00e9s l\u2019eix principal d\u2019aprenentatge, ja que permet explorar, expressar emocions i relacionar-se. Les [&hellip;]<\/p>\n","protected":false},"author":1,"featured_media":0,"parent":0,"menu_order":0,"comment_status":"closed","ping_status":"close","template":"","meta":{"_bbp_topic_count":0,"_bbp_reply_count":0,"_bbp_total_topic_count":0,"_bbp_total_reply_count":0,"_bbp_voice_count":0,"_bbp_anonymous_reply_count":0,"_bbp_topic_count_hidden":0,"_bbp_reply_count_hidden":0,"_bbp_forum_subforum_count":0,"site-sidebar-layout":"default","site-content-layout":"","ast-site-content-layout":"default","site-content-style":"default","site-sidebar-style":"default","ast-global-header-display":"","ast-banner-title-visibility":"","ast-main-header-display":"","ast-hfb-above-header-display":"","ast-hfb-below-header-display":"","ast-hfb-mobile-header-display":"","site-post-title":"","ast-breadcrumbs-content":"","ast-featured-img":"","footer-sml-layout":"","theme-transparent-header-meta":"","adv-header-id-meta":"","stick-header-meta":"","header-above-stick-meta":"","header-main-stick-meta":"","header-below-stick-meta":"","astra-migrate-meta-layouts":"set","ast-page-background-enabled":"default","ast-page-background-meta":{"desktop":{"background-color":"var(--ast-global-color-4)","background-image":"","background-repeat":"repeat","background-position":"center center","background-size":"auto","background-attachment":"scroll","background-type":"","background-media":"","overlay-type":"","overlay-color":"","overlay-opacity":"","overlay-gradient":""},"tablet":{"background-color":"","background-image":"","background-repeat":"repeat","background-position":"center center","background-size":"auto","background-attachment":"scroll","background-type":"","background-media":"","overlay-type":"","overlay-color":"","overlay-opacity":"","overlay-gradient":""},"mobile":{"background-color":"","background-image":"","background-repeat":"repeat","background-position":"center center","background-size":"auto","background-attachment":"scroll","background-type":"","background-media":"","overlay-type":"","overlay-color":"","overlay-opacity":"","overlay-gradient":""}},"ast-content-background-meta":{"desktop":{"background-color":"var(--ast-global-color-5)","background-image":"","background-repeat":"repeat","background-position":"center center","background-size":"auto","background-attachment":"scroll","background-type":"","background-media":"","overlay-type":"","overlay-color":"","overlay-opacity":"","overlay-gradient":""},"tablet":{"background-color":"var(--ast-global-color-5)","background-image":"","background-repeat":"repeat","background-position":"center center","background-size":"auto","background-attachment":"scroll","background-type":"","background-media":"","overlay-type":"","overlay-color":"","overlay-opacity":"","overlay-gradient":""},"mobile":{"background-color":"var(--ast-global-color-5)","background-image":"","background-repeat":"repeat","background-position":"center center","background-size":"auto","background-attachment":"scroll","background-type":"","background-media":"","overlay-type":"","overlay-color":"","overlay-opacity":"","overlay-gradient":""}},"footnotes":""},"class_list":["post-4192","page","type-page","status-publish","hentry"],"post_mailing_queue_ids":[],"_links":{"self":[{"href":"https:\/\/agora.xtec.cat\/escolavaleriserra\/wp-json\/wp\/v2\/pages\/4192","targetHints":{"allow":["GET"]}}],"collection":[{"href":"https:\/\/agora.xtec.cat\/escolavaleriserra\/wp-json\/wp\/v2\/pages"}],"about":[{"href":"https:\/\/agora.xtec.cat\/escolavaleriserra\/wp-json\/wp\/v2\/types\/page"}],"author":[{"embeddable":true,"href":"https:\/\/agora.xtec.cat\/escolavaleriserra\/wp-json\/wp\/v2\/users\/1"}],"replies":[{"embeddable":true,"href":"https:\/\/agora.xtec.cat\/escolavaleriserra\/wp-json\/wp\/v2\/comments?post=4192"}],"version-history":[{"count":3,"href":"https:\/\/agora.xtec.cat\/escolavaleriserra\/wp-json\/wp\/v2\/pages\/4192\/revisions"}],"predecessor-version":[{"id":4199,"href":"https:\/\/agora.xtec.cat\/escolavaleriserra\/wp-json\/wp\/v2\/pages\/4192\/revisions\/4199"}],"wp:attachment":[{"href":"https:\/\/agora.xtec.cat\/escolavaleriserra\/wp-json\/wp\/v2\/media?parent=4192"}],"curies":[{"name":"wp","href":"https:\/\/api.w.org\/{rel}","templated":true}]}}