{"id":4183,"date":"2026-03-24T16:09:17","date_gmt":"2026-03-24T15:09:17","guid":{"rendered":"https:\/\/agora.xtec.cat\/escolavaleriserra\/?page_id=4183"},"modified":"2026-03-27T09:40:48","modified_gmt":"2026-03-27T08:40:48","slug":"pee","status":"publish","type":"page","link":"https:\/\/agora.xtec.cat\/escolavaleriserra\/pee\/","title":{"rendered":"PEE Bellpuig i Seana"},"content":{"rendered":"\n<div class=\"wp-block-columns is-layout-flex wp-container-core-columns-is-layout-1 wp-block-columns-is-layout-flex\">\n<div class=\"wp-block-column is-layout-flow wp-block-column-is-layout-flow\" style=\"flex-basis:33.33%\">\n<figure class=\"wp-block-image size-full\"><img loading=\"lazy\" decoding=\"async\" width=\"735\" height=\"509\" src=\"https:\/\/agora.xtec.cat\/escolavaleriserra\/wp-content\/uploads\/usu714\/2026\/03\/PEE.jpg\" alt=\"\" class=\"wp-image-4185\" srcset=\"https:\/\/agora.xtec.cat\/escolavaleriserra\/wp-content\/uploads\/usu714\/2026\/03\/PEE.jpg 735w, https:\/\/agora.xtec.cat\/escolavaleriserra\/wp-content\/uploads\/usu714\/2026\/03\/PEE-300x208.jpg 300w\" sizes=\"auto, (max-width: 735px) 100vw, 735px\" \/><\/figure>\n<\/div>\n\n\n\n<div class=\"wp-block-column is-layout-flow wp-block-column-is-layout-flow\" style=\"flex-basis:66.66%\">\n<p><strong>L\u2019Escola Valeri Serra participa activament en el Pla Educatiu d\u2019Entorn (PEE) de Bellpuig i Seana<\/strong>, una iniciativa de coordinaci\u00f3 educativa que articula el treball conjunt entre escola, fam\u00edlies, ajuntament i entitats del territori amb la finalitat de garantir l\u2019equitat i afavorir l\u2019\u00e8xit educatiu de tot l\u2019alumnat.<\/p>\n\n\n\n<p>El PEE es fonamenta en una <strong>visi\u00f3 comunit\u00e0ria de l\u2019educaci\u00f3<\/strong>, entenent que els aprenentatges van m\u00e9s enll\u00e0 de l\u2019\u00e0mbit estrictament escolar i que es construeixen tamb\u00e9 en relaci\u00f3 amb l\u2019entorn social, cultural i comunitari. En aquest marc, impulsa actuacions compartides orientades a ampliar les oportunitats educatives, com ara activitats extraescolars, suport i acompanyament educatiu, foment de la llengua i la cultura, aix\u00ed com accions de conviv\u00e8ncia, cohesi\u00f3 social i participaci\u00f3.<\/p>\n\n\n\n<p>Aix\u00ed mateix, el PEE prioritza especialment l\u2019atenci\u00f3 a l\u2019alumnat en situaci\u00f3 de vulnerabilitat, amb l\u2019objectiu de <strong>reduir desigualtats, refor\u00e7ar la inclusi\u00f3 i garantir una educaci\u00f3 m\u00e9s equitativa<\/strong>. Tot plegat es desenvolupa a trav\u00e9s del treball en xarxa, la corresponsabilitat entre agents educatius i el lideratge compartit.<\/p>\n<\/div>\n<\/div>\n\n\n\n<figure class=\"wp-block-image aligncenter size-large is-resized\"><img loading=\"lazy\" decoding=\"async\" width=\"1024\" height=\"556\" src=\"https:\/\/agora.xtec.cat\/escolavaleriserra\/wp-content\/uploads\/usu714\/2026\/03\/unnamed-1-1024x556.png\" alt=\"\" class=\"wp-image-4219\" style=\"width:776px;height:auto\" srcset=\"https:\/\/agora.xtec.cat\/escolavaleriserra\/wp-content\/uploads\/usu714\/2026\/03\/unnamed-1-1024x556.png 1024w, https:\/\/agora.xtec.cat\/escolavaleriserra\/wp-content\/uploads\/usu714\/2026\/03\/unnamed-1-300x163.png 300w, https:\/\/agora.xtec.cat\/escolavaleriserra\/wp-content\/uploads\/usu714\/2026\/03\/unnamed-1-768x417.png 768w, https:\/\/agora.xtec.cat\/escolavaleriserra\/wp-content\/uploads\/usu714\/2026\/03\/unnamed-1-1536x834.png 1536w, https:\/\/agora.xtec.cat\/escolavaleriserra\/wp-content\/uploads\/usu714\/2026\/03\/unnamed-1-2048x1113.png 2048w\" sizes=\"auto, (max-width: 1024px) 100vw, 1024px\" \/><\/figure>\n","protected":false},"excerpt":{"rendered":"<p>L\u2019Escola Valeri Serra participa activament en el Pla Educatiu d\u2019Entorn (PEE) de Bellpuig i Seana, una iniciativa de coordinaci\u00f3 educativa que articula el treball conjunt entre escola, fam\u00edlies, ajuntament i entitats del territori amb la finalitat de garantir l\u2019equitat i afavorir l\u2019\u00e8xit educatiu de tot l\u2019alumnat. El PEE es fonamenta en una visi\u00f3 comunit\u00e0ria de [&hellip;]<\/p>\n","protected":false},"author":1,"featured_media":4185,"parent":0,"menu_order":0,"comment_status":"closed","ping_status":"close","template":"","meta":{"_bbp_topic_count":0,"_bbp_reply_count":0,"_bbp_total_topic_count":0,"_bbp_total_reply_count":0,"_bbp_voice_count":0,"_bbp_anonymous_reply_count":0,"_bbp_topic_count_hidden":0,"_bbp_reply_count_hidden":0,"_bbp_forum_subforum_count":0,"site-sidebar-layout":"default","site-content-layout":"","ast-site-content-layout":"default","site-content-style":"default","site-sidebar-style":"default","ast-global-header-display":"","ast-banner-title-visibility":"","ast-main-header-display":"","ast-hfb-above-header-display":"","ast-hfb-below-header-display":"","ast-hfb-mobile-header-display":"","site-post-title":"","ast-breadcrumbs-content":"","ast-featured-img":"","footer-sml-layout":"","theme-transparent-header-meta":"","adv-header-id-meta":"","stick-header-meta":"","header-above-stick-meta":"","header-main-stick-meta":"","header-below-stick-meta":"","astra-migrate-meta-layouts":"set","ast-page-background-enabled":"default","ast-page-background-meta":{"desktop":{"background-color":"var(--ast-global-color-4)","background-image":"","background-repeat":"repeat","background-position":"center center","background-size":"auto","background-attachment":"scroll","background-type":"","background-media":"","overlay-type":"","overlay-color":"","overlay-opacity":"","overlay-gradient":""},"tablet":{"background-color":"","background-image":"","background-repeat":"repeat","background-position":"center center","background-size":"auto","background-attachment":"scroll","background-type":"","background-media":"","overlay-type":"","overlay-color":"","overlay-opacity":"","overlay-gradient":""},"mobile":{"background-color":"","background-image":"","background-repeat":"repeat","background-position":"center center","background-size":"auto","background-attachment":"scroll","background-type":"","background-media":"","overlay-type":"","overlay-color":"","overlay-opacity":"","overlay-gradient":""}},"ast-content-background-meta":{"desktop":{"background-color":"var(--ast-global-color-5)","background-image":"","background-repeat":"repeat","background-position":"center center","background-size":"auto","background-attachment":"scroll","background-type":"","background-media":"","overlay-type":"","overlay-color":"","overlay-opacity":"","overlay-gradient":""},"tablet":{"background-color":"var(--ast-global-color-5)","background-image":"","background-repeat":"repeat","background-position":"center center","background-size":"auto","background-attachment":"scroll","background-type":"","background-media":"","overlay-type":"","overlay-color":"","overlay-opacity":"","overlay-gradient":""},"mobile":{"background-color":"var(--ast-global-color-5)","background-image":"","background-repeat":"repeat","background-position":"center center","background-size":"auto","background-attachment":"scroll","background-type":"","background-media":"","overlay-type":"","overlay-color":"","overlay-opacity":"","overlay-gradient":""}},"footnotes":""},"class_list":["post-4183","page","type-page","status-publish","has-post-thumbnail","hentry"],"post_mailing_queue_ids":[],"_links":{"self":[{"href":"https:\/\/agora.xtec.cat\/escolavaleriserra\/wp-json\/wp\/v2\/pages\/4183","targetHints":{"allow":["GET"]}}],"collection":[{"href":"https:\/\/agora.xtec.cat\/escolavaleriserra\/wp-json\/wp\/v2\/pages"}],"about":[{"href":"https:\/\/agora.xtec.cat\/escolavaleriserra\/wp-json\/wp\/v2\/types\/page"}],"author":[{"embeddable":true,"href":"https:\/\/agora.xtec.cat\/escolavaleriserra\/wp-json\/wp\/v2\/users\/1"}],"replies":[{"embeddable":true,"href":"https:\/\/agora.xtec.cat\/escolavaleriserra\/wp-json\/wp\/v2\/comments?post=4183"}],"version-history":[{"count":6,"href":"https:\/\/agora.xtec.cat\/escolavaleriserra\/wp-json\/wp\/v2\/pages\/4183\/revisions"}],"predecessor-version":[{"id":4224,"href":"https:\/\/agora.xtec.cat\/escolavaleriserra\/wp-json\/wp\/v2\/pages\/4183\/revisions\/4224"}],"wp:featuredmedia":[{"embeddable":true,"href":"https:\/\/agora.xtec.cat\/escolavaleriserra\/wp-json\/wp\/v2\/media\/4185"}],"wp:attachment":[{"href":"https:\/\/agora.xtec.cat\/escolavaleriserra\/wp-json\/wp\/v2\/media?parent=4183"}],"curies":[{"name":"wp","href":"https:\/\/api.w.org\/{rel}","templated":true}]}}