{"id":22,"date":"2014-09-18T12:19:57","date_gmt":"2014-09-18T11:19:57","guid":{"rendered":"http:\/\/agora.xtec.cat\/escolavaleriserra\/?page_id=22"},"modified":"2026-03-23T16:37:39","modified_gmt":"2026-03-23T15:37:39","slug":"lescola","status":"publish","type":"page","link":"https:\/\/agora.xtec.cat\/escolavaleriserra\/lescola\/","title":{"rendered":"L&#8217;escola"},"content":{"rendered":"\n<p>L\u2019Escola Valeri Serra \u00e9s l\u2019escola p\u00fablica del municipi de Bellpuig i constitueix un referent educatiu per a la comunitat local. El seu edifici actual es va construir l\u2019any 1984, en un moment de creixement i consolidaci\u00f3 dels serveis educatius al municipi, amb l\u2019objectiu de donar resposta a les necessitats formatives de l\u2019alumnat de la zona.<\/p>\n\n\n\n<p>Amb el pas dels anys, l\u2019escola ha evolucionat per adaptar-se als canvis socials, pedag\u00f2gics i demogr\u00e0fics. Aquesta evoluci\u00f3 es va concretar de manera significativa amb la reforma integral de l\u2019edifici l\u2019any 2007, que va permetre modernitzar les instal\u00b7lacions, millorar els espais educatius i adequar-los a les noves metodologies d\u2019ensenyament i aprenentatge.<\/p>\n\n\n\n<p>Des d\u2019aleshores, l\u2019Escola Valeri Serra ha continuat consolidant un projecte educatiu propi, basat en la qualitat de l\u2019ensenyament, la inclusi\u00f3 i la participaci\u00f3 de tota la comunitat educativa. L\u2019escola no nom\u00e9s \u00e9s un espai d\u2019aprenentatge acad\u00e8mic, sin\u00f3 tamb\u00e9 un lloc de conviv\u00e8ncia, creixement personal i cohesi\u00f3 social, arrelat al territori i obert als nous reptes educatius del present i del futur.<\/p>\n\n\n\n<div class=\"wp-block-getwid-images-slider has-arrows-outside has-dots-outside is-carousel has-slides-gap-small has-images-center has-cropped-images\"><div class=\"wp-block-getwid-images-slider__wrapper\" data-effect=\"slide\" data-slides-show=\"2\" data-slides-show-laptop=\"1\" data-slides-show-tablet=\"1\" data-slides-show-mobile=\"1\" data-slides-scroll=\"1\" data-autoplay=\"false\" data-pause-hover=\"false\" data-autoplay-speed=\"6000\" data-infinite=\"true\" data-animation-speed=\"600\" data-center-mode=\"false\" data-variable-width=\"false\" data-arrows=\"outside\" data-dots=\"outside\" data-spacing=\"small\"><div class=\"wp-block-getwid-images-slider__item\"><figure><img loading=\"lazy\" decoding=\"async\" width=\"1024\" height=\"536\" src=\"https:\/\/agora.xtec.cat\/escolavaleriserra\/wp-content\/uploads\/usu714\/2026\/02\/IMG_20240412_102305-1024x536.jpg\" alt=\"\" data-id=\"4002\" data-link=\"https:\/\/agora.xtec.cat\/escolavaleriserra\/img_20240412_102305\/\" data-original-link=\"https:\/\/agora.xtec.cat\/escolavaleriserra\/wp-content\/uploads\/usu714\/2026\/02\/IMG_20240412_102305-scaled.jpg\" class=\"wp-block-getwid-images-slider__image wp-image-4002\" srcset=\"https:\/\/agora.xtec.cat\/escolavaleriserra\/wp-content\/uploads\/usu714\/2026\/02\/IMG_20240412_102305-1024x536.jpg 1024w, https:\/\/agora.xtec.cat\/escolavaleriserra\/wp-content\/uploads\/usu714\/2026\/02\/IMG_20240412_102305-300x157.jpg 300w, https:\/\/agora.xtec.cat\/escolavaleriserra\/wp-content\/uploads\/usu714\/2026\/02\/IMG_20240412_102305-768x402.jpg 768w, https:\/\/agora.xtec.cat\/escolavaleriserra\/wp-content\/uploads\/usu714\/2026\/02\/IMG_20240412_102305-1536x804.jpg 1536w, https:\/\/agora.xtec.cat\/escolavaleriserra\/wp-content\/uploads\/usu714\/2026\/02\/IMG_20240412_102305-2048x1072.jpg 2048w\" sizes=\"auto, (max-width: 1024px) 100vw, 1024px\" \/><\/figure><\/div><div class=\"wp-block-getwid-images-slider__item\"><figure><img loading=\"lazy\" decoding=\"async\" width=\"1024\" height=\"336\" src=\"https:\/\/agora.xtec.cat\/escolavaleriserra\/wp-content\/uploads\/usu714\/2026\/02\/IMG-20231219-WA0016-1024x336.jpg\" alt=\"\" data-id=\"3994\" data-link=\"https:\/\/agora.xtec.cat\/escolavaleriserra\/img-20231219-wa0016\/\" data-original-link=\"https:\/\/agora.xtec.cat\/escolavaleriserra\/wp-content\/uploads\/usu714\/2026\/02\/IMG-20231219-WA0016.jpg\" class=\"wp-block-getwid-images-slider__image wp-image-3994\" srcset=\"https:\/\/agora.xtec.cat\/escolavaleriserra\/wp-content\/uploads\/usu714\/2026\/02\/IMG-20231219-WA0016-1024x336.jpg 1024w, https:\/\/agora.xtec.cat\/escolavaleriserra\/wp-content\/uploads\/usu714\/2026\/02\/IMG-20231219-WA0016-300x98.jpg 300w, https:\/\/agora.xtec.cat\/escolavaleriserra\/wp-content\/uploads\/usu714\/2026\/02\/IMG-20231219-WA0016-768x252.jpg 768w, https:\/\/agora.xtec.cat\/escolavaleriserra\/wp-content\/uploads\/usu714\/2026\/02\/IMG-20231219-WA0016.jpg 1376w\" sizes=\"auto, (max-width: 1024px) 100vw, 1024px\" \/><\/figure><\/div><div class=\"wp-block-getwid-images-slider__item\"><figure><img loading=\"lazy\" decoding=\"async\" width=\"1024\" height=\"425\" src=\"https:\/\/agora.xtec.cat\/escolavaleriserra\/wp-content\/uploads\/usu714\/2024\/03\/Capcalera-1024x425.jpg\" alt=\"\" data-id=\"3928\" data-link=\"https:\/\/agora.xtec.cat\/escolavaleriserra\/capcalera\/\" data-original-link=\"https:\/\/agora.xtec.cat\/escolavaleriserra\/wp-content\/uploads\/usu714\/2024\/03\/Capcalera-scaled.jpg\" class=\"wp-block-getwid-images-slider__image wp-image-3928\" srcset=\"https:\/\/agora.xtec.cat\/escolavaleriserra\/wp-content\/uploads\/usu714\/2024\/03\/Capcalera-1024x425.jpg 1024w, https:\/\/agora.xtec.cat\/escolavaleriserra\/wp-content\/uploads\/usu714\/2024\/03\/Capcalera-300x124.jpg 300w, https:\/\/agora.xtec.cat\/escolavaleriserra\/wp-content\/uploads\/usu714\/2024\/03\/Capcalera-768x319.jpg 768w, https:\/\/agora.xtec.cat\/escolavaleriserra\/wp-content\/uploads\/usu714\/2024\/03\/Capcalera-1536x637.jpg 1536w, https:\/\/agora.xtec.cat\/escolavaleriserra\/wp-content\/uploads\/usu714\/2024\/03\/Capcalera-2048x850.jpg 2048w\" sizes=\"auto, (max-width: 1024px) 100vw, 1024px\" \/><\/figure><\/div><div class=\"wp-block-getwid-images-slider__item\"><figure><img loading=\"lazy\" decoding=\"async\" width=\"1024\" height=\"840\" src=\"https:\/\/agora.xtec.cat\/escolavaleriserra\/wp-content\/uploads\/usu714\/2022\/11\/IMG-20221108-WA0010-1024x840.jpg\" alt=\"\" data-id=\"3820\" data-link=\"https:\/\/agora.xtec.cat\/escolavaleriserra\/img-20221108-wa0010\/\" data-original-link=\"https:\/\/agora.xtec.cat\/escolavaleriserra\/wp-content\/uploads\/usu714\/2022\/11\/IMG-20221108-WA0010.jpg\" class=\"wp-block-getwid-images-slider__image wp-image-3820\" srcset=\"https:\/\/agora.xtec.cat\/escolavaleriserra\/wp-content\/uploads\/usu714\/2022\/11\/IMG-20221108-WA0010-1024x840.jpg 1024w, https:\/\/agora.xtec.cat\/escolavaleriserra\/wp-content\/uploads\/usu714\/2022\/11\/IMG-20221108-WA0010-300x246.jpg 300w, https:\/\/agora.xtec.cat\/escolavaleriserra\/wp-content\/uploads\/usu714\/2022\/11\/IMG-20221108-WA0010-768x630.jpg 768w, https:\/\/agora.xtec.cat\/escolavaleriserra\/wp-content\/uploads\/usu714\/2022\/11\/IMG-20221108-WA0010-1536x1260.jpg 1536w, https:\/\/agora.xtec.cat\/escolavaleriserra\/wp-content\/uploads\/usu714\/2022\/11\/IMG-20221108-WA0010.jpg 1872w\" sizes=\"auto, (max-width: 1024px) 100vw, 1024px\" \/><\/figure><\/div><\/div><\/div>\n","protected":false},"excerpt":{"rendered":"<p>L\u2019Escola Valeri Serra \u00e9s l\u2019escola p\u00fablica del municipi de Bellpuig i constitueix un referent educatiu per a la comunitat local. El seu edifici actual es va construir l\u2019any 1984, en un moment de creixement i consolidaci\u00f3 dels serveis educatius al municipi, amb l\u2019objectiu de donar resposta a les necessitats formatives de l\u2019alumnat de la zona. [&hellip;]<\/p>\n","protected":false},"author":1,"featured_media":0,"parent":0,"menu_order":0,"comment_status":"closed","ping_status":"closed","template":"","meta":{"_bbp_topic_count":0,"_bbp_reply_count":0,"_bbp_total_topic_count":0,"_bbp_total_reply_count":0,"_bbp_voice_count":0,"_bbp_anonymous_reply_count":0,"_bbp_topic_count_hidden":0,"_bbp_reply_count_hidden":0,"_bbp_forum_subforum_count":0,"site-sidebar-layout":"default","site-content-layout":"","ast-site-content-layout":"default","site-content-style":"default","site-sidebar-style":"default","ast-global-header-display":"","ast-banner-title-visibility":"","ast-main-header-display":"","ast-hfb-above-header-display":"","ast-hfb-below-header-display":"","ast-hfb-mobile-header-display":"","site-post-title":"","ast-breadcrumbs-content":"","ast-featured-img":"","footer-sml-layout":"","theme-transparent-header-meta":"","adv-header-id-meta":"","stick-header-meta":"","header-above-stick-meta":"","header-main-stick-meta":"","header-below-stick-meta":"","astra-migrate-meta-layouts":"set","ast-page-background-enabled":"default","ast-page-background-meta":{"desktop":{"background-color":"var(--ast-global-color-4)","background-image":"","background-repeat":"repeat","background-position":"center center","background-size":"auto","background-attachment":"scroll","background-type":"","background-media":"","overlay-type":"","overlay-color":"","overlay-opacity":"","overlay-gradient":""},"tablet":{"background-color":"","background-image":"","background-repeat":"repeat","background-position":"center center","background-size":"auto","background-attachment":"scroll","background-type":"","background-media":"","overlay-type":"","overlay-color":"","overlay-opacity":"","overlay-gradient":""},"mobile":{"background-color":"","background-image":"","background-repeat":"repeat","background-position":"center center","background-size":"auto","background-attachment":"scroll","background-type":"","background-media":"","overlay-type":"","overlay-color":"","overlay-opacity":"","overlay-gradient":""}},"ast-content-background-meta":{"desktop":{"background-color":"var(--ast-global-color-5)","background-image":"","background-repeat":"repeat","background-position":"center center","background-size":"auto","background-attachment":"scroll","background-type":"","background-media":"","overlay-type":"","overlay-color":"","overlay-opacity":"","overlay-gradient":""},"tablet":{"background-color":"var(--ast-global-color-5)","background-image":"","background-repeat":"repeat","background-position":"center center","background-size":"auto","background-attachment":"scroll","background-type":"","background-media":"","overlay-type":"","overlay-color":"","overlay-opacity":"","overlay-gradient":""},"mobile":{"background-color":"var(--ast-global-color-5)","background-image":"","background-repeat":"repeat","background-position":"center center","background-size":"auto","background-attachment":"scroll","background-type":"","background-media":"","overlay-type":"","overlay-color":"","overlay-opacity":"","overlay-gradient":""}},"footnotes":""},"class_list":["post-22","page","type-page","status-publish","hentry"],"post_mailing_queue_ids":[],"_links":{"self":[{"href":"https:\/\/agora.xtec.cat\/escolavaleriserra\/wp-json\/wp\/v2\/pages\/22","targetHints":{"allow":["GET"]}}],"collection":[{"href":"https:\/\/agora.xtec.cat\/escolavaleriserra\/wp-json\/wp\/v2\/pages"}],"about":[{"href":"https:\/\/agora.xtec.cat\/escolavaleriserra\/wp-json\/wp\/v2\/types\/page"}],"author":[{"embeddable":true,"href":"https:\/\/agora.xtec.cat\/escolavaleriserra\/wp-json\/wp\/v2\/users\/1"}],"replies":[{"embeddable":true,"href":"https:\/\/agora.xtec.cat\/escolavaleriserra\/wp-json\/wp\/v2\/comments?post=22"}],"version-history":[{"count":6,"href":"https:\/\/agora.xtec.cat\/escolavaleriserra\/wp-json\/wp\/v2\/pages\/22\/revisions"}],"predecessor-version":[{"id":4087,"href":"https:\/\/agora.xtec.cat\/escolavaleriserra\/wp-json\/wp\/v2\/pages\/22\/revisions\/4087"}],"wp:attachment":[{"href":"https:\/\/agora.xtec.cat\/escolavaleriserra\/wp-json\/wp\/v2\/media?parent=22"}],"curies":[{"name":"wp","href":"https:\/\/api.w.org\/{rel}","templated":true}]}}