{"id":3995,"date":"2025-02-13T12:47:07","date_gmt":"2025-02-13T11:47:07","guid":{"rendered":"https:\/\/agora.xtec.cat\/escolaturodeldrac\/?page_id=3995"},"modified":"2025-02-13T12:47:08","modified_gmt":"2025-02-13T11:47:08","slug":"instagram","status":"publish","type":"page","link":"https:\/\/agora.xtec.cat\/escolaturodeldrac\/instagram\/","title":{"rendered":"Instagram"},"content":{"rendered":"<div class=\"wp-block-getwid-instagram\">\n            <div class=\"wp-block-getwid-instagram__wrapper has-3-columns\">\n                <div class=\"wp-block-getwid-instagram__item\">\n\t<div class=\"wp-block-getwid-instagram__media-wrapper\">\n\t\t<a class=\"wp-block-getwid-instagram__media-link\" target=\"_blank\" href=\"https:\/\/www.instagram.com\/p\/DXFQYojDGJY\/\">\n\t\t\t\t\t\t\t<img decoding=\"async\" class=\"wp-block-getwid-instagram__media\" src=\"https:\/\/scontent-lhr8-2.cdninstagram.com\/v\/t51.82787-15\/669727232_17998710614923934_5774840216340198218_n.jpg?stp=dst-jpg_e35_tt6&#038;_nc_cat=101&#038;ccb=7-5&#038;_nc_sid=18de74&#038;efg=eyJlZmdfdGFnIjoiQ0FST1VTRUxfSVRFTS5iZXN0X2ltYWdlX3VybGdlbi5DMyJ9&#038;_nc_ohc=Rc_Yo5kX7a0Q7kNvwE_QAbz&#038;_nc_oc=AdpoOx-OS8z6trk6QJb-KzdL7rXo0XrMp5pMmGg0k9ubgRXsCX-ihit3o4Drv7Gz4I8&#038;_nc_zt=23&#038;_nc_ht=scontent-lhr8-2.cdninstagram.com&#038;edm=ANo9K5cEAAAA&#038;_nc_gid=IceXWXhH5_JCMsheK3bdpA&#038;_nc_tpa=Q5bMBQHK6N8Pjhw2yTh0JOiWttNfbF9B4yFDykXE7vIr6wrJtuYW21HOy7FraejDC5n0H72aGE3LWEKqAg&#038;oh=00_Af2Nu6-KJMXiWFes6kDnCO0HWx0DqleWRvqQO8pcFSRQLA&#038;oe=69E53EB7\" alt=\"A I4 fem tasques de grafismes de la Primavera.\"\/>\n\t\t\t\t\t<\/a>\n\t<\/div>\n<\/div><div class=\"wp-block-getwid-instagram__item\">\n\t<div class=\"wp-block-getwid-instagram__media-wrapper\">\n\t\t<a class=\"wp-block-getwid-instagram__media-link\" target=\"_blank\" href=\"https:\/\/www.instagram.com\/p\/DW9Q84WjNda\/\">\n\t\t\t\t\t\t\t<img decoding=\"async\" class=\"wp-block-getwid-instagram__media\" src=\"https:\/\/scontent-lhr6-2.cdninstagram.com\/v\/t51.82787-15\/663122242_17998345559923934_3800861703718422844_n.jpg?stp=dst-jpg_e35_tt6&#038;_nc_cat=100&#038;ccb=7-5&#038;_nc_sid=18de74&#038;efg=eyJlZmdfdGFnIjoiQ0FST1VTRUxfSVRFTS5iZXN0X2ltYWdlX3VybGdlbi5DMyJ9&#038;_nc_ohc=2QHNZG0iBnIQ7kNvwF8wI3w&#038;_nc_oc=Ado2zb7Yc4j6W-1QHXazxXpKQ8hPI6sbtw1WPRjPHm4_nLlfALekmB6tqSApOqo1SZc&#038;_nc_zt=23&#038;_nc_ht=scontent-lhr6-2.cdninstagram.com&#038;edm=ANo9K5cEAAAA&#038;_nc_gid=IceXWXhH5_JCMsheK3bdpA&#038;_nc_tpa=Q5bMBQGRzj9OBnXta3byqh4m_gJPUvFPholsbOdKOeWWfPY2JfKJRpXn_DPHTMFzn2_3xV7s0q7k2TvZTw&#038;oh=00_Af03X0CaDq1KltCvJa6Nycz-Yj_lxEw3HMilwg9KYpYuDg&#038;oe=69E53826\" alt=\"A infantil iniciem l\u2019ambient del c\u00e0mping i supermercat amb molta il.lusi\u00f3!\"\/>\n\t\t\t\t\t<\/a>\n\t<\/div>\n<\/div><div class=\"wp-block-getwid-instagram__item\">\n\t<div class=\"wp-block-getwid-instagram__media-wrapper\">\n\t\t<a class=\"wp-block-getwid-instagram__media-link\" target=\"_blank\" href=\"https:\/\/www.instagram.com\/p\/DW8hn-BjI4Y\/\">\n\t\t\t\t\t\t\t<img decoding=\"async\" class=\"wp-block-getwid-instagram__media\" src=\"https:\/\/scontent-lhr8-1.cdninstagram.com\/v\/t51.82787-15\/670714388_17998305278923934_4704444591126844045_n.jpg?stp=dst-jpg_e35_tt6&#038;_nc_cat=107&#038;ccb=7-5&#038;_nc_sid=18de74&#038;efg=eyJlZmdfdGFnIjoiQ0FST1VTRUxfSVRFTS5iZXN0X2ltYWdlX3VybGdlbi5DMyJ9&#038;_nc_ohc=cYfeDXMcI0kQ7kNvwHaY3Do&#038;_nc_oc=Adr-QjY0bMWZEP2Wh6RV70BE20wRdPEIRp7SaqCLPF9Ya6gN7ckxs3gXTlx7XTZjcs4&#038;_nc_zt=23&#038;_nc_ht=scontent-lhr8-1.cdninstagram.com&#038;edm=ANo9K5cEAAAA&#038;_nc_gid=IceXWXhH5_JCMsheK3bdpA&#038;_nc_tpa=Q5bMBQGanR7tS5HkTG74nzVfptKy4awc3mnHEMkEUT_C-Vvmhh1bfqeJDDpZv_8w4xlsJolhD0PkQDyvTw&#038;oh=00_Af3iqtkDZjMC6aYT_5JvNTR7Kv_ybC5gw4ayokz7OCH0tA&#038;oe=69E54905\" alt=\"\u00daltimes hores, tot apunt! Avui tamb\u00e9 amb un sol espl\u00e8ndit!\"\/>\n\t\t\t\t\t<\/a>\n\t<\/div>\n<\/div><div class=\"wp-block-getwid-instagram__item\">\n\t<div class=\"wp-block-getwid-instagram__media-wrapper\">\n\t\t<a class=\"wp-block-getwid-instagram__media-link\" target=\"_blank\" href=\"https:\/\/www.instagram.com\/p\/DW6r5J3DLQR\/\">\n\t\t\t\t\t\t\t<img decoding=\"async\" class=\"wp-block-getwid-instagram__media\" src=\"https:\/\/scontent-lhr6-1.cdninstagram.com\/v\/t51.82787-15\/669786249_17998226237923934_7305199193196659928_n.jpg?stp=dst-jpg_e35_tt6&#038;_nc_cat=109&#038;ccb=7-5&#038;_nc_sid=18de74&#038;efg=eyJlZmdfdGFnIjoiQ0FST1VTRUxfSVRFTS5iZXN0X2ltYWdlX3VybGdlbi5DMyJ9&#038;_nc_ohc=I8WThLK2LrMQ7kNvwFUSwWa&#038;_nc_oc=Adq8jRuJc91o6ckJHJwA4vk3Pn3mmmrAtmJ5alSQPlO9LJCHc5xW9LYMulMRARc-eHk&#038;_nc_zt=23&#038;_nc_ht=scontent-lhr6-1.cdninstagram.com&#038;edm=ANo9K5cEAAAA&#038;_nc_gid=IceXWXhH5_JCMsheK3bdpA&#038;_nc_tpa=Q5bMBQEB7E8PC6OUW3MI88ehU6Vuq95T3E8pk-DnCRlZyssqtOCwq75X-d-tD4dELXBGrAPGP5oLBU3d-g&#038;oh=00_Af134D54wwD4hevZFcjC2NGEL6-bu9AtT29WcjFc39rYtw&#038;oe=69E54F77\" alt=\"I des de les col\u00f2nies amb un temps magn\u00edfic, avui passeig a dalt d\u2019un cavall.\"\/>\n\t\t\t\t\t<\/a>\n\t<\/div>\n<\/div><div class=\"wp-block-getwid-instagram__item\">\n\t<div class=\"wp-block-getwid-instagram__media-wrapper\">\n\t\t<a class=\"wp-block-getwid-instagram__media-link\" target=\"_blank\" href=\"https:\/\/www.instagram.com\/p\/DW6ocLIDDqL\/\">\n\t\t\t\t\t\t\t<img decoding=\"async\" class=\"wp-block-getwid-instagram__media\" src=\"https:\/\/scontent-lhr6-1.cdninstagram.com\/v\/t51.82787-15\/668914744_17998222988923934_6423722235761292335_n.jpg?stp=dst-jpg_e35_tt6&#038;_nc_cat=110&#038;ccb=7-5&#038;_nc_sid=18de74&#038;efg=eyJlZmdfdGFnIjoiQ0FST1VTRUxfSVRFTS5iZXN0X2ltYWdlX3VybGdlbi5DMyJ9&#038;_nc_ohc=VlunWVYUeycQ7kNvwG3KgpQ&#038;_nc_oc=AdpSKh3R29UzuQ2OEM6XGhAuQ-mmiux9EWsBwKjiV-W10-ibVWa-hg9cCKGuia3RlQ0&#038;_nc_zt=23&#038;_nc_ht=scontent-lhr6-1.cdninstagram.com&#038;edm=ANo9K5cEAAAA&#038;_nc_gid=IceXWXhH5_JCMsheK3bdpA&#038;_nc_tpa=Q5bMBQHB5D8a_FbVfSn3v8BE6LHvhxvE9vO8klbmO7KFS5uEQ2R5fn_yMbuvG4Kn6OvehwSXY5xQ_sFDPw&#038;oh=00_Af2pPHD7lKcGBTmSMCcUvrIODbC2fBHRdmihzp1W81238g&#038;oe=69E54EFD\" alt=\"I3 amb els Tale bots fem l\u00ednies rectes verticals i despr\u00e9s creem flora amb gomets\"\/>\n\t\t\t\t\t<\/a>\n\t<\/div>\n<\/div><div class=\"wp-block-getwid-instagram__item\">\n\t<div class=\"wp-block-getwid-instagram__media-wrapper\">\n\t\t<a class=\"wp-block-getwid-instagram__media-link\" target=\"_blank\" href=\"https:\/\/www.instagram.com\/p\/DW4i_zgDNgg\/\">\n\t\t\t\t\t\t\t<img decoding=\"async\" class=\"wp-block-getwid-instagram__media\" src=\"https:\/\/scontent-lhr6-1.cdninstagram.com\/v\/t51.82787-15\/669674744_17998130174923934_458211101634049660_n.jpg?stp=dst-jpg_e35_tt6&#038;_nc_cat=110&#038;ccb=7-5&#038;_nc_sid=18de74&#038;efg=eyJlZmdfdGFnIjoiQ0FST1VTRUxfSVRFTS5iZXN0X2ltYWdlX3VybGdlbi5DMyJ9&#038;_nc_ohc=rrYbmYKlC5MQ7kNvwGMz6Ma&#038;_nc_oc=AdoMA3qY-AVG3CjoBuAHyKAtNIq9ubpGlfnNd0dN311TFWjx5bW7X-m4wD0rMVUtgJY&#038;_nc_zt=23&#038;_nc_ht=scontent-lhr6-1.cdninstagram.com&#038;edm=ANo9K5cEAAAA&#038;_nc_gid=IceXWXhH5_JCMsheK3bdpA&#038;_nc_tpa=Q5bMBQHLSoaurVzLaJ-IiPLw5WpqCYnrrHuaEqs8lFdgwRZRBDuUeUZ9CV-1BU_PddLZ6d-8joxdz5-a0g&#038;oh=00_Af16RBUsxypPV7dbYQNamrceq4s05aUasK3wvJ5AWdBJmg&#038;oe=69E555B7\" alt=\"Magn\u00edfic primer dia de col\u00f2nies!\"\/>\n\t\t\t\t\t<\/a>\n\t<\/div>\n<\/div><\/div>\n        <\/div>","protected":false},"excerpt":{"rendered":"","protected":false},"author":5,"featured_media":0,"parent":0,"menu_order":0,"comment_status":"closed","ping_status":"close","template":"","meta":{"_bbp_topic_count":0,"_bbp_reply_count":0,"_bbp_total_topic_count":0,"_bbp_total_reply_count":0,"_bbp_voice_count":0,"_bbp_anonymous_reply_count":0,"_bbp_topic_count_hidden":0,"_bbp_reply_count_hidden":0,"_bbp_forum_subforum_count":0,"site-sidebar-layout":"default","site-content-layout":"","ast-site-content-layout":"default","site-content-style":"default","site-sidebar-style":"default","ast-global-header-display":"","ast-banner-title-visibility":"","ast-main-header-display":"","ast-hfb-above-header-display":"","ast-hfb-below-header-display":"","ast-hfb-mobile-header-display":"","site-post-title":"","ast-breadcrumbs-content":"","ast-featured-img":"","footer-sml-layout":"","theme-transparent-header-meta":"","adv-header-id-meta":"","stick-header-meta":"","header-above-stick-meta":"","header-main-stick-meta":"","header-below-stick-meta":"","astra-migrate-meta-layouts":"set","ast-page-background-enabled":"default","ast-page-background-meta":{"desktop":{"background-color":"var(--ast-global-color-4)","background-image":"","background-repeat":"repeat","background-position":"center center","background-size":"auto","background-attachment":"scroll","background-type":"","background-media":"","overlay-type":"","overlay-color":"","overlay-opacity":"","overlay-gradient":""},"tablet":{"background-color":"","background-image":"","background-repeat":"repeat","background-position":"center center","background-size":"auto","background-attachment":"scroll","background-type":"","background-media":"","overlay-type":"","overlay-color":"","overlay-opacity":"","overlay-gradient":""},"mobile":{"background-color":"","background-image":"","background-repeat":"repeat","background-position":"center center","background-size":"auto","background-attachment":"scroll","background-type":"","background-media":"","overlay-type":"","overlay-color":"","overlay-opacity":"","overlay-gradient":""}},"ast-content-background-meta":{"desktop":{"background-color":"var(--ast-global-color-5)","background-image":"","background-repeat":"repeat","background-position":"center center","background-size":"auto","background-attachment":"scroll","background-type":"","background-media":"","overlay-type":"","overlay-color":"","overlay-opacity":"","overlay-gradient":""},"tablet":{"background-color":"var(--ast-global-color-5)","background-image":"","background-repeat":"repeat","background-position":"center center","background-size":"auto","background-attachment":"scroll","background-type":"","background-media":"","overlay-type":"","overlay-color":"","overlay-opacity":"","overlay-gradient":""},"mobile":{"background-color":"var(--ast-global-color-5)","background-image":"","background-repeat":"repeat","background-position":"center center","background-size":"auto","background-attachment":"scroll","background-type":"","background-media":"","overlay-type":"","overlay-color":"","overlay-opacity":"","overlay-gradient":""}},"footnotes":""},"class_list":["post-3995","page","type-page","status-publish","hentry"],"post_mailing_queue_ids":[],"_links":{"self":[{"href":"https:\/\/agora.xtec.cat\/escolaturodeldrac\/wp-json\/wp\/v2\/pages\/3995","targetHints":{"allow":["GET"]}}],"collection":[{"href":"https:\/\/agora.xtec.cat\/escolaturodeldrac\/wp-json\/wp\/v2\/pages"}],"about":[{"href":"https:\/\/agora.xtec.cat\/escolaturodeldrac\/wp-json\/wp\/v2\/types\/page"}],"author":[{"embeddable":true,"href":"https:\/\/agora.xtec.cat\/escolaturodeldrac\/wp-json\/wp\/v2\/users\/5"}],"replies":[{"embeddable":true,"href":"https:\/\/agora.xtec.cat\/escolaturodeldrac\/wp-json\/wp\/v2\/comments?post=3995"}],"version-history":[{"count":1,"href":"https:\/\/agora.xtec.cat\/escolaturodeldrac\/wp-json\/wp\/v2\/pages\/3995\/revisions"}],"predecessor-version":[{"id":3996,"href":"https:\/\/agora.xtec.cat\/escolaturodeldrac\/wp-json\/wp\/v2\/pages\/3995\/revisions\/3996"}],"wp:attachment":[{"href":"https:\/\/agora.xtec.cat\/escolaturodeldrac\/wp-json\/wp\/v2\/media?parent=3995"}],"curies":[{"name":"wp","href":"https:\/\/api.w.org\/{rel}","templated":true}]}}