{"id":3920,"date":"2025-02-10T13:33:28","date_gmt":"2025-02-10T12:33:28","guid":{"rendered":"https:\/\/agora.xtec.cat\/escolaturodeldrac\/?page_id=3920"},"modified":"2025-03-10T17:19:44","modified_gmt":"2025-03-10T16:19:44","slug":"projectes","status":"publish","type":"page","link":"https:\/\/agora.xtec.cat\/escolaturodeldrac\/projectes\/","title":{"rendered":"Projectes de Centre"},"content":{"rendered":"\n<p>A la nostra escola, fomentem un aprenentatge actiu i significatiu a trav\u00e9s de projectes interdisciplinaris que desperten la curiositat i la creativitat dels infants. Cada projecte est\u00e0 dissenyat per desenvolupar habilitats clau com el treball en equip, la investigaci\u00f3, el pensament cr\u00edtic i la comunicaci\u00f3.<\/p>\n\n\n\n<div class=\"wp-block-getwid-tabs alignwide has-layout-horizontal-center alignwide\" data-active-tab=\"none\"><ul class=\"wp-block-getwid-tabs__nav-links\"><\/ul>\n<div class=\"wp-block-getwid-tabs__nav-link\"><h6 class=\"wp-block-getwid-tabs__title-wrapper\"><a href=\"#\"><span class=\"wp-block-getwid-tabs__title\">Projecte TEI<\/span><\/a><\/h6><\/div><div class=\"wp-block-getwid-tabs__tab-content-wrapper\"><div class=\"wp-block-getwid-tabs__tab-content\">\n<div class=\"wp-block-group is-layout-constrained wp-block-group-is-layout-constrained\">\n<p>\u00c9s un programa de conviv\u00e8ncia per a la&nbsp;<strong>prevenci\u00f3 de la viol\u00e8ncia<\/strong>&nbsp;i l&#8217;&nbsp;<strong>assetjament escolar<\/strong>&nbsp;.<\/p>\n\n\n\n<p>Est\u00e0 basat en la&nbsp;<strong>tutoritzaci\u00f3 emocional entre iguals<\/strong>&nbsp;, l&#8217;alumnat m\u00e9s gran (dos anys) tutoritza emocionalment els seus companys de dos cursos m\u00e9s petits.<\/p>\n\n\n\n<p>Implica&nbsp;<strong>totes les etapes educatives:<\/strong> Educaci\u00f3 Infantil, Prim\u00e0ria, Secund\u00e0ria i Cicles formatius.<\/p>\n\n\n\n<p>Es desenvolupa a partir de la idea original de l&#8217;autor&nbsp;<strong>Andr\u00e9s Gonz\u00e1lez Bellido<\/strong>&nbsp;a finals dels anys 90 i la seva implementaci\u00f3 a centres educatius a partir del curs 2002\/03.<\/p>\n\n\n\n<p>Actualment, \u00e9s el programa de conviv\u00e8ncia de&nbsp;<strong>m\u00e9s implementaci\u00f3<\/strong>&nbsp;en centres educatius a Espanya i un dels primers a nivell mundial.<\/p>\n\n\n\n<p>Presenta&nbsp;<strong>evid\u00e8ncies cient\u00edfiques<\/strong>&nbsp;de resultats per diverses universitats.<\/p>\n\n\n\n<p><a href=\"https:\/\/www.programatei.com\/#que-es\" data-type=\"link\" data-id=\"https:\/\/www.programatei.com\/#que-es\" target=\"_blank\" rel=\"noreferrer noopener\">Per saber m\u00e9s&#8230;<\/a><\/p>\n<\/div>\n<\/div><\/div>\n\n\n\n<div class=\"wp-block-getwid-tabs__nav-link\"><h6 class=\"wp-block-getwid-tabs__title-wrapper\"><a href=\"#\"><span class=\"wp-block-getwid-tabs__title\">L&#8217;hort del Tur\u00f3<\/span><\/a><\/h6><\/div><div class=\"wp-block-getwid-tabs__tab-content-wrapper\"><div class=\"wp-block-getwid-tabs__tab-content\">\n<p>L&#8217;Escola Tur\u00f3 del Drac des dels seus inicis va implementar un projecte innovador que integra l&#8217;hort escolar com a eina d&#8217;aprenentatge i desenvolupament personal. Aquesta iniciativa no nom\u00e9s fomenta la connexi\u00f3 dels infants amb la natura, sin\u00f3 que tamb\u00e9 promou valors essencials com l&#8217;autonomia, la responsabilitat i el treball en equip.<\/p>\n\n\n\n<figure class=\"wp-block-image aligncenter size-full is-resized has-custom-border is-style-default\"><a href=\"https:\/\/agora.xtec.cat\/escolaturodeldrac\/wp-content\/uploads\/usu958\/2025\/02\/hort.png\"><img loading=\"lazy\" decoding=\"async\" width=\"800\" height=\"1067\" src=\"https:\/\/agora.xtec.cat\/escolaturodeldrac\/wp-content\/uploads\/usu958\/2025\/02\/hort.png\" alt=\"\" class=\"wp-image-3896\" style=\"border-width:9px;border-radius:30px;width:782px;height:auto\" srcset=\"https:\/\/agora.xtec.cat\/escolaturodeldrac\/wp-content\/uploads\/usu958\/2025\/02\/hort.png 800w, https:\/\/agora.xtec.cat\/escolaturodeldrac\/wp-content\/uploads\/usu958\/2025\/02\/hort-225x300.png 225w, https:\/\/agora.xtec.cat\/escolaturodeldrac\/wp-content\/uploads\/usu958\/2025\/02\/hort-768x1024.png 768w\" sizes=\"auto, (max-width: 800px) 100vw, 800px\" \/><\/a><figcaption class=\"wp-element-caption\">L&#8217;hort d&#8217;en Paco<\/figcaption><\/figure>\n<\/div><\/div>\n\n\n\n<div class=\"wp-block-getwid-tabs__nav-link\"><h6 class=\"wp-block-getwid-tabs__title-wrapper\"><a href=\"#\"><span class=\"wp-block-getwid-tabs__title\">Cant\u00e0nia<\/span><\/a><\/h6><\/div><div class=\"wp-block-getwid-tabs__tab-content-wrapper\"><div class=\"wp-block-getwid-tabs__tab-content\">\n<p>Cant\u00e0nia \u00e9s una&nbsp;activitat participativa&nbsp;en la que s\u2019inscriuen escolars de cicle mitj\u00e0 i superior de prim\u00e0ria de Catalunya. Cada any s\u2019estrena una obra encarregada especialment per a aquesta activitat. Els enc\u00e0rrecs, fins a dia d\u2019avui, s\u2019han fet a&nbsp;compositors i escriptors catalans de reconegut prestigi.<\/p>\n\n\n\n<p>Cant\u00e0nia \u00e9s una activitat amb diferents fases d\u2019actuaci\u00f3: sessions de formaci\u00f3 amb el professorat, treball del professorat a la seva aula i concerts finals interpretats per l\u2019alumnat inscrit. \u00c9s un acte que, per les seves caracter\u00edstiques globals, es converteix en una viv\u00e8ncia musical important i inoblidable per a tots.&nbsp;<\/p>\n\n\n\n<figure class=\"wp-block-image size-large\"><img decoding=\"async\" src=\"https:\/\/www.auditori.cat\/wp-content\/uploads\/noticies\/LAuditori_groc.svg\" alt=\"\"\/><\/figure>\n<\/div><\/div>\n\n\n\n<div class=\"wp-block-getwid-tabs__nav-link\"><h6 class=\"wp-block-getwid-tabs__title-wrapper\"><a href=\"#\"><span class=\"wp-block-getwid-tabs__title\">Mengem + fruita<\/span><\/a><\/h6><\/div><div class=\"wp-block-getwid-tabs__tab-content-wrapper\"><div class=\"wp-block-getwid-tabs__tab-content\">\n<p><strong>A&nbsp;LA NOSTRA ESCOLA&nbsp;MENGEM +&nbsp;FRUITA<\/strong><\/p>\n\n\n\n<p><strong>Pla de consum de&nbsp;fruita&nbsp;a&nbsp;les escoles 2024 -25<\/strong><\/p>\n\n\n\n<p>La nostra escola participa, un any&nbsp;m\u00e9s, en el Pla de Consum de&nbsp;Fruita&nbsp;a&nbsp;les escoles amb l\u2019ajuda financera de&nbsp;la Uni\u00f3&nbsp;Europea&nbsp;i&nbsp;la Generalitat de Catalunya.<\/p>\n\n\n\n<p>Aquest Programa consisteix&nbsp;a&nbsp;distribuir gratu\u00eftament&nbsp;fruita&nbsp;i verdura fresca als escolars de centres educatius de Catalunya que ho sol\u00b7licitin.<\/p>\n\n\n\n<p>La finalitat d\u2019aquesta campanya \u00e9s estimular el consum de&nbsp;fruites&nbsp;i verdures i promoure h\u00e0bits alimentaris&nbsp;m\u00e9s&nbsp;saludables.<\/p>\n\n\n\n<p><a href=\"https:\/\/agricultura.gencat.cat\/ca\/ambits\/alimentacio\/promocio-agroalimentaria\/fruita-llet-escoles\/\" target=\"_blank\" rel=\"noreferrer noopener\">Per saber m\u00e9s&#8230;<\/a><\/p>\n<\/div><\/div>\n\n\n\n<div class=\"wp-block-getwid-tabs__nav-link\"><h6 class=\"wp-block-getwid-tabs__title-wrapper\"><a href=\"#\"><span class=\"wp-block-getwid-tabs__title\">Innovamat<\/span><\/a><\/h6><\/div><div class=\"wp-block-getwid-tabs__tab-content-wrapper\"><div class=\"wp-block-getwid-tabs__tab-content\">\n<p>Educaci\u00f3 Infantil: Experimentaci\u00f3, conversa i aprenentatge a trav\u00e9s del joc. <\/p>\n\n\n\n<p>Educaci\u00f3 Prim\u00e0ria: Desenvolupa el coneixement mitjan\u00e7ant la manipulaci\u00f3 i el di\u00e0leg. <\/p>\n\n\n\n<p><a href=\"https:\/\/www.innovamat.com\/familias\/\" target=\"_blank\" rel=\"noreferrer noopener\">Per saber m\u00e9s&#8230;<\/a><\/p>\n<\/div><\/div>\n\n\n\n<div class=\"wp-block-getwid-tabs__nav-link\"><h6 class=\"wp-block-getwid-tabs__title-wrapper\"><a href=\"#\"><span class=\"wp-block-getwid-tabs__title\">Llegim en parella<\/span><\/a><\/h6><\/div><div class=\"wp-block-getwid-tabs__tab-content-wrapper\"><div class=\"wp-block-getwid-tabs__tab-content\">\n<p>L&#8217;Escola Tur\u00f3 del Drac ha posat en marxa el programa &#8220;Llegim en Parella&#8221;, una iniciativa dissenyada per fomentar l&#8217;h\u00e0bit de la lectura entre els alumnes de 2n, 3r i 4t de prim\u00e0ria. Aquest programa no nom\u00e9s promou la lectura, sin\u00f3 que tamb\u00e9 crea un ambient de col\u00b7laboraci\u00f3 i suport entre els alumnes, contribuint al seu desenvolupament personal i acad\u00e8mic.<\/p>\n\n\n\n<figure class=\"wp-block-gallery has-nested-images columns-default is-cropped wp-block-gallery-1 is-layout-flex wp-block-gallery-is-layout-flex\">\n<figure class=\"wp-block-image size-large\"><a href=\"https:\/\/agora.xtec.cat\/escolaturodeldrac\/wp-content\/uploads\/usu958\/2025\/02\/f799b501-cb4a-4392-b16e-5e606c925e86.jpeg\"><img loading=\"lazy\" decoding=\"async\" width=\"768\" height=\"1024\" src=\"https:\/\/agora.xtec.cat\/escolaturodeldrac\/wp-content\/uploads\/usu958\/2025\/02\/f799b501-cb4a-4392-b16e-5e606c925e86-768x1024.jpeg\" alt=\"\" class=\"wp-image-3952\" srcset=\"https:\/\/agora.xtec.cat\/escolaturodeldrac\/wp-content\/uploads\/usu958\/2025\/02\/f799b501-cb4a-4392-b16e-5e606c925e86-768x1024.jpeg 768w, https:\/\/agora.xtec.cat\/escolaturodeldrac\/wp-content\/uploads\/usu958\/2025\/02\/f799b501-cb4a-4392-b16e-5e606c925e86-225x300.jpeg 225w, https:\/\/agora.xtec.cat\/escolaturodeldrac\/wp-content\/uploads\/usu958\/2025\/02\/f799b501-cb4a-4392-b16e-5e606c925e86-1152x1536.jpeg 1152w, https:\/\/agora.xtec.cat\/escolaturodeldrac\/wp-content\/uploads\/usu958\/2025\/02\/f799b501-cb4a-4392-b16e-5e606c925e86.jpeg 1200w\" sizes=\"auto, (max-width: 768px) 100vw, 768px\" \/><\/a><figcaption class=\"wp-element-caption\">Llegim en parella<\/figcaption><\/figure>\n\n\n\n<figure class=\"wp-block-image size-large\"><a href=\"https:\/\/agora.xtec.cat\/escolaturodeldrac\/wp-content\/uploads\/usu958\/2025\/02\/0d0532c5-fa66-434f-b15e-80af8e365e83-1.jpeg\"><img loading=\"lazy\" decoding=\"async\" width=\"768\" height=\"1024\" src=\"https:\/\/agora.xtec.cat\/escolaturodeldrac\/wp-content\/uploads\/usu958\/2025\/02\/0d0532c5-fa66-434f-b15e-80af8e365e83-1-768x1024.jpeg\" alt=\"\" class=\"wp-image-3951\" srcset=\"https:\/\/agora.xtec.cat\/escolaturodeldrac\/wp-content\/uploads\/usu958\/2025\/02\/0d0532c5-fa66-434f-b15e-80af8e365e83-1-768x1024.jpeg 768w, https:\/\/agora.xtec.cat\/escolaturodeldrac\/wp-content\/uploads\/usu958\/2025\/02\/0d0532c5-fa66-434f-b15e-80af8e365e83-1-225x300.jpeg 225w, https:\/\/agora.xtec.cat\/escolaturodeldrac\/wp-content\/uploads\/usu958\/2025\/02\/0d0532c5-fa66-434f-b15e-80af8e365e83-1-1152x1536.jpeg 1152w, https:\/\/agora.xtec.cat\/escolaturodeldrac\/wp-content\/uploads\/usu958\/2025\/02\/0d0532c5-fa66-434f-b15e-80af8e365e83-1.jpeg 1200w\" sizes=\"auto, (max-width: 768px) 100vw, 768px\" \/><\/a><figcaption class=\"wp-element-caption\">Llegim en parella<\/figcaption><\/figure>\n<\/figure>\n<\/div><\/div>\n\n\n\n<div class=\"wp-block-getwid-tabs__nav-link\"><h6 class=\"wp-block-getwid-tabs__title-wrapper\"><a href=\"#\"><span class=\"wp-block-getwid-tabs__title\">Pr\u00e0ctiques restauratives<\/span><\/a><\/h6><\/div><div class=\"wp-block-getwid-tabs__tab-content-wrapper\"><div class=\"wp-block-getwid-tabs__tab-content\">\n<p>(&#8230;) les pr\u00e0ctiques restauratives s\u00f3n un enfocament que busca la reparaci\u00f3 i la construcci\u00f3 de relacions a trav\u00e9s del di\u00e0leg i la participaci\u00f3 activa. Els cercles de di\u00e0leg i els temps de cercle s\u00f3n eines espec\u00edfiques d&#8217;aquesta pr\u00e0ctica.<\/p>\n\n\n\n<p>Podr\u00edem dir que les pr\u00e0ctiques restauratives, estan centrades en la reparaci\u00f3 i la construcci\u00f3 de relacions dins d&#8217;una comunitat, busquen comprendre les necessitats i les preocupacions de les persones involucrades, fomentant la responsabilitat compartida i el respecte mutu.<\/p>\n\n\n\n<p><a href=\"https:\/\/agora.xtec.cat\/escolaturodeldrac\/primaria\/per-que-ens-formem-en-practiques-restauratives-i-comunicacio-no-violenta-cnv\/\" data-type=\"link\" data-id=\"https:\/\/agora.xtec.cat\/escolaturodeldrac\/primaria\/per-que-ens-formem-en-practiques-restauratives-i-comunicacio-no-violenta-cnv\/\">Per saber m\u00e9s&#8230;<\/a><\/p>\n<\/div><\/div>\n\n\n\n<div class=\"wp-block-getwid-tabs__nav-link\"><h6 class=\"wp-block-getwid-tabs__title-wrapper\"><a href=\"#\"><span class=\"wp-block-getwid-tabs__title\">Fem dansa<\/span><\/a><\/h6><\/div><div class=\"wp-block-getwid-tabs__tab-content-wrapper\"><div class=\"wp-block-getwid-tabs__tab-content\">\n<p><\/p>\n\n\n\n<figure class=\"wp-block-image aligncenter size-full\"><a href=\"https:\/\/agora.xtec.cat\/escolaturodeldrac\/wp-content\/uploads\/usu958\/2025\/03\/fem-dansa.jpg\"><img loading=\"lazy\" decoding=\"async\" width=\"492\" height=\"699\" src=\"https:\/\/agora.xtec.cat\/escolaturodeldrac\/wp-content\/uploads\/usu958\/2025\/03\/fem-dansa.jpg\" alt=\"\" class=\"wp-image-4201\" srcset=\"https:\/\/agora.xtec.cat\/escolaturodeldrac\/wp-content\/uploads\/usu958\/2025\/03\/fem-dansa.jpg 492w, https:\/\/agora.xtec.cat\/escolaturodeldrac\/wp-content\/uploads\/usu958\/2025\/03\/fem-dansa-211x300.jpg 211w\" sizes=\"auto, (max-width: 492px) 100vw, 492px\" \/><\/a><\/figure>\n<\/div><\/div>\n\n\n\n<div class=\"wp-block-getwid-tabs__nav-link\"><h6 class=\"wp-block-getwid-tabs__title-wrapper\"><a href=\"#\"><span class=\"wp-block-getwid-tabs__title\">Espais d&#8217;aprenentatge<\/span><\/a><\/h6><\/div><div class=\"wp-block-getwid-tabs__tab-content-wrapper\"><div class=\"wp-block-getwid-tabs__tab-content\">\n<p>Aquesta metodologia consisteix a dissenyar i organitzar entorns que fomentin un aprenentatge m\u00e9s actiu, col\u00b7laboratiu i personalitzat. Es basa en la idea que l\u2019espai on s\u2019apr\u00e8n pot influir significativament en la qualitat de l\u2019aprenentatge mateix.<\/p>\n\n\n\n<p>Estan basats en diferents teories:&nbsp;<strong>l\u2019aprenentatge significatiu<\/strong>, ajuda a promoure que els infants participin activament en el seu proc\u00e9s d\u2019aprenentatge, en comptes de ser receptors passius de la informaci\u00f3.&nbsp;<strong>Les intel\u00b7lig\u00e8ncies m\u00faltiples&nbsp;<\/strong>i&nbsp;<strong>l\u2019aprenentatge personalitzat,&nbsp;<\/strong>cada infant t\u00e9 un estil d\u2019aprenentatge \u00fanic.<\/p>\n\n\n\n<p><a href=\"https:\/\/agora.xtec.cat\/escolaturodeldrac\/general\/que-son-els-espais-daprenentatge\/\">Per saber m\u00e9s&#8230;<\/a><\/p>\n\n\n\n<figure class=\"wp-block-gallery has-nested-images columns-default is-cropped wp-block-gallery-2 is-layout-flex wp-block-gallery-is-layout-flex\">\n<figure class=\"wp-block-image size-large\"><a href=\"https:\/\/agora.xtec.cat\/escolaturodeldrac\/wp-content\/uploads\/usu958\/2025\/02\/image-5.png\"><img loading=\"lazy\" decoding=\"async\" width=\"1000\" height=\"750\" src=\"https:\/\/agora.xtec.cat\/escolaturodeldrac\/wp-content\/uploads\/usu958\/2025\/02\/image-5.png\" alt=\"\" class=\"wp-image-3983\" srcset=\"https:\/\/agora.xtec.cat\/escolaturodeldrac\/wp-content\/uploads\/usu958\/2025\/02\/image-5.png 1000w, https:\/\/agora.xtec.cat\/escolaturodeldrac\/wp-content\/uploads\/usu958\/2025\/02\/image-5-300x225.png 300w, https:\/\/agora.xtec.cat\/escolaturodeldrac\/wp-content\/uploads\/usu958\/2025\/02\/image-5-768x576.png 768w\" sizes=\"auto, (max-width: 1000px) 100vw, 1000px\" \/><\/a><figcaption class=\"wp-element-caption\">Espais biblioteca<\/figcaption><\/figure>\n\n\n\n<figure class=\"wp-block-image size-large\"><a href=\"https:\/\/agora.xtec.cat\/escolaturodeldrac\/wp-content\/uploads\/usu958\/2025\/02\/image-4.png\"><img loading=\"lazy\" decoding=\"async\" width=\"768\" height=\"1024\" src=\"https:\/\/agora.xtec.cat\/escolaturodeldrac\/wp-content\/uploads\/usu958\/2025\/02\/image-4-768x1024.png\" alt=\"\" class=\"wp-image-3982\" srcset=\"https:\/\/agora.xtec.cat\/escolaturodeldrac\/wp-content\/uploads\/usu958\/2025\/02\/image-4-768x1024.png 768w, https:\/\/agora.xtec.cat\/escolaturodeldrac\/wp-content\/uploads\/usu958\/2025\/02\/image-4-225x300.png 225w, https:\/\/agora.xtec.cat\/escolaturodeldrac\/wp-content\/uploads\/usu958\/2025\/02\/image-4.png 1000w\" sizes=\"auto, (max-width: 768px) 100vw, 768px\" \/><\/a><figcaption class=\"wp-element-caption\">Espai cient\u00edfic<\/figcaption><\/figure>\n\n\n\n<figure class=\"wp-block-image size-large\"><a href=\"https:\/\/agora.xtec.cat\/escolaturodeldrac\/wp-content\/uploads\/usu958\/2025\/02\/image-3.png\"><img loading=\"lazy\" decoding=\"async\" width=\"1024\" height=\"768\" src=\"https:\/\/agora.xtec.cat\/escolaturodeldrac\/wp-content\/uploads\/usu958\/2025\/02\/image-3-1024x768.png\" alt=\"\" class=\"wp-image-3981\" srcset=\"https:\/\/agora.xtec.cat\/escolaturodeldrac\/wp-content\/uploads\/usu958\/2025\/02\/image-3-1024x768.png 1024w, https:\/\/agora.xtec.cat\/escolaturodeldrac\/wp-content\/uploads\/usu958\/2025\/02\/image-3-300x225.png 300w, https:\/\/agora.xtec.cat\/escolaturodeldrac\/wp-content\/uploads\/usu958\/2025\/02\/image-3-768x576.png 768w, https:\/\/agora.xtec.cat\/escolaturodeldrac\/wp-content\/uploads\/usu958\/2025\/02\/image-3.png 1200w\" sizes=\"auto, (max-width: 1024px) 100vw, 1024px\" \/><\/a><figcaption class=\"wp-element-caption\">Espai art\u00edstic<\/figcaption><\/figure>\n<\/figure>\n<\/div><\/div>\n<\/div>\n","protected":false},"excerpt":{"rendered":"<p>A la nostra escola, fomentem un aprenentatge actiu i significatiu a trav\u00e9s de projectes interdisciplinaris que desperten la curiositat i [&hellip;]<\/p>\n","protected":false},"author":5,"featured_media":0,"parent":0,"menu_order":0,"comment_status":"closed","ping_status":"close","template":"","meta":{"_bbp_topic_count":0,"_bbp_reply_count":0,"_bbp_total_topic_count":0,"_bbp_total_reply_count":0,"_bbp_voice_count":0,"_bbp_anonymous_reply_count":0,"_bbp_topic_count_hidden":0,"_bbp_reply_count_hidden":0,"_bbp_forum_subforum_count":0,"site-sidebar-layout":"default","site-content-layout":"","ast-site-content-layout":"default","site-content-style":"default","site-sidebar-style":"default","ast-global-header-display":"","ast-banner-title-visibility":"","ast-main-header-display":"","ast-hfb-above-header-display":"","ast-hfb-below-header-display":"","ast-hfb-mobile-header-display":"","site-post-title":"","ast-breadcrumbs-content":"","ast-featured-img":"","footer-sml-layout":"","theme-transparent-header-meta":"","adv-header-id-meta":"","stick-header-meta":"","header-above-stick-meta":"","header-main-stick-meta":"","header-below-stick-meta":"","astra-migrate-meta-layouts":"set","ast-page-background-enabled":"default","ast-page-background-meta":{"desktop":{"background-color":"var(--ast-global-color-4)","background-image":"","background-repeat":"repeat","background-position":"center center","background-size":"auto","background-attachment":"scroll","background-type":"","background-media":"","overlay-type":"","overlay-color":"","overlay-opacity":"","overlay-gradient":""},"tablet":{"background-color":"","background-image":"","background-repeat":"repeat","background-position":"center center","background-size":"auto","background-attachment":"scroll","background-type":"","background-media":"","overlay-type":"","overlay-color":"","overlay-opacity":"","overlay-gradient":""},"mobile":{"background-color":"","background-image":"","background-repeat":"repeat","background-position":"center center","background-size":"auto","background-attachment":"scroll","background-type":"","background-media":"","overlay-type":"","overlay-color":"","overlay-opacity":"","overlay-gradient":""}},"ast-content-background-meta":{"desktop":{"background-color":"var(--ast-global-color-5)","background-image":"","background-repeat":"repeat","background-position":"center center","background-size":"auto","background-attachment":"scroll","background-type":"","background-media":"","overlay-type":"","overlay-color":"","overlay-opacity":"","overlay-gradient":""},"tablet":{"background-color":"var(--ast-global-color-5)","background-image":"","background-repeat":"repeat","background-position":"center center","background-size":"auto","background-attachment":"scroll","background-type":"","background-media":"","overlay-type":"","overlay-color":"","overlay-opacity":"","overlay-gradient":""},"mobile":{"background-color":"var(--ast-global-color-5)","background-image":"","background-repeat":"repeat","background-position":"center center","background-size":"auto","background-attachment":"scroll","background-type":"","background-media":"","overlay-type":"","overlay-color":"","overlay-opacity":"","overlay-gradient":""}},"footnotes":""},"class_list":["post-3920","page","type-page","status-publish","hentry"],"post_mailing_queue_ids":[],"_links":{"self":[{"href":"https:\/\/agora.xtec.cat\/escolaturodeldrac\/wp-json\/wp\/v2\/pages\/3920","targetHints":{"allow":["GET"]}}],"collection":[{"href":"https:\/\/agora.xtec.cat\/escolaturodeldrac\/wp-json\/wp\/v2\/pages"}],"about":[{"href":"https:\/\/agora.xtec.cat\/escolaturodeldrac\/wp-json\/wp\/v2\/types\/page"}],"author":[{"embeddable":true,"href":"https:\/\/agora.xtec.cat\/escolaturodeldrac\/wp-json\/wp\/v2\/users\/5"}],"replies":[{"embeddable":true,"href":"https:\/\/agora.xtec.cat\/escolaturodeldrac\/wp-json\/wp\/v2\/comments?post=3920"}],"version-history":[{"count":6,"href":"https:\/\/agora.xtec.cat\/escolaturodeldrac\/wp-json\/wp\/v2\/pages\/3920\/revisions"}],"predecessor-version":[{"id":4207,"href":"https:\/\/agora.xtec.cat\/escolaturodeldrac\/wp-json\/wp\/v2\/pages\/3920\/revisions\/4207"}],"wp:attachment":[{"href":"https:\/\/agora.xtec.cat\/escolaturodeldrac\/wp-json\/wp\/v2\/media?parent=3920"}],"curies":[{"name":"wp","href":"https:\/\/api.w.org\/{rel}","templated":true}]}}