{"id":3698,"date":"2024-11-14T12:06:59","date_gmt":"2024-11-14T11:06:59","guid":{"rendered":"https:\/\/agora.xtec.cat\/escolaturodeldrac\/?page_id=3698"},"modified":"2026-04-07T09:56:38","modified_gmt":"2026-04-07T07:56:38","slug":"els-podcasts-del-turo-del-drac","status":"publish","type":"page","link":"https:\/\/agora.xtec.cat\/escolaturodeldrac\/els-podcasts-del-turo-del-drac\/","title":{"rendered":"R\u00e0dio i p\u00f2dcasts del Tur\u00f3 del Drac \/ Booktubers del Tur\u00f3"},"content":{"rendered":"\n<div class=\"wp-block-getwid-toggle has-icon-left\">\n<div class=\"wp-block-getwid-toggle__row\"><div class=\"wp-block-getwid-toggle__header-wrapper\"><span class=\"wp-block-getwid-toggle__header\"><a href=\"#\"><span class=\"wp-block-getwid-toggle__header-title\">Booktubers del Tur\u00f3 del Drac (Recomanacions de lectura)<\/span><span class=\"wp-block-getwid-toggle__icon is-active\"><i class=\"fas fa-angle-down\"><\/i><\/span><span class=\"wp-block-getwid-toggle__icon is-passive\"><i class=\"fas fa-angle-up\"><\/i><\/span><\/a><\/span><\/div><div class=\"wp-block-getwid-toggle__content-wrapper\"><div class=\"wp-block-getwid-toggle__content\">\n<p><a href=\"https:\/\/agora.xtec.cat\/escolaturodeldrac\/general\/booktubers-del-turo-del-drac\/\">Booktubers del Tur\u00f3 del Drac 1.0<\/a><\/p>\n\n\n\n<p><a href=\"https:\/\/agora.xtec.cat\/escolaturodeldrac\/general\/booktubers-del-turo-del-drac-1-1\/\">Booktubers del Tur\u00f3 del Drac 1.1<\/a><\/p>\n\n\n\n<p><a href=\"https:\/\/drive.google.com\/file\/d\/1Y5i1TOF1MgWpJAcZrAG54n2nkm73v7IT\/view?usp=sharing\" target=\"_blank\" rel=\"noreferrer noopener\">La mansi\u00f3n de los laberintos<\/a><\/p>\n\n\n\n<p><a href=\"https:\/\/drive.google.com\/file\/d\/1f6ZvXQlYVayCFBUgEQM05S02fyvvoG-h\/view?usp=sharing\" target=\"_blank\" rel=\"noreferrer noopener\">Catastr\u00f2fica visita al zoo<\/a><\/p>\n<\/div><\/div><\/div>\n\n\n\n<div class=\"wp-block-getwid-toggle__row\"><div class=\"wp-block-getwid-toggle__header-wrapper\"><span class=\"wp-block-getwid-toggle__header\"><a href=\"#\"><span class=\"wp-block-getwid-toggle__header-title\">Recomanacions de lectura<\/span><span class=\"wp-block-getwid-toggle__icon is-active\"><i class=\"fas fa-angle-down\"><\/i><\/span><span class=\"wp-block-getwid-toggle__icon is-passive\"><i class=\"fas fa-angle-up\"><\/i><\/span><\/a><\/span><\/div><div class=\"wp-block-getwid-toggle__content-wrapper\"><div class=\"wp-block-getwid-toggle__content\">\n<ul class=\"wp-block-list\">\n<li><a href=\"https:\/\/drive.google.com\/file\/d\/14gUz-4Vh1v4-SiF21C6di1HcC_aWEWMu\/view?usp=sharing\" target=\"_blank\" rel=\"noreferrer noopener\">La carrera m\u00e1s loca del mundo (Ger\u00f3nimo Stilton)<\/a><\/li>\n\n\n\n<li><a href=\"https:\/\/drive.google.com\/file\/d\/1g1yse8puI0aVy18gVzylwSrkFe4bmrj_\/view?usp=sharing\" target=\"_blank\" rel=\"noreferrer noopener\">Un talent monstru\u00f3s (La terrible Ad\u00e8le)<\/a><\/li>\n\n\n\n<li><a href=\"https:\/\/drive.google.com\/file\/d\/1oC2oXYzZHSgRvCbXCeh62LkoKE0MxoCI\/view?usp=sharing\" target=\"_blank\" rel=\"noreferrer noopener\">Xubidubilove (La terrible Ad\u00e8le)<\/a><\/li>\n\n\n\n<li><a href=\"https:\/\/drive.google.com\/file\/d\/1nPkPQi6ZG2ry4Lxo4H8wzSr02yJdbKeL\/view?usp=sharing\" target=\"_blank\" rel=\"noreferrer noopener\">La Terribe Adele &#8211; VOL. 7 SENSE PIETAT AMBIANCE LES PAVINIMIS!<\/a><\/li>\n\n\n\n<li><a href=\"https:\/\/drive.google.com\/file\/d\/1I2-8lfF3aZovyV8tLJA0CooDmdSep3Us\/view?usp=sharing\" target=\"_blank\" rel=\"noreferrer noopener\">LA TERRIBLE ADELE VOL. 5 Que s&#8217;appartint els lletjos! &#8211; Mr Tan K\u00f3mikids<\/a><\/li>\n\n\n\n<li><a href=\"https:\/\/drive.google.com\/file\/d\/1jdQVNr6ZS6Qlz_V9KKGs7wXqDn3KdgGS\/view?usp=sharing\" target=\"_blank\" rel=\"noreferrer noopener\">LA TERRIBLE ADELE VOL. 8 PARES EN VENDA &#8211; Mr Tan K\u00f3mikids<\/a><\/li>\n\n\n\n<li><a href=\"https:\/\/drive.google.com\/file\/d\/1bNqsDyJGnNYhFqZe20jS1F2WJyPl5zpK\/view?usp=sharing\" target=\"_blank\" rel=\"noreferrer noopener\">LA TERRIBLE ADELE AL PA\u00cdS DELS CONTES DE BUFFADES &#8211; Mr Tan K\u00f3mikids<\/a><\/li>\n\n\n\n<li><a href=\"https:\/\/drive.google.com\/file\/d\/1LRRnfIc9uhCjoAUBznqVmd_xEHc2u0eh\/view?usp=sharing\" target=\"_blank\" rel=\"noreferrer noopener\">EL TEMERARIO JACK &#8211; Ben Hatke &#8211; NORMA EDITORIAL<\/a><\/li>\n<\/ul>\n<\/div><\/div><\/div>\n\n\n\n<div class=\"wp-block-getwid-toggle__row\"><div class=\"wp-block-getwid-toggle__header-wrapper\"><span class=\"wp-block-getwid-toggle__header\"><a href=\"#\"><span class=\"wp-block-getwid-toggle__header-title\">R\u00e0dio i p\u00f2dcasts <\/span><span class=\"wp-block-getwid-toggle__icon is-active\"><i class=\"fas fa-angle-down\"><\/i><\/span><span class=\"wp-block-getwid-toggle__icon is-passive\"><i class=\"fas fa-angle-up\"><\/i><\/span><\/a><\/span><\/div><div class=\"wp-block-getwid-toggle__content-wrapper\"><div class=\"wp-block-getwid-toggle__content\">\n<p><strong>Abril 2026<\/strong><\/p>\n\n\n\n<ul class=\"wp-block-list\">\n<li><a href=\"https:\/\/drive.google.com\/file\/d\/1x5_dqw5fTogyAdWWXce4R13IeJWveqHZ\/view?usp=drive_link\" target=\"_blank\" rel=\"noreferrer noopener\">Programa de r\u00e0dio: Els brams del drac<\/a><\/li>\n<\/ul>\n\n\n\n<p><strong>Desembre 2025<\/strong><\/p>\n\n\n\n<ul class=\"wp-block-list\">\n<li><a href=\"https:\/\/drive.google.com\/file\/d\/1hDSfE8il9VJTixlouWcqNR59y4oqPYGq\/view?usp=sharing\" target=\"_blank\" rel=\"noreferrer noopener\">Programa de r\u00e0dio: Els brams del drac<\/a> <\/li>\n<\/ul>\n\n\n\n<p><strong>Juny 2025<\/strong><\/p>\n\n\n\n<ul class=\"wp-block-list\">\n<li><a href=\"http:\/\/Programa de r\u00e0dio: Els brams del drac\" target=\"_blank\" rel=\"noreferrer noopener\">Programa de r\u00e0dio: Els brams del drac <\/a><\/li>\n<\/ul>\n\n\n\n<p><strong>Abril 2025<\/strong><\/p>\n\n\n\n<ul class=\"wp-block-list\">\n<li><a href=\"https:\/\/drive.google.com\/file\/d\/10DLNZmG7RPq0wWHkmCDvDWgiAftszy1t\/view\">Programa de r\u00e0dio: Els brams del drac<\/a><\/li>\n<\/ul>\n\n\n\n<p><strong>Mar\u00e7 2025<\/strong><\/p>\n\n\n\n<ul class=\"wp-block-list\">\n<li><a href=\"https:\/\/drive.google.com\/file\/d\/1FK7nReYvwMIpEVcaqrDrtjviPdEnxez3\/view?usp=sharing\" target=\"_blank\" rel=\"noreferrer noopener\">Dia de les matem\u00e0tiques<\/a><\/li>\n<\/ul>\n\n\n\n<p><strong>Desembre 2024<\/strong><\/p>\n\n\n\n<ul class=\"wp-block-list\">\n<li><a href=\"https:\/\/drive.google.com\/file\/d\/1JHGliekX8GZB6xLso26ZTj5hdwheeb4t\/view\" target=\"_blank\" rel=\"noreferrer noopener\">Programa de r\u00e0dio: \u201cEls brams del drac\u201d<\/a><\/li>\n<\/ul>\n\n\n\n<p><strong>Novembre 2024<\/strong><\/p>\n\n\n\n<ul class=\"wp-block-list\">\n<li><a href=\"https:\/\/drive.google.com\/file\/d\/1vMd1TS2PyEMNygjwMkTK-4RDWN4Fjm0W\/view?usp=sharing\" target=\"_blank\" rel=\"noreferrer noopener\">El Tur\u00f3 del Drac participa en el projecte del Departament d\u2019Educaci\u00f3 \u201cRobots en acci\u00f3\u201d<\/a><\/li>\n<\/ul>\n\n\n\n<p><strong>Altres edicions del probrama \u201cEls brams del drac\u201d<\/strong><\/p>\n\n\n\n<ul class=\"wp-block-list\">\n<li><a href=\"https:\/\/drive.google.com\/file\/d\/1tzitWCqfxTjOVIR0SLf4WKb34e6qWjIm\/view?usp=sharing\" target=\"_blank\" rel=\"noreferrer noopener\">R\u00e0dio: Els brams del drac (Juny \u201924)<\/a><\/li>\n\n\n\n<li><a href=\"https:\/\/drive.google.com\/file\/d\/11zJpi1ebQLJGACQRfGEkJmcPbm7eVwGQ\/view\" target=\"_blank\" rel=\"noreferrer noopener\">R\u00e0dio: Els brams del drac (Mar\u00e7 \u201924)<\/a><\/li>\n\n\n\n<li><a href=\"https:\/\/drive.google.com\/file\/d\/1tOv23fRI1sSa9PpAItA0eDXTWA_hw9f7\/view\" target=\"_blank\" rel=\"noreferrer noopener\">R\u00e0dio: Els brams del drac (Desembre \u201923)<\/a><\/li>\n\n\n\n<li><a href=\"https:\/\/drive.google.com\/file\/d\/1n3-tdbApTvXPux3OxdSFqCMSiOtEG9J1\/view?usp=sharing\" target=\"_blank\" rel=\"noreferrer noopener\">R\u00e0dio: Els brams del drac (Juny \u201923)<\/a><\/li>\n\n\n\n<li><a href=\"https:\/\/drive.google.com\/file\/d\/1-m7sLVnHn0YGA3cws-WSkkH2rM9hcuVU\/view?usp=sharing\" target=\"_blank\" rel=\"noreferrer noopener\">R\u00e0dio: Els brams del drac (Abril \u201923)<\/a><\/li>\n\n\n\n<li><a href=\"https:\/\/drive.google.com\/file\/d\/1QJikLpH4pK0qLlH7BHmteM7dYjhl3Do6\/view?usp=share_link\" target=\"_blank\" rel=\"noreferrer noopener\">R\u00e0dio: Els brams del drac (Desembre \u201922)<\/a><\/li>\n<\/ul>\n<\/div><\/div><\/div>\n<\/div>\n\n\n\n<p><\/p>\n","protected":false},"excerpt":{"rendered":"","protected":false},"author":5,"featured_media":3753,"parent":0,"menu_order":0,"comment_status":"closed","ping_status":"closed","template":"","meta":{"_bbp_topic_count":0,"_bbp_reply_count":0,"_bbp_total_topic_count":0,"_bbp_total_reply_count":0,"_bbp_voice_count":0,"_bbp_anonymous_reply_count":0,"_bbp_topic_count_hidden":0,"_bbp_reply_count_hidden":0,"_bbp_forum_subforum_count":0,"site-sidebar-layout":"default","site-content-layout":"","ast-site-content-layout":"default","site-content-style":"default","site-sidebar-style":"default","ast-global-header-display":"","ast-banner-title-visibility":"","ast-main-header-display":"","ast-hfb-above-header-display":"","ast-hfb-below-header-display":"","ast-hfb-mobile-header-display":"","site-post-title":"","ast-breadcrumbs-content":"","ast-featured-img":"","footer-sml-layout":"","theme-transparent-header-meta":"","adv-header-id-meta":"","stick-header-meta":"","header-above-stick-meta":"","header-main-stick-meta":"","header-below-stick-meta":"","astra-migrate-meta-layouts":"set","ast-page-background-enabled":"default","ast-page-background-meta":{"desktop":{"background-color":"var(--ast-global-color-4)","background-image":"","background-repeat":"repeat","background-position":"center center","background-size":"auto","background-attachment":"scroll","background-type":"","background-media":"","overlay-type":"","overlay-color":"","overlay-opacity":"","overlay-gradient":""},"tablet":{"background-color":"","background-image":"","background-repeat":"repeat","background-position":"center center","background-size":"auto","background-attachment":"scroll","background-type":"","background-media":"","overlay-type":"","overlay-color":"","overlay-opacity":"","overlay-gradient":""},"mobile":{"background-color":"","background-image":"","background-repeat":"repeat","background-position":"center center","background-size":"auto","background-attachment":"scroll","background-type":"","background-media":"","overlay-type":"","overlay-color":"","overlay-opacity":"","overlay-gradient":""}},"ast-content-background-meta":{"desktop":{"background-color":"var(--ast-global-color-5)","background-image":"","background-repeat":"repeat","background-position":"center center","background-size":"auto","background-attachment":"scroll","background-type":"","background-media":"","overlay-type":"","overlay-color":"","overlay-opacity":"","overlay-gradient":""},"tablet":{"background-color":"var(--ast-global-color-5)","background-image":"","background-repeat":"repeat","background-position":"center center","background-size":"auto","background-attachment":"scroll","background-type":"","background-media":"","overlay-type":"","overlay-color":"","overlay-opacity":"","overlay-gradient":""},"mobile":{"background-color":"var(--ast-global-color-5)","background-image":"","background-repeat":"repeat","background-position":"center center","background-size":"auto","background-attachment":"scroll","background-type":"","background-media":"","overlay-type":"","overlay-color":"","overlay-opacity":"","overlay-gradient":""}},"footnotes":""},"class_list":["post-3698","page","type-page","status-publish","has-post-thumbnail","hentry"],"post_mailing_queue_ids":[],"_links":{"self":[{"href":"https:\/\/agora.xtec.cat\/escolaturodeldrac\/wp-json\/wp\/v2\/pages\/3698","targetHints":{"allow":["GET"]}}],"collection":[{"href":"https:\/\/agora.xtec.cat\/escolaturodeldrac\/wp-json\/wp\/v2\/pages"}],"about":[{"href":"https:\/\/agora.xtec.cat\/escolaturodeldrac\/wp-json\/wp\/v2\/types\/page"}],"author":[{"embeddable":true,"href":"https:\/\/agora.xtec.cat\/escolaturodeldrac\/wp-json\/wp\/v2\/users\/5"}],"replies":[{"embeddable":true,"href":"https:\/\/agora.xtec.cat\/escolaturodeldrac\/wp-json\/wp\/v2\/comments?post=3698"}],"version-history":[{"count":6,"href":"https:\/\/agora.xtec.cat\/escolaturodeldrac\/wp-json\/wp\/v2\/pages\/3698\/revisions"}],"predecessor-version":[{"id":4627,"href":"https:\/\/agora.xtec.cat\/escolaturodeldrac\/wp-json\/wp\/v2\/pages\/3698\/revisions\/4627"}],"wp:featuredmedia":[{"embeddable":true,"href":"https:\/\/agora.xtec.cat\/escolaturodeldrac\/wp-json\/wp\/v2\/media\/3753"}],"wp:attachment":[{"href":"https:\/\/agora.xtec.cat\/escolaturodeldrac\/wp-json\/wp\/v2\/media?parent=3698"}],"curies":[{"name":"wp","href":"https:\/\/api.w.org\/{rel}","templated":true}]}}