{"id":359,"date":"2015-11-11T18:39:33","date_gmt":"2015-11-11T17:39:33","guid":{"rendered":"http:\/\/agora.xtec.cat\/escolaturodeldrac\/?page_id=359"},"modified":"2025-12-18T10:05:51","modified_gmt":"2025-12-18T09:05:51","slug":"el-consell-escolar","status":"publish","type":"page","link":"https:\/\/agora.xtec.cat\/escolaturodeldrac\/lescola\/el-consell-escolar\/","title":{"rendered":"Consell Escolar"},"content":{"rendered":"<p><span style=\"text-decoration: underline;\"><strong>Membres del Consell Escolar de l\u2019Escola Tur\u00f3 del Drac (<\/strong><\/span><span style=\"text-decoration: underline;\"><strong>11\/12\/2025)<\/strong><\/span><\/p>\n<p><strong>Direcci\u00f3 del Centre. President\/a:\u00a0<\/strong>M\u00f2nica Mart\u00ednez Dom\u00e8nech<\/p>\n<p><strong>Cap d\u2019Estudis:\u00a0<\/strong>Gemma Rivas Carola<\/p>\n<p><strong>Secret\u00e0ria: <\/strong>Cristina Tur\u00f3n Moreno<\/p>\n<p><strong>Representants sector professorat: <\/strong>Berta Noguera Tenas, Cristina Crusat Fradera, David Montero Pozas, Joana Alabart P\u00e9rez, X\u00e8nia Jim\u00e9nez Vi\u00f1as<\/p>\n<p><strong>Representants dels Pares\/Mares: <\/strong>Francesc Codina Grima, Javier V\u00edlchez Moya, Virginia Granados Casas, Xavier Nieto Beltran<\/p>\n<p><strong>Representant de l\u2019AFA: <\/strong>Helena Diaz Duran<\/p>\n<p><strong>Representant del personal no docent (PAS): <\/strong>Maurina Godino Romero<\/p>\n<p><strong>Representant de l\u2019Ajuntament:\u00a0<\/strong>Rosabel Madrid C\u00e1mara<\/p>\n<p><em>El consell escolar del centre \u00e9s l\u2019\u00f2rgan col\u00b7legiat de participaci\u00f3 de la comunitat escolar en el govern del centre. Corresponen al consell escolar les funcions establertes a la Llei 12\/2009, de 10 de juliol, d\u2019educaci\u00f3. <\/em><\/p>\n<p><em>En el consell escolar hi ha representats tots els col\u00b7lectius que intervenen en la comunitat educativa: director\/a, professorat, alumnat, personal d&#8217;administraci\u00f3 i serveis,&#8230; Tal i com es pot veure representat m\u00e9s amunt.<\/em><\/p>\n<p><em>En els centres p\u00fablics, la funci\u00f3 principal del consell escolar \u00e9s participar en la presa de decisions en relaci\u00f3 amb aquells temes importants per al funcionament i l&#8217;organitzaci\u00f3 del centre: el projecte educatiu, la programaci\u00f3 general, la gesti\u00f3 econ\u00f2mica,&#8230;<\/em><\/p>\n<div><em>Els membres del consell escolar s\u00f3n elegits per un per\u00edode de quatre anys i es renoven per meitats cada dos anys.<\/em><\/div>\n","protected":false},"excerpt":{"rendered":"<p>Membres del Consell Escolar de l\u2019Escola Tur\u00f3 del Drac (11\/12\/2025) Direcci\u00f3 del Centre. President\/a:\u00a0M\u00f2nica Mart\u00ednez Dom\u00e8nech Cap d\u2019Estudis:\u00a0Gemma Rivas Carola [&hellip;]<\/p>\n","protected":false},"author":1,"featured_media":0,"parent":22,"menu_order":0,"comment_status":"closed","ping_status":"closed","template":"","meta":{"_bbp_topic_count":0,"_bbp_reply_count":0,"_bbp_total_topic_count":0,"_bbp_total_reply_count":0,"_bbp_voice_count":0,"_bbp_anonymous_reply_count":0,"_bbp_topic_count_hidden":0,"_bbp_reply_count_hidden":0,"_bbp_forum_subforum_count":0,"site-sidebar-layout":"default","site-content-layout":"","ast-site-content-layout":"default","site-content-style":"default","site-sidebar-style":"default","ast-global-header-display":"","ast-banner-title-visibility":"","ast-main-header-display":"","ast-hfb-above-header-display":"","ast-hfb-below-header-display":"","ast-hfb-mobile-header-display":"","site-post-title":"","ast-breadcrumbs-content":"","ast-featured-img":"","footer-sml-layout":"","theme-transparent-header-meta":"","adv-header-id-meta":"","stick-header-meta":"","header-above-stick-meta":"","header-main-stick-meta":"","header-below-stick-meta":"","astra-migrate-meta-layouts":"set","ast-page-background-enabled":"default","ast-page-background-meta":{"desktop":{"background-color":"var(--ast-global-color-4)","background-image":"","background-repeat":"repeat","background-position":"center center","background-size":"auto","background-attachment":"scroll","background-type":"","background-media":"","overlay-type":"","overlay-color":"","overlay-opacity":"","overlay-gradient":""},"tablet":{"background-color":"","background-image":"","background-repeat":"repeat","background-position":"center center","background-size":"auto","background-attachment":"scroll","background-type":"","background-media":"","overlay-type":"","overlay-color":"","overlay-opacity":"","overlay-gradient":""},"mobile":{"background-color":"","background-image":"","background-repeat":"repeat","background-position":"center center","background-size":"auto","background-attachment":"scroll","background-type":"","background-media":"","overlay-type":"","overlay-color":"","overlay-opacity":"","overlay-gradient":""}},"ast-content-background-meta":{"desktop":{"background-color":"var(--ast-global-color-5)","background-image":"","background-repeat":"repeat","background-position":"center center","background-size":"auto","background-attachment":"scroll","background-type":"","background-media":"","overlay-type":"","overlay-color":"","overlay-opacity":"","overlay-gradient":""},"tablet":{"background-color":"var(--ast-global-color-5)","background-image":"","background-repeat":"repeat","background-position":"center center","background-size":"auto","background-attachment":"scroll","background-type":"","background-media":"","overlay-type":"","overlay-color":"","overlay-opacity":"","overlay-gradient":""},"mobile":{"background-color":"var(--ast-global-color-5)","background-image":"","background-repeat":"repeat","background-position":"center center","background-size":"auto","background-attachment":"scroll","background-type":"","background-media":"","overlay-type":"","overlay-color":"","overlay-opacity":"","overlay-gradient":""}},"footnotes":""},"class_list":["post-359","page","type-page","status-publish","hentry"],"post_mailing_queue_ids":[],"_links":{"self":[{"href":"https:\/\/agora.xtec.cat\/escolaturodeldrac\/wp-json\/wp\/v2\/pages\/359","targetHints":{"allow":["GET"]}}],"collection":[{"href":"https:\/\/agora.xtec.cat\/escolaturodeldrac\/wp-json\/wp\/v2\/pages"}],"about":[{"href":"https:\/\/agora.xtec.cat\/escolaturodeldrac\/wp-json\/wp\/v2\/types\/page"}],"author":[{"embeddable":true,"href":"https:\/\/agora.xtec.cat\/escolaturodeldrac\/wp-json\/wp\/v2\/users\/1"}],"replies":[{"embeddable":true,"href":"https:\/\/agora.xtec.cat\/escolaturodeldrac\/wp-json\/wp\/v2\/comments?post=359"}],"version-history":[{"count":5,"href":"https:\/\/agora.xtec.cat\/escolaturodeldrac\/wp-json\/wp\/v2\/pages\/359\/revisions"}],"predecessor-version":[{"id":4502,"href":"https:\/\/agora.xtec.cat\/escolaturodeldrac\/wp-json\/wp\/v2\/pages\/359\/revisions\/4502"}],"up":[{"embeddable":true,"href":"https:\/\/agora.xtec.cat\/escolaturodeldrac\/wp-json\/wp\/v2\/pages\/22"}],"wp:attachment":[{"href":"https:\/\/agora.xtec.cat\/escolaturodeldrac\/wp-json\/wp\/v2\/media?parent=359"}],"curies":[{"name":"wp","href":"https:\/\/api.w.org\/{rel}","templated":true}]}}