{"id":349,"date":"2015-11-11T18:36:45","date_gmt":"2015-11-11T17:36:45","guid":{"rendered":"http:\/\/agora.xtec.cat\/escolaturodeldrac\/?page_id=349"},"modified":"2022-11-23T17:09:34","modified_gmt":"2022-11-23T16:09:34","slug":"historia","status":"publish","type":"page","link":"https:\/\/agora.xtec.cat\/escolaturodeldrac\/lescola\/historia\/","title":{"rendered":"Hist\u00f2ria"},"content":{"rendered":"<p><a href=\"https:\/\/goo.gl\/photos\/YmpNNYgRvBcXXvt39\" target=\"_blank\" rel=\"noopener noreferrer\">Recull d&#8217;imatges de la construcci\u00f3 de l&#8217;Escola<\/a><\/p>\n<p>L\u2019escola Tur\u00f3 del Drac neix com a desglossament del CEIP Nostra Senyora de la Miseric\u00f2rdia de Canet de Mar. El curs 2006-07 un grup de mestres de l\u2019escola Miseric\u00f2rdia va encetar un debat pedag\u00f2gic per establir les bases del nou centre que quedarien reflectides en el \u00a0Projecte Educatiu (PEC).<\/p>\n<p>Com a centre docent de nova creaci\u00f3 hem de donar resposta a les noves exig\u00e8ncies socials i educatives, que impliquen un notable canvi en l\u2019organitzaci\u00f3 i en la gesti\u00f3 dels centres i en les estrat\u00e8gies metodol\u00f2giques.<\/p>\n<p>Al nostre centre considerem que la finalitat de l\u2019educaci\u00f3 \u00e9s contribuir al desenvolupament emocional i afectiu, f\u00edsic i motor, social i cognitiu dels infants amb col\u00b7laboraci\u00f3 amb les seves fam\u00edlies, proporcionant-los un clima i entorn de confian\u00e7a on es sentin acollits i que generin expectatives d\u2019aprenentatge.<\/p>\n<p>Per tal d\u2019aconseguir que els nois i les noies adquireixin les eines necess\u00e0ries per entendre el m\u00f3n en qu\u00e8 viuen i posin les bases perqu\u00e8 esdevinguin persones capaces d\u2019intervenir activament en la societat en continu canvi que els tocar\u00e0 viure en el futur, treballem per compet\u00e8ncies. Volem que els nostres alumnes es converteixin en persones felices, responsables, aut\u00f2nomes i integrades socialment.<\/p>\n<p>L\u2019escola Tur\u00f3 del Drac de Canet de Mar \u00e9s un centre de doble l\u00ednia de nova creaci\u00f3 que es va posar en funcionament el curs 2007-08.<\/p>\n<p>Durant el curs 2007-08, l\u2019escola va estar ubicada provisionalment en m\u00f2duls prefabricats en les depend\u00e8ncies de l\u2019edifici municipal del Centre Social i Cultural Vil.la Flora.<\/p>\n<p>El curs 2008-09 \u00a0vam inaugurar el nou edifici de doble l\u00ednia: sis del segon cicle d\u2019Educaci\u00f3 Infantil i sis de Prim\u00e0ria (un grup per cada nivell).<\/p>\n<p>Actualment, el curs 22 &#8211; 23, l&#8217;escola t\u00e9 6 grups d&#8217;educaci\u00f3 infantil i 12 grups d&#8217;educaci\u00f3 prim\u00e0ria amb 444 alumnes.<\/p>\n","protected":false},"excerpt":{"rendered":"<p>Recull d&#8217;imatges de la construcci\u00f3 de l&#8217;Escola L\u2019escola Tur\u00f3 del Drac neix com a desglossament del CEIP Nostra Senyora de [&hellip;]<\/p>\n","protected":false},"author":1,"featured_media":0,"parent":22,"menu_order":0,"comment_status":"closed","ping_status":"closed","template":"","meta":{"_bbp_topic_count":0,"_bbp_reply_count":0,"_bbp_total_topic_count":0,"_bbp_total_reply_count":0,"_bbp_voice_count":0,"_bbp_anonymous_reply_count":0,"_bbp_topic_count_hidden":0,"_bbp_reply_count_hidden":0,"_bbp_forum_subforum_count":0,"site-sidebar-layout":"default","site-content-layout":"","ast-site-content-layout":"","site-content-style":"default","site-sidebar-style":"default","ast-global-header-display":"","ast-banner-title-visibility":"","ast-main-header-display":"","ast-hfb-above-header-display":"","ast-hfb-below-header-display":"","ast-hfb-mobile-header-display":"","site-post-title":"","ast-breadcrumbs-content":"","ast-featured-img":"","footer-sml-layout":"","theme-transparent-header-meta":"","adv-header-id-meta":"","stick-header-meta":"","header-above-stick-meta":"","header-main-stick-meta":"","header-below-stick-meta":"","astra-migrate-meta-layouts":"default","ast-page-background-enabled":"default","ast-page-background-meta":{"desktop":{"background-color":"var(--ast-global-color-4)","background-image":"","background-repeat":"repeat","background-position":"center center","background-size":"auto","background-attachment":"scroll","background-type":"","background-media":"","overlay-type":"","overlay-color":"","overlay-opacity":"","overlay-gradient":""},"tablet":{"background-color":"","background-image":"","background-repeat":"repeat","background-position":"center center","background-size":"auto","background-attachment":"scroll","background-type":"","background-media":"","overlay-type":"","overlay-color":"","overlay-opacity":"","overlay-gradient":""},"mobile":{"background-color":"","background-image":"","background-repeat":"repeat","background-position":"center center","background-size":"auto","background-attachment":"scroll","background-type":"","background-media":"","overlay-type":"","overlay-color":"","overlay-opacity":"","overlay-gradient":""}},"ast-content-background-meta":{"desktop":{"background-color":"var(--ast-global-color-5)","background-image":"","background-repeat":"repeat","background-position":"center center","background-size":"auto","background-attachment":"scroll","background-type":"","background-media":"","overlay-type":"","overlay-color":"","overlay-opacity":"","overlay-gradient":""},"tablet":{"background-color":"var(--ast-global-color-5)","background-image":"","background-repeat":"repeat","background-position":"center center","background-size":"auto","background-attachment":"scroll","background-type":"","background-media":"","overlay-type":"","overlay-color":"","overlay-opacity":"","overlay-gradient":""},"mobile":{"background-color":"var(--ast-global-color-5)","background-image":"","background-repeat":"repeat","background-position":"center center","background-size":"auto","background-attachment":"scroll","background-type":"","background-media":"","overlay-type":"","overlay-color":"","overlay-opacity":"","overlay-gradient":""}},"footnotes":""},"class_list":["post-349","page","type-page","status-publish","hentry"],"post_mailing_queue_ids":[],"_links":{"self":[{"href":"https:\/\/agora.xtec.cat\/escolaturodeldrac\/wp-json\/wp\/v2\/pages\/349","targetHints":{"allow":["GET"]}}],"collection":[{"href":"https:\/\/agora.xtec.cat\/escolaturodeldrac\/wp-json\/wp\/v2\/pages"}],"about":[{"href":"https:\/\/agora.xtec.cat\/escolaturodeldrac\/wp-json\/wp\/v2\/types\/page"}],"author":[{"embeddable":true,"href":"https:\/\/agora.xtec.cat\/escolaturodeldrac\/wp-json\/wp\/v2\/users\/1"}],"replies":[{"embeddable":true,"href":"https:\/\/agora.xtec.cat\/escolaturodeldrac\/wp-json\/wp\/v2\/comments?post=349"}],"version-history":[{"count":3,"href":"https:\/\/agora.xtec.cat\/escolaturodeldrac\/wp-json\/wp\/v2\/pages\/349\/revisions"}],"predecessor-version":[{"id":3163,"href":"https:\/\/agora.xtec.cat\/escolaturodeldrac\/wp-json\/wp\/v2\/pages\/349\/revisions\/3163"}],"up":[{"embeddable":true,"href":"https:\/\/agora.xtec.cat\/escolaturodeldrac\/wp-json\/wp\/v2\/pages\/22"}],"wp:attachment":[{"href":"https:\/\/agora.xtec.cat\/escolaturodeldrac\/wp-json\/wp\/v2\/media?parent=349"}],"curies":[{"name":"wp","href":"https:\/\/api.w.org\/{rel}","templated":true}]}}