{"id":3159,"date":"2022-11-23T13:00:22","date_gmt":"2022-11-23T12:00:22","guid":{"rendered":"https:\/\/agora.xtec.cat\/escolaturodeldrac\/?page_id=3159"},"modified":"2026-02-09T10:49:33","modified_gmt":"2026-02-09T09:49:33","slug":"acords-consell-escolar","status":"publish","type":"page","link":"https:\/\/agora.xtec.cat\/escolaturodeldrac\/lescola\/el-consell-escolar\/acords-consell-escolar\/","title":{"rendered":"Acords del Consell Escolar"},"content":{"rendered":"<table style=\"border-collapse: collapse; width: 101.962%; height: 166px;\">\n<tbody>\n<tr style=\"height: 166px;\">\n<td style=\"width: 73.6821%; height: 166px;\">\n<ul>\n<li><span style=\"font-weight: 400;\">En el Consell Escolar del dia 26-01-26, la Cristina Tur\u00f3n, secret\u00e0ria de l\u2019escola, ha explicat la justificaci\u00f3 econ\u00f2mica de l\u2019exercici 2025. S\u2019ha aprovat per unanimitat. Seguidament, ha presentat el pressupost per a l\u2019exercici 2026 del que disposar\u00e0 l\u2019escola i aquest li ha donat el vist i plau. Tamb\u00e9, s\u2019ha aprovat per unanimitat.<\/span><span style=\"font-weight: 400;\">Finalment, la M\u00f2nica Mart\u00ednez, directora de l\u2019escola ha informat del proc\u00e9s del per\u00edode de preinscripci\u00f3 26-27 i dels dies que l\u2019escola far\u00e0 portes obertes: divendres 27 de febrer i diumenge 01 de mar\u00e7.<\/span><\/li>\n<li><span style=\"font-weight: 400;\">Es convoca la primera reuni\u00f3 del<\/span> <span style=\"font-weight: 400;\">consell escolar<\/span> <span style=\"font-weight: 400;\">del dia 11-12-25\u00a0per <\/span><b style=\"font-family: inherit; font-size: inherit; color: var(--ast-global-color-3); background-color: var(--ast-global-color-5);\">acomiadar<\/b><span style=\"font-weight: 400;\"> als i les membres que han format part del consell escolar des del <\/span><b style=\"font-family: inherit; font-size: inherit; color: var(--ast-global-color-3); background-color: var(--ast-global-color-5);\">curs 23 &#8211; 25<\/b><span style=\"font-weight: 400;\">. La directora agraeix la dedicaci\u00f3 d\u2019aquests anys que s\u2019han fet per la nostra escola. <\/span><span style=\"font-weight: 400;\">Seguidament, es convoca una segona reuni\u00f3 per constituir el <\/span><b style=\"font-size: revert; font-family: inherit; color: var(--ast-global-color-3); background-color: var(--ast-global-color-5);\">nou consell escolar.<\/b><span style=\"font-weight: 400;\">La secret\u00e0ria del centre, la Cristina Tur\u00f3n Moreno, llegeix <\/span><b style=\"font-family: inherit; font-size: inherit; color: var(--ast-global-color-3); background-color: var(--ast-global-color-5);\">l\u2019article 45 del Decret 102\/2010<\/b><span style=\"font-weight: 400;\">, del 3 d\u2019agost, d\u2019autonomia dels centres educatius, on s\u2019estableix la composici\u00f3 del consell escolar dels centres docents p\u00fablics. <\/span><span style=\"font-weight: 400;\">Tot seguit llegeix les <\/span><b style=\"font-family: inherit; font-size: inherit; color: var(--ast-global-color-3); background-color: var(--ast-global-color-5);\">actes de les votacions dels diferents sectors<\/b><span style=\"font-weight: 400;\">, <\/span><span style=\"font-weight: 400;\">aix\u00ed com dels escrits de l\u2019Ajuntament i de l\u2019AFA pels quals comuniquen els seus representants designats al consell escolar.\u00a0<\/span><span style=\"font-weight: 400;\">Finalitzada la lectura, la directora M\u00f2nica Mart\u00ednez Dom\u00e8nech, entrega\u00a0 la relaci\u00f3 de la <\/span><b style=\"font-family: inherit; font-size: inherit; color: var(--ast-global-color-3); background-color: var(--ast-global-color-5);\">nova composici\u00f3 del consell escolar<\/b><span style=\"font-weight: 400;\">, una c\u00f2pia de les seves\u00a0 funcions i un resum del proc\u00e9s electoral.<\/span><span style=\"font-weight: 400;\">Queda <\/span><b style=\"font-family: inherit; font-size: inherit; background-color: rgba(0, 0, 0, 0);\">constitu\u00eft el nou consell escolar<\/b><span style=\"font-weight: 400;\">.<\/span><\/li>\n<li><span style=\"font-family: inherit; font-size: inherit; font-weight: inherit; background-color: rgba(0, 0, 0, 0);\">En el Consell Escolar del dia 09-12-24, la Cristina Tur\u00f3n, secret\u00e0ria de l\u2019escola, ha explicat i justificat les <\/span><a style=\"font-family: inherit; font-size: inherit; font-weight: inherit; background-color: rgba(0, 0, 0, 0);\" href=\"https:\/\/drive.google.com\/file\/d\/1BrxQ4pPY0VWv5AtKxerFfm7SKeLUezS3\/view?usp=sharing\" target=\"_blank\" rel=\"noopener\">modificacions que s\u2019han hagut de fer del pressupost econ\u00f2mic del 2024.<\/a> \u00a0<span style=\"font-family: inherit; font-size: inherit; font-weight: inherit; background-color: rgba(0, 0, 0, 0);\">En la part d\u2019ingressos hem hagut d\u2019afegir la partida de Vals Escolars i la partida de PLAMIB de biblioteques. Tamb\u00e9, hem afegit 10.000 euros per les col\u00f2nies d\u2019aquest curs 24-25. <\/span><span style=\"font-family: inherit; font-size: inherit; font-weight: inherit; background-color: rgba(0, 0, 0, 0);\"><span style=\"background-color: rgba(0, 0, 0, 0); font-family: inherit; font-size: inherit; font-weight: inherit;\">Pel que fa a les despeses, hem introdu\u00eft els diners que corresponen a Motxilles Escolars i a Vals Escolars. S\u2019ha incl\u00f2s el curs de formaci\u00f3 de claustre referent a les Situacions d\u2019Aprenentatge. I finalment, tamb\u00e9 hem pujat la partida corresponent a les comissions banc\u00e0ries.<\/span><br \/>\n<\/span>El consell escolar aprova per unanimitat les modificacions realitzades en el pressupost 2024.<\/li>\n<li><span style=\"font-weight: 400;\">En el Consell Escolar del dia 21-10-24, l\u2019escola ha informat que presentar\u00e0 la sol\u00b7licitud a la <\/span><b>convocat\u00f2ria de les subvencions que ofereix l\u2019Ajuntament de Canet de Mar de l\u2019exercici 2024<\/b><span style=\"font-weight: 400;\"> que col\u00b7labora a finan\u00e7ar quatre projectes que ajudin a potenciar la cultura, l\u2019art i les noves tecnologies:\u00a0 renovaci\u00f3 d\u2019ordinadors, teatre en angl\u00e8s, tallers de teatre Rosa G\u00e0miz i sortida d\u2019educaci\u00f3 f\u00edsica de P\u00e0del surf i caiac. El consell escolar els aprova per unanimitat.<\/span><span style=\"font-weight: 400;\">Seguidament, l\u2019Helena presidenta de l\u2019AFA, informa de les diferents <\/span><b>activitats extraescolars<\/b><span style=\"font-weight: 400;\"> que es faran aquest curs 24-25. Tamb\u00e9 s\u2019aproven per unanimitat.<\/span><span style=\"font-weight: 400;\">A continuaci\u00f3, la Gemma cap d\u2019estudis, ha presentat la <\/span><b>Programaci\u00f3 General Anual<\/b><span style=\"font-weight: 400;\"> pel curs 2024-2025. Ha explicat els diferents objectius de l\u2019escola referents a l\u2019\u00e0mbit pedag\u00f2gic, de conviv\u00e8ncia i cohesi\u00f3 social i de relaci\u00f3 amb l\u2019entorn. El consell escolar aprova per unanimitat la Programaci\u00f3 General Anual.<\/span><\/li>\n<li>En el Consell Escolar del dia 26-06-24, l\u2019escola ha comen\u00e7at agraint a l\u2019AFA que els diners recaptats per les coques d\u2019aquest curs es puguin utilitzar per comprar material per poder engegar els espais d\u2019aprenentatge a tota l\u2019etapa de prim\u00e0ria.<br \/>\nLa Gemma Rivas, cap d\u2019estudis, ha presentat la valoraci\u00f3 del curs i Mem\u00f2ria Anual del Centre. S\u2019ha aprovat per unanimitat.<\/li>\n<\/ul>\n<ul>\n<li>RESUM CONSELL ESCOLAR 03-06-24. En el Consell Escolar del dia 03-06-24, la M\u00f2nica Mart\u00ednez, directora de l\u2019escola, presenta el Calendari Escolar 24-25 que es far\u00e0 seguint les indicacions del Departament d\u2019Educaci\u00f3 i ajustant-nos a les festes de lliure disposici\u00f3 que s\u2019han acordat amb l\u2019Ajuntament de Canet de Mar i les altres escoles i instituts. S\u2019aprova per unanimitat.A m\u00e9s, la M\u00f2nica tamb\u00e9 explica algunes de les novetats que voldrem dur a terme el curs vinent com s\u00f3n els espais d\u2019aprenentatge a prim\u00e0ria, obrir la biblioteca a l\u2019estona del pati per llegir o fer jocs de taula, implementar noves din\u00e0miques basades en pr\u00e0ctiques restauratives a les aules i el manteniment de preus pel que fa a material i sortides (les col\u00f2nies, per\u00f2, hauran de pujar a 200 euros a causa de l\u2019increment de preus del mercat de les cases de col\u00f2nies).<\/li>\n<\/ul>\n<ul>\n<li><span style=\"font-size: 16px;\"><span style=\"font-weight: 400;\">En el Consell Escolar del dia 24-04-24, la M\u00f2nica Mart\u00ednez, directora de l\u2019escola<\/span><span style=\"font-weight: 400;\">,<\/span><span style=\"font-weight: 400;\"> presenta el PLAMIB\u00a0 per tal d\u2019aprovar-lo i poder presentar la sol\u00b7licitud. L\u2019objectiu del Pla \u00e9s <\/span>actualitzar el model de biblioteca escolar per tal que doni resposta al projecte educatiu de centre i augmentar el nombre de biblioteques dels centres educatius a Catalunya que apliquin aquest model de biblioteca escolar. <span style=\"font-weight: 400;\">(durada de 3 anys)<\/span><span style=\"font-weight: 400;\">.<\/span><\/span><span style=\"font-weight: 400;\">S\u2019aprova per unanimitat.<\/span><span style=\"font-weight: 400;\">Tamb\u00e9 s\u2019informa, que la nostra escola Tur\u00f3 del Drac ha fet 36 preinscripcions pel proper curs 24-25.<\/span><\/li>\n<\/ul>\n<ul>\n<li><span style=\"font-size: 16px;\"><span style=\"font-weight: 400;\">En el Consell Escolar del dia 29-01-24, la Cristina Tur\u00f3n, secret\u00e0ria de l\u2019escola, ha explicat la justificaci\u00f3 econ\u00f2mica de l\u2019exercici 2023. S\u2019ha aprovat per unanimitat. Seguidament, ha presentat el pressupost per a l\u2019exercici 2024 del que disposar\u00e0 l\u2019escola i aquest li ha donat el vistiplau. Tamb\u00e9, s\u2019ha aprovat per unanimitat. <\/span><span style=\"font-weight: 400;\">S\u2019ha informat, que l\u2019Ajuntament ha subvencionat amb un total de 1723,60\u202f\u20ac part dels quatre projectes proposats: <\/span>Teatre en angl\u00e8s (444,80\u20ac)<span style=\"font-weight: 400;\">, <\/span>Armaris port\u00e0tils 6\u00e8 (444,80\u20ac)<span style=\"font-weight: 400;\">, <\/span>Activitat esportiva Golem (417\u20ac)<span style=\"font-weight: 400;\"> i <\/span>activitat entorn proper padel surf\/caiac (417\u20ac)<span style=\"font-weight: 400;\">. L\u2019escola ha agra\u00eft l\u2019esfor\u00e7 que es fa des de l\u2019Ajuntament per ajudar a l\u2019educaci\u00f3 del nostre alumnat.<\/span><\/span><span style=\"font-weight: 400;\">I per \u00faltim, la M\u00f2nica Mart\u00ednez, directora de l\u2019escola ha informat del proc\u00e9s del per\u00edode de preinscripci\u00f3 24-25 i dels dies que l\u2019escola far\u00e0 portes obertes: divendres 01 de mar\u00e7 i diumenge 03 de mar\u00e7.<\/span><\/li>\n<\/ul>\n<ul>\n<li><span style=\"font-size: 16px;\">Es convoca la primera reuni\u00f3 del consell escolar del dia 18-12-23 per acomiadar als i les membres que han format part del consell escolar des del curs 21 &#8211; 22. La directora agraeix la dedicaci\u00f3 dels i les membres durant aquests anys.<br \/>\nSeguidament, es convoca una segona reuni\u00f3 per constituir el nou consell escolar.<br \/>\nLa secret\u00e0ria del centre, la Cristina Tur\u00f3n Moreno, llegeix l\u2019article 45 del Decret 102\/2010, del 3 d\u2019agost, d\u2019autonomia dels centres educatius, on s\u2019estableix la composici\u00f3 del consell escolar dels centres docents p\u00fablics.<br \/>\nTot seguit llegeix les actes de les votacions dels diferents sectors, aix\u00ed com dels escrits de l\u2019Ajuntament i de l\u2019AFA pels quals comuniquen els seus representants designats al consell escolar.<br \/>\nFinalitzada la lectura, la directora M\u00f2nica Mart\u00ednez Dom\u00e8nech, dona per constitu\u00eft el nou consell escolar.<\/span><\/li>\n<\/ul>\n<ul>\n<li><span style=\"font-size: 16px;\">11\/12\/23 En el Consell Escolar del dia 11-12-23, la Cristina Tur\u00f3n, secret\u00e0ria de l\u2019escola, ha explicat i justificat les modificacions que s\u2019han hagut de fer del pressupost econ\u00f2mic del 2023. En la part d\u2019ingressos no hi ha hagut cap modificaci\u00f3, i en canvi en la part de les despeses s\u2019han hagut d\u2019incrementar les partides de fotocopiadores, fotoc\u00f2pies i comissions banc\u00e0ries degut als increments de preu. Es tindr\u00e0 en compte pel seg\u00fcent pressupost. El consell escolar aprova per unanimitat les modificacions realitzades en el pressupost 2023.<\/span><\/li>\n<\/ul>\n<ul>\n<li><span style=\"font-size: 16px;\">30\/10\/23 Al Consell Escolar Extraordinari del dia 30-10-23 la M\u00f2nica Mart\u00ednez, directora de l\u2019escola, informa al Consell Escolar del calendari i desenvolupament de la convocat\u00f2ria d\u2019eleccions per a la renovaci\u00f3 parcial dels representants del professorat i de les fam\u00edlies del Consell Escolar del Centre.<\/span><\/li>\n<\/ul>\n<ul>\n<li><span style=\"font-size: 16px;\">16\/10\/23:<span style=\"font-weight: 400;\">Al Consell Escolar del dia 16-10-23, l\u2019escola ha presentat la Programaci\u00f3 General Anual pel curs 2023-2024. La Gemma, cap d\u2019estudis, ha explicat els diferents objectius referents a l\u2019\u00e0mbit pedag\u00f2gic, de conviv\u00e8ncia i cohesi\u00f3 social i de relaci\u00f3 amb l\u2019entorn.<\/span><span style=\"font-weight: 400;\">El consell escolar aprova per unanimitat la <\/span>Programaci\u00f3 General Anual <span style=\"font-weight: 400;\">pel curs 2023-2024.<\/span><\/span><\/li>\n<\/ul>\n<ul>\n<li><span style=\"font-size: 16px;\">25\/09\/23: En el Consell Escolar del dia 25-09-23, l\u2019escola ha informat que presentar\u00e0 la sol\u00b7licitud a la convocat\u00f2ria de les subvencions que ofereix l\u2019Ajuntament de Canet de Mar de l\u2019exercici 2023 que col\u00b7labora a finan\u00e7ar quatre projectes que ajudin a potenciar la cultura, l\u2019art i les noves tecnologies:<\/span>\n<ol>\n<li aria-level=\"1\"><span style=\"font-size: 16px;\">Renovaci\u00f3 ordinadors<\/span><\/li>\n<li aria-level=\"1\"><span style=\"font-size: 16px;\">Teatre en angl\u00e8s.<\/span><\/li>\n<li aria-level=\"1\"><span style=\"font-size: 16px;\">Sortida educaci\u00f3 f\u00edsica a la Sala Golem.<\/span><\/li>\n<li aria-level=\"1\"><span style=\"font-size: 16px;\">Sortida educaci\u00f3 f\u00edsica Arenys de Mar. P\u00e0del surf i caiac.<\/span><\/li>\n<\/ol>\n<p><span style=\"font-size: 16px;\">El consell escolar aprova per unanimitat sol\u00b7licitar amb aquests 4 projectes la convocat\u00f2ria de les subvencions que ofereix l\u2019Ajuntament de Canet de Mar de l\u2019exercici 2023.<\/span><\/li>\n<li><span style=\"font-size: 16px;\">6\/06\/23: En el Consell Escolar del dia 06-06-23, l\u2019escola ha informat de com es far\u00e0 l\u2019organitzaci\u00f3 el dia 16 de juny de la festa de final de curs i comiat de 6\u00e8 i tamb\u00e9, de l\u2019\u00faltim dia d\u2019escola quan es fa la sortida a la platja.S\u2019han presentat el calendari escolar, les formacions que far\u00e0 l\u2019escola (PFZ) i les matr\u00edcules fetes pel proper curs 2023-2024.<br \/>\nI finalment, s\u2019ha comunicat que en els preus de les aportacions de les fam\u00edlies (curs 2023-2024) no es far\u00e0 cap increment. Per\u00f2, en canvi s\u00ed que hi haur\u00e0 un<br \/>\naugment en el preu del menjador tal i com ha anunciat el Departament.<\/span><\/li>\n<\/ul>\n<ul>\n<li><span style=\"font-size: 16px;\">08\/05\/23 En el Consell Escolar Extraordinari d&#8217;aquest dia, l\u2019escola informa el Consell que volem participar com a escola al programa SENSEI. En aquest programa 2 docents de l\u2019escola faran de mentors a docents novells, afavorint els recursos humans per la nostra escola. <span style=\"font-family: inherit; font-size: 1em;\">S\u2019aprova per unanimitat que es presenti l\u2019escola a aquesta convocat\u00f2ria.<\/span><\/span><\/li>\n<\/ul>\n<ul>\n<li><span style=\"font-size: 16px;\">24\/04\/23 En el Consell Escolar del dia 24-04-23, l\u2019escola ha informat de les preinscripcions escolars d\u2019I3 pel curs 23-24 que s\u2019han rebut a les diferents<br \/>\nescoles del nostre municipi de Canet de Mar.<br \/>\nPer altra banda, s\u2019ha aprovat per unanimitat el recolzament a la cessi\u00f3 de la gesti\u00f3 del menjador de l\u2019escola a l\u2019AFA de la nostra escola Tur\u00f3 del Drac.<\/span><\/li>\n<\/ul>\n<ul>\n<li><span style=\"font-size: 16px;\">30\/01\/23: Es presenta la justificaci\u00f3 econ\u00f2mica de l&#8217;exercici 2022 i el pressupost econ\u00f2mic per l&#8217;exercici 2023. S&#8217;informa sobre el proc\u00e9s de preinscripci\u00f3 pel curs 2023-24. I s&#8217;expliquen les activitats de carnaval enviades per mail a les fam\u00edlies.<\/span><\/li>\n<\/ul>\n<ul>\n<li><span style=\"font-size: 16px;\">12\/12\/22: S&#8217;ha presentat i aprovat la modificaci\u00f3 de pressupostos del curs 2022.<\/span><\/li>\n<\/ul>\n<ul>\n<li><span style=\"font-size: 16px;\">17\/10\/22: Es presenta i s&#8217;acorda aprovar la PGA del curs 22 &#8211; 23.<\/span><\/li>\n<\/ul>\n<ul>\n<li><span style=\"font-size: 16px;\">23\/09\/22: Es presenta i s&#8217;acorda aprovar les subvencions de concurr\u00e8ncia competitiva. S&#8217;acorda aprovar l&#8217;Aula d&#8217;Acollida. Es presenten i s&#8217;aproven les activitats extraescolars del curs 22 &#8211; 23.<\/span><\/li>\n<\/ul>\n<ul>\n<li><span style=\"font-size: 16px;\">7\/07\/22: S&#8217;acorda aprovar la nova empresa de menjador Ecoarrels.<br \/>\n<\/span><\/li>\n<\/ul>\n<\/td>\n<td style=\"width: 28.2811%; height: 166px;\"><a style=\"font-size: 16px;\" href=\"https:\/\/agora.xtec.cat\/escolaturodeldrac\/wp-content\/uploads\/usu958\/2022\/11\/image-1.png\"><span style=\"color: #222222;\"><img loading=\"lazy\" decoding=\"async\" class=\"wp-image-3165 size-thumbnail aligncenter\" src=\"https:\/\/agora.xtec.cat\/escolaturodeldrac\/wp-content\/uploads\/usu958\/2022\/11\/image-1-150x150.png\" alt=\"\" width=\"150\" height=\"150\" \/><\/span><\/a><\/td>\n<\/tr>\n<\/tbody>\n<\/table>\n","protected":false},"excerpt":{"rendered":"<p>En el Consell Escolar del dia 26-01-26, la Cristina Tur\u00f3n, secret\u00e0ria de l\u2019escola, ha explicat la justificaci\u00f3 econ\u00f2mica de l\u2019exercici [&hellip;]<\/p>\n","protected":false},"author":1,"featured_media":0,"parent":359,"menu_order":0,"comment_status":"closed","ping_status":"closed","template":"","meta":{"_bbp_topic_count":0,"_bbp_reply_count":0,"_bbp_total_topic_count":0,"_bbp_total_reply_count":0,"_bbp_voice_count":0,"_bbp_anonymous_reply_count":0,"_bbp_topic_count_hidden":0,"_bbp_reply_count_hidden":0,"_bbp_forum_subforum_count":0,"site-sidebar-layout":"default","site-content-layout":"","ast-site-content-layout":"default","site-content-style":"default","site-sidebar-style":"default","ast-global-header-display":"","ast-banner-title-visibility":"","ast-main-header-display":"","ast-hfb-above-header-display":"","ast-hfb-below-header-display":"","ast-hfb-mobile-header-display":"","site-post-title":"","ast-breadcrumbs-content":"","ast-featured-img":"","footer-sml-layout":"","theme-transparent-header-meta":"","adv-header-id-meta":"","stick-header-meta":"","header-above-stick-meta":"","header-main-stick-meta":"","header-below-stick-meta":"","astra-migrate-meta-layouts":"set","ast-page-background-enabled":"default","ast-page-background-meta":{"desktop":{"background-color":"var(--ast-global-color-4)","background-image":"","background-repeat":"repeat","background-position":"center center","background-size":"auto","background-attachment":"scroll","background-type":"","background-media":"","overlay-type":"","overlay-color":"","overlay-opacity":"","overlay-gradient":""},"tablet":{"background-color":"","background-image":"","background-repeat":"repeat","background-position":"center center","background-size":"auto","background-attachment":"scroll","background-type":"","background-media":"","overlay-type":"","overlay-color":"","overlay-opacity":"","overlay-gradient":""},"mobile":{"background-color":"","background-image":"","background-repeat":"repeat","background-position":"center center","background-size":"auto","background-attachment":"scroll","background-type":"","background-media":"","overlay-type":"","overlay-color":"","overlay-opacity":"","overlay-gradient":""}},"ast-content-background-meta":{"desktop":{"background-color":"var(--ast-global-color-5)","background-image":"","background-repeat":"repeat","background-position":"center center","background-size":"auto","background-attachment":"scroll","background-type":"","background-media":"","overlay-type":"","overlay-color":"","overlay-opacity":"","overlay-gradient":""},"tablet":{"background-color":"var(--ast-global-color-5)","background-image":"","background-repeat":"repeat","background-position":"center center","background-size":"auto","background-attachment":"scroll","background-type":"","background-media":"","overlay-type":"","overlay-color":"","overlay-opacity":"","overlay-gradient":""},"mobile":{"background-color":"var(--ast-global-color-5)","background-image":"","background-repeat":"repeat","background-position":"center center","background-size":"auto","background-attachment":"scroll","background-type":"","background-media":"","overlay-type":"","overlay-color":"","overlay-opacity":"","overlay-gradient":""}},"footnotes":""},"class_list":["post-3159","page","type-page","status-publish","hentry"],"post_mailing_queue_ids":[],"_links":{"self":[{"href":"https:\/\/agora.xtec.cat\/escolaturodeldrac\/wp-json\/wp\/v2\/pages\/3159","targetHints":{"allow":["GET"]}}],"collection":[{"href":"https:\/\/agora.xtec.cat\/escolaturodeldrac\/wp-json\/wp\/v2\/pages"}],"about":[{"href":"https:\/\/agora.xtec.cat\/escolaturodeldrac\/wp-json\/wp\/v2\/types\/page"}],"author":[{"embeddable":true,"href":"https:\/\/agora.xtec.cat\/escolaturodeldrac\/wp-json\/wp\/v2\/users\/1"}],"replies":[{"embeddable":true,"href":"https:\/\/agora.xtec.cat\/escolaturodeldrac\/wp-json\/wp\/v2\/comments?post=3159"}],"version-history":[{"count":6,"href":"https:\/\/agora.xtec.cat\/escolaturodeldrac\/wp-json\/wp\/v2\/pages\/3159\/revisions"}],"predecessor-version":[{"id":4555,"href":"https:\/\/agora.xtec.cat\/escolaturodeldrac\/wp-json\/wp\/v2\/pages\/3159\/revisions\/4555"}],"up":[{"embeddable":true,"href":"https:\/\/agora.xtec.cat\/escolaturodeldrac\/wp-json\/wp\/v2\/pages\/359"}],"wp:attachment":[{"href":"https:\/\/agora.xtec.cat\/escolaturodeldrac\/wp-json\/wp\/v2\/media?parent=3159"}],"curies":[{"name":"wp","href":"https:\/\/api.w.org\/{rel}","templated":true}]}}