{"id":1101,"date":"2018-11-19T11:17:08","date_gmt":"2018-11-19T10:17:08","guid":{"rendered":"http:\/\/agora.xtec.cat\/escolaturodeldrac\/?page_id=1101"},"modified":"2025-09-22T16:29:50","modified_gmt":"2025-09-22T14:29:50","slug":"autoritzacions","status":"publish","type":"page","link":"https:\/\/agora.xtec.cat\/escolaturodeldrac\/autoritzacions\/","title":{"rendered":"Autoritzacions"},"content":{"rendered":"<p><strong>Alumnat nou: Documentaci\u00f3 per descarregar, omplir, signar i portar al centre el dia de formalitzar la matr\u00edcula<\/strong><\/p>\n<ul>\n<li><a href=\"https:\/\/drive.google.com\/file\/d\/1qwWF0rGssMxuOgEq9zxnuw-yhNb65aWw\/view?usp=sharing\" target=\"_blank\" rel=\"noopener\">Autoritzaci\u00f3 sortides<\/a><\/li>\n<li><a href=\"https:\/\/drive.google.com\/file\/d\/1nSS1_OafSBk6GIeHgnSP0dqa5psHmPRx\/view?usp=sharing\" target=\"_blank\" rel=\"noopener noreferrer\">Administraci\u00f3 de medicaments<\/a><\/li>\n<li><a href=\"https:\/\/drive.google.com\/file\/d\/13wNH57apT8KmbKRYG3wd5UnuhHPgHWim\/view?usp=sharing\" target=\"_blank\" rel=\"noopener noreferrer\">Autoritzaci\u00f3 per a l&#8217;administraci\u00f3 de paracetamol<\/a><\/li>\n<li><a href=\"https:\/\/drive.google.com\/file\/d\/1-Q-oPrjvtJqz9kEErUNBHFkv99WzNM3S\/view?usp=sharing\" target=\"_blank\" rel=\"noopener noreferrer\">Al\u00b7l\u00e8rgies i\/o intoler\u00e0ncies<\/a><\/li>\n<li><a href=\"https:\/\/drive.google.com\/file\/d\/1lAwq_PICj9sNF7uFQcfautyUCMgVfqyv\/view?usp=sharing\" target=\"_blank\" rel=\"noopener noreferrer\">Autoritzaci\u00f3 recollida d&#8217;alumnes<\/a><\/li>\n<li><a href=\"https:\/\/drive.google.com\/file\/d\/1479ELwXzRj4HIwLUAH5kSUScVw2iYnt1\/view?usp=sharing\" target=\"_blank\" rel=\"noopener noreferrer\">Doble autoritzaci\u00f3: Centre sanitari i sortides<\/a><\/li>\n<li><a href=\"https:\/\/drive.google.com\/file\/d\/1zY06-6MlD1HiiUCYHfYB-ZCXTvfqPLpd\/view?usp=sharing\" target=\"_blank\" rel=\"noopener noreferrer\">Drets d&#8217;imatge<\/a><\/li>\n<li><a href=\"https:\/\/drive.google.com\/file\/d\/19bQtryetbTcyPj5H0Ly6v8N8ImT15nwJ\/view?usp=sharing\" target=\"_blank\" rel=\"noopener noreferrer\">Ordre SEPA<\/a><\/li>\n<li><a href=\"https:\/\/drive.google.com\/file\/d\/1Td6RM9Po0oi8SUr_DpRGwx9K9IN5w_QU\/view?usp=sharing\" target=\"_blank\" rel=\"noopener noreferrer\">Informe salut alumnes<\/a><\/li>\n<li><a href=\"https:\/\/drive.google.com\/file\/d\/1ySg2JsjuoYRPGJ1r4WtsZlbmtGOyLqBd\/view?usp=sharing\" target=\"_blank\" rel=\"noopener\">Autoritzaci\u00f3 recursos digitals CM &#8211; CS<\/a><\/li>\n<li><a href=\"https:\/\/drive.google.com\/file\/d\/1fVd6Egh8aoosT62xz-IJ2714Ej80ab8C\/view?usp=sharing\" target=\"_blank\" rel=\"noopener\">Autoritzaci\u00f3 Instagram<\/a><\/li>\n<\/ul>\n<p style=\"text-align: left;\">\n","protected":false},"excerpt":{"rendered":"<p>Alumnat nou: Documentaci\u00f3 per descarregar, omplir, signar i portar al centre el dia de formalitzar la matr\u00edcula Autoritzaci\u00f3 sortides Administraci\u00f3 [&hellip;]<\/p>\n","protected":false},"author":1,"featured_media":0,"parent":0,"menu_order":0,"comment_status":"closed","ping_status":"closed","template":"","meta":{"_bbp_topic_count":0,"_bbp_reply_count":0,"_bbp_total_topic_count":0,"_bbp_total_reply_count":0,"_bbp_voice_count":0,"_bbp_anonymous_reply_count":0,"_bbp_topic_count_hidden":0,"_bbp_reply_count_hidden":0,"_bbp_forum_subforum_count":0,"site-sidebar-layout":"default","site-content-layout":"","ast-site-content-layout":"default","site-content-style":"default","site-sidebar-style":"default","ast-global-header-display":"","ast-banner-title-visibility":"","ast-main-header-display":"","ast-hfb-above-header-display":"","ast-hfb-below-header-display":"","ast-hfb-mobile-header-display":"","site-post-title":"","ast-breadcrumbs-content":"","ast-featured-img":"","footer-sml-layout":"","theme-transparent-header-meta":"","adv-header-id-meta":"","stick-header-meta":"","header-above-stick-meta":"","header-main-stick-meta":"","header-below-stick-meta":"","astra-migrate-meta-layouts":"set","ast-page-background-enabled":"default","ast-page-background-meta":{"desktop":{"background-color":"var(--ast-global-color-4)","background-image":"","background-repeat":"repeat","background-position":"center center","background-size":"auto","background-attachment":"scroll","background-type":"","background-media":"","overlay-type":"","overlay-color":"","overlay-opacity":"","overlay-gradient":""},"tablet":{"background-color":"","background-image":"","background-repeat":"repeat","background-position":"center center","background-size":"auto","background-attachment":"scroll","background-type":"","background-media":"","overlay-type":"","overlay-color":"","overlay-opacity":"","overlay-gradient":""},"mobile":{"background-color":"","background-image":"","background-repeat":"repeat","background-position":"center center","background-size":"auto","background-attachment":"scroll","background-type":"","background-media":"","overlay-type":"","overlay-color":"","overlay-opacity":"","overlay-gradient":""}},"ast-content-background-meta":{"desktop":{"background-color":"var(--ast-global-color-5)","background-image":"","background-repeat":"repeat","background-position":"center center","background-size":"auto","background-attachment":"scroll","background-type":"","background-media":"","overlay-type":"","overlay-color":"","overlay-opacity":"","overlay-gradient":""},"tablet":{"background-color":"var(--ast-global-color-5)","background-image":"","background-repeat":"repeat","background-position":"center center","background-size":"auto","background-attachment":"scroll","background-type":"","background-media":"","overlay-type":"","overlay-color":"","overlay-opacity":"","overlay-gradient":""},"mobile":{"background-color":"var(--ast-global-color-5)","background-image":"","background-repeat":"repeat","background-position":"center center","background-size":"auto","background-attachment":"scroll","background-type":"","background-media":"","overlay-type":"","overlay-color":"","overlay-opacity":"","overlay-gradient":""}},"footnotes":""},"class_list":["post-1101","page","type-page","status-publish","hentry"],"post_mailing_queue_ids":[],"_links":{"self":[{"href":"https:\/\/agora.xtec.cat\/escolaturodeldrac\/wp-json\/wp\/v2\/pages\/1101","targetHints":{"allow":["GET"]}}],"collection":[{"href":"https:\/\/agora.xtec.cat\/escolaturodeldrac\/wp-json\/wp\/v2\/pages"}],"about":[{"href":"https:\/\/agora.xtec.cat\/escolaturodeldrac\/wp-json\/wp\/v2\/types\/page"}],"author":[{"embeddable":true,"href":"https:\/\/agora.xtec.cat\/escolaturodeldrac\/wp-json\/wp\/v2\/users\/1"}],"replies":[{"embeddable":true,"href":"https:\/\/agora.xtec.cat\/escolaturodeldrac\/wp-json\/wp\/v2\/comments?post=1101"}],"version-history":[{"count":6,"href":"https:\/\/agora.xtec.cat\/escolaturodeldrac\/wp-json\/wp\/v2\/pages\/1101\/revisions"}],"predecessor-version":[{"id":4384,"href":"https:\/\/agora.xtec.cat\/escolaturodeldrac\/wp-json\/wp\/v2\/pages\/1101\/revisions\/4384"}],"wp:attachment":[{"href":"https:\/\/agora.xtec.cat\/escolaturodeldrac\/wp-json\/wp\/v2\/media?parent=1101"}],"curies":[{"name":"wp","href":"https:\/\/api.w.org\/{rel}","templated":true}]}}