{"id":516,"date":"2020-09-10T14:17:19","date_gmt":"2020-09-10T12:17:19","guid":{"rendered":"https:\/\/agora.xtec.cat\/escolatorrelameu\/?page_id=516"},"modified":"2025-02-10T21:35:32","modified_gmt":"2025-02-10T20:35:32","slug":"lescola-equip-huma","status":"publish","type":"page","link":"https:\/\/agora.xtec.cat\/escolatorrelameu\/lescola\/lescola-equip-huma\/","title":{"rendered":"Equip hum\u00e0"},"content":{"rendered":"<p><span style=\"font-weight: 400;\">Els ulls s\u00f3n el mirall de l&#8217;\u00e0nima. Ens identifiquen, s\u00f3n intransferibles. Obren la porta a informacions vitals alhora que ens permeten observar, per despr\u00e9s interpretar, crear&#8230; Els ulls esdevenen la nostra ess\u00e8ncia perqu\u00e8 a trav\u00e9s de com s&#8217;expressen comuniquem les nostres emocions.\u00a0<\/span><\/p>\n<p><span style=\"font-weight: 400;\">Aquests s\u00f3n els ulls que conformen el nostre equip hum\u00e0. <\/span><\/p>\n<p><span style=\"font-weight: 400;\">Els ulls que us miraran i que us acompanyaran aquest curs 2024 &#8211; 2025.\u00a0<\/span><\/p>\n<div id=\"kpm-root\" class=\"kpm_LTR notranslate\" translate=\"no\"><img loading=\"lazy\" decoding=\"async\" class=\"aligncenter size-large wp-image-3254\" src=\"https:\/\/agora.xtec.cat\/escolatorrelameu\/wp-content\/uploads\/usu2232\/2024\/09\/Claustre-793x1024.jpg\" alt=\"\" width=\"793\" height=\"1024\" srcset=\"https:\/\/agora.xtec.cat\/escolatorrelameu\/wp-content\/uploads\/usu2232\/2024\/09\/Claustre-793x1024.jpg 793w, https:\/\/agora.xtec.cat\/escolatorrelameu\/wp-content\/uploads\/usu2232\/2024\/09\/Claustre-232x300.jpg 232w, https:\/\/agora.xtec.cat\/escolatorrelameu\/wp-content\/uploads\/usu2232\/2024\/09\/Claustre-768x992.jpg 768w, https:\/\/agora.xtec.cat\/escolatorrelameu\/wp-content\/uploads\/usu2232\/2024\/09\/Claustre.jpg 951w\" sizes=\"auto, (max-width: 793px) 100vw, 793px\" \/><\/div>\n","protected":false},"excerpt":{"rendered":"<p>Els ulls s\u00f3n el mirall de l&#8217;\u00e0nima. Ens identifiquen, s\u00f3n intransferibles. Obren la porta a informacions vitals alhora que ens permeten observar, per despr\u00e9s interpretar, crear&#8230; Els ulls esdevenen la nostra ess\u00e8ncia perqu\u00e8 a trav\u00e9s de com s&#8217;expressen comuniquem les nostres emocions.\u00a0<br \/>\nAquests s\u00f3n els ulls&hellip;  <a href=\"https:\/\/agora.xtec.cat\/escolatorrelameu\/lescola\/lescola-equip-huma\/\" title=\"Read Equip hum\u00e0\">Llegeix m\u00e9s\u00bb<\/a><\/p>\n","protected":false},"author":1,"featured_media":0,"parent":22,"menu_order":20,"comment_status":"closed","ping_status":"closed","template":"page-templates\/side-menu.php","meta":{"_bbp_topic_count":0,"_bbp_reply_count":0,"_bbp_total_topic_count":0,"_bbp_total_reply_count":0,"_bbp_voice_count":0,"_bbp_anonymous_reply_count":0,"_bbp_topic_count_hidden":0,"_bbp_reply_count_hidden":0,"_bbp_forum_subforum_count":0,"footnotes":""},"class_list":["post-516","page","type-page","status-publish","hentry"],"post_mailing_queue_ids":[],"_links":{"self":[{"href":"https:\/\/agora.xtec.cat\/escolatorrelameu\/wp-json\/wp\/v2\/pages\/516","targetHints":{"allow":["GET"]}}],"collection":[{"href":"https:\/\/agora.xtec.cat\/escolatorrelameu\/wp-json\/wp\/v2\/pages"}],"about":[{"href":"https:\/\/agora.xtec.cat\/escolatorrelameu\/wp-json\/wp\/v2\/types\/page"}],"author":[{"embeddable":true,"href":"https:\/\/agora.xtec.cat\/escolatorrelameu\/wp-json\/wp\/v2\/users\/1"}],"replies":[{"embeddable":true,"href":"https:\/\/agora.xtec.cat\/escolatorrelameu\/wp-json\/wp\/v2\/comments?post=516"}],"version-history":[{"count":6,"href":"https:\/\/agora.xtec.cat\/escolatorrelameu\/wp-json\/wp\/v2\/pages\/516\/revisions"}],"predecessor-version":[{"id":3255,"href":"https:\/\/agora.xtec.cat\/escolatorrelameu\/wp-json\/wp\/v2\/pages\/516\/revisions\/3255"}],"up":[{"embeddable":true,"href":"https:\/\/agora.xtec.cat\/escolatorrelameu\/wp-json\/wp\/v2\/pages\/22"}],"wp:attachment":[{"href":"https:\/\/agora.xtec.cat\/escolatorrelameu\/wp-json\/wp\/v2\/media?parent=516"}],"curies":[{"name":"wp","href":"https:\/\/api.w.org\/{rel}","templated":true}]}}