{"id":3961,"date":"2025-10-01T23:40:28","date_gmt":"2025-10-01T21:40:28","guid":{"rendered":"https:\/\/agora.xtec.cat\/escolatorrelameu\/?page_id=3961"},"modified":"2025-12-02T22:46:26","modified_gmt":"2025-12-02T21:46:26","slug":"escola-restaurativa","status":"publish","type":"page","link":"https:\/\/agora.xtec.cat\/escolatorrelameu\/escola-restaurativa\/","title":{"rendered":"Escola restaurativa"},"content":{"rendered":"<p>Aqu\u00ed teniu disponible la presentaci\u00f3 que vam compartir amb les fam\u00edlies l&#8217;octubre del 2024, per explicar el projecte d&#8217;innovaci\u00f3 PINNERG.<\/p>\n<div style=\"position: relative; width: 100%; height: 0; padding-top: 70.7071%; padding-bottom: 0; box-shadow: 0 2px 8px 0 rgba(63,69,81,0.16); margin-top: 1.6em; margin-bottom: 0.9em; overflow: hidden; border-radius: 8px; will-change: transform;\"><iframe style=\"position: absolute; width: 100%; height: 100%; top: 0; left: 0; border: none; padding: 0; margin: 0;\" src=\"https:\/\/www.canva.com\/design\/DAG0oFim3Tc\/mhacS__RwJPvY5Wc9-kVeA\/view?embed\" allowfullscreen=\"allowfullscreen\"><br \/>\n<\/iframe><\/div>\n<p><a href=\"https:\/\/www.canva.com\/design\/DAG0oFim3Tc\/mhacS__RwJPvY5Wc9-kVeA\/view?utm_content=DAG0oFim3Tc&amp;utm_campaign=designshare&amp;utm_medium=embeds&amp;utm_source=link\" target=\"_blank\" rel=\"noopener\">ERG fam\u00edlies<\/a> de Escola Torrelameu<\/p>\n<p>A continuaci\u00f3, deixem recollits els articles publicat en qu\u00e8 s&#8217;expliquen els principis i com s&#8217;han presentat a l&#8217;escola.<\/p>\n<table style=\"border-collapse: collapse; width: 100%;\">\n<tbody>\n<tr>\n<td style=\"width: 20%; text-align: center;\" colspan=\"5\"><span style=\"font-size: 16px; text-align: start;\">ELS 5 PRINCIPIS DE BELINDA HOPKINS<\/span><\/td>\n<\/tr>\n<tr>\n<td style=\"width: 20%; text-align: center;\"><a href=\"https:\/\/agora.xtec.cat\/escolatorrelameu\/general\/principi-1\/\">1r principi<\/a><\/td>\n<td style=\"width: 20%; text-align: center;\"><a href=\"https:\/\/agora.xtec.cat\/escolatorrelameu\/general\/principi-2\/\">2n principi<\/a><\/td>\n<td style=\"width: 20%; text-align: center;\"><a href=\"https:\/\/agora.xtec.cat\/escolatorrelameu\/general\/principi-3\/\">3r principi<\/a><\/td>\n<td style=\"width: 20%; text-align: center;\">4t principi<\/td>\n<td style=\"width: 20%; text-align: center;\">5\u00e8 principi<\/td>\n<\/tr>\n<\/tbody>\n<\/table>\n<p>&nbsp;<\/p>\n","protected":false},"excerpt":{"rendered":"<p>Aqu\u00ed teniu disponible la presentaci\u00f3 que vam compartir amb les fam\u00edlies l&#8217;octubre del 2024, per explicar el projecte d&#8217;innovaci\u00f3 PINNERG.<\/p>\n<p><a href=\"https:\/\/www.canva.com\/design\/DAG0oFim3Tc\/mhacS__RwJPvY5Wc9-kVeA\/view?utm_content=DAG0oFim3Tc&amp;utm_campaign=designshare&amp;utm_medium=embeds&amp;utm_source=link\" target=\"_blank\" rel=\"noopener\">ERG fam\u00edlies<\/a> de Escola Torrelameu<br \/>\nA continuaci\u00f3, deixem recollits els articles publicat en qu\u00e8 s&#8217;expliquen els principis i com s&#8217;han presentat a l&#8217;escola.<\/p>\n<p>ELS 5&hellip;  <a href=\"https:\/\/agora.xtec.cat\/escolatorrelameu\/escola-restaurativa\/\" title=\"Read Escola restaurativa\">Llegeix m\u00e9s\u00bb<\/a><\/p>\n","protected":false},"author":1,"featured_media":0,"parent":0,"menu_order":0,"comment_status":"closed","ping_status":"closed","template":"","meta":{"_bbp_topic_count":0,"_bbp_reply_count":0,"_bbp_total_topic_count":0,"_bbp_total_reply_count":0,"_bbp_voice_count":0,"_bbp_anonymous_reply_count":0,"_bbp_topic_count_hidden":0,"_bbp_reply_count_hidden":0,"_bbp_forum_subforum_count":0,"footnotes":""},"class_list":["post-3961","page","type-page","status-publish","hentry"],"post_mailing_queue_ids":[],"_links":{"self":[{"href":"https:\/\/agora.xtec.cat\/escolatorrelameu\/wp-json\/wp\/v2\/pages\/3961","targetHints":{"allow":["GET"]}}],"collection":[{"href":"https:\/\/agora.xtec.cat\/escolatorrelameu\/wp-json\/wp\/v2\/pages"}],"about":[{"href":"https:\/\/agora.xtec.cat\/escolatorrelameu\/wp-json\/wp\/v2\/types\/page"}],"author":[{"embeddable":true,"href":"https:\/\/agora.xtec.cat\/escolatorrelameu\/wp-json\/wp\/v2\/users\/1"}],"replies":[{"embeddable":true,"href":"https:\/\/agora.xtec.cat\/escolatorrelameu\/wp-json\/wp\/v2\/comments?post=3961"}],"version-history":[{"count":6,"href":"https:\/\/agora.xtec.cat\/escolatorrelameu\/wp-json\/wp\/v2\/pages\/3961\/revisions"}],"predecessor-version":[{"id":4121,"href":"https:\/\/agora.xtec.cat\/escolatorrelameu\/wp-json\/wp\/v2\/pages\/3961\/revisions\/4121"}],"wp:attachment":[{"href":"https:\/\/agora.xtec.cat\/escolatorrelameu\/wp-json\/wp\/v2\/media?parent=3961"}],"curies":[{"name":"wp","href":"https:\/\/api.w.org\/{rel}","templated":true}]}}