{"id":87,"date":"2014-09-18T14:28:12","date_gmt":"2014-09-18T13:28:12","guid":{"rendered":"http:\/\/agora.xtec.cat\/escolatorreballdovina\/?page_id=87"},"modified":"2025-02-05T14:08:00","modified_gmt":"2025-02-05T13:08:00","slug":"nivells","status":"publish","type":"page","link":"https:\/\/agora.xtec.cat\/escolatorreballdovina\/nivells\/","title":{"rendered":"DIA A DIA A L&#8217;ESCOLA"},"content":{"rendered":"<p><strong><em>PROJECTE EDUCATIU \/ L\u00cdNIA PEDAG\u00d2GICA<\/em><\/strong><\/p>\n<p><em>QUI SOM?<\/em><\/p>\n<p>Som una escola inclusiva i acollidora, que fomenta la cultura de l\u2019esfor\u00e7 i la const\u00e0ncia, el di\u00e0leg com a via per a la resoluci\u00f3 de conflictes, i el respecte com a principi fonamental de conviv\u00e8ncia.<\/p>\n<p><em>QU\u00c8 PRETENEM?<\/em><\/p>\n<ul>\n<li>Fer de l\u2019alumnat persones tolerants, solid\u00e0ries, emp\u00e0tiques, d\u2019esperit cr\u00edtic, responsables, positives i amb inquietuds.<\/li>\n<li>Afavorir l\u2019educaci\u00f3 integral tenint en compte les caracter\u00edstiques personals, desenvolupant al m\u00e0xim les capacitats i compet\u00e8ncies, i fomentant la seva autonomia.<\/li>\n<li>Educar en i per la diversitat, fomentant el valor del respecte.<\/li>\n<li>Potenciar el desenvolupament de compet\u00e8ncies comunicatives pluriling\u00fces.<\/li>\n<\/ul>\n<p><em>COM HO FEM?<\/em><\/p>\n<ul>\n<li>La lectura com a font de plaer i aprenentatge.<\/li>\n<li>Diferents modalitats d\u2019intervenci\u00f3: desdoblaments de grup, tallers, espais d\u2019aprenentatge, codoc\u00e8ncia&#8230;<\/li>\n<li>Atenent la diversitat de tot l\u2019alumnat des d\u2019una mirada inclusiva. L\u2019escola disposa de SIEI (Suport Intensiu per a l\u2019Educaci\u00f3 Inclusiva) i aula d\u2019acollida.<\/li>\n<li>Treball manipulatiu i vivencial; diversitat de materials did\u00e0ctics atractius i motivadors.<\/li>\n<li>Impuls de la llengua anglesa en diferents moments d\u2019aprenentatge: s\u2019introdueix a I5 i es realitzen tallers art\u00edstics a prim\u00e0ria.<\/li>\n<li>Impuls de la compet\u00e8ncia digital.<\/li>\n<li>Desenvolupament motriu mitjan\u00e7ant la psicomotricitat a infantil i l\u2019educaci\u00f3 f\u00edsica a prim\u00e0ria.<\/li>\n<li>Sortides i activitats complement\u00e0ries que afavoreixen l\u2019aprenentatge, la conviv\u00e8ncia i la relaci\u00f3 amb l\u2019entorn. Col\u00f2nies escolars a I5, 3r i 6\u00e8.<\/li>\n<li>Celebraci\u00f3 de festes: Castanyada, Nadal, Carnaval, Sant Jordi i Final de Curs.<\/li>\n<\/ul>\n<p><strong><em>PROJECTES SINGULARS<\/em><\/strong><\/p>\n<ul>\n<li>Espais d\u2019aprenentatge<\/li>\n<li>Tallers matem\u00e0tics i art\u00edstics<\/li>\n<li>Hort escolar<\/li>\n<li><em>\u201cProtagonista de la setmana\u201d i \u201cMaleta viatgera\u201d<\/em><\/li>\n<li><em>\u201cTreballem els artistes\u201d<\/em><\/li>\n<li>Jornades culturals<\/li>\n<li>Nom de la classe<\/li>\n<li>Activitats art\u00edstiques al llarg de l\u2019etapa (Santa Coloma Dansa, Cantata i Cant\u00e0nia)<\/li>\n<li>Jocs Florals Escolars<\/li>\n<\/ul>\n","protected":false},"excerpt":{"rendered":"<p>PROJECTE EDUCATIU \/ L\u00cdNIA PEDAG\u00d2GICA QUI SOM? Som una escola inclusiva i acollidora, que fomenta la cultura de l\u2019esfor\u00e7 i la const\u00e0ncia, el di\u00e0leg com a via per a la resoluci\u00f3 de conflictes, i el respecte com a principi fonamental de conviv\u00e8ncia. QU\u00c8 PRETENEM? Fer de l\u2019alumnat persones tolerants, solid\u00e0ries, emp\u00e0tiques, d\u2019esperit cr\u00edtic, responsables, positives [&hellip;]<\/p>\n","protected":false},"author":1,"featured_media":0,"parent":0,"menu_order":0,"comment_status":"closed","ping_status":"closed","template":"page-templates\/side-menu.php","meta":{"_bbp_topic_count":0,"_bbp_reply_count":0,"_bbp_total_topic_count":0,"_bbp_total_reply_count":0,"_bbp_voice_count":0,"_bbp_anonymous_reply_count":0,"_bbp_topic_count_hidden":0,"_bbp_reply_count_hidden":0,"_bbp_forum_subforum_count":0,"site-sidebar-layout":"default","site-content-layout":"","ast-site-content-layout":"","site-content-style":"default","site-sidebar-style":"default","ast-global-header-display":"","ast-banner-title-visibility":"","ast-main-header-display":"","ast-hfb-above-header-display":"","ast-hfb-below-header-display":"","ast-hfb-mobile-header-display":"","site-post-title":"","ast-breadcrumbs-content":"","ast-featured-img":"","footer-sml-layout":"","theme-transparent-header-meta":"","adv-header-id-meta":"","stick-header-meta":"","header-above-stick-meta":"","header-main-stick-meta":"","header-below-stick-meta":"","astra-migrate-meta-layouts":"default","ast-page-background-enabled":"default","ast-page-background-meta":{"desktop":{"background-color":"var(--ast-global-color-4)","background-image":"","background-repeat":"repeat","background-position":"center center","background-size":"auto","background-attachment":"scroll","background-type":"","background-media":"","overlay-type":"","overlay-color":"","overlay-opacity":"","overlay-gradient":""},"tablet":{"background-color":"","background-image":"","background-repeat":"repeat","background-position":"center center","background-size":"auto","background-attachment":"scroll","background-type":"","background-media":"","overlay-type":"","overlay-color":"","overlay-opacity":"","overlay-gradient":""},"mobile":{"background-color":"","background-image":"","background-repeat":"repeat","background-position":"center center","background-size":"auto","background-attachment":"scroll","background-type":"","background-media":"","overlay-type":"","overlay-color":"","overlay-opacity":"","overlay-gradient":""}},"ast-content-background-meta":{"desktop":{"background-color":"var(--ast-global-color-5)","background-image":"","background-repeat":"repeat","background-position":"center center","background-size":"auto","background-attachment":"scroll","background-type":"","background-media":"","overlay-type":"","overlay-color":"","overlay-opacity":"","overlay-gradient":""},"tablet":{"background-color":"var(--ast-global-color-5)","background-image":"","background-repeat":"repeat","background-position":"center center","background-size":"auto","background-attachment":"scroll","background-type":"","background-media":"","overlay-type":"","overlay-color":"","overlay-opacity":"","overlay-gradient":""},"mobile":{"background-color":"var(--ast-global-color-5)","background-image":"","background-repeat":"repeat","background-position":"center center","background-size":"auto","background-attachment":"scroll","background-type":"","background-media":"","overlay-type":"","overlay-color":"","overlay-opacity":"","overlay-gradient":""}},"footnotes":""},"class_list":["post-87","page","type-page","status-publish","hentry"],"post_mailing_queue_ids":[],"_links":{"self":[{"href":"https:\/\/agora.xtec.cat\/escolatorreballdovina\/wp-json\/wp\/v2\/pages\/87","targetHints":{"allow":["GET"]}}],"collection":[{"href":"https:\/\/agora.xtec.cat\/escolatorreballdovina\/wp-json\/wp\/v2\/pages"}],"about":[{"href":"https:\/\/agora.xtec.cat\/escolatorreballdovina\/wp-json\/wp\/v2\/types\/page"}],"author":[{"embeddable":true,"href":"https:\/\/agora.xtec.cat\/escolatorreballdovina\/wp-json\/wp\/v2\/users\/1"}],"replies":[{"embeddable":true,"href":"https:\/\/agora.xtec.cat\/escolatorreballdovina\/wp-json\/wp\/v2\/comments?post=87"}],"version-history":[{"count":6,"href":"https:\/\/agora.xtec.cat\/escolatorreballdovina\/wp-json\/wp\/v2\/pages\/87\/revisions"}],"predecessor-version":[{"id":2822,"href":"https:\/\/agora.xtec.cat\/escolatorreballdovina\/wp-json\/wp\/v2\/pages\/87\/revisions\/2822"}],"wp:attachment":[{"href":"https:\/\/agora.xtec.cat\/escolatorreballdovina\/wp-json\/wp\/v2\/media?parent=87"}],"curies":[{"name":"wp","href":"https:\/\/api.w.org\/{rel}","templated":true}]}}