{"id":32,"date":"2014-09-18T12:31:33","date_gmt":"2014-09-18T11:31:33","guid":{"rendered":"http:\/\/agora.xtec.cat\/escolatorreballdovina\/?page_id=32"},"modified":"2026-01-08T17:41:16","modified_gmt":"2026-01-08T16:41:16","slug":"calendari-del-curs","status":"publish","type":"page","link":"https:\/\/agora.xtec.cat\/escolatorreballdovina\/lescola\/calendari-del-curs\/","title":{"rendered":"Calendari escolar"},"content":{"rendered":"<p><a href=\"https:\/\/agora.xtec.cat\/escolatorreballdovina\/wp-content\/uploads\/usu2063\/2026\/01\/CALENDARI-ESCOLA-25-26.jpg\"><img loading=\"lazy\" decoding=\"async\" class=\"alignnone size-large wp-image-3212\" src=\"https:\/\/agora.xtec.cat\/escolatorreballdovina\/wp-content\/uploads\/usu2063\/2026\/01\/CALENDARI-ESCOLA-25-26-1024x724.jpg\" alt=\"\" width=\"1024\" height=\"724\" srcset=\"https:\/\/agora.xtec.cat\/escolatorreballdovina\/wp-content\/uploads\/usu2063\/2026\/01\/CALENDARI-ESCOLA-25-26-1024x724.jpg 1024w, https:\/\/agora.xtec.cat\/escolatorreballdovina\/wp-content\/uploads\/usu2063\/2026\/01\/CALENDARI-ESCOLA-25-26-300x212.jpg 300w, https:\/\/agora.xtec.cat\/escolatorreballdovina\/wp-content\/uploads\/usu2063\/2026\/01\/CALENDARI-ESCOLA-25-26-768x543.jpg 768w, https:\/\/agora.xtec.cat\/escolatorreballdovina\/wp-content\/uploads\/usu2063\/2026\/01\/CALENDARI-ESCOLA-25-26-1536x1086.jpg 1536w, https:\/\/agora.xtec.cat\/escolatorreballdovina\/wp-content\/uploads\/usu2063\/2026\/01\/CALENDARI-ESCOLA-25-26-2048x1448.jpg 2048w\" sizes=\"auto, (max-width: 1024px) 100vw, 1024px\" \/><\/a><\/p>\n<table style=\"border-collapse: collapse; width: 100%;\">\n<tbody>\n<tr>\n<td style=\"width: 100%;\">\n<h4><strong>Horari lectiu<\/strong><\/h4>\n<\/td>\n<\/tr>\n<tr>\n<td style=\"width: 100%;\">De 9\u202fh a 12:30\u202fh i de 15\u202fh a 16:30\u202fh per a tot l\u2019alumnat del centre.<\/p>\n<p>*Per als alumnes que inicien l\u2019escolaritzaci\u00f3 a I3 s\u2019organitza un breu per\u00edode d\u2019adaptaci\u00f3 que suposa una certa modificaci\u00f3 dels horaris dels primers dies de classe, que es fa saber a les fam\u00edlies en les reunions pr\u00e8vies corresponents.<\/td>\n<\/tr>\n<\/tbody>\n<\/table>\n<table style=\"border-collapse: collapse; width: 100%; height: 133px;\">\n<tbody>\n<tr style=\"height: 59px;\">\n<td style=\"width: 100%; height: 59px;\">\n<h4><strong>Jornada intensiva:<\/strong><\/h4>\n<\/td>\n<\/tr>\n<tr style=\"height: 32px;\">\n<td style=\"width: 100%; height: 32px;\">Divendres, 19 de desembre de 2025 (de 9 a 13:00)<\/td>\n<\/tr>\n<tr style=\"height: 32px;\">\n<td style=\"width: 100%; height: 32px;\">Del 8 al 19 de juny de 2026 (de 9 a 13:00)<\/td>\n<\/tr>\n<\/tbody>\n<\/table>\n<p>&nbsp;<\/p>\n","protected":false},"excerpt":{"rendered":"<p>Horari lectiu De 9\u202fh a 12:30\u202fh i de 15\u202fh a 16:30\u202fh per a tot l\u2019alumnat del centre. *Per als alumnes que inicien l\u2019escolaritzaci\u00f3 a I3 s\u2019organitza un breu per\u00edode d\u2019adaptaci\u00f3 que suposa una certa modificaci\u00f3 dels horaris dels primers dies de classe, que es fa saber a les fam\u00edlies en les reunions pr\u00e8vies corresponents. Jornada [&hellip;]<\/p>\n","protected":false},"author":1,"featured_media":0,"parent":22,"menu_order":50,"comment_status":"closed","ping_status":"closed","template":"","meta":{"_bbp_topic_count":0,"_bbp_reply_count":0,"_bbp_total_topic_count":0,"_bbp_total_reply_count":0,"_bbp_voice_count":0,"_bbp_anonymous_reply_count":0,"_bbp_topic_count_hidden":0,"_bbp_reply_count_hidden":0,"_bbp_forum_subforum_count":0,"site-sidebar-layout":"default","site-content-layout":"","ast-site-content-layout":"default","site-content-style":"default","site-sidebar-style":"default","ast-global-header-display":"","ast-banner-title-visibility":"","ast-main-header-display":"","ast-hfb-above-header-display":"","ast-hfb-below-header-display":"","ast-hfb-mobile-header-display":"","site-post-title":"","ast-breadcrumbs-content":"","ast-featured-img":"","footer-sml-layout":"","theme-transparent-header-meta":"default","adv-header-id-meta":"","stick-header-meta":"","header-above-stick-meta":"","header-main-stick-meta":"","header-below-stick-meta":"","astra-migrate-meta-layouts":"set","ast-page-background-enabled":"default","ast-page-background-meta":{"desktop":{"background-color":"var(--ast-global-color-4)","background-image":"","background-repeat":"repeat","background-position":"center center","background-size":"auto","background-attachment":"scroll","background-type":"","background-media":"","overlay-type":"","overlay-color":"","overlay-opacity":"","overlay-gradient":""},"tablet":{"background-color":"","background-image":"","background-repeat":"repeat","background-position":"center center","background-size":"auto","background-attachment":"scroll","background-type":"","background-media":"","overlay-type":"","overlay-color":"","overlay-opacity":"","overlay-gradient":""},"mobile":{"background-color":"","background-image":"","background-repeat":"repeat","background-position":"center center","background-size":"auto","background-attachment":"scroll","background-type":"","background-media":"","overlay-type":"","overlay-color":"","overlay-opacity":"","overlay-gradient":""}},"ast-content-background-meta":{"desktop":{"background-color":"var(--ast-global-color-5)","background-image":"","background-repeat":"repeat","background-position":"center center","background-size":"auto","background-attachment":"scroll","background-type":"","background-media":"","overlay-type":"","overlay-color":"","overlay-opacity":"","overlay-gradient":""},"tablet":{"background-color":"var(--ast-global-color-5)","background-image":"","background-repeat":"repeat","background-position":"center center","background-size":"auto","background-attachment":"scroll","background-type":"","background-media":"","overlay-type":"","overlay-color":"","overlay-opacity":"","overlay-gradient":""},"mobile":{"background-color":"var(--ast-global-color-5)","background-image":"","background-repeat":"repeat","background-position":"center center","background-size":"auto","background-attachment":"scroll","background-type":"","background-media":"","overlay-type":"","overlay-color":"","overlay-opacity":"","overlay-gradient":""}},"footnotes":""},"class_list":["post-32","page","type-page","status-publish","hentry"],"post_mailing_queue_ids":[],"_links":{"self":[{"href":"https:\/\/agora.xtec.cat\/escolatorreballdovina\/wp-json\/wp\/v2\/pages\/32","targetHints":{"allow":["GET"]}}],"collection":[{"href":"https:\/\/agora.xtec.cat\/escolatorreballdovina\/wp-json\/wp\/v2\/pages"}],"about":[{"href":"https:\/\/agora.xtec.cat\/escolatorreballdovina\/wp-json\/wp\/v2\/types\/page"}],"author":[{"embeddable":true,"href":"https:\/\/agora.xtec.cat\/escolatorreballdovina\/wp-json\/wp\/v2\/users\/1"}],"replies":[{"embeddable":true,"href":"https:\/\/agora.xtec.cat\/escolatorreballdovina\/wp-json\/wp\/v2\/comments?post=32"}],"version-history":[{"count":9,"href":"https:\/\/agora.xtec.cat\/escolatorreballdovina\/wp-json\/wp\/v2\/pages\/32\/revisions"}],"predecessor-version":[{"id":3213,"href":"https:\/\/agora.xtec.cat\/escolatorreballdovina\/wp-json\/wp\/v2\/pages\/32\/revisions\/3213"}],"up":[{"embeddable":true,"href":"https:\/\/agora.xtec.cat\/escolatorreballdovina\/wp-json\/wp\/v2\/pages\/22"}],"wp:attachment":[{"href":"https:\/\/agora.xtec.cat\/escolatorreballdovina\/wp-json\/wp\/v2\/media?parent=32"}],"curies":[{"name":"wp","href":"https:\/\/api.w.org\/{rel}","templated":true}]}}