{"id":2226,"date":"2023-05-09T15:28:46","date_gmt":"2023-05-09T13:28:46","guid":{"rendered":"https:\/\/agora.xtec.cat\/escolatorreballdovina\/?page_id=2226"},"modified":"2025-10-28T17:17:41","modified_gmt":"2025-10-28T16:17:41","slug":"autoritzacions","status":"publish","type":"page","link":"https:\/\/agora.xtec.cat\/escolatorreballdovina\/lescola\/autoritzacions\/","title":{"rendered":"Autoritzacions"},"content":{"rendered":"<p>Fent clic als enlla\u00e7os podreu descarregar l&#8217;autoritzaci\u00f3 que necessiteu:<\/p>\n<table class=\" aligncenter\" style=\"width: 100%; border-collapse: collapse;\">\n<tbody>\n<tr>\n<td style=\"width: 25%; text-align: center;\"><a href=\"https:\/\/drive.google.com\/file\/d\/1g6KEyVkqrgzn4_DD-yKHI5DMn9_nXDTT\/view?usp=drive_link\" target=\"_blank\" rel=\"noopener\">RECOLLIDA D&#8217;ALUMNES<\/a><\/td>\n<td style=\"width: 25%; text-align: center;\"><a href=\"https:\/\/drive.google.com\/file\/d\/1PRAvCSnwHS1PMpTVxOhIV7cOAI6FaedD\/view?usp=sharing\">MARXAR SOLS<\/a><\/td>\n<td style=\"width: 25%; text-align: center;\"><a href=\"https:\/\/drive.google.com\/file\/d\/1KIzWJNewQxHCzqjqECgksmY1GNONNYkH\/view?usp=sharing\">ADMINISTRACI\u00d3 DE PARACETAMOL<\/a><\/td>\n<td style=\"width: 25%; text-align: center; vertical-align: middle;\" rowspan=\"2\">\n<p style=\"text-align: center;\"><a href=\"https:\/\/drive.google.com\/file\/d\/1oU_UlFVRRsDEDjKIFnYOiovaSUHLfTgS\/view?usp=sharing\">RECURSOS DIGITALS A INTERNET PER TREBALLAR A L&#8217;AULA<\/a><\/p>\n<\/td>\n<\/tr>\n<tr>\n<td style=\"width: 25%; text-align: center;\"><a href=\"https:\/\/drive.google.com\/file\/d\/10DVpM9wkpv7VduMBz8R0yR9gGNIW0h0q\/view?usp=sharing\">\u00daS D&#8217;IMATGE<\/a><\/td>\n<td style=\"width: 25%; text-align: center;\"><a href=\"https:\/\/drive.google.com\/file\/d\/1U7b_3O0MCGep_5Cv5UugoFYeOzrzFcsb\/view?usp=sharing\" target=\"_blank\" rel=\"noopener\">ADMINISTRACI\u00d3 DE MEDICAMENTS<\/a><\/td>\n<td style=\"width: 25%; text-align: center;\"><a href=\"https:\/\/drive.google.com\/file\/d\/1wR3sYEdA00DLcuyVxzOUPBpjH9SvfoTy\/view?usp=sharing\">SORTIDES ESCOLARS<\/a><\/td>\n<\/tr>\n<\/tbody>\n<\/table>\n<p>&nbsp;<\/p>\n","protected":false},"excerpt":{"rendered":"<p>Fent clic als enlla\u00e7os podreu descarregar l&#8217;autoritzaci\u00f3 que necessiteu: RECOLLIDA D&#8217;ALUMNES MARXAR SOLS ADMINISTRACI\u00d3 DE PARACETAMOL RECURSOS DIGITALS A INTERNET PER TREBALLAR A L&#8217;AULA \u00daS D&#8217;IMATGE ADMINISTRACI\u00d3 DE MEDICAMENTS SORTIDES ESCOLARS &nbsp;<\/p>\n","protected":false},"author":16,"featured_media":0,"parent":22,"menu_order":0,"comment_status":"closed","ping_status":"closed","template":"","meta":{"_bbp_topic_count":0,"_bbp_reply_count":0,"_bbp_total_topic_count":0,"_bbp_total_reply_count":0,"_bbp_voice_count":0,"_bbp_anonymous_reply_count":0,"_bbp_topic_count_hidden":0,"_bbp_reply_count_hidden":0,"_bbp_forum_subforum_count":0,"site-sidebar-layout":"default","site-content-layout":"","ast-site-content-layout":"default","site-content-style":"default","site-sidebar-style":"default","ast-global-header-display":"","ast-banner-title-visibility":"","ast-main-header-display":"","ast-hfb-above-header-display":"","ast-hfb-below-header-display":"","ast-hfb-mobile-header-display":"","site-post-title":"","ast-breadcrumbs-content":"","ast-featured-img":"","footer-sml-layout":"","theme-transparent-header-meta":"default","adv-header-id-meta":"","stick-header-meta":"","header-above-stick-meta":"","header-main-stick-meta":"","header-below-stick-meta":"","astra-migrate-meta-layouts":"set","ast-page-background-enabled":"default","ast-page-background-meta":{"desktop":{"background-color":"var(--ast-global-color-4)","background-image":"","background-repeat":"repeat","background-position":"center center","background-size":"auto","background-attachment":"scroll","background-type":"","background-media":"","overlay-type":"","overlay-color":"","overlay-opacity":"","overlay-gradient":""},"tablet":{"background-color":"","background-image":"","background-repeat":"repeat","background-position":"center center","background-size":"auto","background-attachment":"scroll","background-type":"","background-media":"","overlay-type":"","overlay-color":"","overlay-opacity":"","overlay-gradient":""},"mobile":{"background-color":"","background-image":"","background-repeat":"repeat","background-position":"center center","background-size":"auto","background-attachment":"scroll","background-type":"","background-media":"","overlay-type":"","overlay-color":"","overlay-opacity":"","overlay-gradient":""}},"ast-content-background-meta":{"desktop":{"background-color":"var(--ast-global-color-5)","background-image":"","background-repeat":"repeat","background-position":"center center","background-size":"auto","background-attachment":"scroll","background-type":"","background-media":"","overlay-type":"","overlay-color":"","overlay-opacity":"","overlay-gradient":""},"tablet":{"background-color":"var(--ast-global-color-5)","background-image":"","background-repeat":"repeat","background-position":"center center","background-size":"auto","background-attachment":"scroll","background-type":"","background-media":"","overlay-type":"","overlay-color":"","overlay-opacity":"","overlay-gradient":""},"mobile":{"background-color":"var(--ast-global-color-5)","background-image":"","background-repeat":"repeat","background-position":"center center","background-size":"auto","background-attachment":"scroll","background-type":"","background-media":"","overlay-type":"","overlay-color":"","overlay-opacity":"","overlay-gradient":""}},"footnotes":""},"class_list":["post-2226","page","type-page","status-publish","hentry"],"post_mailing_queue_ids":[],"_links":{"self":[{"href":"https:\/\/agora.xtec.cat\/escolatorreballdovina\/wp-json\/wp\/v2\/pages\/2226","targetHints":{"allow":["GET"]}}],"collection":[{"href":"https:\/\/agora.xtec.cat\/escolatorreballdovina\/wp-json\/wp\/v2\/pages"}],"about":[{"href":"https:\/\/agora.xtec.cat\/escolatorreballdovina\/wp-json\/wp\/v2\/types\/page"}],"author":[{"embeddable":true,"href":"https:\/\/agora.xtec.cat\/escolatorreballdovina\/wp-json\/wp\/v2\/users\/16"}],"replies":[{"embeddable":true,"href":"https:\/\/agora.xtec.cat\/escolatorreballdovina\/wp-json\/wp\/v2\/comments?post=2226"}],"version-history":[{"count":7,"href":"https:\/\/agora.xtec.cat\/escolatorreballdovina\/wp-json\/wp\/v2\/pages\/2226\/revisions"}],"predecessor-version":[{"id":3133,"href":"https:\/\/agora.xtec.cat\/escolatorreballdovina\/wp-json\/wp\/v2\/pages\/2226\/revisions\/3133"}],"up":[{"embeddable":true,"href":"https:\/\/agora.xtec.cat\/escolatorreballdovina\/wp-json\/wp\/v2\/pages\/22"}],"wp:attachment":[{"href":"https:\/\/agora.xtec.cat\/escolatorreballdovina\/wp-json\/wp\/v2\/media?parent=2226"}],"curies":[{"name":"wp","href":"https:\/\/api.w.org\/{rel}","templated":true}]}}