{"id":2204,"date":"2023-05-09T15:25:49","date_gmt":"2023-05-09T13:25:49","guid":{"rendered":"https:\/\/agora.xtec.cat\/escolatorreballdovina\/?page_id=2204"},"modified":"2023-12-20T10:53:31","modified_gmt":"2023-12-20T09:53:31","slug":"projecte-linguistic","status":"publish","type":"page","link":"https:\/\/agora.xtec.cat\/escolatorreballdovina\/documents-de-gestio\/projecte-linguistic\/","title":{"rendered":"Projecte ling\u00fc\u00edstic"},"content":{"rendered":"<p>El projecte ling\u00fc\u00edstic de centre forma part del projecte educatiu del centre, i \u00e9s el document que recull els aspectes relatius a l\u2019ensenyament i l\u2019\u00fas de les lleng\u00fces en el centre educatiu.<\/p>\n<p>Fent clic al seg\u00fcent enlla\u00e7 trobareu el document. \u27a1 <a href=\"https:\/\/drive.google.com\/file\/d\/15uGZsoEACTaQ0V7SbkEnZJz34ir0G2nn\/view?usp=drive_link\" target=\"_blank\" rel=\"noopener\">PROJECTE LING\u00dc\u00cdSTIC<\/a><\/p>\n","protected":false},"excerpt":{"rendered":"<p>El projecte ling\u00fc\u00edstic de centre forma part del projecte educatiu del centre, i \u00e9s el document que recull els aspectes relatius a l\u2019ensenyament i l\u2019\u00fas de les lleng\u00fces en el centre educatiu. Fent clic al seg\u00fcent enlla\u00e7 trobareu el document. \u27a1 PROJECTE LING\u00dc\u00cdSTIC<\/p>\n","protected":false},"author":16,"featured_media":0,"parent":2200,"menu_order":0,"comment_status":"closed","ping_status":"closed","template":"page-templates\/side-menu.php","meta":{"_bbp_topic_count":0,"_bbp_reply_count":0,"_bbp_total_topic_count":0,"_bbp_total_reply_count":0,"_bbp_voice_count":0,"_bbp_anonymous_reply_count":0,"_bbp_topic_count_hidden":0,"_bbp_reply_count_hidden":0,"_bbp_forum_subforum_count":0,"site-sidebar-layout":"default","site-content-layout":"","ast-site-content-layout":"","site-content-style":"default","site-sidebar-style":"default","ast-global-header-display":"","ast-banner-title-visibility":"","ast-main-header-display":"","ast-hfb-above-header-display":"","ast-hfb-below-header-display":"","ast-hfb-mobile-header-display":"","site-post-title":"","ast-breadcrumbs-content":"","ast-featured-img":"","footer-sml-layout":"","theme-transparent-header-meta":"","adv-header-id-meta":"","stick-header-meta":"","header-above-stick-meta":"","header-main-stick-meta":"","header-below-stick-meta":"","astra-migrate-meta-layouts":"default","ast-page-background-enabled":"default","ast-page-background-meta":{"desktop":{"background-color":"var(--ast-global-color-4)","background-image":"","background-repeat":"repeat","background-position":"center center","background-size":"auto","background-attachment":"scroll","background-type":"","background-media":"","overlay-type":"","overlay-color":"","overlay-opacity":"","overlay-gradient":""},"tablet":{"background-color":"","background-image":"","background-repeat":"repeat","background-position":"center center","background-size":"auto","background-attachment":"scroll","background-type":"","background-media":"","overlay-type":"","overlay-color":"","overlay-opacity":"","overlay-gradient":""},"mobile":{"background-color":"","background-image":"","background-repeat":"repeat","background-position":"center center","background-size":"auto","background-attachment":"scroll","background-type":"","background-media":"","overlay-type":"","overlay-color":"","overlay-opacity":"","overlay-gradient":""}},"ast-content-background-meta":{"desktop":{"background-color":"var(--ast-global-color-5)","background-image":"","background-repeat":"repeat","background-position":"center center","background-size":"auto","background-attachment":"scroll","background-type":"","background-media":"","overlay-type":"","overlay-color":"","overlay-opacity":"","overlay-gradient":""},"tablet":{"background-color":"var(--ast-global-color-5)","background-image":"","background-repeat":"repeat","background-position":"center center","background-size":"auto","background-attachment":"scroll","background-type":"","background-media":"","overlay-type":"","overlay-color":"","overlay-opacity":"","overlay-gradient":""},"mobile":{"background-color":"var(--ast-global-color-5)","background-image":"","background-repeat":"repeat","background-position":"center center","background-size":"auto","background-attachment":"scroll","background-type":"","background-media":"","overlay-type":"","overlay-color":"","overlay-opacity":"","overlay-gradient":""}},"footnotes":""},"class_list":["post-2204","page","type-page","status-publish","hentry"],"post_mailing_queue_ids":[],"_links":{"self":[{"href":"https:\/\/agora.xtec.cat\/escolatorreballdovina\/wp-json\/wp\/v2\/pages\/2204","targetHints":{"allow":["GET"]}}],"collection":[{"href":"https:\/\/agora.xtec.cat\/escolatorreballdovina\/wp-json\/wp\/v2\/pages"}],"about":[{"href":"https:\/\/agora.xtec.cat\/escolatorreballdovina\/wp-json\/wp\/v2\/types\/page"}],"author":[{"embeddable":true,"href":"https:\/\/agora.xtec.cat\/escolatorreballdovina\/wp-json\/wp\/v2\/users\/16"}],"replies":[{"embeddable":true,"href":"https:\/\/agora.xtec.cat\/escolatorreballdovina\/wp-json\/wp\/v2\/comments?post=2204"}],"version-history":[{"count":4,"href":"https:\/\/agora.xtec.cat\/escolatorreballdovina\/wp-json\/wp\/v2\/pages\/2204\/revisions"}],"predecessor-version":[{"id":2458,"href":"https:\/\/agora.xtec.cat\/escolatorreballdovina\/wp-json\/wp\/v2\/pages\/2204\/revisions\/2458"}],"up":[{"embeddable":true,"href":"https:\/\/agora.xtec.cat\/escolatorreballdovina\/wp-json\/wp\/v2\/pages\/2200"}],"wp:attachment":[{"href":"https:\/\/agora.xtec.cat\/escolatorreballdovina\/wp-json\/wp\/v2\/media?parent=2204"}],"curies":[{"name":"wp","href":"https:\/\/api.w.org\/{rel}","templated":true}]}}