{"id":426,"date":"2016-01-28T14:00:05","date_gmt":"2016-01-28T13:00:05","guid":{"rendered":"http:\/\/agora.xtec.cat\/escolateresinamartorell\/?page_id=426"},"modified":"2019-07-17T10:54:44","modified_gmt":"2019-07-17T08:54:44","slug":"activitats-extraescolars","status":"publish","type":"page","link":"https:\/\/agora.xtec.cat\/escolateresinamartorell\/la-nostra-escola\/serveis\/activitats-extraescolars\/","title":{"rendered":"Activitats extraescolars"},"content":{"rendered":"<p><span style=\"color: #800080;\"><strong>Animeu-vos, fem handbol a l&#8217;escola!<\/strong><\/span><\/p>\n<p>L&#8217;escola \u00e9s conscient de la import\u00e0ncia de la salut f\u00edsica i l&#8217;estabilitat emocional dels nens. \u00c9s important des de ben petits agafar h\u00e0bits saludables en aquest sentit, per tal que en l&#8217;edat adulta hi hagi una continu\u00eftat i es gaudeixi practicant esport.<\/p>\n<p>Des de l&#8217;escola Teresina Martorell, en col\u00b7laboraci\u00f3 amb l&#8217;AMPA i el club de Handbol del Vendrell, s&#8217;ofereix la possibilitat de practicar aquest esport a les instal\u00b7lacions de l&#8217;escola amb monitors professionals.<\/p>\n<p>Teniu l&#8217;oportunitat d&#8217;omplir la fulleta d&#8217;inscripci\u00f3 el m\u00e9s aviat possible, per tal de comen\u00e7ar el proper 17 d&#8217;octubre. L&#8217;horari de l&#8217;activitat \u00e9s dimarts i dijous de 16:30 a 18 h. durant el primer trimestre.<\/p>\n<p>Desitgem que us agradi!<\/p>\n<p><img loading=\"lazy\" decoding=\"async\" class=\"alignnone size-large wp-image-961\" src=\"http:\/\/agora.xtec.cat\/escolateresinamartorell\/wp-content\/uploads\/usu269\/2017\/10\/fem-handbol-saludable-teresina-1-726x1024.jpg\" alt=\"\" width=\"726\" height=\"1024\" srcset=\"https:\/\/agora.xtec.cat\/escolateresinamartorell\/wp-content\/uploads\/usu269\/2017\/10\/fem-handbol-saludable-teresina-1-726x1024.jpg 726w, https:\/\/agora.xtec.cat\/escolateresinamartorell\/wp-content\/uploads\/usu269\/2017\/10\/fem-handbol-saludable-teresina-1-213x300.jpg 213w, https:\/\/agora.xtec.cat\/escolateresinamartorell\/wp-content\/uploads\/usu269\/2017\/10\/fem-handbol-saludable-teresina-1-768x1084.jpg 768w, https:\/\/agora.xtec.cat\/escolateresinamartorell\/wp-content\/uploads\/usu269\/2017\/10\/fem-handbol-saludable-teresina-1.jpg 803w\" sizes=\"auto, (max-width: 726px) 100vw, 726px\" \/><\/p>\n","protected":false},"excerpt":{"rendered":"<p>Animeu-vos, fem handbol a l&#8217;escola!<br \/>\nL&#8217;escola \u00e9s conscient de la import\u00e0ncia de la salut f\u00edsica i l&#8217;estabilitat emocional dels nens. \u00c9s important des de ben petits agafar h\u00e0bits saludables en aquest sentit, per tal que en l&#8217;edat adulta hi hagi una continu\u00eftat i es gaudeixi practicant&hellip;  <a href=\"https:\/\/agora.xtec.cat\/escolateresinamartorell\/la-nostra-escola\/serveis\/activitats-extraescolars\/\" title=\"Read Activitats extraescolars\">Llegeix m\u00e9s\u00bb<\/a><\/p>\n","protected":false},"author":1,"featured_media":0,"parent":408,"menu_order":3,"comment_status":"closed","ping_status":"closed","template":"page-templates\/side-menu.php","meta":{"_bbp_topic_count":0,"_bbp_reply_count":0,"_bbp_total_topic_count":0,"_bbp_total_reply_count":0,"_bbp_voice_count":0,"_bbp_anonymous_reply_count":0,"_bbp_topic_count_hidden":0,"_bbp_reply_count_hidden":0,"_bbp_forum_subforum_count":0,"footnotes":""},"class_list":["post-426","page","type-page","status-publish","hentry"],"post_mailing_queue_ids":[],"_links":{"self":[{"href":"https:\/\/agora.xtec.cat\/escolateresinamartorell\/wp-json\/wp\/v2\/pages\/426","targetHints":{"allow":["GET"]}}],"collection":[{"href":"https:\/\/agora.xtec.cat\/escolateresinamartorell\/wp-json\/wp\/v2\/pages"}],"about":[{"href":"https:\/\/agora.xtec.cat\/escolateresinamartorell\/wp-json\/wp\/v2\/types\/page"}],"author":[{"embeddable":true,"href":"https:\/\/agora.xtec.cat\/escolateresinamartorell\/wp-json\/wp\/v2\/users\/1"}],"replies":[{"embeddable":true,"href":"https:\/\/agora.xtec.cat\/escolateresinamartorell\/wp-json\/wp\/v2\/comments?post=426"}],"version-history":[{"count":3,"href":"https:\/\/agora.xtec.cat\/escolateresinamartorell\/wp-json\/wp\/v2\/pages\/426\/revisions"}],"predecessor-version":[{"id":967,"href":"https:\/\/agora.xtec.cat\/escolateresinamartorell\/wp-json\/wp\/v2\/pages\/426\/revisions\/967"}],"up":[{"embeddable":true,"href":"https:\/\/agora.xtec.cat\/escolateresinamartorell\/wp-json\/wp\/v2\/pages\/408"}],"wp:attachment":[{"href":"https:\/\/agora.xtec.cat\/escolateresinamartorell\/wp-json\/wp\/v2\/media?parent=426"}],"curies":[{"name":"wp","href":"https:\/\/api.w.org\/{rel}","templated":true}]}}