{"id":235,"date":"2015-03-26T10:32:45","date_gmt":"2015-03-26T09:32:45","guid":{"rendered":"http:\/\/agora.xtec.cat\/escolateresinamartorell\/?page_id=235"},"modified":"2019-07-17T06:28:10","modified_gmt":"2019-07-17T04:28:10","slug":"projecte-educatiu","status":"publish","type":"page","link":"https:\/\/agora.xtec.cat\/escolateresinamartorell\/documents-de-centre\/projecte-educatiu\/","title":{"rendered":"Projecte Educatiu i Ling\u00fc\u00edstic i Carta de Comprom\u00eds educatiu"},"content":{"rendered":"<div data-url=\"https:\/\/issuu.com\/escolateresinamartorell\/docs\/pec_teresina_martorell__amb_pling_\" style=\"width: 500px; height: 354px;\" class=\"issuuembed\"><\/div>\n<p><script type=\"text\/javascript\" src=\"\/\/e.issuu.com\/embed.js\" async=\"true\"><\/script><\/p>\n<p><iframe loading=\"lazy\" src=\"https:\/\/drive.google.com\/file\/d\/0B23dAveVMIoraWFXUk5pNXE1Z2M\/preview\" width=\"640\" height=\"480\"><\/iframe><\/p>\n","protected":false},"excerpt":{"rendered":"","protected":false},"author":1,"featured_media":0,"parent":363,"menu_order":3,"comment_status":"closed","ping_status":"closed","template":"page-templates\/side-menu.php","meta":{"_bbp_topic_count":0,"_bbp_reply_count":0,"_bbp_total_topic_count":0,"_bbp_total_reply_count":0,"_bbp_voice_count":0,"_bbp_anonymous_reply_count":0,"_bbp_topic_count_hidden":0,"_bbp_reply_count_hidden":0,"_bbp_forum_subforum_count":0,"footnotes":""},"class_list":["post-235","page","type-page","status-publish","hentry"],"post_mailing_queue_ids":[],"_links":{"self":[{"href":"https:\/\/agora.xtec.cat\/escolateresinamartorell\/wp-json\/wp\/v2\/pages\/235","targetHints":{"allow":["GET"]}}],"collection":[{"href":"https:\/\/agora.xtec.cat\/escolateresinamartorell\/wp-json\/wp\/v2\/pages"}],"about":[{"href":"https:\/\/agora.xtec.cat\/escolateresinamartorell\/wp-json\/wp\/v2\/types\/page"}],"author":[{"embeddable":true,"href":"https:\/\/agora.xtec.cat\/escolateresinamartorell\/wp-json\/wp\/v2\/users\/1"}],"replies":[{"embeddable":true,"href":"https:\/\/agora.xtec.cat\/escolateresinamartorell\/wp-json\/wp\/v2\/comments?post=235"}],"version-history":[{"count":4,"href":"https:\/\/agora.xtec.cat\/escolateresinamartorell\/wp-json\/wp\/v2\/pages\/235\/revisions"}],"predecessor-version":[{"id":2915,"href":"https:\/\/agora.xtec.cat\/escolateresinamartorell\/wp-json\/wp\/v2\/pages\/235\/revisions\/2915"}],"up":[{"embeddable":true,"href":"https:\/\/agora.xtec.cat\/escolateresinamartorell\/wp-json\/wp\/v2\/pages\/363"}],"wp:attachment":[{"href":"https:\/\/agora.xtec.cat\/escolateresinamartorell\/wp-json\/wp\/v2\/media?parent=235"}],"curies":[{"name":"wp","href":"https:\/\/api.w.org\/{rel}","templated":true}]}}