{"id":1154,"date":"2017-11-16T15:41:23","date_gmt":"2017-11-16T14:41:23","guid":{"rendered":"http:\/\/agora.xtec.cat\/escolateresinamartorell\/?page_id=1154"},"modified":"2017-11-27T13:35:14","modified_gmt":"2017-11-27T12:35:14","slug":"curiositats","status":"publish","type":"page","link":"https:\/\/agora.xtec.cat\/escolateresinamartorell\/curiositats\/","title":{"rendered":"Projecte art\u00edstic &#8220;El Punt\u00e0s&#8221;"},"content":{"rendered":"<p>Un punt de refer\u00e8ncia que engloba les arts pl\u00e0stiques, esc\u00e8niques, la m\u00fasica i la dansa; a partir de les quals assolir de manera competencial la millora educativa de tots els alumnes. Una tasca per dur a terme des de l&#8217;escola, cercant la implicaci\u00f3 de les fam\u00edlies i l&#8217;entorn. Explorant en aquest \u00faltim per tal que doni significat a les activitats,\u00a0 sigui espai\u00a0 d&#8217;interacci\u00f3, on es produeixi la projecci\u00f3 i sigui alhora recurs per dur-les a terme.<\/p>\n<p><img loading=\"lazy\" decoding=\"async\" class=\"alignnone size-full wp-image-1234 aligncenter\" src=\"http:\/\/agora.xtec.cat\/escolateresinamartorell\/wp-content\/uploads\/usu269\/2017\/11\/Logotip-1.png\" alt=\"\" width=\"493\" height=\"459\" srcset=\"https:\/\/agora.xtec.cat\/escolateresinamartorell\/wp-content\/uploads\/usu269\/2017\/11\/Logotip-1.png 493w, https:\/\/agora.xtec.cat\/escolateresinamartorell\/wp-content\/uploads\/usu269\/2017\/11\/Logotip-1-300x279.png 300w\" sizes=\"auto, (max-width: 493px) 100vw, 493px\" \/><\/p>\n<p style=\"text-align: justify;\">\n<p>&nbsp;<\/p>\n","protected":false},"excerpt":{"rendered":"<p>Un punt de refer\u00e8ncia que engloba les arts pl\u00e0stiques, esc\u00e8niques, la m\u00fasica i la dansa; a partir de les quals assolir de manera competencial la millora educativa de tots els alumnes. Una tasca per dur a terme des de l&#8217;escola, cercant la implicaci\u00f3 de les&hellip;  <a href=\"https:\/\/agora.xtec.cat\/escolateresinamartorell\/curiositats\/\" title=\"Read Projecte art\u00edstic &#8220;El Punt\u00e0s&#8221;\">Llegeix m\u00e9s\u00bb<\/a><\/p>\n","protected":false},"author":1,"featured_media":0,"parent":0,"menu_order":0,"comment_status":"closed","ping_status":"closed","template":"","meta":{"_bbp_topic_count":0,"_bbp_reply_count":0,"_bbp_total_topic_count":0,"_bbp_total_reply_count":0,"_bbp_voice_count":0,"_bbp_anonymous_reply_count":0,"_bbp_topic_count_hidden":0,"_bbp_reply_count_hidden":0,"_bbp_forum_subforum_count":0,"footnotes":""},"class_list":["post-1154","page","type-page","status-publish","hentry"],"post_mailing_queue_ids":[],"_links":{"self":[{"href":"https:\/\/agora.xtec.cat\/escolateresinamartorell\/wp-json\/wp\/v2\/pages\/1154","targetHints":{"allow":["GET"]}}],"collection":[{"href":"https:\/\/agora.xtec.cat\/escolateresinamartorell\/wp-json\/wp\/v2\/pages"}],"about":[{"href":"https:\/\/agora.xtec.cat\/escolateresinamartorell\/wp-json\/wp\/v2\/types\/page"}],"author":[{"embeddable":true,"href":"https:\/\/agora.xtec.cat\/escolateresinamartorell\/wp-json\/wp\/v2\/users\/1"}],"replies":[{"embeddable":true,"href":"https:\/\/agora.xtec.cat\/escolateresinamartorell\/wp-json\/wp\/v2\/comments?post=1154"}],"version-history":[{"count":3,"href":"https:\/\/agora.xtec.cat\/escolateresinamartorell\/wp-json\/wp\/v2\/pages\/1154\/revisions"}],"predecessor-version":[{"id":1235,"href":"https:\/\/agora.xtec.cat\/escolateresinamartorell\/wp-json\/wp\/v2\/pages\/1154\/revisions\/1235"}],"wp:attachment":[{"href":"https:\/\/agora.xtec.cat\/escolateresinamartorell\/wp-json\/wp\/v2\/media?parent=1154"}],"curies":[{"name":"wp","href":"https:\/\/api.w.org\/{rel}","templated":true}]}}