{"id":962,"date":"2018-10-15T13:48:05","date_gmt":"2018-10-15T11:48:05","guid":{"rendered":"http:\/\/agora.xtec.cat\/escolatarlatana\/?page_id=962"},"modified":"2022-11-11T11:40:45","modified_gmt":"2022-11-11T10:40:45","slug":"web-en-construccio","status":"publish","type":"page","link":"https:\/\/agora.xtec.cat\/escolatarlatana\/pagines-dinici\/web-en-construccio\/","title":{"rendered":"Ja estem al nou curs&#8230;"},"content":{"rendered":"<p><a href=\"https:\/\/agora.xtec.cat\/escolatarlatana\/wp-content\/uploads\/usu954\/2022\/11\/CRIEDO.jpg\"><img loading=\"lazy\" decoding=\"async\" class=\"aligncenter wp-image-2935 size-full\" src=\"https:\/\/agora.xtec.cat\/escolatarlatana\/wp-content\/uploads\/usu954\/2022\/11\/CRIEDO.jpg\" alt=\"\" width=\"585\" height=\"587\" srcset=\"https:\/\/agora.xtec.cat\/escolatarlatana\/wp-content\/uploads\/usu954\/2022\/11\/CRIEDO.jpg 585w, https:\/\/agora.xtec.cat\/escolatarlatana\/wp-content\/uploads\/usu954\/2022\/11\/CRIEDO-300x300.jpg 300w, https:\/\/agora.xtec.cat\/escolatarlatana\/wp-content\/uploads\/usu954\/2022\/11\/CRIEDO-150x150.jpg 150w\" sizes=\"auto, (max-width: 585px) 100vw, 585px\" \/><br \/>\n<\/a><\/p>\n<h4 class=\"gmail_default\" style=\"text-align: center;\">Ens fa il\u00b7lusi\u00f3 compartir amb vosaltres la not\u00edcia que ahir vam rebre el primer premi <a href=\"https:\/\/edo.uab.cat\/\" target=\"_blank\" rel=\"noopener\" data-saferedirecturl=\"https:\/\/www.google.com\/url?q=https:\/\/edo.uab.cat\/&amp;source=gmail&amp;ust=1668248765752000&amp;usg=AOvVaw0FTlRkStQMV1ntUAb1RFAF\">CRiEDO\u00a0<\/a>a la Innovaci\u00f3 i Desenvolupament d&#8217;Institucions Educatives i de formaci\u00f3.<\/h4>\n<h4 class=\"gmail_default\" style=\"text-align: center;\"><\/h4>\n<h4 class=\"gmail_default\" style=\"text-align: center;\">L&#8217;Acte d&#8217;inauguraci\u00f3 es va fer a la Sala de Graus de la Facultat de Ci\u00e8ncies de l&#8217;Educaci\u00f3 de l&#8217;Universitat Aut\u00f2noma de Barcelona.<\/h4>\n<h4 class=\"gmail_default\" style=\"text-align: center;\"><\/h4>\n<h4 class=\"gmail_default\" style=\"text-align: center;\">Contentes per aquest reconeixement a tot l&#8217;equip per l&#8217;esfor\u00e7, la motivaci\u00f3 i la dedicaci\u00f3 de cada dia per oferir el millor de nosaltres als nostres infants.<\/h4>\n<h5 class=\"gmail_default\" style=\"text-align: center;\">Us deixem l&#8217;enlla\u00e7 de la not\u00edcia\u00a0<a href=\"https:\/\/twitter.com\/GrupoEDO\/status\/1590782221245616128?t=EQClnGMek_ndftTKEHoVSg&amp;s=08\" target=\"_blank\" rel=\"noopener\" data-saferedirecturl=\"https:\/\/www.google.com\/url?q=https:\/\/twitter.com\/GrupoEDO\/status\/1590782221245616128?t%3DEQClnGMek_ndftTKEHoVSg%26s%3D08&amp;source=gmail&amp;ust=1668248765752000&amp;usg=AOvVaw1UyIvmNTqci12_ZD5SgJ1c\">aqu\u00ed<\/a>.<\/h5>\n<h4 class=\"gmail_default\" style=\"text-align: center;\"><\/h4>\n<p>&nbsp;<\/p>\n","protected":false},"excerpt":{"rendered":"<p><a href=\"https:\/\/agora.xtec.cat\/escolatarlatana\/wp-content\/uploads\/usu954\/2022\/11\/CRIEDO.jpg\"><br \/>\n<\/a><br \/>\nEns fa il\u00b7lusi\u00f3 compartir amb vosaltres la not\u00edcia que ahir vam rebre el primer premi <a href=\"https:\/\/edo.uab.cat\/\" target=\"_blank\" rel=\"noopener\" data-saferedirecturl=\"https:\/\/www.google.com\/url?q=https:\/\/edo.uab.cat\/&amp;source=gmail&amp;ust=1668248765752000&amp;usg=AOvVaw0FTlRkStQMV1ntUAb1RFAF\">CRiEDO\u00a0<\/a>a la Innovaci\u00f3 i Desenvolupament d&#8217;Institucions Educatives i de formaci\u00f3.<\/p>\n<p>L&#8217;Acte d&#8217;inauguraci\u00f3 es va fer a la Sala de Graus de la Facultat de Ci\u00e8ncies de&hellip;  <a href=\"https:\/\/agora.xtec.cat\/escolatarlatana\/pagines-dinici\/web-en-construccio\/\" title=\"Read Ja estem al nou curs&#8230;\">Llegeix m\u00e9s\u00bb<\/a><\/p>\n","protected":false},"author":1,"featured_media":0,"parent":7,"menu_order":1,"comment_status":"closed","ping_status":"closed","template":"","meta":{"_bbp_topic_count":0,"_bbp_reply_count":0,"_bbp_total_topic_count":0,"_bbp_total_reply_count":0,"_bbp_voice_count":0,"_bbp_anonymous_reply_count":0,"_bbp_topic_count_hidden":0,"_bbp_reply_count_hidden":0,"_bbp_forum_subforum_count":0,"footnotes":""},"class_list":["post-962","page","type-page","status-publish","hentry"],"post_mailing_queue_ids":[],"_links":{"self":[{"href":"https:\/\/agora.xtec.cat\/escolatarlatana\/wp-json\/wp\/v2\/pages\/962","targetHints":{"allow":["GET"]}}],"collection":[{"href":"https:\/\/agora.xtec.cat\/escolatarlatana\/wp-json\/wp\/v2\/pages"}],"about":[{"href":"https:\/\/agora.xtec.cat\/escolatarlatana\/wp-json\/wp\/v2\/types\/page"}],"author":[{"embeddable":true,"href":"https:\/\/agora.xtec.cat\/escolatarlatana\/wp-json\/wp\/v2\/users\/1"}],"replies":[{"embeddable":true,"href":"https:\/\/agora.xtec.cat\/escolatarlatana\/wp-json\/wp\/v2\/comments?post=962"}],"version-history":[{"count":3,"href":"https:\/\/agora.xtec.cat\/escolatarlatana\/wp-json\/wp\/v2\/pages\/962\/revisions"}],"predecessor-version":[{"id":2937,"href":"https:\/\/agora.xtec.cat\/escolatarlatana\/wp-json\/wp\/v2\/pages\/962\/revisions\/2937"}],"up":[{"embeddable":true,"href":"https:\/\/agora.xtec.cat\/escolatarlatana\/wp-json\/wp\/v2\/pages\/7"}],"wp:attachment":[{"href":"https:\/\/agora.xtec.cat\/escolatarlatana\/wp-json\/wp\/v2\/media?parent=962"}],"curies":[{"name":"wp","href":"https:\/\/api.w.org\/{rel}","templated":true}]}}