{"id":3674,"date":"2024-07-12T10:54:11","date_gmt":"2024-07-12T08:54:11","guid":{"rendered":"https:\/\/agora.xtec.cat\/escolatarlatana\/?page_id=3674"},"modified":"2024-07-12T11:11:00","modified_gmt":"2024-07-12T09:11:00","slug":"informacio-practica-val-escolar-24-25","status":"publish","type":"page","link":"https:\/\/agora.xtec.cat\/escolatarlatana\/informacio-practica-val-escolar-24-25\/","title":{"rendered":"INFORMACI\u00d3 PR\u00c0CTICA VAL ESCOLAR 24-25"},"content":{"rendered":"<p><img loading=\"lazy\" decoding=\"async\" class=\"aligncenter wp-image-3671\" src=\"https:\/\/agora.xtec.cat\/escolatarlatana\/wp-content\/uploads\/usu954\/2024\/07\/VAL-ESCOLAR-150x150.jpg\" alt=\"\" width=\"165\" height=\"165\" \/><\/p>\n<p>El val escolar de l\u2019edici\u00f3 2024-2025 es podr\u00e0 cedir al centre educatiu perqu\u00e8 aquest, en nom de la fam\u00edlia, adquireixi el material escolar i signifiqui una reducci\u00f3 o compensaci\u00f3 de l\u2019aportaci\u00f3 que habitualment efectuen les fam\u00edlies per aquest concepte.<br \/>\nL\u2019alumnat rebr\u00e0 <span style=\"text-decoration: underline;\"><strong>dos vals<\/strong><\/span> escolars de <strong>30 \u20ac<\/strong> cadascun. La fam\u00edlia <span style=\"text-decoration: underline;\">podr\u00e0 cedir<\/span> al centre educatiu <span style=\"text-decoration: underline;\"><strong>cap<\/strong>, <strong>un o els dos vals escolars<\/strong>.<br \/>\n<\/span><\/p>\n<h3><strong>La cessi\u00f3 de vals \u00e9s irreversible i finalitza el 30 de setembre de 2024*.<\/strong><\/h3>\n<p>(*excepte pels alumnes que es matriculin a partir d\u2019aquesta data i fins el 31 d\u2019octubre; els quals podran cedir-los fins el 15 de novembre)<\/p>\n<p><img loading=\"lazy\" decoding=\"async\" class=\"aligncenter wp-image-3679\" src=\"https:\/\/agora.xtec.cat\/escolatarlatana\/wp-content\/uploads\/usu954\/2024\/07\/val.jpg\" alt=\"\" width=\"741\" height=\"278\" srcset=\"https:\/\/agora.xtec.cat\/escolatarlatana\/wp-content\/uploads\/usu954\/2024\/07\/val.jpg 1024w, https:\/\/agora.xtec.cat\/escolatarlatana\/wp-content\/uploads\/usu954\/2024\/07\/val-300x113.jpg 300w, https:\/\/agora.xtec.cat\/escolatarlatana\/wp-content\/uploads\/usu954\/2024\/07\/val-768x288.jpg 768w\" sizes=\"auto, (max-width: 741px) 100vw, 741px\" \/><\/p>\n<p>&nbsp;<\/p>\n<h2 style=\"text-align: center;\">Us recordem que la cessi\u00f3 al centre no \u00e9s en cap cas obligat\u00f2ria.<\/h2>\n<h3 style=\"text-align: center;\">Les fam\u00edlies teniu l&#8217;opci\u00f3 de fer servir el val per comprar material pels vostres infants independentment del material de l&#8217;escola.<\/h3>\n","protected":false},"excerpt":{"rendered":"<p>El val escolar de l\u2019edici\u00f3 2024-2025 es podr\u00e0 cedir al centre educatiu perqu\u00e8 aquest, en nom de la fam\u00edlia, adquireixi el material escolar i signifiqui una reducci\u00f3 o compensaci\u00f3 de l\u2019aportaci\u00f3 que habitualment efectuen les fam\u00edlies per aquest concepte.<br \/>\nL\u2019alumnat rebr\u00e0 dos vals escolars de 30&hellip;  <a href=\"https:\/\/agora.xtec.cat\/escolatarlatana\/informacio-practica-val-escolar-24-25\/\" title=\"Read INFORMACI\u00d3 PR\u00c0CTICA VAL ESCOLAR 24-25\">Llegeix m\u00e9s\u00bb<\/a><\/p>\n","protected":false},"author":1,"featured_media":0,"parent":0,"menu_order":0,"comment_status":"closed","ping_status":"closed","template":"","meta":{"_bbp_topic_count":0,"_bbp_reply_count":0,"_bbp_total_topic_count":0,"_bbp_total_reply_count":0,"_bbp_voice_count":0,"_bbp_anonymous_reply_count":0,"_bbp_topic_count_hidden":0,"_bbp_reply_count_hidden":0,"_bbp_forum_subforum_count":0,"footnotes":""},"class_list":["post-3674","page","type-page","status-publish","hentry"],"post_mailing_queue_ids":[],"_links":{"self":[{"href":"https:\/\/agora.xtec.cat\/escolatarlatana\/wp-json\/wp\/v2\/pages\/3674","targetHints":{"allow":["GET"]}}],"collection":[{"href":"https:\/\/agora.xtec.cat\/escolatarlatana\/wp-json\/wp\/v2\/pages"}],"about":[{"href":"https:\/\/agora.xtec.cat\/escolatarlatana\/wp-json\/wp\/v2\/types\/page"}],"author":[{"embeddable":true,"href":"https:\/\/agora.xtec.cat\/escolatarlatana\/wp-json\/wp\/v2\/users\/1"}],"replies":[{"embeddable":true,"href":"https:\/\/agora.xtec.cat\/escolatarlatana\/wp-json\/wp\/v2\/comments?post=3674"}],"version-history":[{"count":5,"href":"https:\/\/agora.xtec.cat\/escolatarlatana\/wp-json\/wp\/v2\/pages\/3674\/revisions"}],"predecessor-version":[{"id":3684,"href":"https:\/\/agora.xtec.cat\/escolatarlatana\/wp-json\/wp\/v2\/pages\/3674\/revisions\/3684"}],"wp:attachment":[{"href":"https:\/\/agora.xtec.cat\/escolatarlatana\/wp-json\/wp\/v2\/media?parent=3674"}],"curies":[{"name":"wp","href":"https:\/\/api.w.org\/{rel}","templated":true}]}}