{"id":3002,"date":"2023-01-26T12:09:44","date_gmt":"2023-01-26T11:09:44","guid":{"rendered":"https:\/\/agora.xtec.cat\/escolatarlatana\/?page_id=3002"},"modified":"2026-04-29T09:34:24","modified_gmt":"2026-04-29T07:34:24","slug":"portes-obertes","status":"publish","type":"page","link":"https:\/\/agora.xtec.cat\/escolatarlatana\/","title":{"rendered":"PREINSCRIPCI\u00d3 2026-2027"},"content":{"rendered":"<p><strong>La preinscripci\u00f3 2026-2027 ser\u00e0 del 4 al 18 de mar\u00e7 de 2026.\u00a0<\/strong><\/p>\n<p><a href=\"https:\/\/agora.xtec.cat\/escolatarlatana\/wp-content\/uploads\/usu954\/2026\/02\/Preinscripcio_baners_Web_educacio__Preinscripcio_web_educacio_555x431_PRIMARIA-1.jpg\"><img loading=\"lazy\" decoding=\"async\" class=\"aligncenter size-full wp-image-4103\" src=\"https:\/\/agora.xtec.cat\/escolatarlatana\/wp-content\/uploads\/usu954\/2026\/02\/Preinscripcio_baners_Web_educacio__Preinscripcio_web_educacio_555x431_PRIMARIA-1.jpg\" alt=\"\" width=\"572\" height=\"448\" srcset=\"https:\/\/agora.xtec.cat\/escolatarlatana\/wp-content\/uploads\/usu954\/2026\/02\/Preinscripcio_baners_Web_educacio__Preinscripcio_web_educacio_555x431_PRIMARIA-1.jpg 572w, https:\/\/agora.xtec.cat\/escolatarlatana\/wp-content\/uploads\/usu954\/2026\/02\/Preinscripcio_baners_Web_educacio__Preinscripcio_web_educacio_555x431_PRIMARIA-1-300x235.jpg 300w\" sizes=\"auto, (max-width: 572px) 100vw, 572px\" \/><\/a><\/p>\n<p><span style=\"font-family: inherit; font-size: 1em;\">Us deixem el <\/span><a style=\"font-family: inherit; font-size: 1em;\" href=\"https:\/\/preinscripcio.gencat.cat\/ca\/estudis\/infantil-3-6\/informat\/calendari\/\">calendari<\/a><span style=\"font-family: inherit; font-size: 1em;\"> per a la preinscripci\u00f3 en l\u00ednia i matr\u00edcula del curs 2026-2027 que han elaborat des del departament.<\/span><\/p>\n<p>Properes dates importants:<\/p>\n<p>3 de mar\u00e7: <a href=\"https:\/\/agora.xtec.cat\/escolatarlatana\/wp-content\/uploads\/usu954\/2026\/03\/INFORME_OFERTA_OME_INFORME_OFERTA.pdf\">Oferta inicial<\/a><\/p>\n<p>15 d&#8217;abril:<a href=\"https:\/\/agora.xtec.cat\/escolatarlatana\/wp-content\/uploads\/usu954\/2026\/04\/INFORME_BAREM_PROVISIONAL_BAREM.pdf\"> Llista provisional<\/a><\/p>\n<p>23 d&#8217;abril: <a href=\"https:\/\/agora.xtec.cat\/escolatarlatana\/wp-content\/uploads\/usu954\/2026\/04\/INFORME_BAREM_RESOLTES_BAREM.pdf\">Publicaci\u00f3 de barems amb reclamacions resoltes<\/a><\/p>\n<p>28 d&#8217;abril: N\u00ba de desempat:<strong> 42.129<\/strong><\/p>\n<p>29 d&#8217;abril: <a href=\"https:\/\/agora.xtec.cat\/escolatarlatana\/wp-content\/uploads\/usu954\/2026\/04\/INFORME_BAREM_DEFINITIU_BAREM.pdf\">Llista ordenada<\/a><\/p>\n<p>&nbsp;<\/p>\n<p>&nbsp;<\/p>\n","protected":false},"excerpt":{"rendered":"<p>La preinscripci\u00f3 2026-2027 ser\u00e0 del 4 al 18 de mar\u00e7 de 2026.\u00a0<br \/>\n<a href=\"https:\/\/agora.xtec.cat\/escolatarlatana\/wp-content\/uploads\/usu954\/2026\/02\/Preinscripcio_baners_Web_educacio__Preinscripcio_web_educacio_555x431_PRIMARIA-1.jpg\"><\/a><br \/>\nUs deixem el <a style=\"font-family: inherit; font-size: 1em;\" href=\"https:\/\/preinscripcio.gencat.cat\/ca\/estudis\/infantil-3-6\/informat\/calendari\/\">calendari<\/a> per a la preinscripci\u00f3 en l\u00ednia i matr\u00edcula del curs 2026-2027 que han elaborat des del departament.<br \/>\nProperes dates importants:<br \/>\n3 de mar\u00e7: <a href=\"https:\/\/agora.xtec.cat\/escolatarlatana\/wp-content\/uploads\/usu954\/2026\/03\/INFORME_OFERTA_OME_INFORME_OFERTA.pdf\">Oferta inicial<\/a><br \/>\n15&hellip;  <a href=\"https:\/\/agora.xtec.cat\/escolatarlatana\/\" title=\"Read PREINSCRIPCI\u00d3 2026-2027\">Llegeix m\u00e9s\u00bb<\/a><\/p>\n","protected":false},"author":1,"featured_media":0,"parent":0,"menu_order":0,"comment_status":"closed","ping_status":"closed","template":"","meta":{"_bbp_topic_count":0,"_bbp_reply_count":0,"_bbp_total_topic_count":0,"_bbp_total_reply_count":0,"_bbp_voice_count":0,"_bbp_anonymous_reply_count":0,"_bbp_topic_count_hidden":0,"_bbp_reply_count_hidden":0,"_bbp_forum_subforum_count":0,"footnotes":""},"class_list":["post-3002","page","type-page","status-publish","hentry"],"post_mailing_queue_ids":[],"_links":{"self":[{"href":"https:\/\/agora.xtec.cat\/escolatarlatana\/wp-json\/wp\/v2\/pages\/3002","targetHints":{"allow":["GET"]}}],"collection":[{"href":"https:\/\/agora.xtec.cat\/escolatarlatana\/wp-json\/wp\/v2\/pages"}],"about":[{"href":"https:\/\/agora.xtec.cat\/escolatarlatana\/wp-json\/wp\/v2\/types\/page"}],"author":[{"embeddable":true,"href":"https:\/\/agora.xtec.cat\/escolatarlatana\/wp-json\/wp\/v2\/users\/1"}],"replies":[{"embeddable":true,"href":"https:\/\/agora.xtec.cat\/escolatarlatana\/wp-json\/wp\/v2\/comments?post=3002"}],"version-history":[{"count":7,"href":"https:\/\/agora.xtec.cat\/escolatarlatana\/wp-json\/wp\/v2\/pages\/3002\/revisions"}],"predecessor-version":[{"id":4130,"href":"https:\/\/agora.xtec.cat\/escolatarlatana\/wp-json\/wp\/v2\/pages\/3002\/revisions\/4130"}],"wp:attachment":[{"href":"https:\/\/agora.xtec.cat\/escolatarlatana\/wp-json\/wp\/v2\/media?parent=3002"}],"curies":[{"name":"wp","href":"https:\/\/api.w.org\/{rel}","templated":true}]}}