{"id":2840,"date":"2022-09-06T20:02:37","date_gmt":"2022-09-06T18:02:37","guid":{"rendered":"https:\/\/agora.xtec.cat\/escolatarlatana\/?page_id=2840"},"modified":"2024-10-31T09:01:51","modified_gmt":"2024-10-31T08:01:51","slug":"acollida","status":"publish","type":"page","link":"https:\/\/agora.xtec.cat\/escolatarlatana\/acollida\/","title":{"rendered":"Acollida"},"content":{"rendered":"<p>Benvolgudes fam\u00edlies,<\/p>\n<p>amb la finalitat de poder facilitar la conciliaci\u00f3 familiar hem habilitat un servei d&#8217;acollida als matins, de les 8 a les 9.<\/p>\n<p>El servei s&#8217;iniciar\u00e0 el proper dimarts 10 de setembre de 2024 (dia d&#8217;inici el curs)<\/p>\n<p>Si necessiteu m\u00e9s informaci\u00f3 o per qualsevol dubte o aclariment podeu adre\u00e7ar-vos a l&#8217;escola.<\/p>\n<p>Moltes gr\u00e0cies.<\/p>\n","protected":false},"excerpt":{"rendered":"<p>Benvolgudes fam\u00edlies,<br \/>\namb la finalitat de poder facilitar la conciliaci\u00f3 familiar hem habilitat un servei d&#8217;acollida als matins, de les 8 a les 9.<br \/>\nEl servei s&#8217;iniciar\u00e0 el proper dimarts 10 de setembre de 2024 (dia d&#8217;inici el curs)<br \/>\nSi necessiteu m\u00e9s informaci\u00f3 o per qualsevol dubte o&hellip;  <a href=\"https:\/\/agora.xtec.cat\/escolatarlatana\/acollida\/\" title=\"Read Acollida\">Llegeix m\u00e9s\u00bb<\/a><\/p>\n","protected":false},"author":1,"featured_media":0,"parent":0,"menu_order":0,"comment_status":"closed","ping_status":"closed","template":"","meta":{"_bbp_topic_count":0,"_bbp_reply_count":0,"_bbp_total_topic_count":0,"_bbp_total_reply_count":0,"_bbp_voice_count":0,"_bbp_anonymous_reply_count":0,"_bbp_topic_count_hidden":0,"_bbp_reply_count_hidden":0,"_bbp_forum_subforum_count":0,"footnotes":""},"class_list":["post-2840","page","type-page","status-publish","hentry"],"post_mailing_queue_ids":[],"_links":{"self":[{"href":"https:\/\/agora.xtec.cat\/escolatarlatana\/wp-json\/wp\/v2\/pages\/2840","targetHints":{"allow":["GET"]}}],"collection":[{"href":"https:\/\/agora.xtec.cat\/escolatarlatana\/wp-json\/wp\/v2\/pages"}],"about":[{"href":"https:\/\/agora.xtec.cat\/escolatarlatana\/wp-json\/wp\/v2\/types\/page"}],"author":[{"embeddable":true,"href":"https:\/\/agora.xtec.cat\/escolatarlatana\/wp-json\/wp\/v2\/users\/1"}],"replies":[{"embeddable":true,"href":"https:\/\/agora.xtec.cat\/escolatarlatana\/wp-json\/wp\/v2\/comments?post=2840"}],"version-history":[{"count":3,"href":"https:\/\/agora.xtec.cat\/escolatarlatana\/wp-json\/wp\/v2\/pages\/2840\/revisions"}],"predecessor-version":[{"id":3757,"href":"https:\/\/agora.xtec.cat\/escolatarlatana\/wp-json\/wp\/v2\/pages\/2840\/revisions\/3757"}],"wp:attachment":[{"href":"https:\/\/agora.xtec.cat\/escolatarlatana\/wp-json\/wp\/v2\/media?parent=2840"}],"curies":[{"name":"wp","href":"https:\/\/api.w.org\/{rel}","templated":true}]}}