{"id":2208,"date":"2022-01-25T13:02:37","date_gmt":"2022-01-25T12:02:37","guid":{"rendered":"https:\/\/agora.xtec.cat\/escolatarlatana\/?page_id=2208"},"modified":"2022-01-30T23:01:31","modified_gmt":"2022-01-30T22:01:31","slug":"natura","status":"publish","type":"page","link":"https:\/\/agora.xtec.cat\/escolatarlatana\/natura\/","title":{"rendered":"Natura"},"content":{"rendered":"<p>A l&#8217;escola donem molta import\u00e0ncia a la relaci\u00f3 amb la natura, per aix\u00f2 cada mat\u00ed gaudim del nostre entorn proper, el parc de la CLOTA.<\/p>\n<p><a href=\"https:\/\/agora.xtec.cat\/escolatarlatana\/wp-content\/uploads\/usu954\/2022\/01\/NATURA.jpg\"><img loading=\"lazy\" decoding=\"async\" class=\"aligncenter size-full wp-image-2425\" src=\"https:\/\/agora.xtec.cat\/escolatarlatana\/wp-content\/uploads\/usu954\/2022\/01\/NATURA.jpg\" alt=\"\" width=\"1005\" height=\"615\" srcset=\"https:\/\/agora.xtec.cat\/escolatarlatana\/wp-content\/uploads\/usu954\/2022\/01\/NATURA.jpg 1005w, https:\/\/agora.xtec.cat\/escolatarlatana\/wp-content\/uploads\/usu954\/2022\/01\/NATURA-300x184.jpg 300w, https:\/\/agora.xtec.cat\/escolatarlatana\/wp-content\/uploads\/usu954\/2022\/01\/NATURA-768x470.jpg 768w\" sizes=\"auto, (max-width: 1005px) 100vw, 1005px\" \/><\/a><\/p>\n<p style=\"text-align: center;\"><a href=\"https:\/\/agora.xtec.cat\/escolatarlatana\/wp-content\/uploads\/usu954\/2022\/01\/Natura_compressed.pdf\">Natura_compressed<\/a><\/p>\n","protected":false},"excerpt":{"rendered":"<p>A l&#8217;escola donem molta import\u00e0ncia a la relaci\u00f3 amb la natura, per aix\u00f2 cada mat\u00ed gaudim del nostre entorn proper, el parc de la CLOTA.<br \/>\n<a href=\"https:\/\/agora.xtec.cat\/escolatarlatana\/wp-content\/uploads\/usu954\/2022\/01\/NATURA.jpg\"><\/a><br \/>\n<a href=\"https:\/\/agora.xtec.cat\/escolatarlatana\/wp-content\/uploads\/usu954\/2022\/01\/Natura_compressed.pdf\">Natura_compressed<\/a><\/p>\n","protected":false},"author":1,"featured_media":0,"parent":0,"menu_order":0,"comment_status":"closed","ping_status":"closed","template":"","meta":{"_bbp_topic_count":0,"_bbp_reply_count":0,"_bbp_total_topic_count":0,"_bbp_total_reply_count":0,"_bbp_voice_count":0,"_bbp_anonymous_reply_count":0,"_bbp_topic_count_hidden":0,"_bbp_reply_count_hidden":0,"_bbp_forum_subforum_count":0,"footnotes":""},"class_list":["post-2208","page","type-page","status-publish","hentry"],"post_mailing_queue_ids":[],"_links":{"self":[{"href":"https:\/\/agora.xtec.cat\/escolatarlatana\/wp-json\/wp\/v2\/pages\/2208","targetHints":{"allow":["GET"]}}],"collection":[{"href":"https:\/\/agora.xtec.cat\/escolatarlatana\/wp-json\/wp\/v2\/pages"}],"about":[{"href":"https:\/\/agora.xtec.cat\/escolatarlatana\/wp-json\/wp\/v2\/types\/page"}],"author":[{"embeddable":true,"href":"https:\/\/agora.xtec.cat\/escolatarlatana\/wp-json\/wp\/v2\/users\/1"}],"replies":[{"embeddable":true,"href":"https:\/\/agora.xtec.cat\/escolatarlatana\/wp-json\/wp\/v2\/comments?post=2208"}],"version-history":[{"count":3,"href":"https:\/\/agora.xtec.cat\/escolatarlatana\/wp-json\/wp\/v2\/pages\/2208\/revisions"}],"predecessor-version":[{"id":2428,"href":"https:\/\/agora.xtec.cat\/escolatarlatana\/wp-json\/wp\/v2\/pages\/2208\/revisions\/2428"}],"wp:attachment":[{"href":"https:\/\/agora.xtec.cat\/escolatarlatana\/wp-json\/wp\/v2\/media?parent=2208"}],"curies":[{"name":"wp","href":"https:\/\/api.w.org\/{rel}","templated":true}]}}