{"id":2162,"date":"2022-01-25T11:41:03","date_gmt":"2022-01-25T10:41:03","guid":{"rendered":"https:\/\/agora.xtec.cat\/escolatarlatana\/?page_id=2162"},"modified":"2025-11-11T14:30:00","modified_gmt":"2025-11-11T13:30:00","slug":"organitzacio-dels-infants","status":"publish","type":"page","link":"https:\/\/agora.xtec.cat\/escolatarlatana\/organitzacio-dels-infants\/","title":{"rendered":"Organitzaci\u00f3 dels infants"},"content":{"rendered":"<p>Aquesta \u00e9s l&#8217;organitzaci\u00f3 dels infants del nostre centre. Som un <strong>centre d&#8217;una l\u00ednia<\/strong> i agrupem als infants per cicles.<\/p>\n<table style=\"border-collapse: collapse; width: 100%; height: 54px;\">\n<tbody>\n<tr style=\"height: 22px;\">\n<td style=\"width: 25%; height: 22px; text-align: center;\"><strong>CICLE INFANTIL<\/strong><\/td>\n<td style=\"width: 25%; height: 22px; text-align: center;\"><strong>CICLE INICIAL<\/strong><\/td>\n<td style=\"width: 25%; height: 22px; text-align: center;\"><strong>CICLE MITJ\u00c0<\/strong><\/td>\n<td style=\"width: 25%; height: 22px; text-align: center;\"><strong>CICLE SUPERIOR<\/strong><\/td>\n<\/tr>\n<tr style=\"height: 32px;\">\n<td style=\"width: 25%; height: 32px; text-align: center;\">\n<ul style=\"font-size: 16px; font-family: 'Helvetica Neue', Helvetica, Helvetica, Arial, sans-serif; text-align: start;\">\n<li>i3: <a href=\"https:\/\/agora.xtec.cat\/escolatarlatana\/picarols\/\">PICAROLS<\/a><\/li>\n<li>i4-i5: <a href=\"https:\/\/agora.xtec.cat\/escolatarlatana\/tobogans\/\">TOBOGANS<\/a><\/li>\n<li>i4-i5: <a href=\"https:\/\/agora.xtec.cat\/escolatarlatana\/baldufes\/\">BALDUFES<\/a><\/li>\n<\/ul>\n<\/td>\n<td style=\"width: 25%; height: 32px; text-align: center;\">\n<ul style=\"font-size: 16px; font-family: 'Helvetica Neue', Helvetica, Helvetica, Arial, sans-serif; text-align: start;\">\n<li>1r-2n:\u00a0<a href=\"https:\/\/agora.xtec.cat\/escolatarlatana\/kapla\/\">KAPLA<\/a><\/li>\n<li>1r-2n:\u00a0<a href=\"https:\/\/agora.xtec.cat\/escolatarlatana\/xerranca\/\">XARRANCA<\/a><\/li>\n<\/ul>\n<\/td>\n<td style=\"width: 25%; height: 32px; text-align: center;\">\n<ul style=\"font-size: 16px; font-family: 'Helvetica Neue', Helvetica, Helvetica, Arial, sans-serif; text-align: start;\">\n<li>3r-4t:\u00a0<a href=\"https:\/\/agora.xtec.cat\/escolatarlatana\/mikado\/\">MIKADO<\/a><\/li>\n<li>3r-4t:\u00a0<a href=\"https:\/\/agora.xtec.cat\/escolatarlatana\/bolit\/\">B\u00d2LIT<\/a><\/li>\n<\/ul>\n<\/td>\n<td style=\"width: 25%; height: 32px; text-align: center;\">\n<ul style=\"font-size: 16px; font-family: 'Helvetica Neue', Helvetica, Helvetica, Arial, sans-serif; text-align: start;\">\n<li>5\u00e8-6\u00e8:\u00a0<a href=\"https:\/\/agora.xtec.cat\/escolatarlatana\/bumerang\/\">BUMERANG<\/a><\/li>\n<li>5\u00e8-6\u00e8:\u00a0<a href=\"https:\/\/agora.xtec.cat\/escolatarlatana\/calidoscopi\/\">CALIDOSCOPI<\/a><\/li>\n<\/ul>\n<\/td>\n<\/tr>\n<\/tbody>\n<\/table>\n","protected":false},"excerpt":{"rendered":"<p>Aquesta \u00e9s l&#8217;organitzaci\u00f3 dels infants del nostre centre. Som un centre d&#8217;una l\u00ednia i agrupem als infants per cicles.<\/p>\n<p>CICLE INFANTIL<br \/>\nCICLE INICIAL<br \/>\nCICLE MITJ\u00c0<br \/>\nCICLE SUPERIOR<\/p>\n<ul style=\"font-size: 16px; font-family: 'Helvetica Neue', Helvetica, Helvetica, Arial, sans-serif; text-align: start;\">\n<li>i3: <a href=\"https:\/\/agora.xtec.cat\/escolatarlatana\/picarols\/\">PICAROLS<\/a><\/li>\n<li>i4-i5: <a href=\"https:\/\/agora.xtec.cat\/escolatarlatana\/tobogans\/\">TOBOGANS<\/a><\/li>\n<li>i4-i5: <a href=\"https:\/\/agora.xtec.cat\/escolatarlatana\/baldufes\/\">BALDUFES<\/a><\/li>\n<\/ul>\n<ul style=\"font-size: 16px; font-family: 'Helvetica Neue',&hellip;  <a href=\"https:\/\/agora.xtec.cat\/escolatarlatana\/organitzacio-dels-infants\/\" title=\"Read Organitzaci\u00f3 dels infants\">Llegeix m\u00e9s\u00bb<\/a><\/p>\n","protected":false},"author":1,"featured_media":0,"parent":0,"menu_order":0,"comment_status":"closed","ping_status":"closed","template":"","meta":{"_bbp_topic_count":0,"_bbp_reply_count":0,"_bbp_total_topic_count":0,"_bbp_total_reply_count":0,"_bbp_voice_count":0,"_bbp_anonymous_reply_count":0,"_bbp_topic_count_hidden":0,"_bbp_reply_count_hidden":0,"_bbp_forum_subforum_count":0,"footnotes":""},"class_list":["post-2162","page","type-page","status-publish","hentry"],"post_mailing_queue_ids":[],"_links":{"self":[{"href":"https:\/\/agora.xtec.cat\/escolatarlatana\/wp-json\/wp\/v2\/pages\/2162","targetHints":{"allow":["GET"]}}],"collection":[{"href":"https:\/\/agora.xtec.cat\/escolatarlatana\/wp-json\/wp\/v2\/pages"}],"about":[{"href":"https:\/\/agora.xtec.cat\/escolatarlatana\/wp-json\/wp\/v2\/types\/page"}],"author":[{"embeddable":true,"href":"https:\/\/agora.xtec.cat\/escolatarlatana\/wp-json\/wp\/v2\/users\/1"}],"replies":[{"embeddable":true,"href":"https:\/\/agora.xtec.cat\/escolatarlatana\/wp-json\/wp\/v2\/comments?post=2162"}],"version-history":[{"count":4,"href":"https:\/\/agora.xtec.cat\/escolatarlatana\/wp-json\/wp\/v2\/pages\/2162\/revisions"}],"predecessor-version":[{"id":4042,"href":"https:\/\/agora.xtec.cat\/escolatarlatana\/wp-json\/wp\/v2\/pages\/2162\/revisions\/4042"}],"wp:attachment":[{"href":"https:\/\/agora.xtec.cat\/escolatarlatana\/wp-json\/wp\/v2\/media?parent=2162"}],"curies":[{"name":"wp","href":"https:\/\/api.w.org\/{rel}","templated":true}]}}