{"id":2151,"date":"2022-01-25T11:33:18","date_gmt":"2022-01-25T10:33:18","guid":{"rendered":"https:\/\/agora.xtec.cat\/escolatarlatana\/?page_id=2151"},"modified":"2022-01-27T22:48:22","modified_gmt":"2022-01-27T21:48:22","slug":"ioga","status":"publish","type":"page","link":"https:\/\/agora.xtec.cat\/escolatarlatana\/ioga\/","title":{"rendered":"Ioga"},"content":{"rendered":"<p><a href=\"https:\/\/agora.xtec.cat\/escolatarlatana\/wp-content\/uploads\/usu954\/2022\/01\/ioga-ok.jpg\"><img loading=\"lazy\" decoding=\"async\" class=\"aligncenter wp-image-2154 size-large\" src=\"https:\/\/agora.xtec.cat\/escolatarlatana\/wp-content\/uploads\/usu954\/2022\/01\/ioga-ok-1024x546.jpg\" alt=\"\" width=\"1024\" height=\"546\" srcset=\"https:\/\/agora.xtec.cat\/escolatarlatana\/wp-content\/uploads\/usu954\/2022\/01\/ioga-ok-1024x546.jpg 1024w, https:\/\/agora.xtec.cat\/escolatarlatana\/wp-content\/uploads\/usu954\/2022\/01\/ioga-ok-300x160.jpg 300w, https:\/\/agora.xtec.cat\/escolatarlatana\/wp-content\/uploads\/usu954\/2022\/01\/ioga-ok-768x410.jpg 768w, https:\/\/agora.xtec.cat\/escolatarlatana\/wp-content\/uploads\/usu954\/2022\/01\/ioga-ok.jpg 1209w\" sizes=\"auto, (max-width: 1024px) 100vw, 1024px\" \/><\/a><\/p>\n<p><a tabindex=\"-1\" href=\"https:\/\/agora.xtec.cat\/escolatarlatana\/wp-content\/uploads\/usu954\/2022\/01\/ioga-memoria_compressed.pdf\" target=\"_blank\" rel=\"noopener\">agora.xtec.cat\/\u2026\/ioga-memoria_compressed.pdf<\/a><\/p>\n<p>Els infants de l&#8217;escola Tarlatana gaudeixen d&#8217;unes sessions de ioga a l&#8217;escola en horari lectiu ja que fer con\u00e8ixer el IOGA als infants \u00e9s dona\u2019ls-hi les eines necess\u00e0ries per utilitzar els seus propis recursos i aix\u00ed poder ser m\u00e9s aut\u00f2noms i m\u00e9s lliures&#8230;<\/p>\n<p>&nbsp;<\/p>\n<p>&nbsp;<\/p>\n<p>&nbsp;<\/p>\n<p>&nbsp;<\/p>\n","protected":false},"excerpt":{"rendered":"<p><a href=\"https:\/\/agora.xtec.cat\/escolatarlatana\/wp-content\/uploads\/usu954\/2022\/01\/ioga-ok.jpg\"><\/a><br \/>\n<a tabindex=\"-1\" href=\"https:\/\/agora.xtec.cat\/escolatarlatana\/wp-content\/uploads\/usu954\/2022\/01\/ioga-memoria_compressed.pdf\" target=\"_blank\" rel=\"noopener\">agora.xtec.cat\/\u2026\/ioga-memoria_compressed.pdf<\/a><br \/>\nEls infants de l&#8217;escola Tarlatana gaudeixen d&#8217;unes sessions de ioga a l&#8217;escola en horari lectiu ja que fer con\u00e8ixer el IOGA als infants \u00e9s dona\u2019ls-hi les eines necess\u00e0ries per utilitzar els seus propis recursos i aix\u00ed poder ser m\u00e9s aut\u00f2noms&hellip;  <a href=\"https:\/\/agora.xtec.cat\/escolatarlatana\/ioga\/\" title=\"Read Ioga\">Llegeix m\u00e9s\u00bb<\/a><\/p>\n","protected":false},"author":1,"featured_media":0,"parent":0,"menu_order":0,"comment_status":"closed","ping_status":"closed","template":"","meta":{"_bbp_topic_count":0,"_bbp_reply_count":0,"_bbp_total_topic_count":0,"_bbp_total_reply_count":0,"_bbp_voice_count":0,"_bbp_anonymous_reply_count":0,"_bbp_topic_count_hidden":0,"_bbp_reply_count_hidden":0,"_bbp_forum_subforum_count":0,"footnotes":""},"class_list":["post-2151","page","type-page","status-publish","hentry"],"post_mailing_queue_ids":[],"_links":{"self":[{"href":"https:\/\/agora.xtec.cat\/escolatarlatana\/wp-json\/wp\/v2\/pages\/2151","targetHints":{"allow":["GET"]}}],"collection":[{"href":"https:\/\/agora.xtec.cat\/escolatarlatana\/wp-json\/wp\/v2\/pages"}],"about":[{"href":"https:\/\/agora.xtec.cat\/escolatarlatana\/wp-json\/wp\/v2\/types\/page"}],"author":[{"embeddable":true,"href":"https:\/\/agora.xtec.cat\/escolatarlatana\/wp-json\/wp\/v2\/users\/1"}],"replies":[{"embeddable":true,"href":"https:\/\/agora.xtec.cat\/escolatarlatana\/wp-json\/wp\/v2\/comments?post=2151"}],"version-history":[{"count":3,"href":"https:\/\/agora.xtec.cat\/escolatarlatana\/wp-json\/wp\/v2\/pages\/2151\/revisions"}],"predecessor-version":[{"id":2371,"href":"https:\/\/agora.xtec.cat\/escolatarlatana\/wp-json\/wp\/v2\/pages\/2151\/revisions\/2371"}],"wp:attachment":[{"href":"https:\/\/agora.xtec.cat\/escolatarlatana\/wp-json\/wp\/v2\/media?parent=2151"}],"curies":[{"name":"wp","href":"https:\/\/api.w.org\/{rel}","templated":true}]}}