{"id":2147,"date":"2022-01-25T11:10:33","date_gmt":"2022-01-25T10:10:33","guid":{"rendered":"https:\/\/agora.xtec.cat\/escolatarlatana\/?page_id=2147"},"modified":"2022-01-25T11:10:33","modified_gmt":"2022-01-25T10:10:33","slug":"tantagora","status":"publish","type":"page","link":"https:\/\/agora.xtec.cat\/escolatarlatana\/tantagora\/","title":{"rendered":"Tant\u00e0gora"},"content":{"rendered":"<p>Tant\u00e0gora \u00e9s un espai de creaci\u00f3, producci\u00f3, difusi\u00f3 i innovaci\u00f3 de les formes de promoure la literatura escrita i oral, popular i d\u2019autor, en paper i digital, a trav\u00e9s del treball amb altres disciplines art\u00edstiques; m\u00fasica, arts pl\u00e0stiques, teatre, dansa, etc. Tant\u00e0gora fa m\u00e9s de 25 anys que treballa, tant a Catalunya com a nivell internacional.<\/p>\n<p>Tant\u00e0gora ofereix serveis pedag\u00f2gics, culturals, d\u2019assessoria i d\u2019edici\u00f3 i \u00e9s promotora del FLIC Festival, la xarxa Escola Liter\u00e0ria, el Laboratori de narratives digitals (LABdig) i Art &amp; Paraula, la primera escola en mediaci\u00f3 liter\u00e0ria.<\/p>\n<p>Tant\u00e0gora t\u00e9 vocaci\u00f3 de col\u00b7laboraci\u00f3 amb les administracions p\u00fabliques aix\u00ed com amb d\u2019altres organitzacions socials, culturals i art\u00edstiques per tal de treballar pel desenvolupament dels objectius que ens s\u00f3n comuns, buscant en cada cas el marc de col\u00b7laboraci\u00f3 ideal per obrir nous camins que permetin ampliar el camp de la narraci\u00f3 en la seva vessant pedag\u00f2gi<a href=\"https:\/\/agora.xtec.cat\/escolatarlatana\/wp-content\/uploads\/usu954\/2022\/01\/tantagora.jpg\"><img loading=\"lazy\" decoding=\"async\" class=\"size-medium wp-image-2148 alignright\" src=\"https:\/\/agora.xtec.cat\/escolatarlatana\/wp-content\/uploads\/usu954\/2022\/01\/tantagora-300x224.jpg\" alt=\"\" width=\"300\" height=\"224\" srcset=\"https:\/\/agora.xtec.cat\/escolatarlatana\/wp-content\/uploads\/usu954\/2022\/01\/tantagora-300x224.jpg 300w, https:\/\/agora.xtec.cat\/escolatarlatana\/wp-content\/uploads\/usu954\/2022\/01\/tantagora-200x150.jpg 200w, https:\/\/agora.xtec.cat\/escolatarlatana\/wp-content\/uploads\/usu954\/2022\/01\/tantagora.jpg 632w\" sizes=\"auto, (max-width: 300px) 100vw, 300px\" \/><\/a>ca art\u00edstico-liter\u00e0ria i social.<\/p>\n<p>Per tal d\u2019introduir a la biblioteca de l\u2019escola altres metodologies de mediaci\u00f3 liter\u00e0ria i lectores que serveixi com a modelatge per als docents, una persona de l\u2019equip de Tant\u00e0gora, un mat\u00ed a la setmana 3h, durant el curs 21-22, realitza accions i activitats a la Biblioteca amb els grups classe al llarg de tot el curs amb l\u2019objectiu de:<\/p>\n<ul>\n<li>Promoure l\u2019aprenentatge-servei per a l\u2019adquisici\u00f3 d\u2019eines de foment del gust lector del quotidi\u00e0.<\/li>\n<li>Propiciar que els docents coneguin els fons bibliogr\u00e0fic del centre i com mediar-lo.<\/li>\n<li>Propiciar el treball de la lectura en veu alta, la narraci\u00f3 oral i la recitaci\u00f3 a la biblioteca i l\u2019aula.<\/li>\n<li>Propiciar l\u2019\u00fas d\u2019eines per la creaci\u00f3 del vincle amb els alumnes a trav\u00e9s de la literatura, els llibres i els contes.<\/li>\n<\/ul>\n<p><a href=\"https:\/\/tantagora.net\/es\/\">https:\/\/tantagora.net\/es\/<\/a><\/p>\n","protected":false},"excerpt":{"rendered":"<p>Tant\u00e0gora \u00e9s un espai de creaci\u00f3, producci\u00f3, difusi\u00f3 i innovaci\u00f3 de les formes de promoure la literatura escrita i oral, popular i d\u2019autor, en paper i digital, a trav\u00e9s del treball amb altres disciplines art\u00edstiques; m\u00fasica, arts pl\u00e0stiques, teatre, dansa, etc. Tant\u00e0gora fa m\u00e9s de&hellip;  <a href=\"https:\/\/agora.xtec.cat\/escolatarlatana\/tantagora\/\" title=\"Read Tant\u00e0gora\">Llegeix m\u00e9s\u00bb<\/a><\/p>\n","protected":false},"author":1,"featured_media":0,"parent":0,"menu_order":0,"comment_status":"closed","ping_status":"closed","template":"","meta":{"_bbp_topic_count":0,"_bbp_reply_count":0,"_bbp_total_topic_count":0,"_bbp_total_reply_count":0,"_bbp_voice_count":0,"_bbp_anonymous_reply_count":0,"_bbp_topic_count_hidden":0,"_bbp_reply_count_hidden":0,"_bbp_forum_subforum_count":0,"footnotes":""},"class_list":["post-2147","page","type-page","status-publish","hentry"],"post_mailing_queue_ids":[],"_links":{"self":[{"href":"https:\/\/agora.xtec.cat\/escolatarlatana\/wp-json\/wp\/v2\/pages\/2147","targetHints":{"allow":["GET"]}}],"collection":[{"href":"https:\/\/agora.xtec.cat\/escolatarlatana\/wp-json\/wp\/v2\/pages"}],"about":[{"href":"https:\/\/agora.xtec.cat\/escolatarlatana\/wp-json\/wp\/v2\/types\/page"}],"author":[{"embeddable":true,"href":"https:\/\/agora.xtec.cat\/escolatarlatana\/wp-json\/wp\/v2\/users\/1"}],"replies":[{"embeddable":true,"href":"https:\/\/agora.xtec.cat\/escolatarlatana\/wp-json\/wp\/v2\/comments?post=2147"}],"version-history":[{"count":1,"href":"https:\/\/agora.xtec.cat\/escolatarlatana\/wp-json\/wp\/v2\/pages\/2147\/revisions"}],"predecessor-version":[{"id":2149,"href":"https:\/\/agora.xtec.cat\/escolatarlatana\/wp-json\/wp\/v2\/pages\/2147\/revisions\/2149"}],"wp:attachment":[{"href":"https:\/\/agora.xtec.cat\/escolatarlatana\/wp-json\/wp\/v2\/media?parent=2147"}],"curies":[{"name":"wp","href":"https:\/\/api.w.org\/{rel}","templated":true}]}}