{"id":2141,"date":"2022-01-25T10:46:03","date_gmt":"2022-01-25T09:46:03","guid":{"rendered":"https:\/\/agora.xtec.cat\/escolatarlatana\/?page_id=2141"},"modified":"2022-01-27T22:44:13","modified_gmt":"2022-01-27T21:44:13","slug":"primers-a-laigua","status":"publish","type":"page","link":"https:\/\/agora.xtec.cat\/escolatarlatana\/primers-a-laigua\/","title":{"rendered":"Primers a l&#8217;aigua"},"content":{"rendered":"<p>L\u2019Ajuntament de Sabadell proposa a les escoles de Sabadell de qu\u00e8 tot l\u2019alumnat de cicle inicial participi de l\u2019activitat \u201cEls primers a l\u2019aigua\u201d on l\u2019alumnat va cada dijous al mat\u00ed a les piscines Joan Serra on aprenen a nadar i s\u2019ho passen d\u2019all\u00f2 m\u00e9s b\u00e9.<\/p>\n<p>L\u2019activitat de piscina es realitza en horari lectiu i forma part del curr\u00edculum d\u2019Educaci\u00f3 F\u00edsica.\u00a0 El despla\u00e7ament \u00e9s en autocar gratu\u00eft des de l\u2019escola.<\/p>\n<p><a style=\"color: #2795b6;\" href=\"https:\/\/agora.xtec.cat\/escolatarlatana\/wp-content\/uploads\/usu954\/2022\/01\/piscina-3.jpg\"><img loading=\"lazy\" decoding=\"async\" class=\"aligncenter wp-image-2368 size-large\" src=\"https:\/\/agora.xtec.cat\/escolatarlatana\/wp-content\/uploads\/usu954\/2022\/01\/piscina-3-1024x577.jpg\" alt=\"\" width=\"1024\" height=\"577\" srcset=\"https:\/\/agora.xtec.cat\/escolatarlatana\/wp-content\/uploads\/usu954\/2022\/01\/piscina-3-1024x577.jpg 1024w, https:\/\/agora.xtec.cat\/escolatarlatana\/wp-content\/uploads\/usu954\/2022\/01\/piscina-3-300x169.jpg 300w, https:\/\/agora.xtec.cat\/escolatarlatana\/wp-content\/uploads\/usu954\/2022\/01\/piscina-3-768x432.jpg 768w, https:\/\/agora.xtec.cat\/escolatarlatana\/wp-content\/uploads\/usu954\/2022\/01\/piscina-3.jpg 1181w\" sizes=\"auto, (max-width: 1024px) 100vw, 1024px\" \/><\/a><img loading=\"lazy\" decoding=\"async\" class=\"aligncenter wp-image-2364 size-large\" src=\"https:\/\/agora.xtec.cat\/escolatarlatana\/wp-content\/uploads\/usu954\/2022\/01\/piscina-1024x573.jpg\" alt=\"\" width=\"1024\" height=\"573\" srcset=\"https:\/\/agora.xtec.cat\/escolatarlatana\/wp-content\/uploads\/usu954\/2022\/01\/piscina-1024x573.jpg 1024w, https:\/\/agora.xtec.cat\/escolatarlatana\/wp-content\/uploads\/usu954\/2022\/01\/piscina-300x168.jpg 300w, https:\/\/agora.xtec.cat\/escolatarlatana\/wp-content\/uploads\/usu954\/2022\/01\/piscina-768x430.jpg 768w, https:\/\/agora.xtec.cat\/escolatarlatana\/wp-content\/uploads\/usu954\/2022\/01\/piscina.jpg 1191w\" sizes=\"auto, (max-width: 1024px) 100vw, 1024px\" \/><\/p>\n<p><a href=\"https:\/\/agora.xtec.cat\/escolatarlatana\/wp-content\/uploads\/usu954\/2022\/01\/IMG-20211028-WA0094.jpg\"><img loading=\"lazy\" decoding=\"async\" class=\"aligncenter wp-image-2142 size-full\" src=\"https:\/\/agora.xtec.cat\/escolatarlatana\/wp-content\/uploads\/usu954\/2022\/01\/IMG-20211028-WA0094.jpg\" alt=\"\" width=\"2000\" height=\"1500\" \/><\/a><\/p>\n<p><a href=\"https:\/\/web.sabadell.cat\/noticies-esports\/item\/el-programa-per-aprendre-a-nedar-els-primers-a-l-aigua-es-repren-amb-la-participacio-de-mes-de-600-alumnes-de-primaria\">https:\/\/web.sabadell.cat\/noticies-esports\/item\/el-programa-per-aprendre-a-nedar-els-primers-a-l-aigua-es-repren-amb-la-participacio-de-mes-de-600-alumnes-de-primaria<\/a><\/p>\n<p>&nbsp;<\/p>\n","protected":false},"excerpt":{"rendered":"<p>L\u2019Ajuntament de Sabadell proposa a les escoles de Sabadell de qu\u00e8 tot l\u2019alumnat de cicle inicial participi de l\u2019activitat \u201cEls primers a l\u2019aigua\u201d on l\u2019alumnat va cada dijous al mat\u00ed a les piscines Joan Serra on aprenen a nadar i s\u2019ho passen d\u2019all\u00f2 m\u00e9s b\u00e9.<br \/>\nL\u2019activitat&hellip;  <a href=\"https:\/\/agora.xtec.cat\/escolatarlatana\/primers-a-laigua\/\" title=\"Read Primers a l&#8217;aigua\">Llegeix m\u00e9s\u00bb<\/a><\/p>\n","protected":false},"author":1,"featured_media":0,"parent":0,"menu_order":0,"comment_status":"closed","ping_status":"closed","template":"","meta":{"_bbp_topic_count":0,"_bbp_reply_count":0,"_bbp_total_topic_count":0,"_bbp_total_reply_count":0,"_bbp_voice_count":0,"_bbp_anonymous_reply_count":0,"_bbp_topic_count_hidden":0,"_bbp_reply_count_hidden":0,"_bbp_forum_subforum_count":0,"footnotes":""},"class_list":["post-2141","page","type-page","status-publish","hentry"],"post_mailing_queue_ids":[],"_links":{"self":[{"href":"https:\/\/agora.xtec.cat\/escolatarlatana\/wp-json\/wp\/v2\/pages\/2141","targetHints":{"allow":["GET"]}}],"collection":[{"href":"https:\/\/agora.xtec.cat\/escolatarlatana\/wp-json\/wp\/v2\/pages"}],"about":[{"href":"https:\/\/agora.xtec.cat\/escolatarlatana\/wp-json\/wp\/v2\/types\/page"}],"author":[{"embeddable":true,"href":"https:\/\/agora.xtec.cat\/escolatarlatana\/wp-json\/wp\/v2\/users\/1"}],"replies":[{"embeddable":true,"href":"https:\/\/agora.xtec.cat\/escolatarlatana\/wp-json\/wp\/v2\/comments?post=2141"}],"version-history":[{"count":3,"href":"https:\/\/agora.xtec.cat\/escolatarlatana\/wp-json\/wp\/v2\/pages\/2141\/revisions"}],"predecessor-version":[{"id":2369,"href":"https:\/\/agora.xtec.cat\/escolatarlatana\/wp-json\/wp\/v2\/pages\/2141\/revisions\/2369"}],"wp:attachment":[{"href":"https:\/\/agora.xtec.cat\/escolatarlatana\/wp-json\/wp\/v2\/media?parent=2141"}],"curies":[{"name":"wp","href":"https:\/\/api.w.org\/{rel}","templated":true}]}}