{"id":2131,"date":"2022-01-20T23:02:04","date_gmt":"2022-01-20T22:02:04","guid":{"rendered":"https:\/\/agora.xtec.cat\/escolatarlatana\/?page_id=2131"},"modified":"2024-03-13T15:58:34","modified_gmt":"2024-03-13T14:58:34","slug":"projectes","status":"publish","type":"page","link":"https:\/\/agora.xtec.cat\/escolatarlatana\/projectes\/","title":{"rendered":"Projectes"},"content":{"rendered":"<p>A la nostra escola tenim un seguit de projectes per tal de complementar tots els \u00e0mbits i compet\u00e8ncies del curr\u00edculum. A continuaci\u00f3 podreu gaudir d&#8217;un petit tast d&#8217;aquest PROJECTES:<\/p>\n<ul>\n<li>IOGA:\u00a0<a href=\"https:\/\/agora.xtec.cat\/escolatarlatana\/ioga\/\">https:\/\/agora.xtec.cat\/escolatarlatana\/ioga\/<\/a><\/li>\n<li>LAB:<a href=\"https:\/\/agora.xtec.cat\/escolatarlatana\/blog-tarlatana\/laboratori-de-transformacio-educativa\/\">https:\/\/agora.xtec.cat\/escolatarlatana\/blog-tarlatana\/laboratori-de-transformacio-educativa\/<\/a><\/li>\n<li>TANT\u00c0GORA:\u00a0<a href=\"https:\/\/agora.xtec.cat\/escolatarlatana\/tantagora\/\">https:\/\/agora.xtec.cat\/escolatarlatana\/tantagora\/<\/a><\/li>\n<li>PRIMERS A L&#8217;AIGUA:\u00a0<a href=\"https:\/\/agora.xtec.cat\/escolatarlatana\/primers-a-laigua\/\">https:\/\/agora.xtec.cat\/escolatarlatana\/primers-a-laigua\/<\/a><\/li>\n<li>MOMENT DE MIGDIA: <a href=\"https:\/\/agora.xtec.cat\/escolatarlatana\/moment-de-migdia\/\">https:\/\/agora.xtec.cat\/escolatarlatana\/moment-de-migdia\/\u00a0<\/a><\/li>\n<li>SETMANA LITER\u00c0RIA:<a href=\"https:\/\/agora.xtec.cat\/escolatarlatana\/setmana-literaria\/\">https:\/\/agora.xtec.cat\/escolatarlatana\/setmana-literaria\/<\/a><\/li>\n<li>FAIG: <a href=\"https:\/\/agora.xtec.cat\/escolatarlatana\/faig-2\/\">https:\/\/agora.xtec.cat\/escolatarlatana\/faig-2\/<\/a><\/li>\n<\/ul>\n","protected":false},"excerpt":{"rendered":"<p>A la nostra escola tenim un seguit de projectes per tal de complementar tots els \u00e0mbits i compet\u00e8ncies del curr\u00edculum. A continuaci\u00f3 podreu gaudir d&#8217;un petit tast d&#8217;aquest PROJECTES:<\/p>\n<ul>\n<li>IOGA:\u00a0<a href=\"https:\/\/agora.xtec.cat\/escolatarlatana\/ioga\/\">https:\/\/agora.xtec.cat\/escolatarlatana\/ioga\/<\/a><\/li>\n<li>LAB:<a href=\"https:\/\/agora.xtec.cat\/escolatarlatana\/blog-tarlatana\/laboratori-de-transformacio-educativa\/\">https:\/\/agora.xtec.cat\/escolatarlatana\/blog-tarlatana\/laboratori-de-transformacio-educativa\/<\/a><\/li>\n<li>TANT\u00c0GORA:\u00a0<a href=\"https:\/\/agora.xtec.cat\/escolatarlatana\/tantagora\/\">https:\/\/agora.xtec.cat\/escolatarlatana\/tantagora\/<\/a><\/li>\n<li>PRIMERS A L&#8217;AIGUA:\u00a0<a href=\"https:\/\/agora.xtec.cat\/escolatarlatana\/primers-a-laigua\/\">https:\/\/agora.xtec.cat\/escolatarlatana\/primers-a-laigua\/<\/a><\/li>\n<li>MOMENT DE MIGDIA: <a href=\"https:\/\/agora.xtec.cat\/escolatarlatana\/moment-de-migdia\/\">https:\/\/agora.xtec.cat\/escolatarlatana\/moment-de-migdia\/\u00a0<\/a><\/li>\n<li>SETMANA LITER\u00c0RIA:<a href=\"https:\/\/agora.xtec.cat\/escolatarlatana\/setmana-literaria\/\">https:\/\/agora.xtec.cat\/escolatarlatana\/setmana-literaria\/<\/a><\/li>\n<li>FAIG: <a href=\"https:\/\/agora.xtec.cat\/escolatarlatana\/faig-2\/\">https:\/\/agora.xtec.cat\/escolatarlatana\/faig-2\/<\/a><\/li>\n<\/ul>\n","protected":false},"author":1,"featured_media":0,"parent":0,"menu_order":0,"comment_status":"closed","ping_status":"closed","template":"","meta":{"_bbp_topic_count":0,"_bbp_reply_count":0,"_bbp_total_topic_count":0,"_bbp_total_reply_count":0,"_bbp_voice_count":0,"_bbp_anonymous_reply_count":0,"_bbp_topic_count_hidden":0,"_bbp_reply_count_hidden":0,"_bbp_forum_subforum_count":0,"footnotes":""},"class_list":["post-2131","page","type-page","status-publish","hentry"],"post_mailing_queue_ids":[],"_links":{"self":[{"href":"https:\/\/agora.xtec.cat\/escolatarlatana\/wp-json\/wp\/v2\/pages\/2131","targetHints":{"allow":["GET"]}}],"collection":[{"href":"https:\/\/agora.xtec.cat\/escolatarlatana\/wp-json\/wp\/v2\/pages"}],"about":[{"href":"https:\/\/agora.xtec.cat\/escolatarlatana\/wp-json\/wp\/v2\/types\/page"}],"author":[{"embeddable":true,"href":"https:\/\/agora.xtec.cat\/escolatarlatana\/wp-json\/wp\/v2\/users\/1"}],"replies":[{"embeddable":true,"href":"https:\/\/agora.xtec.cat\/escolatarlatana\/wp-json\/wp\/v2\/comments?post=2131"}],"version-history":[{"count":5,"href":"https:\/\/agora.xtec.cat\/escolatarlatana\/wp-json\/wp\/v2\/pages\/2131\/revisions"}],"predecessor-version":[{"id":3510,"href":"https:\/\/agora.xtec.cat\/escolatarlatana\/wp-json\/wp\/v2\/pages\/2131\/revisions\/3510"}],"wp:attachment":[{"href":"https:\/\/agora.xtec.cat\/escolatarlatana\/wp-json\/wp\/v2\/media?parent=2131"}],"curies":[{"name":"wp","href":"https:\/\/api.w.org\/{rel}","templated":true}]}}