{"id":990,"date":"2021-02-22T15:08:37","date_gmt":"2021-02-22T14:08:37","guid":{"rendered":"https:\/\/agora.xtec.cat\/escolataiala\/?page_id=990"},"modified":"2021-02-22T15:49:41","modified_gmt":"2021-02-22T14:49:41","slug":"infofamilies","status":"publish","type":"page","link":"https:\/\/agora.xtec.cat\/escolataiala\/articles-dinteres-i-infofamilies\/infofamilies\/","title":{"rendered":"Infofam\u00edlies"},"content":{"rendered":"<p>En aquest apartat trobareu enlla\u00e7os a un seguit d\u2019informacions molt \u00fatils per les fam\u00edlies:<\/p>\n<ul>\n<li><a href=\"http:\/\/educacio.gencat.cat\/ca\/arees-actuacio\/families\/ajudem-fills\/\" target=\"_blank\" rel=\"noopener noreferrer\">Ajudem els fills i filles<\/a><\/li>\n<li><a href=\"http:\/\/educacio.gencat.cat\/ca\/arees-actuacio\/families\/families-escola\/\" target=\"_blank\" rel=\"noopener noreferrer\">Relaci\u00f3 fam\u00edlies i escola<\/a><\/li>\n<li><a href=\"http:\/\/educacio.gencat.cat\/ca\/arees-actuacio\/families\/fomentem-valors\/\" target=\"_blank\" rel=\"noopener noreferrer\">Fomentem els valors<\/a><\/li>\n<li><a href=\"http:\/\/educacio.gencat.cat\/ca\/arees-actuacio\/families\/temps-familia\/\" target=\"_blank\" rel=\"noopener noreferrer\">Passem temps en fam\u00edlia<\/a><\/li>\n<li><a href=\"http:\/\/educacio.gencat.cat\/ca\/arees-actuacio\/families\/us-tecnologies\/\" target=\"_blank\" rel=\"noopener noreferrer\">Fem un bon \u00fas de les tecnologies<\/a><\/li>\n<li><a href=\"http:\/\/educacio.gencat.cat\/ca\/arees-actuacio\/families\/habits-saludables\/\" target=\"_blank\" rel=\"noopener noreferrer\">Promovem h\u00e0bits saludables<\/a><\/li>\n<li><a href=\"http:\/\/educacio.gencat.cat\/ca\/arees-actuacio\/families\/recursos\/recomanacions\/\" target=\"_blank\" rel=\"noopener noreferrer\">Recomanacions<\/a><\/li>\n<li><a href=\"http:\/\/educacio.gencat.cat\/ca\/arees-actuacio\/families\/recursos\/enquestes\/\" target=\"_blank\" rel=\"noopener noreferrer\">Enquestes d&#8217;autoconeixement<\/a><\/li>\n<\/ul>\n","protected":false},"excerpt":{"rendered":"<p>En aquest apartat trobareu enlla\u00e7os a un seguit d\u2019informacions molt \u00fatils per les fam\u00edlies: Ajudem els fills i filles Relaci\u00f3 fam\u00edlies i escola Fomentem els valors Passem temps en fam\u00edlia Fem un bon \u00fas de les tecnologies Promovem h\u00e0bits saludables Recomanacions Enquestes d&#8217;autoconeixement<\/p>\n","protected":false},"author":1,"featured_media":0,"parent":986,"menu_order":10,"comment_status":"closed","ping_status":"closed","template":"page-templates\/side-menu.php","meta":{"_bbp_topic_count":0,"_bbp_reply_count":0,"_bbp_total_topic_count":0,"_bbp_total_reply_count":0,"_bbp_voice_count":0,"_bbp_anonymous_reply_count":0,"_bbp_topic_count_hidden":0,"_bbp_reply_count_hidden":0,"_bbp_forum_subforum_count":0,"site-sidebar-layout":"default","site-content-layout":"","ast-site-content-layout":"","site-content-style":"default","site-sidebar-style":"default","ast-global-header-display":"","ast-banner-title-visibility":"","ast-main-header-display":"","ast-hfb-above-header-display":"","ast-hfb-below-header-display":"","ast-hfb-mobile-header-display":"","site-post-title":"","ast-breadcrumbs-content":"","ast-featured-img":"","footer-sml-layout":"","theme-transparent-header-meta":"","adv-header-id-meta":"","stick-header-meta":"","header-above-stick-meta":"","header-main-stick-meta":"","header-below-stick-meta":"","astra-migrate-meta-layouts":"default","ast-page-background-enabled":"default","ast-page-background-meta":{"desktop":{"background-color":"var(--ast-global-color-4)","background-image":"","background-repeat":"repeat","background-position":"center center","background-size":"auto","background-attachment":"scroll","background-type":"","background-media":"","overlay-type":"","overlay-color":"","overlay-opacity":"","overlay-gradient":""},"tablet":{"background-color":"","background-image":"","background-repeat":"repeat","background-position":"center center","background-size":"auto","background-attachment":"scroll","background-type":"","background-media":"","overlay-type":"","overlay-color":"","overlay-opacity":"","overlay-gradient":""},"mobile":{"background-color":"","background-image":"","background-repeat":"repeat","background-position":"center center","background-size":"auto","background-attachment":"scroll","background-type":"","background-media":"","overlay-type":"","overlay-color":"","overlay-opacity":"","overlay-gradient":""}},"ast-content-background-meta":{"desktop":{"background-color":"var(--ast-global-color-5)","background-image":"","background-repeat":"repeat","background-position":"center center","background-size":"auto","background-attachment":"scroll","background-type":"","background-media":"","overlay-type":"","overlay-color":"","overlay-opacity":"","overlay-gradient":""},"tablet":{"background-color":"var(--ast-global-color-5)","background-image":"","background-repeat":"repeat","background-position":"center center","background-size":"auto","background-attachment":"scroll","background-type":"","background-media":"","overlay-type":"","overlay-color":"","overlay-opacity":"","overlay-gradient":""},"mobile":{"background-color":"var(--ast-global-color-5)","background-image":"","background-repeat":"repeat","background-position":"center center","background-size":"auto","background-attachment":"scroll","background-type":"","background-media":"","overlay-type":"","overlay-color":"","overlay-opacity":"","overlay-gradient":""}},"footnotes":""},"class_list":["post-990","page","type-page","status-publish","hentry"],"post_mailing_queue_ids":[],"_links":{"self":[{"href":"https:\/\/agora.xtec.cat\/escolataiala\/wp-json\/wp\/v2\/pages\/990","targetHints":{"allow":["GET"]}}],"collection":[{"href":"https:\/\/agora.xtec.cat\/escolataiala\/wp-json\/wp\/v2\/pages"}],"about":[{"href":"https:\/\/agora.xtec.cat\/escolataiala\/wp-json\/wp\/v2\/types\/page"}],"author":[{"embeddable":true,"href":"https:\/\/agora.xtec.cat\/escolataiala\/wp-json\/wp\/v2\/users\/1"}],"replies":[{"embeddable":true,"href":"https:\/\/agora.xtec.cat\/escolataiala\/wp-json\/wp\/v2\/comments?post=990"}],"version-history":[{"count":3,"href":"https:\/\/agora.xtec.cat\/escolataiala\/wp-json\/wp\/v2\/pages\/990\/revisions"}],"predecessor-version":[{"id":1001,"href":"https:\/\/agora.xtec.cat\/escolataiala\/wp-json\/wp\/v2\/pages\/990\/revisions\/1001"}],"up":[{"embeddable":true,"href":"https:\/\/agora.xtec.cat\/escolataiala\/wp-json\/wp\/v2\/pages\/986"}],"wp:attachment":[{"href":"https:\/\/agora.xtec.cat\/escolataiala\/wp-json\/wp\/v2\/media?parent=990"}],"curies":[{"name":"wp","href":"https:\/\/api.w.org\/{rel}","templated":true}]}}