{"id":929,"date":"2021-02-10T18:31:40","date_gmt":"2021-02-10T17:31:40","guid":{"rendered":"https:\/\/agora.xtec.cat\/escolataiala\/?page_id=929"},"modified":"2022-04-05T15:57:27","modified_gmt":"2022-04-05T13:57:27","slug":"articles-dinteres","status":"publish","type":"page","link":"https:\/\/agora.xtec.cat\/escolataiala\/articles-dinteres-i-infofamilies\/articles-dinteres\/","title":{"rendered":"Articles d&#8217;inter\u00e8s"},"content":{"rendered":"<p style=\"text-align: justify;\">En aquest apartat podeu veure un seguit d&#8217;articles d&#8217;inter\u00e8s relacionats amb l&#8217;educaci\u00f3:<\/p>\n<ul>\n<li><em><a href=\"https:\/\/elpais.com\/elpais\/2017\/06\/20\/talento_digital\/1497941513_689371.html\" target=\"_blank\" rel=\"noopener noreferrer\">Lo que todav\u00eda tienen que aprender los nativos digitales<\/a> &#8211; El Pa\u00eds, 20\/06\/17<\/em><\/li>\n<li><a href=\"https:\/\/www.rac1.cat\/societat\/20210209\/491966735442\/nens-internet-seguretat-xarxes-conducta-perills-consells.html?utm_source=facebook&amp;utm_medium=social&amp;utm_content=elmon_societat&amp;fbclid=IwAR0QwWdjOwJ7ijz86Y3PqXeNZDGsOl52fDwRiJf6EO-H3WHGlimlBaMSB3k\" target=\"_blank\" rel=\"noopener noreferrer\"><em>Els set consells de seguretat per donar als nens i adolescents que fan servir intrernet i xarxes<\/em><\/a> &#8211; Rac1, 09\/02\/21<\/li>\n<li style=\"text-align: justify;\"><a href=\"https:\/\/www.rac1.cat\/societat\/20210113\/491555263081\/tasques-casa-feines-edats-criatures-infants-nenes-nens-quadre-psicologa-consequencies.html?utm_source=facebook&amp;utm_medium=social&amp;utm_content=elmon_societat&amp;fbclid=IwAR1Pro9fcXoWgpU3SBNoTJx00-AurCdrHR1CmCjzDIV2zuniy9g1kiY2t8I\" target=\"_blank\" rel=\"noopener noreferrer\"><em>Les feines de casa que poden fer els nens i nenes, per edats<\/em><\/a> &#8211; Rac1, 13\/01\/21<\/li>\n<li style=\"text-align: justify;\"><a href=\"https:\/\/www.ccma.cat\/tv3\/tot-es-mou\/infants-i-pantalles-com-desconnectar\/noticia\/3071667\/?fbclid=IwAR1ftDllfPEMY1BeZP7ZPvJU-kuYp3LJMn9TZKAYg7FBz7bhS3E3ies6JYw#.YAKhU8BKbFQ.facebook\" target=\"_blank\" rel=\"noopener noreferrer\"><em>Infants i pantalles: com desconnectar<\/em><\/a> &#8211; Tot es mou TV3 &#8211; 15\/01\/21<\/li>\n<li style=\"text-align: justify;\"><a href=\"https:\/\/elpais.com\/mamas-papas\/2021-01-13\/como-potenciar-una-autoestima-sana-en-nuestros-hijos-y-alumnos.html?utm_source=Facebook&amp;ssm=FB_CM&amp;fbclid=IwAR2ceX3lc20DJA68YUNnVOp4p3n-Y-B4zXSdFCSzTPOz9p8YJpU2B7w2hR4#Echobox=1610563274\" target=\"_blank\" rel=\"noopener noreferrer\"><em>C\u00f3mo potenciar una autoestima sana en nuestros hijos y alumnos<\/em><\/a> &#8211; El Pa\u00eds, 13\/01\/21<\/li>\n<li style=\"text-align: justify;\"><em><a href=\"https:\/\/elpais.com\/mamas-papas\/2020-12-10\/un-nino-al-que-le-hacemos-todo-crecera-pensando-que-no-es-capaz-de-hacer-nada.html?utm_source=Facebook&amp;ssm=FB_CM&amp;fbclid=IwAR1r5v2oKEjie_gANRfxtIeoU4Fso9gEzgm5YcUSWmzs6dY7gbGMspM9rC4#Echobox=1607617382\" target=\"_blank\" rel=\"noopener noreferrer\">&#8220;Un ni\u00f1o al que le hacemos todo crecer\u00e1 pensando que no es capaz de hacer nada&#8221;<\/a><\/em> &#8211; El Pa\u00eds, 10\/12\/20<\/li>\n<li style=\"text-align: justify;\"><a href=\"https:\/\/www.ccma.cat\/tv3\/tot-es-mou\/com-posar-limits-als-infants-amb-miriam-tirado\/noticia\/3058084\/?fbclid=IwAR12kJUKOHDP-97YOuuc6fu6kAewrq_8YikEbNvOlc3zhI46rC86CpO2k80\" target=\"_blank\" rel=\"noopener noreferrer\"><em>Com posar l\u00edmits als infants<\/em><\/a> &#8211; Tot es mou TV3 &#8211; 06\/11\/20<\/li>\n<li style=\"text-align: justify;\"><em><a href=\"https:\/\/www.ccma.cat\/324\/per-que-hem-de-deixar-que-els-fills-sequivoquin-ten-donem-5-motius\/noticia\/2993647\/?fbclid=IwAR12kJUKOHDP-97YOuuc6fu6kAewrq_8YikEbNvOlc3zhI46rC86CpO2k80\" target=\"_blank\" rel=\"noopener noreferrer\">Per qu\u00e8 hem de deixar que els fills s&#8217;equivoquin? Te&#8217;n donem 5 motius<\/a> &#8211; TV3, 27\/02\/20<\/em><\/li>\n<li style=\"text-align: justify;\"><a href=\"https:\/\/eresmama.com\/tecnica-bote-de-la-felicidad-educar-cerebro-nino-positivo\/?fbclid=IwAR12kJUKOHDP-97YOuuc6fu6kAewrq_8YikEbNvOlc3zhI46rC86CpO2k80\" target=\"_blank\" rel=\"noopener noreferrer\"><em>La t\u00e9cnica del bote de la felicidad para educar el cerebro de un n\u00f1o en positivo<\/em><\/a> &#8211; eresmama.com, 19\/02\/20<\/li>\n<li style=\"text-align: justify;\"><a href=\"https:\/\/www.lavanguardia.com\/vivo\/mamas-y-papas\/20191116\/47958968210\/por-que-como-educar-hijos-esfuerzo.html?utm_source=facebook&amp;utm_medium=social&amp;utm_content=vivo&amp;fbclid=IwAR33KtPv-fTeK9uVVLmwXVST5Tee0fTbPkmmMicBdnZLWbxvTgC3E6qElNE\" target=\"_blank\" rel=\"noopener noreferrer\"><em>Por qu\u00e9 es vital ense\u00f1ar a los ni\u00f1os a esforzarse<\/em><\/a> &#8211; La Vanguardia, 16\/11\/19<\/li>\n<li style=\"text-align: justify;\"><a href=\"https:\/\/www.etapainfantil.com\/llegar-casa-estar-familia-tenerlo-todo-vida?fbclid=IwAR2ceX3lc20DJA68YUNnVOp4p3n-Y-B4zXSdFCSzTPOz9p8YJpU2B7w2hR4\" target=\"_blank\" rel=\"noopener noreferrer\"><em>Llegar a casa y estar en familia es tenerlo todo en la vida<\/em><\/a> &#8211; etapainfantil.com, 15\/08\/19<\/li>\n<li style=\"text-align: justify;\"><a href=\"https:\/\/es.aleteia.org\/2019\/07\/28\/calmar-a-un-nino-con-el-movil-le-impide-aprender-a-autocalmarse\/\" target=\"_blank\" rel=\"noopener noreferrer\"><em>Calmar a un ni\u00f1o con el m\u00f3vil le impide aprender a autocalmarse<\/em><\/a> &#8211; aleteia.org, 28\/07\/19<\/li>\n<li style=\"text-align: justify;\"><a href=\"https:\/\/alvarobilbao.com\/los-increibles-beneficios-de-los-abuelos-en-los-ninos-y-de-los-ninos-en-los-abuelos?fbclid=IwAR3YWIM-4An8XgAztRmPQcXt3DAOo5gzOSEveYCxf2UhOpcVrkzz4Mupo4g\" target=\"_blank\" rel=\"noopener noreferrer\"><em>Los increibles beneficios de los abuelos en los ni\u00f1os (y de los ni\u00f1os en los abuelos)<\/em><\/a> &#8211; alvarobilbao.com, 24\/06\/19<\/li>\n<li><a href=\"http:\/\/www.elpuntavui.cat\/comunicacio\/article\/20-comunicacio\/1619163-no-existeix-un-sentit-comu-digital-no-hi-ha-un-manual-d-us.html?fbclid=IwAR1hxlZog9vHzpf4ved1Yo2-K_CfGObVEzBp4uz3_o3GU0KjAtHivcpR2tk\" target=\"_blank\" rel=\"noopener noreferrer\"><em>&#8220;S&#8217;ha d&#8217;acompanyar els fills en el m\u00f3n digital&#8221;<\/em><\/a> &#8211; El Punt Avui, 12\/06\/19<\/li>\n<li><a href=\"https:\/\/criatures.ara.cat\/familia\/entrevista-paternitat-francesc-grau-expert-comunicacio-digital_128_2651309.html\" target=\"_blank\" rel=\"noopener noreferrer\"><em>&#8220;No pengeu gaires fotos dels fills&#8221;<\/em><\/a> &#8211; Diari Ara, 08\/06\/19<\/li>\n<li><a href=\"https:\/\/www.gestionandohijos.com\/si-los-padres-disimulan-o-reprimen-sus-emociones-le-mandan-un-mensaje-al-hijo-de-que-las-emociones-no-se-deben-expresar-begona-ibarrola\/?fbclid=IwAR3gEOgNjcR4tG5mXbwL0IjBwCk-vrjqDWAM0xRR0ptlof1xRpEg6RCdBwk\" target=\"_blank\" rel=\"noopener noreferrer\">Entrevista a Bego\u00f1a Ibarrola, psic\u00f2loga especialitzada en educaci\u00f3 emocional<\/a> &#8211; gestionandohijos.com<\/li>\n<li><a href=\"https:\/\/www.educaciontrespuntocero.com\/recursos\/fomentar-el-descubrimiento-en-los-ninos\/?fbclid=IwAR2dZdhkd9tGYYbbjxWzzZrOM2SmsxWhz-dMpjWFz7p7Vw6dbr4PEmffejc\" target=\"_blank\" rel=\"noopener noreferrer\"><em>150 ideas para fomentar el descubrimiento<\/em><\/a> &#8211; educaciontrespuntocero.com, 22\/05\/19<\/li>\n<li><a href=\"https:\/\/www.imageneseducativas.com\/50-libros-para-tus-hijos-de-los-que-no-podran-despegarse\/?fbclid=IwAR33KtPv-fTeK9uVVLmwXVST5Tee0fTbPkmmMicBdnZLWbxvTgC3E6qElNE\" target=\"_blank\" rel=\"noopener noreferrer\"><em>50 libros para tus hijos de los que no podr\u00e1n despegarse<\/em><\/a> &#8211; imageneseducativas.com, 20\/01\/19<\/li>\n<li><a href=\"https:\/\/www.lavanguardia.com\/vivo\/mamas-y-papas\/20190426\/461856372814\/ninos-dos-anos-cero-pantallas-tecnologia-oms.html?fbclid=IwAR1hxlZog9vHzpf4ved1Yo2-K_CfGObVEzBp4uz3_o3GU0KjAtHivcpR2tk\" target=\"_blank\" rel=\"noopener noreferrer\"><em>Hasta los dos a\u00f1os, cero pantallas!<\/em><\/a> &#8211; La Vanguardia, 26\/04\/19<\/li>\n<li><a href=\"https:\/\/criatures.ara.cat\/familia\/com-afavorir-autonomia-infants_1_2682663.html\" target=\"_blank\" rel=\"noopener noreferrer\"><em>Tot sol! El llarg cam\u00ed cap a la plena autonomia<\/em><\/a> &#8211; Diari Ara, 30\/03\/19<\/li>\n<\/ul>\n","protected":false},"excerpt":{"rendered":"<p>En aquest apartat podeu veure un seguit d&#8217;articles d&#8217;inter\u00e8s relacionats amb l&#8217;educaci\u00f3: Lo que todav\u00eda tienen que aprender los nativos digitales &#8211; El Pa\u00eds, 20\/06\/17 Els set consells de seguretat per donar als nens i adolescents que fan servir intrernet i xarxes &#8211; Rac1, 09\/02\/21 Les feines de casa que poden fer els nens i [&hellip;]<\/p>\n","protected":false},"author":1,"featured_media":0,"parent":986,"menu_order":10,"comment_status":"closed","ping_status":"closed","template":"page-templates\/side-menu.php","meta":{"_bbp_topic_count":0,"_bbp_reply_count":0,"_bbp_total_topic_count":0,"_bbp_total_reply_count":0,"_bbp_voice_count":0,"_bbp_anonymous_reply_count":0,"_bbp_topic_count_hidden":0,"_bbp_reply_count_hidden":0,"_bbp_forum_subforum_count":0,"site-sidebar-layout":"default","site-content-layout":"","ast-site-content-layout":"","site-content-style":"default","site-sidebar-style":"default","ast-global-header-display":"","ast-banner-title-visibility":"","ast-main-header-display":"","ast-hfb-above-header-display":"","ast-hfb-below-header-display":"","ast-hfb-mobile-header-display":"","site-post-title":"","ast-breadcrumbs-content":"","ast-featured-img":"","footer-sml-layout":"","theme-transparent-header-meta":"","adv-header-id-meta":"","stick-header-meta":"","header-above-stick-meta":"","header-main-stick-meta":"","header-below-stick-meta":"","astra-migrate-meta-layouts":"default","ast-page-background-enabled":"default","ast-page-background-meta":{"desktop":{"background-color":"var(--ast-global-color-4)","background-image":"","background-repeat":"repeat","background-position":"center center","background-size":"auto","background-attachment":"scroll","background-type":"","background-media":"","overlay-type":"","overlay-color":"","overlay-opacity":"","overlay-gradient":""},"tablet":{"background-color":"","background-image":"","background-repeat":"repeat","background-position":"center center","background-size":"auto","background-attachment":"scroll","background-type":"","background-media":"","overlay-type":"","overlay-color":"","overlay-opacity":"","overlay-gradient":""},"mobile":{"background-color":"","background-image":"","background-repeat":"repeat","background-position":"center center","background-size":"auto","background-attachment":"scroll","background-type":"","background-media":"","overlay-type":"","overlay-color":"","overlay-opacity":"","overlay-gradient":""}},"ast-content-background-meta":{"desktop":{"background-color":"var(--ast-global-color-5)","background-image":"","background-repeat":"repeat","background-position":"center center","background-size":"auto","background-attachment":"scroll","background-type":"","background-media":"","overlay-type":"","overlay-color":"","overlay-opacity":"","overlay-gradient":""},"tablet":{"background-color":"var(--ast-global-color-5)","background-image":"","background-repeat":"repeat","background-position":"center center","background-size":"auto","background-attachment":"scroll","background-type":"","background-media":"","overlay-type":"","overlay-color":"","overlay-opacity":"","overlay-gradient":""},"mobile":{"background-color":"var(--ast-global-color-5)","background-image":"","background-repeat":"repeat","background-position":"center center","background-size":"auto","background-attachment":"scroll","background-type":"","background-media":"","overlay-type":"","overlay-color":"","overlay-opacity":"","overlay-gradient":""}},"footnotes":""},"class_list":["post-929","page","type-page","status-publish","hentry"],"post_mailing_queue_ids":[],"_links":{"self":[{"href":"https:\/\/agora.xtec.cat\/escolataiala\/wp-json\/wp\/v2\/pages\/929","targetHints":{"allow":["GET"]}}],"collection":[{"href":"https:\/\/agora.xtec.cat\/escolataiala\/wp-json\/wp\/v2\/pages"}],"about":[{"href":"https:\/\/agora.xtec.cat\/escolataiala\/wp-json\/wp\/v2\/types\/page"}],"author":[{"embeddable":true,"href":"https:\/\/agora.xtec.cat\/escolataiala\/wp-json\/wp\/v2\/users\/1"}],"replies":[{"embeddable":true,"href":"https:\/\/agora.xtec.cat\/escolataiala\/wp-json\/wp\/v2\/comments?post=929"}],"version-history":[{"count":3,"href":"https:\/\/agora.xtec.cat\/escolataiala\/wp-json\/wp\/v2\/pages\/929\/revisions"}],"predecessor-version":[{"id":1004,"href":"https:\/\/agora.xtec.cat\/escolataiala\/wp-json\/wp\/v2\/pages\/929\/revisions\/1004"}],"up":[{"embeddable":true,"href":"https:\/\/agora.xtec.cat\/escolataiala\/wp-json\/wp\/v2\/pages\/986"}],"wp:attachment":[{"href":"https:\/\/agora.xtec.cat\/escolataiala\/wp-json\/wp\/v2\/media?parent=929"}],"curies":[{"name":"wp","href":"https:\/\/api.w.org\/{rel}","templated":true}]}}