{"id":919,"date":"2021-02-10T17:50:20","date_gmt":"2021-02-10T16:50:20","guid":{"rendered":"https:\/\/agora.xtec.cat\/escolataiala\/?page_id=919"},"modified":"2021-02-10T17:54:19","modified_gmt":"2021-02-10T16:54:19","slug":"la-diversitat-a-lescola","status":"publish","type":"page","link":"https:\/\/agora.xtec.cat\/escolataiala\/diversitat-educacio-emocional-i-llengues\/la-diversitat-a-lescola\/","title":{"rendered":"L&#8217;atenci\u00f3 a la diversitat"},"content":{"rendered":"<p style=\"text-align: justify;\"><span style=\"font-weight: 400;\">La nostra escola es basa en els principis d\u2019inclusi\u00f3 i de diversitat. Atenem i donem resposta a totes les necessitats educatives per qualsevol tipus de condici\u00f3 social o personal.<\/span><\/p>\n<p style=\"text-align: justify;\"><span style=\"font-weight: 400;\">Som escola d\u2019agrupament d\u2019alumnes amb d\u00e8ficit auditiu.<\/span> <span style=\"font-weight: 400;\">Aquests nens i nenes estan integrats en un grup classe ordinari amb una s\u00e8rie de suports espec\u00edfics.<\/span><\/p>\n<p style=\"text-align: justify;\"><span style=\"font-weight: 400;\">L\u2019escola dona\u00a0 resposta educativa a l\u2019alumnat amb necessitats educatives especials derivades d\u2019una sordesa i que requereixen, a m\u00e9s,\u00a0 el suport logop\u00e8dic per al desenvolupament del llenguatge, ajuts espec\u00edfics per a l\u2019acc\u00e9s al curr\u00edculum i per al seu desenvolupament personal i social.<\/span><\/p>\n<p style=\"text-align: justify;\"><span style=\"font-weight: 400;\">Atenci\u00f3 de la diversitat a l\u2019aula:<\/span><\/p>\n<ul style=\"text-align: justify;\">\n<li style=\"font-weight: 400;\" aria-level=\"1\"><span style=\"font-weight: 400;\">Atenci\u00f3 individualitzada amb suport espec\u00edfic<\/span><\/li>\n<li style=\"font-weight: 400;\" aria-level=\"1\"><span style=\"font-weight: 400;\">Treball amb grups redu\u00efts<\/span><\/li>\n<li style=\"font-weight: 400;\" aria-level=\"1\"><span style=\"font-weight: 400;\">Metodologies variades i enfocades als diferents ritmes d\u2019aprenentatge<\/span><\/li>\n<\/ul>\n<p style=\"text-align: justify;\"><span style=\"font-weight: 400;\">Professionals que intervenen:<\/span><\/p>\n<ul>\n<li style=\"text-align: justify;\"><span style=\"font-family: inherit; font-size: 1em;\">Mestra de pedagogia terap\u00e8utica<\/span><\/li>\n<li style=\"font-weight: 400; text-align: justify;\" aria-level=\"1\"><span style=\"font-weight: 400;\">Logopeda<\/span><\/li>\n<\/ul>\n","protected":false},"excerpt":{"rendered":"<p>La nostra escola es basa en els principis d\u2019inclusi\u00f3 i de diversitat. Atenem i donem resposta a totes les necessitats educatives per qualsevol tipus de condici\u00f3 social o personal. Som escola d\u2019agrupament d\u2019alumnes amb d\u00e8ficit auditiu. Aquests nens i nenes estan integrats en un grup classe ordinari amb una s\u00e8rie de suports espec\u00edfics. L\u2019escola dona\u00a0 [&hellip;]<\/p>\n","protected":false},"author":1,"featured_media":0,"parent":916,"menu_order":0,"comment_status":"closed","ping_status":"closed","template":"page-templates\/side-menu.php","meta":{"_bbp_topic_count":0,"_bbp_reply_count":0,"_bbp_total_topic_count":0,"_bbp_total_reply_count":0,"_bbp_voice_count":0,"_bbp_anonymous_reply_count":0,"_bbp_topic_count_hidden":0,"_bbp_reply_count_hidden":0,"_bbp_forum_subforum_count":0,"site-sidebar-layout":"default","site-content-layout":"","ast-site-content-layout":"","site-content-style":"default","site-sidebar-style":"default","ast-global-header-display":"","ast-banner-title-visibility":"","ast-main-header-display":"","ast-hfb-above-header-display":"","ast-hfb-below-header-display":"","ast-hfb-mobile-header-display":"","site-post-title":"","ast-breadcrumbs-content":"","ast-featured-img":"","footer-sml-layout":"","theme-transparent-header-meta":"","adv-header-id-meta":"","stick-header-meta":"","header-above-stick-meta":"","header-main-stick-meta":"","header-below-stick-meta":"","astra-migrate-meta-layouts":"default","ast-page-background-enabled":"default","ast-page-background-meta":{"desktop":{"background-color":"var(--ast-global-color-4)","background-image":"","background-repeat":"repeat","background-position":"center center","background-size":"auto","background-attachment":"scroll","background-type":"","background-media":"","overlay-type":"","overlay-color":"","overlay-opacity":"","overlay-gradient":""},"tablet":{"background-color":"","background-image":"","background-repeat":"repeat","background-position":"center center","background-size":"auto","background-attachment":"scroll","background-type":"","background-media":"","overlay-type":"","overlay-color":"","overlay-opacity":"","overlay-gradient":""},"mobile":{"background-color":"","background-image":"","background-repeat":"repeat","background-position":"center center","background-size":"auto","background-attachment":"scroll","background-type":"","background-media":"","overlay-type":"","overlay-color":"","overlay-opacity":"","overlay-gradient":""}},"ast-content-background-meta":{"desktop":{"background-color":"var(--ast-global-color-5)","background-image":"","background-repeat":"repeat","background-position":"center center","background-size":"auto","background-attachment":"scroll","background-type":"","background-media":"","overlay-type":"","overlay-color":"","overlay-opacity":"","overlay-gradient":""},"tablet":{"background-color":"var(--ast-global-color-5)","background-image":"","background-repeat":"repeat","background-position":"center center","background-size":"auto","background-attachment":"scroll","background-type":"","background-media":"","overlay-type":"","overlay-color":"","overlay-opacity":"","overlay-gradient":""},"mobile":{"background-color":"var(--ast-global-color-5)","background-image":"","background-repeat":"repeat","background-position":"center center","background-size":"auto","background-attachment":"scroll","background-type":"","background-media":"","overlay-type":"","overlay-color":"","overlay-opacity":"","overlay-gradient":""}},"footnotes":""},"class_list":["post-919","page","type-page","status-publish","hentry"],"post_mailing_queue_ids":[],"_links":{"self":[{"href":"https:\/\/agora.xtec.cat\/escolataiala\/wp-json\/wp\/v2\/pages\/919","targetHints":{"allow":["GET"]}}],"collection":[{"href":"https:\/\/agora.xtec.cat\/escolataiala\/wp-json\/wp\/v2\/pages"}],"about":[{"href":"https:\/\/agora.xtec.cat\/escolataiala\/wp-json\/wp\/v2\/types\/page"}],"author":[{"embeddable":true,"href":"https:\/\/agora.xtec.cat\/escolataiala\/wp-json\/wp\/v2\/users\/1"}],"replies":[{"embeddable":true,"href":"https:\/\/agora.xtec.cat\/escolataiala\/wp-json\/wp\/v2\/comments?post=919"}],"version-history":[{"count":2,"href":"https:\/\/agora.xtec.cat\/escolataiala\/wp-json\/wp\/v2\/pages\/919\/revisions"}],"predecessor-version":[{"id":928,"href":"https:\/\/agora.xtec.cat\/escolataiala\/wp-json\/wp\/v2\/pages\/919\/revisions\/928"}],"up":[{"embeddable":true,"href":"https:\/\/agora.xtec.cat\/escolataiala\/wp-json\/wp\/v2\/pages\/916"}],"wp:attachment":[{"href":"https:\/\/agora.xtec.cat\/escolataiala\/wp-json\/wp\/v2\/media?parent=919"}],"curies":[{"name":"wp","href":"https:\/\/api.w.org\/{rel}","templated":true}]}}