{"id":912,"date":"2021-02-10T17:45:58","date_gmt":"2021-02-10T16:45:58","guid":{"rendered":"https:\/\/agora.xtec.cat\/escolataiala\/?page_id=912"},"modified":"2025-10-21T15:26:09","modified_gmt":"2025-10-21T13:26:09","slug":"festes-i-sortides","status":"publish","type":"page","link":"https:\/\/agora.xtec.cat\/escolataiala\/lescola\/festes-i-sortides\/","title":{"rendered":"Festes, sortides i tallers"},"content":{"rendered":"<p style=\"text-align: justify;\"><span style=\"font-weight: 400;\">A la nostra escola ens agrada celebrar les <strong>festes tradicionals catalanes<\/strong> com la <\/span><b>Castanyada<\/b><span style=\"font-weight: 400;\">, el <\/span><b>Nadal<\/b><span style=\"font-weight: 400;\">, el <\/span><b>Dijous Gras<\/b><span style=\"font-weight: 400;\">,<\/span><b> Sant Jordi<\/b><span style=\"font-weight: 400;\"> i la <\/span><b>festa de final de curs<\/b><span style=\"font-weight: 400;\">.<\/span><\/p>\n<p style=\"text-align: justify;\"><span style=\"font-weight: 400;\">Pel que fa a les <\/span><b>sortides i tallers<\/b><b>, <\/b><span style=\"font-weight: 400;\">cada cicle les proposa amb relaci\u00f3 a les respectives programacions (teatre, audicions, sortides a l\u2019entorn proper\u2026). <\/span><\/p>\n<p style=\"text-align: justify;\"><span style=\"font-weight: 400;\">Participem en les activitats tant l\u00fadiques com educatives i tenim en compte les proposades per l\u2019Ajuntament de Girona, les de la Diputaci\u00f3 de Girona, del Consell Comarcal del Giron\u00e8s i s\u00f3n propostes de teatre, m\u00fasica, tallers, cinema i esports.<\/span><\/p>\n<p style=\"text-align: justify;\"><span style=\"font-weight: 400;\">A final de cicle de prim\u00e0ria (2n, 4t i 6\u00e8) anem de <\/span><b>col\u00f2nies <\/b><span style=\"font-weight: 400;\">i els altres cursos fan almenys una <\/span><b>sortida <\/b><span style=\"font-weight: 400;\">de tot el dia.<\/span><\/p>\n<p><strong>En els seg\u00fcents enlla\u00e7os<\/strong> podeu veure les <strong>circulars de pagament<\/strong> dels diferents cursos:<\/p>\n<table style=\"border-collapse: collapse; width: 51.269%; height: 124px;\">\n<tbody>\n<tr style=\"height: 31px;\">\n<td style=\"width: 22.7169%; height: 31px; text-align: center;\"><a href=\"https:\/\/drive.google.com\/file\/d\/1208HC9jF4l9REaBboNYRS1VMgJgOtSFM\/view?usp=drive_link\" target=\"_blank\" rel=\"noopener\"><strong>I3<\/strong><\/a><\/td>\n<td style=\"width: 24.0867%; height: 31px; text-align: center;\"><a href=\"https:\/\/drive.google.com\/file\/d\/1Li2dwulSksVdRVrgy6nfBF5rpnzEZAG7\/view?usp=drive_link\" target=\"_blank\" rel=\"noopener\"><strong>I4<\/strong><\/a><\/td>\n<td style=\"width: 22.8381%; height: 31px; text-align: center;\"><a href=\"https:\/\/drive.google.com\/file\/d\/1_k0mLcIHo42SzLnhIIu6GToaUoIopxM1\/view?usp=drive_link\" target=\"_blank\" rel=\"noopener\"><strong>I5<\/strong><\/a><\/td>\n<\/tr>\n<tr style=\"height: 31px;\">\n<td style=\"width: 22.7169%; height: 31px; text-align: center;\"><a href=\"https:\/\/drive.google.com\/file\/d\/1z9B1VHgWh8zAYw9mW5-vYTJD-k8oYs_1\/view?usp=drive_link\" target=\"_blank\" rel=\"noopener\"><strong>1r<\/strong><\/a><\/td>\n<td style=\"width: 24.0867%; height: 31px; text-align: center;\"><a href=\"https:\/\/drive.google.com\/file\/d\/1oWPhjM5RcrgJVHscFxhYBM79Wpd-KYA1\/view?usp=drive_link\" target=\"_blank\" rel=\"noopener\"><strong>2n<\/strong><\/a><\/td>\n<td style=\"width: 22.8381%; height: 31px; text-align: center;\"><\/td>\n<\/tr>\n<tr style=\"height: 31px;\">\n<td style=\"width: 22.7169%; height: 31px; text-align: center;\"><a href=\"https:\/\/drive.google.com\/file\/d\/1jQMqmjn5TtTob7I_sz7fWJGQHrLgAag7\/view?usp=drive_link\" target=\"_blank\" rel=\"noopener\"><strong>3r<\/strong><\/a><\/td>\n<td style=\"width: 24.0867%; height: 31px; text-align: center;\"><a href=\"https:\/\/drive.google.com\/file\/d\/1KiF1ip4FfmVKSjZK80SPrwkscwADzMp5\/view?usp=drive_link\" target=\"_blank\" rel=\"noopener\"><strong>4t<\/strong><\/a><\/td>\n<td style=\"width: 22.8381%; height: 31px; text-align: center;\"><\/td>\n<\/tr>\n<tr style=\"height: 31px;\">\n<td style=\"width: 22.7169%; height: 31px; text-align: center;\"><a href=\"https:\/\/drive.google.com\/file\/d\/1ATNWxTwN9EtgkTyu7-B83L23q3ThVs9T\/view?usp=drive_link\" target=\"_blank\" rel=\"noopener\"><strong>5\u00e8<\/strong><\/a><\/td>\n<td style=\"width: 24.0867%; height: 31px; text-align: center;\"><a href=\"https:\/\/drive.google.com\/file\/d\/1fXAXNrHfkAZ1LSC7Y6iGLH7xeMnMHNh8\/view?usp=drive_link\" target=\"_blank\" rel=\"noopener\"><strong>6\u00e8<\/strong><\/a><\/td>\n<td style=\"width: 22.8381%; height: 31px; text-align: center;\"><\/td>\n<\/tr>\n<\/tbody>\n<\/table>\n<p>&nbsp;<\/p>\n","protected":false},"excerpt":{"rendered":"<p>A la nostra escola ens agrada celebrar les festes tradicionals catalanes com la Castanyada, el Nadal, el Dijous Gras, Sant Jordi i la festa de final de curs. Pel que fa a les sortides i tallers, cada cicle les proposa amb relaci\u00f3 a les respectives programacions (teatre, audicions, sortides a l\u2019entorn proper\u2026). Participem en les [&hellip;]<\/p>\n","protected":false},"author":1,"featured_media":0,"parent":22,"menu_order":90,"comment_status":"closed","ping_status":"closed","template":"","meta":{"_bbp_topic_count":0,"_bbp_reply_count":0,"_bbp_total_topic_count":0,"_bbp_total_reply_count":0,"_bbp_voice_count":0,"_bbp_anonymous_reply_count":0,"_bbp_topic_count_hidden":0,"_bbp_reply_count_hidden":0,"_bbp_forum_subforum_count":0,"site-sidebar-layout":"default","site-content-layout":"","ast-site-content-layout":"default","site-content-style":"default","site-sidebar-style":"default","ast-global-header-display":"","ast-banner-title-visibility":"","ast-main-header-display":"","ast-hfb-above-header-display":"","ast-hfb-below-header-display":"","ast-hfb-mobile-header-display":"","site-post-title":"","ast-breadcrumbs-content":"","ast-featured-img":"","footer-sml-layout":"","theme-transparent-header-meta":"default","adv-header-id-meta":"","stick-header-meta":"","header-above-stick-meta":"","header-main-stick-meta":"","header-below-stick-meta":"","astra-migrate-meta-layouts":"set","ast-page-background-enabled":"default","ast-page-background-meta":{"desktop":{"background-color":"var(--ast-global-color-4)","background-image":"","background-repeat":"repeat","background-position":"center center","background-size":"auto","background-attachment":"scroll","background-type":"","background-media":"","overlay-type":"","overlay-color":"","overlay-opacity":"","overlay-gradient":""},"tablet":{"background-color":"","background-image":"","background-repeat":"repeat","background-position":"center center","background-size":"auto","background-attachment":"scroll","background-type":"","background-media":"","overlay-type":"","overlay-color":"","overlay-opacity":"","overlay-gradient":""},"mobile":{"background-color":"","background-image":"","background-repeat":"repeat","background-position":"center center","background-size":"auto","background-attachment":"scroll","background-type":"","background-media":"","overlay-type":"","overlay-color":"","overlay-opacity":"","overlay-gradient":""}},"ast-content-background-meta":{"desktop":{"background-color":"var(--ast-global-color-5)","background-image":"","background-repeat":"repeat","background-position":"center center","background-size":"auto","background-attachment":"scroll","background-type":"","background-media":"","overlay-type":"","overlay-color":"","overlay-opacity":"","overlay-gradient":""},"tablet":{"background-color":"var(--ast-global-color-5)","background-image":"","background-repeat":"repeat","background-position":"center center","background-size":"auto","background-attachment":"scroll","background-type":"","background-media":"","overlay-type":"","overlay-color":"","overlay-opacity":"","overlay-gradient":""},"mobile":{"background-color":"var(--ast-global-color-5)","background-image":"","background-repeat":"repeat","background-position":"center center","background-size":"auto","background-attachment":"scroll","background-type":"","background-media":"","overlay-type":"","overlay-color":"","overlay-opacity":"","overlay-gradient":""}},"footnotes":""},"class_list":["post-912","page","type-page","status-publish","hentry"],"post_mailing_queue_ids":[],"_links":{"self":[{"href":"https:\/\/agora.xtec.cat\/escolataiala\/wp-json\/wp\/v2\/pages\/912","targetHints":{"allow":["GET"]}}],"collection":[{"href":"https:\/\/agora.xtec.cat\/escolataiala\/wp-json\/wp\/v2\/pages"}],"about":[{"href":"https:\/\/agora.xtec.cat\/escolataiala\/wp-json\/wp\/v2\/types\/page"}],"author":[{"embeddable":true,"href":"https:\/\/agora.xtec.cat\/escolataiala\/wp-json\/wp\/v2\/users\/1"}],"replies":[{"embeddable":true,"href":"https:\/\/agora.xtec.cat\/escolataiala\/wp-json\/wp\/v2\/comments?post=912"}],"version-history":[{"count":7,"href":"https:\/\/agora.xtec.cat\/escolataiala\/wp-json\/wp\/v2\/pages\/912\/revisions"}],"predecessor-version":[{"id":17960,"href":"https:\/\/agora.xtec.cat\/escolataiala\/wp-json\/wp\/v2\/pages\/912\/revisions\/17960"}],"up":[{"embeddable":true,"href":"https:\/\/agora.xtec.cat\/escolataiala\/wp-json\/wp\/v2\/pages\/22"}],"wp:attachment":[{"href":"https:\/\/agora.xtec.cat\/escolataiala\/wp-json\/wp\/v2\/media?parent=912"}],"curies":[{"name":"wp","href":"https:\/\/api.w.org\/{rel}","templated":true}]}}